{"id":1064,"date":"2022-11-17T15:17:15","date_gmt":"2022-11-17T14:17:15","guid":{"rendered":"https:\/\/www.iso21500.de\/?page_id=1064"},"modified":"2023-08-27T12:02:16","modified_gmt":"2023-08-27T10:02:16","slug":"service-beratung","status":"publish","type":"page","link":"https:\/\/www.iso21500.de\/de\/service-beratung\/","title":{"rendered":"Service Beratung"},"content":{"rendered":"<h2><strong>Beratung&nbsp; und Coaching<\/strong><\/h2>\n<div>\n<p>Unser Service im Bereich Consulting und Coaching umfasst:<\/p>\n<ul>\n<li>Beratung beim Aufbau und Ausrichtung des Projektmanagements nach ISO&nbsp;21500&nbsp;<\/li>\n<li>Coaching von Projektleitern&nbsp;<\/li>\n<li>Planung von Projekten<\/li>\n<li>Audits und Zertifizierung von&nbsp; Unternehmen und Projekten nach ISO&nbsp;21500<\/li>\n<li>Schwachstellen Analysen und Verbesserungsma\u00dfnahmen<\/li>\n<li>Vereinheitlichung verschiedener PM Konzepte gem\u00e4\u00df ISO&nbsp;21500<\/li>\n<li>Einbettung von agilen Verfahrung in traditionelle Vorgehensweisen als Hybrides Projektmanagement<\/li>\n<\/ul>\n<p>Unser Beratungs- und Serviceteam besteht aus Senior-Projektmanagern und Experten, die in unserem Netzwerk eingebunden sind.&nbsp;<\/p>\n\n<\/div>\n<p><img decoding=\"async\" src=\"\/wp-content\/uploads\/2021\/10\/meeting-g280fe7a20_1920.jpg\" alt><\/p>\n<p><!--more--><br>\n<!-- {\"name\":\"Layout Standart Vorlage\",\"type\":\"layout\",\"children\":[{\"name\":\"HeroUnterseite\",\"type\":\"section\",\"props\":{\"animation\":\"slide-bottom-medium\",\"animation_delay\":\"100\",\"header_transparent\":\"light\",\"header_transparent_noplaceholder\":true,\"image\":\"wp-content\\\/uploads\\\/photo-1494548162494-384bba4ab999-scaled.jpg\",\"image_effect\":\"parallax\",\"image_parallax_bgy\":\"170,0\",\"image_position\":\"center-center\",\"image_size\":\"cover\",\"media_overlay\":\"rgba(2, 106, 192, 0.33)\",\"overlap\":false,\"padding\":\"xlarge\",\"padding_remove_bottom\":false,\"style\":\"default\",\"title_breakpoint\":\"xl\",\"title_position\":\"top-left\",\"title_rotation\":\"left\",\"vertical_align\":\"middle\",\"width\":\"default\"},\"children\":[{\"type\":\"row\",\"props\":{\"margin\":\"medium\",\"margin_remove_bottom\":true,\"margin_remove_top\":false,\"vertical_align\":false},\"children\":[{\"type\":\"column\",\"props\":{\"image_height\":\"220\",\"image_parallax_bgy\":\"230,0\",\"image_position\":\"bottom-right\",\"image_width\":\"220\",\"position_sticky_breakpoint\":\"m\",\"text_color\":\"light\",\"width_medium\":\"1-1\"},\"children\":[{\"type\":\"headline\",\"props\":{\"title_element\":\"h1\",\"title_style\":\"heading-small\"},\"source\":{\"query\":{\"name\":\"pages.singlePage\"},\"props\":{\"content\":{\"filters\":{\"search\":\"\"},\"name\":\"title\"}}}}]}]}]},{\"type\":\"section\",\"props\":{\"image_position\":\"center-center\",\"style\":\"default\",\"title_breakpoint\":\"xl\",\"title_position\":\"top-left\",\"title_rotation\":\"left\",\"vertical_align\":\"middle\",\"width\":\"default\"},\"children\":[{\"type\":\"row\",\"children\":[{\"type\":\"column\",\"props\":{\"image_position\":\"center-center\",\"position_sticky_breakpoint\":\"m\"},\"children\":[{\"type\":\"breadcrumbs\",\"props\":{\"show_current\":true,\"show_home\":true}}]}]},{\"type\":\"row\",\"props\":{\"layout\":\"2-3,1-3\"},\"children\":[{\"type\":\"column\",\"props\":{\"image_position\":\"center-center\",\"position_sticky_breakpoint\":\"m\",\"width_medium\":\"2-3\"},\"children\":[{\"type\":\"headline\",\"props\":{\"content\":\"<strong>Beratung\\u00a0 und Coaching<\\\/strong>\",\"title_element\":\"h2\",\"title_style\":\"h3\"}},{\"type\":\"text\",\"props\":{\"column_breakpoint\":\"m\",\"content\":\"\n\n<p>Unser Service im Bereich Consulting und Coaching umfasst:<\\\/p>\\n\n\n<ul>\\n\n\n<li>Beratung beim Aufbau und Ausrichtung des Projektmanagements nach ISO 21500\\u00a0<\\\/li>\\n\n\n<li>Coaching von Projektleitern\\u00a0<\\\/li>\\n\n\n<li>Planung von Projekten<\\\/li>\\n\n\n<li>Audits und Zertifizierung von\\u00a0 Unternehmen und Projekten nach ISO 21500<\\\/li>\\n\n\n<li>Schwachstellen Analysen und Verbesserungsma\\u00dfnahmen<\\\/li>\\n\n\n<li>Vereinheitlichung verschiedener PM Konzepte gem\\u00e4\\u00df ISO 21500<\\\/li>\\n\n\n<li>Einbettung von agilen Verfahrung in traditionelle Vorgehensweisen als Hybrides Projektmanagement<\\\/li>\\n<\\\/ul>\\n\n\n<p>Unser Beratungs- und Serviceteam besteht aus Senior-Projektmanagern und Experten, die in unserem Netzwerk eingebunden sind.\\u00a0 \\u00a0\\u00a0<\\\/p>\\n\n\n<p><\\\/p>\",\"margin\":\"default\"}}]},{\"type\":\"column\",\"props\":{\"image_position\":\"center-center\",\"position_sticky_breakpoint\":\"m\",\"width_medium\":\"1-3\"},\"children\":[{\"type\":\"image\",\"props\":{\"image\":\"wp-content\\\/uploads\\\/2021\\\/10\\\/meeting-g280fe7a20_1920.jpg\",\"image_svg_color\":\"emphasis\",\"margin\":\"default\"}}]}]}]}],\"version\":\"4.0.5\",\"yooessentialsVersion\":\"2.0.7\"} --><\/p>\n","protected":false},"excerpt":{"rendered":"<p>Beratung&nbsp; und Coaching Unser Service im Bereich Consulting und Coaching umfasst: Beratung beim Aufbau und Ausrichtung des Projektmanagements nach ISO&nbsp;21500&nbsp; Coaching von Projektleitern&nbsp; Planung von Projekten Audits und Zertifizierung von&nbsp; Unternehmen und Projekten nach ISO&nbsp;21500 Schwachstellen Analysen und Verbesserungsma\u00dfnahmen Vereinheitlichung verschiedener PM Konzepte gem\u00e4\u00df ISO&nbsp;21500 Einbettung von agilen Verfahrung in traditionelle Vorgehensweisen als Hybrides Projektmanagement&nbsp;[\u2026]<\/p>\n","protected":false},"author":1,"featured_media":590,"parent":0,"menu_order":0,"comment_status":"closed","ping_status":"closed","template":"","meta":{"_acf_changed":false,"wp_typography_post_enhancements_disabled":false,"footnotes":""},"class_list":["post-1064","page","type-page","status-publish","has-post-thumbnail","hentry"],"acf":[],"yoast_head":"<!-- This site is optimized with the Yoast SEO plugin v27.2 - https:\/\/yoast.com\/product\/yoast-seo-wordpress\/ -->\n<title>Service - Projektmanagement nach ISO21500<\/title>\n<meta name=\"robots\" content=\"index, follow, max-snippet:-1, max-image-preview:large, max-video-preview:-1\" \/>\n<link rel=\"canonical\" href=\"https:\/\/www.iso21500.de\/de\/service-beratung\/\" \/>\n<meta property=\"og:locale\" content=\"de_DE\" \/>\n<meta property=\"og:type\" content=\"article\" \/>\n<meta property=\"og:title\" content=\"Service - Projektmanagement nach ISO21500\" \/>\n<meta property=\"og:description\" content=\"Beratung&nbsp; und Coaching Unser Service im Bereich Consulting und Coaching umfasst: Beratung beim Aufbau und Ausrichtung des Projektmanagements nach ISO&nbsp;21500&nbsp; Coaching von Projektleitern&nbsp; Planung von Projekten Audits und Zertifizierung von&nbsp; Unternehmen und Projekten nach ISO&nbsp;21500 Schwachstellen Analysen und Verbesserungsma\u00dfnahmen Vereinheitlichung verschiedener PM Konzepte gem\u00e4\u00df ISO&nbsp;21500 Einbettung von agilen Verfahrung in traditionelle Vorgehensweisen als Hybrides Projektmanagement [&hellip;]\" \/>\n<meta property=\"og:url\" content=\"https:\/\/www.iso21500.de\/de\/service-beratung\/\" \/>\n<meta property=\"og:site_name\" content=\"Projektmanagement nach ISO21500\" \/>\n<meta property=\"article:modified_time\" content=\"2023-08-27T10:02:16+00:00\" \/>\n<meta property=\"og:image\" content=\"https:\/\/www.iso21500.de\/wp-content\/uploads\/2021\/10\/168.png.jpg\" \/>\n\t<meta property=\"og:image:width\" content=\"1520\" \/>\n\t<meta property=\"og:image:height\" content=\"1457\" \/>\n\t<meta property=\"og:image:type\" content=\"image\/jpeg\" \/>\n<meta name=\"twitter:card\" content=\"summary_large_image\" \/>\n<meta name=\"twitter:label1\" content=\"Gesch\u00e4tzte Lesezeit\" \/>\n\t<meta name=\"twitter:data1\" content=\"2\u00a0Minuten\" \/>\n<script type=\"application\/ld+json\" class=\"yoast-schema-graph\">{\"@context\":\"https:\/\/schema.org\",\"@graph\":[{\"@type\":\"WebPage\",\"@id\":\"https:\/\/www.iso21500.de\/de\/service-beratung\/\",\"url\":\"https:\/\/www.iso21500.de\/de\/service-beratung\/\",\"name\":\"Service - Projektmanagement nach ISO21500\",\"isPartOf\":{\"@id\":\"https:\/\/www.iso21500.de\/de\/#website\"},\"primaryImageOfPage\":{\"@id\":\"https:\/\/www.iso21500.de\/de\/service-beratung\/#primaryimage\"},\"image\":{\"@id\":\"https:\/\/www.iso21500.de\/de\/service-beratung\/#primaryimage\"},\"thumbnailUrl\":\"https:\/\/www.iso21500.de\/wp-content\/uploads\/2021\/10\/168.png.jpg\",\"datePublished\":\"2022-11-17T14:17:15+00:00\",\"dateModified\":\"2023-08-27T10:02:16+00:00\",\"breadcrumb\":{\"@id\":\"https:\/\/www.iso21500.de\/de\/service-beratung\/#breadcrumb\"},\"inLanguage\":\"de\",\"potentialAction\":[{\"@type\":\"ReadAction\",\"target\":[\"https:\/\/www.iso21500.de\/de\/service-beratung\/\"]}]},{\"@type\":\"ImageObject\",\"inLanguage\":\"de\",\"@id\":\"https:\/\/www.iso21500.de\/de\/service-beratung\/#primaryimage\",\"url\":\"https:\/\/www.iso21500.de\/wp-content\/uploads\/2021\/10\/168.png.jpg\",\"contentUrl\":\"https:\/\/www.iso21500.de\/wp-content\/uploads\/2021\/10\/168.png.jpg\",\"width\":1520,\"height\":1457},{\"@type\":\"BreadcrumbList\",\"@id\":\"https:\/\/www.iso21500.de\/de\/service-beratung\/#breadcrumb\",\"itemListElement\":[{\"@type\":\"ListItem\",\"position\":1,\"name\":\"Startseite\",\"item\":\"https:\/\/www.iso21500.de\/de\/\"},{\"@type\":\"ListItem\",\"position\":2,\"name\":\"Service Beratung\"}]},{\"@type\":\"WebSite\",\"@id\":\"https:\/\/www.iso21500.de\/de\/#website\",\"url\":\"https:\/\/www.iso21500.de\/de\/\",\"name\":\"iso21500.de\",\"description\":\"neu: Projektmanagement nach ISO21502\",\"publisher\":{\"@id\":\"https:\/\/www.iso21500.de\/de\/#\/schema\/person\/13c5df3918ff1cab82ab9ca397d3e3a4\"},\"potentialAction\":[{\"@type\":\"SearchAction\",\"target\":{\"@type\":\"EntryPoint\",\"urlTemplate\":\"https:\/\/www.iso21500.de\/de\/?s={search_term_string}\"},\"query-input\":{\"@type\":\"PropertyValueSpecification\",\"valueRequired\":true,\"valueName\":\"search_term_string\"}}],\"inLanguage\":\"de\"},{\"@type\":[\"Person\",\"Organization\"],\"@id\":\"https:\/\/www.iso21500.de\/de\/#\/schema\/person\/13c5df3918ff1cab82ab9ca397d3e3a4\",\"name\":\"Dennis Hain\",\"image\":{\"@type\":\"ImageObject\",\"inLanguage\":\"de\",\"@id\":\"https:\/\/secure.gravatar.com\/avatar\/89898cfc3cb4dc6d7782fcd955179ebd47446145f4b7827e99ec78603be85eda?s=96&d=mm&r=g\",\"url\":\"https:\/\/secure.gravatar.com\/avatar\/89898cfc3cb4dc6d7782fcd955179ebd47446145f4b7827e99ec78603be85eda?s=96&d=mm&r=g\",\"contentUrl\":\"https:\/\/secure.gravatar.com\/avatar\/89898cfc3cb4dc6d7782fcd955179ebd47446145f4b7827e99ec78603be85eda?s=96&d=mm&r=g\",\"caption\":\"Dennis Hain\"},\"logo\":{\"@id\":\"https:\/\/secure.gravatar.com\/avatar\/89898cfc3cb4dc6d7782fcd955179ebd47446145f4b7827e99ec78603be85eda?s=96&d=mm&r=g\"},\"sameAs\":[\"https:\/\/www.fusepro.de\"]}]}<\/script>\n<!-- \/ Yoast SEO plugin. -->","yoast_head_json":{"title":"Service - Projektmanagement nach ISO21500","robots":{"index":"index","follow":"follow","max-snippet":"max-snippet:-1","max-image-preview":"max-image-preview:large","max-video-preview":"max-video-preview:-1"},"canonical":"https:\/\/www.iso21500.de\/de\/service-beratung\/","og_locale":"de_DE","og_type":"article","og_title":"Service - Projektmanagement nach ISO21500","og_description":"Beratung&nbsp; und Coaching Unser Service im Bereich Consulting und Coaching umfasst: Beratung beim Aufbau und Ausrichtung des Projektmanagements nach ISO&nbsp;21500&nbsp; Coaching von Projektleitern&nbsp; Planung von Projekten Audits und Zertifizierung von&nbsp; Unternehmen und Projekten nach ISO&nbsp;21500 Schwachstellen Analysen und Verbesserungsma\u00dfnahmen Vereinheitlichung verschiedener PM Konzepte gem\u00e4\u00df ISO&nbsp;21500 Einbettung von agilen Verfahrung in traditionelle Vorgehensweisen als Hybrides Projektmanagement [&hellip;]","og_url":"https:\/\/www.iso21500.de\/de\/service-beratung\/","og_site_name":"Projektmanagement nach ISO21500","article_modified_time":"2023-08-27T10:02:16+00:00","og_image":[{"width":1520,"height":1457,"url":"https:\/\/www.iso21500.de\/wp-content\/uploads\/2021\/10\/168.png.jpg","type":"image\/jpeg"}],"twitter_card":"summary_large_image","twitter_misc":{"Gesch\u00e4tzte Lesezeit":"2\u00a0Minuten"},"schema":{"@context":"https:\/\/schema.org","@graph":[{"@type":"WebPage","@id":"https:\/\/www.iso21500.de\/de\/service-beratung\/","url":"https:\/\/www.iso21500.de\/de\/service-beratung\/","name":"Service - Projektmanagement nach ISO21500","isPartOf":{"@id":"https:\/\/www.iso21500.de\/de\/#website"},"primaryImageOfPage":{"@id":"https:\/\/www.iso21500.de\/de\/service-beratung\/#primaryimage"},"image":{"@id":"https:\/\/www.iso21500.de\/de\/service-beratung\/#primaryimage"},"thumbnailUrl":"https:\/\/www.iso21500.de\/wp-content\/uploads\/2021\/10\/168.png.jpg","datePublished":"2022-11-17T14:17:15+00:00","dateModified":"2023-08-27T10:02:16+00:00","breadcrumb":{"@id":"https:\/\/www.iso21500.de\/de\/service-beratung\/#breadcrumb"},"inLanguage":"de","potentialAction":[{"@type":"ReadAction","target":["https:\/\/www.iso21500.de\/de\/service-beratung\/"]}]},{"@type":"ImageObject","inLanguage":"de","@id":"https:\/\/www.iso21500.de\/de\/service-beratung\/#primaryimage","url":"https:\/\/www.iso21500.de\/wp-content\/uploads\/2021\/10\/168.png.jpg","contentUrl":"https:\/\/www.iso21500.de\/wp-content\/uploads\/2021\/10\/168.png.jpg","width":1520,"height":1457},{"@type":"BreadcrumbList","@id":"https:\/\/www.iso21500.de\/de\/service-beratung\/#breadcrumb","itemListElement":[{"@type":"ListItem","position":1,"name":"Startseite","item":"https:\/\/www.iso21500.de\/de\/"},{"@type":"ListItem","position":2,"name":"Service Beratung"}]},{"@type":"WebSite","@id":"https:\/\/www.iso21500.de\/de\/#website","url":"https:\/\/www.iso21500.de\/de\/","name":"iso21500.de","description":"neu: Projektmanagement nach ISO21502","publisher":{"@id":"https:\/\/www.iso21500.de\/de\/#\/schema\/person\/13c5df3918ff1cab82ab9ca397d3e3a4"},"potentialAction":[{"@type":"SearchAction","target":{"@type":"EntryPoint","urlTemplate":"https:\/\/www.iso21500.de\/de\/?s={search_term_string}"},"query-input":{"@type":"PropertyValueSpecification","valueRequired":true,"valueName":"search_term_string"}}],"inLanguage":"de"},{"@type":["Person","Organization"],"@id":"https:\/\/www.iso21500.de\/de\/#\/schema\/person\/13c5df3918ff1cab82ab9ca397d3e3a4","name":"Dennis Hain","image":{"@type":"ImageObject","inLanguage":"de","@id":"https:\/\/secure.gravatar.com\/avatar\/89898cfc3cb4dc6d7782fcd955179ebd47446145f4b7827e99ec78603be85eda?s=96&d=mm&r=g","url":"https:\/\/secure.gravatar.com\/avatar\/89898cfc3cb4dc6d7782fcd955179ebd47446145f4b7827e99ec78603be85eda?s=96&d=mm&r=g","contentUrl":"https:\/\/secure.gravatar.com\/avatar\/89898cfc3cb4dc6d7782fcd955179ebd47446145f4b7827e99ec78603be85eda?s=96&d=mm&r=g","caption":"Dennis Hain"},"logo":{"@id":"https:\/\/secure.gravatar.com\/avatar\/89898cfc3cb4dc6d7782fcd955179ebd47446145f4b7827e99ec78603be85eda?s=96&d=mm&r=g"},"sameAs":["https:\/\/www.fusepro.de"]}]}},"_links":{"self":[{"href":"https:\/\/www.iso21500.de\/de\/wp-json\/wp\/v2\/pages\/1064","targetHints":{"allow":["GET"]}}],"collection":[{"href":"https:\/\/www.iso21500.de\/de\/wp-json\/wp\/v2\/pages"}],"about":[{"href":"https:\/\/www.iso21500.de\/de\/wp-json\/wp\/v2\/types\/page"}],"author":[{"embeddable":true,"href":"https:\/\/www.iso21500.de\/de\/wp-json\/wp\/v2\/users\/1"}],"replies":[{"embeddable":true,"href":"https:\/\/www.iso21500.de\/de\/wp-json\/wp\/v2\/comments?post=1064"}],"version-history":[{"count":5,"href":"https:\/\/www.iso21500.de\/de\/wp-json\/wp\/v2\/pages\/1064\/revisions"}],"predecessor-version":[{"id":3286,"href":"https:\/\/www.iso21500.de\/de\/wp-json\/wp\/v2\/pages\/1064\/revisions\/3286"}],"wp:featuredmedia":[{"embeddable":true,"href":"https:\/\/www.iso21500.de\/de\/wp-json\/wp\/v2\/media\/590"}],"wp:attachment":[{"href":"https:\/\/www.iso21500.de\/de\/wp-json\/wp\/v2\/media?parent=1064"}],"curies":[{"name":"wp","href":"https:\/\/api.w.org\/{rel}","templated":true}]}}