{"id":1066,"date":"2022-11-17T15:20:24","date_gmt":"2022-11-17T14:20:24","guid":{"rendered":"https:\/\/www.iso21500.de\/?page_id=1066"},"modified":"2023-07-03T09:52:39","modified_gmt":"2023-07-03T07:52:39","slug":"service-tooluebersicht","status":"publish","type":"page","link":"https:\/\/www.iso21500.de\/de\/service-tooluebersicht\/","title":{"rendered":"Service \u2014 Tool\u00fcbersicht"},"content":{"rendered":"<h2><b>Werkzeuge, Tools, Hilfsmittel und Vorlagen<\/b><\/h2>\n<div>\n<p>Wir haben hier einige Werkzeuge und Tools zusammengestellt, die in der Praxis und f\u00fcr Projektmanagement nach ISO 21500 genutzt werden k\u00f6nnen.&nbsp;<\/p>\n<p>Vieles, besonders bei kleinen Projekten, ist mit Office Paketen zu bewerkstellingen.&nbsp;<\/p>\n<p><strong>Office Pakete<\/strong> umfassen mindestens:<\/p>\n<ul>\n<li>Textverarbeitung wie&nbsp;WORD<\/li>\n<li>Tabellenkalkulation wie&nbsp;EXCEL<\/li>\n<li>Pr\u00e4sentationssoftware wie POWERPOINT<\/li>\n<li>Notizb\u00fccher<\/li>\n<\/ul>\n<ul><\/ul>\n<ul><\/ul>\n<p>F\u00fcr mittlere Projekte bedarf es f\u00fcr die Zeitplanung sogenannte Netzpl\u00e4ne, die in Gantt Diagrammen dargestellt werden.&nbsp;<\/p>\n<p>Hierf\u00fcr bieten sich kleine, oft kostenfreie Projektmanagement Programme an.&nbsp;<\/p>\n<p><b>PM Software<\/b><\/p>\n<ul>\n<li>Project Libre,&nbsp;Smart Sheet,&nbsp;\u2026<\/li>\n<\/ul>\n<p>F\u00fcr gr\u00f6\u00dfere Projekte sind die L\u00f6sungen von Microsoft und Apple zu empfehlen<\/p>\n<ul>\n<li>MS Project<\/li>\n<li>Merlin&nbsp;<\/li>\n<\/ul>\n<p><b>Integrierte PM Software Pakete<\/b><\/p>\n<p>Sie umfassen neben der Funktionalit\u00e4t f\u00fcr&nbsp; das Management einzelner Projekte auch das Portfoliomanagement bzw. Multiprojektmanagement, sowie die M\u00f6glichkeit der Einbettung in eine IT Unternehmenslandschaft. Beispiele sind:&nbsp;<\/p>\n<ul>\n<li>KLUSA<\/li>\n<li>CA Clarity<\/li>\n<li>SCIFORMA<\/li>\n<li>IBO<\/li>\n<\/ul>\n<p><b>Agile PM&nbsp;Tools&nbsp;<\/b><\/p>\n<p>Software, die vorrangig aus deem agilen Projektmanagement stammen und hier ihre St\u00e4rken haben, sind beispielsweise:<\/p>\n<ul>\n<li>Trello<\/li>\n<li>Asana&nbsp;<\/li>\n<li>Jira<\/li>\n<\/ul>\n<p><strong>Weitere Softwarepakete, die uns empfehlenswert erscheinen, sind:<\/strong><\/p>\n<ul>\n<li>awork<\/li>\n<li>Meistertask<\/li>\n<li>Taskbrowse<\/li>\n<\/ul>\n<p><strong>Vorlagen<\/strong><\/p>\n<p>F\u00fcr ein Projektmanagement nach ISO 21500 sollten&nbsp; Vorlagen f\u00fcr folgende Aufgaben existieren:<\/p>\n<ul>\n<li>Projektauftrag<\/li>\n<li>Projektplan<\/li>\n<li>Projektfortschrittsbericht<\/li>\n<li>Auftrags\u00e4nderungen (Change Requests)<\/li>\n<li>ToDo Liste (Korrekturma\u00dfnahmen)<\/li>\n<li>Lessons Learnd<\/li>\n<li>Projektabschluss<\/li>\n<\/ul>\n<\/div>\n<p><img decoding=\"async\" src=\"\/wp-content\/uploads\/istockphoto-1413204144-612x612-1.jpg\" alt><br>\n<img decoding=\"async\" src=\"\/wp-content\/uploads\/Gantt-Diagramm.jpg\" alt><br>\n<img decoding=\"async\" src=\"\/wp-content\/uploads\/istockphoto-1199291024-612x612-1.jpg\" alt><\/p>\n<h2>Interesse geweckt?<\/h2>\n<p>\n    <a href=\"\/de\/kontakt\/\">Kontakt aufnehmen<\/a>\n<\/p>\n<p><!--more--><br>\n<!-- {\"name\":\"Layout Standart Vorlage\",\"type\":\"layout\",\"children\":[{\"name\":\"HeroUnterseite\",\"type\":\"section\",\"props\":{\"animation\":\"slide-bottom-medium\",\"animation_delay\":\"100\",\"header_transparent\":\"light\",\"header_transparent_noplaceholder\":true,\"image\":\"wp-content\\\/uploads\\\/photo-1494548162494-384bba4ab999-scaled.jpg\",\"image_effect\":\"parallax\",\"image_parallax_bgy\":\"170,0\",\"image_position\":\"center-center\",\"image_size\":\"cover\",\"media_overlay\":\"rgba(2, 106, 192, 0.33)\",\"overlap\":false,\"padding\":\"xlarge\",\"padding_remove_bottom\":false,\"style\":\"default\",\"title_breakpoint\":\"xl\",\"title_position\":\"top-left\",\"title_rotation\":\"left\",\"vertical_align\":\"middle\",\"width\":\"default\"},\"children\":[{\"type\":\"row\",\"props\":{\"margin\":\"medium\",\"margin_remove_bottom\":true,\"margin_remove_top\":false,\"vertical_align\":false},\"children\":[{\"type\":\"column\",\"props\":{\"image_height\":\"220\",\"image_parallax_bgy\":\"230,0\",\"image_position\":\"bottom-right\",\"image_width\":\"220\",\"position_sticky_breakpoint\":\"m\",\"text_color\":\"light\",\"width_medium\":\"1-1\"},\"children\":[{\"type\":\"headline\",\"props\":{\"title_element\":\"h1\",\"title_style\":\"heading-small\"},\"source\":{\"query\":{\"name\":\"pages.singlePage\"},\"props\":{\"content\":{\"filters\":{\"search\":\"\"},\"name\":\"title\"}}}}]}]}]},{\"type\":\"section\",\"props\":{\"image_position\":\"center-center\",\"style\":\"default\",\"title_breakpoint\":\"xl\",\"title_position\":\"top-left\",\"title_rotation\":\"left\",\"vertical_align\":\"middle\",\"width\":\"default\"},\"children\":[{\"type\":\"row\",\"children\":[{\"type\":\"column\",\"props\":{\"image_position\":\"center-center\",\"position_sticky_breakpoint\":\"m\"},\"children\":[{\"type\":\"breadcrumbs\",\"props\":{\"show_current\":true,\"show_home\":true}}]}]},{\"type\":\"row\",\"props\":{\"layout\":\"2-3,1-3\"},\"children\":[{\"type\":\"column\",\"props\":{\"image_position\":\"center-center\",\"position_sticky_breakpoint\":\"m\",\"width_medium\":\"2-3\"},\"children\":[{\"type\":\"headline\",\"props\":{\"content\":\"<b>Werkzeuge, Tools, Hilfsmittel und Vorlagen<\\\/b>\",\"title_element\":\"h2\",\"title_style\":\"h3\"}},{\"type\":\"text\",\"props\":{\"column_breakpoint\":\"m\",\"content\":\"\n\n<p>Wir haben hier einige Werkzeuge und Tools zusammengestellt, die in der Praxis und f\\u00fcr Projektmanagement nach ISO 21500 genutzt werden k\\u00f6nnen.\\u00a0<\\\/p>\\n\n\n<p>Vieles, besonders bei kleinen Projekten, ist mit Office Paketen zu bewerkstellingen.\\u00a0\\u00a0<\\\/p>\\n\n\n<p><strong>Office Pakete<\\\/strong> umfassen mindestens:<\\\/p>\\n\n\n<ul>\\n\n\n<li>Textverarbeitung wie WORD<\\\/li>\\n\n\n<li>Tabellenkalkulation wie EXCEL<\\\/li>\\n\n\n<li>Pr\\u00e4sentationssoftware wie POWERPOINT<\\\/li>\\n\n\n<li>Notizb\\u00fccher<\\\/li>\\n<\\\/ul>\\n\n\n<ul><\\\/ul>\\n\n\n<ul><\\\/ul>\\n\n\n<p>F\\u00fcr mittlere Projekte bedarf es f\\u00fcr die Zeitplanung sogenannte Netzpl\\u00e4ne, die in Gantt Diagrammen dargestellt werden.\\u00a0<\\\/p>\\n\n\n<p>Hierf\\u00fcr bieten sich kleine, oft kostenfreie Projektmanagement Programme an.\\u00a0<\\\/p>\\n\n\n<p><b>PM Software<\\\/b><\\\/p>\\n\n\n<ul>\\n\n\n<li>Project Libre,\\u00a0Smart Sheet, \\u2026<\\\/li>\\n<\\\/ul>\\n\n\n<p>F\\u00fcr gr\\u00f6\\u00dfere Projekte sind die L\\u00f6sungen von Microsoft und Apple zu empfehlen<\\\/p>\\n\n\n<ul>\\n\n\n<li>MS Project<\\\/li>\\n\n\n<li>Merlin\\u00a0<\\\/li>\\n<\\\/ul>\\n\n\n<p><b>Integrierte PM Software Pakete<\\\/b><\\\/p>\\n\n\n<p>Sie umfassen neben der Funktionalit\\u00e4t f\\u00fcr\\u00a0 das Management einzelner Projekte auch das Portfoliomanagement bzw. Multiprojektmanagement, sowie die M\\u00f6glichkeit der Einbettung in eine IT Unternehmenslandschaft. Beispiele sind:\\u00a0<\\\/p>\\n\n\n<ul>\\n\n\n<li>KLUSA<\\\/li>\\n\n\n<li>CA Clarity<\\\/li>\\n\n\n<li>SCIFORMA<\\\/li>\\n\n\n<li>IBO<\\\/li>\\n<\\\/ul>\\n\n\n<p><b>Agile PM Tools\\u00a0<\\\/b><\\\/p>\\n\n\n<p>Software, die vorrangig aus deem agilen Projektmanagement stammen und hier ihre St\\u00e4rken haben, sind beispielsweise:<\\\/p>\\n\n\n<ul>\\n\n\n<li>Trello<\\\/li>\\n\n\n<li>Asana\\u00a0<\\\/li>\\n\n\n<li>Jira<\\\/li>\\n<\\\/ul>\\n\n\n<p><strong>Weitere Softwarepakete, die uns empfehlenswert erscheinen, sind:<\\\/strong><\\\/p>\\n\n\n<ul>\\n\n\n<li>awork<\\\/li>\\n\n\n<li>Meistertask<\\\/li>\\n\n\n<li>Taskbrowse<\\\/li>\\n<\\\/ul>\\n\n\n<p><strong>Vorlagen<\\\/strong><\\\/p>\\n\n\n<p>F\\u00fcr ein Projektmanagement nach ISO 21500 sollten\\u00a0 Vorlagen f\\u00fcr folgende Aufgaben existieren:<\\\/p>\\n\n\n<ul>\\n\n\n<li>Projektauftrag<\\\/li>\\n\n\n<li>Projektplan<\\\/li>\\n\n\n<li>Projektfortschrittsbericht<\\\/li>\\n\n\n<li>Auftrags\\u00e4nderungen (Change Requests)<\\\/li>\\n\n\n<li>ToDo Liste (Korrekturma\\u00dfnahmen)<\\\/li>\\n\n\n<li>Lessons Learnd<\\\/li>\\n\n\n<li>Projektabschluss<\\\/li>\\n<\\\/ul>\\n\n\n<p><\\\/p>\",\"margin\":\"default\"}}]},{\"type\":\"column\",\"props\":{\"image_position\":\"center-center\",\"position_sticky_breakpoint\":\"m\",\"width_medium\":\"1-3\"},\"children\":[{\"type\":\"image\",\"props\":{\"css\":\"img{border-radius:25px;}\",\"image\":\"wp-content\\\/uploads\\\/istockphoto-1413204144-612x612-1.jpg\",\"image_svg_color\":\"emphasis\",\"margin\":\"default\"}},{\"type\":\"image\",\"props\":{\"css\":\"img{border-radius:25px;}\",\"image\":\"wp-content\\\/uploads\\\/Gantt-Diagramm.jpg\",\"image_svg_color\":\"emphasis\",\"margin\":\"default\"}},{\"type\":\"image\",\"props\":{\"css\":\"img{border-radius:25px;}\",\"image\":\"wp-content\\\/uploads\\\/istockphoto-1199291024-612x612-1.jpg\",\"image_svg_color\":\"emphasis\",\"margin\":\"default\"}}]}]}]},{\"name\":\"St\\u00f6rer\",\"type\":\"section\",\"props\":{\"animation\":\"fade\",\"animation_delay\":\"150\",\"class\":\"uk-light\",\"image\":\"wp-content\\\/uploads\\\/photo-1563906267088-b029e7101114-scaled.jpg\",\"image_position\":\"bottom-center\",\"image_size\":\"cover\",\"media_overlay\":\"rgba(0, 0, 0, 0.29)\",\"padding\":\"large\",\"padding_remove_bottom\":false,\"padding_remove_top\":false,\"style\":\"default\",\"title_breakpoint\":\"xl\",\"title_position\":\"top-left\",\"title_rotation\":\"left\",\"vertical_align\":\"middle\",\"width\":\"\"},\"children\":[{\"type\":\"row\",\"props\":{\"column_gap\":\"large\",\"margin\":\"xlarge\",\"row_gap\":\"large\",\"vertical_align\":true,\"width\":\"default\"},\"children\":[{\"type\":\"column\",\"props\":{\"image_position\":\"center-center\",\"position_sticky_breakpoint\":\"m\",\"vertical_align\":\"middle\"},\"children\":[{\"type\":\"headline\",\"props\":{\"block_align\":\"center\",\"content\":\"Interesse geweckt?\",\"maxwidth\":\"large\",\"text_align\":\"center\",\"title_element\":\"h2\",\"title_style\":\"h1\"}},{\"type\":\"button\",\"props\":{\"grid_column_gap\":\"small\",\"grid_row_gap\":\"small\",\"margin\":\"default\",\"text_align\":\"center\"},\"children\":[{\"type\":\"button_item\",\"props\":{\"button_style\":\"danger\",\"content\":\"Kontakt aufnehmen\",\"icon_align\":\"left\",\"link\":\"de\\\/kontakt\\\/\"}}]}]}]}]}],\"version\":\"4.0.5\",\"yooessentialsVersion\":\"2.0.7\"} --><\/p>\n","protected":false},"excerpt":{"rendered":"<p>Werkzeuge, Tools, Hilfsmittel und Vorlagen Wir haben hier einige Werkzeuge und Tools zusammengestellt, die in der Praxis und f\u00fcr Projektmanagement nach ISO 21500 genutzt werden k\u00f6nnen.&nbsp; Vieles, besonders bei kleinen Projekten, ist mit Office Paketen zu bewerkstellingen.&nbsp; Office Pakete umfassen mindestens: Textverarbeitung wie&nbsp;WORD Tabellenkalkulation wie&nbsp;EXCEL Pr\u00e4sentationssoftware wie POWERPOINT Notizb\u00fccher F\u00fcr mittlere Projekte bedarf es&nbsp;f\u00fcr&nbsp;[\u2026]<\/p>\n","protected":false},"author":1,"featured_media":590,"parent":0,"menu_order":0,"comment_status":"closed","ping_status":"closed","template":"","meta":{"_acf_changed":false,"wp_typography_post_enhancements_disabled":false,"footnotes":""},"class_list":["post-1066","page","type-page","status-publish","has-post-thumbnail","hentry"],"acf":[],"yoast_head":"<!-- This site is optimized with the Yoast SEO plugin v27.2 - https:\/\/yoast.com\/product\/yoast-seo-wordpress\/ -->\n<title>Service - Projektmanagement nach ISO21500<\/title>\n<meta name=\"robots\" content=\"index, follow, max-snippet:-1, max-image-preview:large, max-video-preview:-1\" \/>\n<link rel=\"canonical\" href=\"https:\/\/www.iso21500.de\/de\/service-tooluebersicht\/\" \/>\n<meta property=\"og:locale\" content=\"de_DE\" \/>\n<meta property=\"og:type\" content=\"article\" \/>\n<meta property=\"og:title\" content=\"Service - Projektmanagement nach ISO21500\" \/>\n<meta property=\"og:description\" content=\"Werkzeuge, Tools, Hilfsmittel und Vorlagen Wir haben hier einige Werkzeuge und Tools zusammengestellt, die in der Praxis und f\u00fcr Projektmanagement nach ISO 21500 genutzt werden k\u00f6nnen.&nbsp; Vieles, besonders bei kleinen Projekten, ist mit Office Paketen zu bewerkstellingen.&nbsp; Office Pakete umfassen mindestens: Textverarbeitung wie&nbsp;WORD Tabellenkalkulation wie&nbsp;EXCEL Pr\u00e4sentationssoftware wie POWERPOINT Notizb\u00fccher F\u00fcr mittlere Projekte bedarf es f\u00fcr [&hellip;]\" \/>\n<meta property=\"og:url\" content=\"https:\/\/www.iso21500.de\/de\/service-tooluebersicht\/\" \/>\n<meta property=\"og:site_name\" content=\"Projektmanagement nach ISO21500\" \/>\n<meta property=\"article:modified_time\" content=\"2023-07-03T07:52:39+00:00\" \/>\n<meta property=\"og:image\" content=\"https:\/\/www.iso21500.de\/wp-content\/uploads\/2021\/10\/168.png.jpg\" \/>\n\t<meta property=\"og:image:width\" content=\"1520\" \/>\n\t<meta property=\"og:image:height\" content=\"1457\" \/>\n\t<meta property=\"og:image:type\" content=\"image\/jpeg\" \/>\n<meta name=\"twitter:card\" content=\"summary_large_image\" \/>\n<meta name=\"twitter:label1\" content=\"Gesch\u00e4tzte Lesezeit\" \/>\n\t<meta name=\"twitter:data1\" content=\"3\u00a0Minuten\" \/>\n<script type=\"application\/ld+json\" class=\"yoast-schema-graph\">{\"@context\":\"https:\/\/schema.org\",\"@graph\":[{\"@type\":\"WebPage\",\"@id\":\"https:\/\/www.iso21500.de\/de\/service-tooluebersicht\/\",\"url\":\"https:\/\/www.iso21500.de\/de\/service-tooluebersicht\/\",\"name\":\"Service - Projektmanagement nach ISO21500\",\"isPartOf\":{\"@id\":\"https:\/\/www.iso21500.de\/de\/#website\"},\"primaryImageOfPage\":{\"@id\":\"https:\/\/www.iso21500.de\/de\/service-tooluebersicht\/#primaryimage\"},\"image\":{\"@id\":\"https:\/\/www.iso21500.de\/de\/service-tooluebersicht\/#primaryimage\"},\"thumbnailUrl\":\"https:\/\/www.iso21500.de\/wp-content\/uploads\/2021\/10\/168.png.jpg\",\"datePublished\":\"2022-11-17T14:20:24+00:00\",\"dateModified\":\"2023-07-03T07:52:39+00:00\",\"breadcrumb\":{\"@id\":\"https:\/\/www.iso21500.de\/de\/service-tooluebersicht\/#breadcrumb\"},\"inLanguage\":\"de\",\"potentialAction\":[{\"@type\":\"ReadAction\",\"target\":[\"https:\/\/www.iso21500.de\/de\/service-tooluebersicht\/\"]}]},{\"@type\":\"ImageObject\",\"inLanguage\":\"de\",\"@id\":\"https:\/\/www.iso21500.de\/de\/service-tooluebersicht\/#primaryimage\",\"url\":\"https:\/\/www.iso21500.de\/wp-content\/uploads\/2021\/10\/168.png.jpg\",\"contentUrl\":\"https:\/\/www.iso21500.de\/wp-content\/uploads\/2021\/10\/168.png.jpg\",\"width\":1520,\"height\":1457},{\"@type\":\"BreadcrumbList\",\"@id\":\"https:\/\/www.iso21500.de\/de\/service-tooluebersicht\/#breadcrumb\",\"itemListElement\":[{\"@type\":\"ListItem\",\"position\":1,\"name\":\"Startseite\",\"item\":\"https:\/\/www.iso21500.de\/de\/\"},{\"@type\":\"ListItem\",\"position\":2,\"name\":\"Service &#8211; Tool\u00fcbersicht\"}]},{\"@type\":\"WebSite\",\"@id\":\"https:\/\/www.iso21500.de\/de\/#website\",\"url\":\"https:\/\/www.iso21500.de\/de\/\",\"name\":\"iso21500.de\",\"description\":\"neu: Projektmanagement nach ISO21502\",\"publisher\":{\"@id\":\"https:\/\/www.iso21500.de\/de\/#\/schema\/person\/13c5df3918ff1cab82ab9ca397d3e3a4\"},\"potentialAction\":[{\"@type\":\"SearchAction\",\"target\":{\"@type\":\"EntryPoint\",\"urlTemplate\":\"https:\/\/www.iso21500.de\/de\/?s={search_term_string}\"},\"query-input\":{\"@type\":\"PropertyValueSpecification\",\"valueRequired\":true,\"valueName\":\"search_term_string\"}}],\"inLanguage\":\"de\"},{\"@type\":[\"Person\",\"Organization\"],\"@id\":\"https:\/\/www.iso21500.de\/de\/#\/schema\/person\/13c5df3918ff1cab82ab9ca397d3e3a4\",\"name\":\"Dennis Hain\",\"image\":{\"@type\":\"ImageObject\",\"inLanguage\":\"de\",\"@id\":\"https:\/\/secure.gravatar.com\/avatar\/89898cfc3cb4dc6d7782fcd955179ebd47446145f4b7827e99ec78603be85eda?s=96&d=mm&r=g\",\"url\":\"https:\/\/secure.gravatar.com\/avatar\/89898cfc3cb4dc6d7782fcd955179ebd47446145f4b7827e99ec78603be85eda?s=96&d=mm&r=g\",\"contentUrl\":\"https:\/\/secure.gravatar.com\/avatar\/89898cfc3cb4dc6d7782fcd955179ebd47446145f4b7827e99ec78603be85eda?s=96&d=mm&r=g\",\"caption\":\"Dennis Hain\"},\"logo\":{\"@id\":\"https:\/\/secure.gravatar.com\/avatar\/89898cfc3cb4dc6d7782fcd955179ebd47446145f4b7827e99ec78603be85eda?s=96&d=mm&r=g\"},\"sameAs\":[\"https:\/\/www.fusepro.de\"]}]}<\/script>\n<!-- \/ Yoast SEO plugin. -->","yoast_head_json":{"title":"Service - Projektmanagement nach ISO21500","robots":{"index":"index","follow":"follow","max-snippet":"max-snippet:-1","max-image-preview":"max-image-preview:large","max-video-preview":"max-video-preview:-1"},"canonical":"https:\/\/www.iso21500.de\/de\/service-tooluebersicht\/","og_locale":"de_DE","og_type":"article","og_title":"Service - Projektmanagement nach ISO21500","og_description":"Werkzeuge, Tools, Hilfsmittel und Vorlagen Wir haben hier einige Werkzeuge und Tools zusammengestellt, die in der Praxis und f\u00fcr Projektmanagement nach ISO 21500 genutzt werden k\u00f6nnen.&nbsp; Vieles, besonders bei kleinen Projekten, ist mit Office Paketen zu bewerkstellingen.&nbsp; Office Pakete umfassen mindestens: Textverarbeitung wie&nbsp;WORD Tabellenkalkulation wie&nbsp;EXCEL Pr\u00e4sentationssoftware wie POWERPOINT Notizb\u00fccher F\u00fcr mittlere Projekte bedarf es f\u00fcr [&hellip;]","og_url":"https:\/\/www.iso21500.de\/de\/service-tooluebersicht\/","og_site_name":"Projektmanagement nach ISO21500","article_modified_time":"2023-07-03T07:52:39+00:00","og_image":[{"width":1520,"height":1457,"url":"https:\/\/www.iso21500.de\/wp-content\/uploads\/2021\/10\/168.png.jpg","type":"image\/jpeg"}],"twitter_card":"summary_large_image","twitter_misc":{"Gesch\u00e4tzte Lesezeit":"3\u00a0Minuten"},"schema":{"@context":"https:\/\/schema.org","@graph":[{"@type":"WebPage","@id":"https:\/\/www.iso21500.de\/de\/service-tooluebersicht\/","url":"https:\/\/www.iso21500.de\/de\/service-tooluebersicht\/","name":"Service - Projektmanagement nach ISO21500","isPartOf":{"@id":"https:\/\/www.iso21500.de\/de\/#website"},"primaryImageOfPage":{"@id":"https:\/\/www.iso21500.de\/de\/service-tooluebersicht\/#primaryimage"},"image":{"@id":"https:\/\/www.iso21500.de\/de\/service-tooluebersicht\/#primaryimage"},"thumbnailUrl":"https:\/\/www.iso21500.de\/wp-content\/uploads\/2021\/10\/168.png.jpg","datePublished":"2022-11-17T14:20:24+00:00","dateModified":"2023-07-03T07:52:39+00:00","breadcrumb":{"@id":"https:\/\/www.iso21500.de\/de\/service-tooluebersicht\/#breadcrumb"},"inLanguage":"de","potentialAction":[{"@type":"ReadAction","target":["https:\/\/www.iso21500.de\/de\/service-tooluebersicht\/"]}]},{"@type":"ImageObject","inLanguage":"de","@id":"https:\/\/www.iso21500.de\/de\/service-tooluebersicht\/#primaryimage","url":"https:\/\/www.iso21500.de\/wp-content\/uploads\/2021\/10\/168.png.jpg","contentUrl":"https:\/\/www.iso21500.de\/wp-content\/uploads\/2021\/10\/168.png.jpg","width":1520,"height":1457},{"@type":"BreadcrumbList","@id":"https:\/\/www.iso21500.de\/de\/service-tooluebersicht\/#breadcrumb","itemListElement":[{"@type":"ListItem","position":1,"name":"Startseite","item":"https:\/\/www.iso21500.de\/de\/"},{"@type":"ListItem","position":2,"name":"Service &#8211; Tool\u00fcbersicht"}]},{"@type":"WebSite","@id":"https:\/\/www.iso21500.de\/de\/#website","url":"https:\/\/www.iso21500.de\/de\/","name":"iso21500.de","description":"neu: Projektmanagement nach ISO21502","publisher":{"@id":"https:\/\/www.iso21500.de\/de\/#\/schema\/person\/13c5df3918ff1cab82ab9ca397d3e3a4"},"potentialAction":[{"@type":"SearchAction","target":{"@type":"EntryPoint","urlTemplate":"https:\/\/www.iso21500.de\/de\/?s={search_term_string}"},"query-input":{"@type":"PropertyValueSpecification","valueRequired":true,"valueName":"search_term_string"}}],"inLanguage":"de"},{"@type":["Person","Organization"],"@id":"https:\/\/www.iso21500.de\/de\/#\/schema\/person\/13c5df3918ff1cab82ab9ca397d3e3a4","name":"Dennis Hain","image":{"@type":"ImageObject","inLanguage":"de","@id":"https:\/\/secure.gravatar.com\/avatar\/89898cfc3cb4dc6d7782fcd955179ebd47446145f4b7827e99ec78603be85eda?s=96&d=mm&r=g","url":"https:\/\/secure.gravatar.com\/avatar\/89898cfc3cb4dc6d7782fcd955179ebd47446145f4b7827e99ec78603be85eda?s=96&d=mm&r=g","contentUrl":"https:\/\/secure.gravatar.com\/avatar\/89898cfc3cb4dc6d7782fcd955179ebd47446145f4b7827e99ec78603be85eda?s=96&d=mm&r=g","caption":"Dennis Hain"},"logo":{"@id":"https:\/\/secure.gravatar.com\/avatar\/89898cfc3cb4dc6d7782fcd955179ebd47446145f4b7827e99ec78603be85eda?s=96&d=mm&r=g"},"sameAs":["https:\/\/www.fusepro.de"]}]}},"_links":{"self":[{"href":"https:\/\/www.iso21500.de\/de\/wp-json\/wp\/v2\/pages\/1066","targetHints":{"allow":["GET"]}}],"collection":[{"href":"https:\/\/www.iso21500.de\/de\/wp-json\/wp\/v2\/pages"}],"about":[{"href":"https:\/\/www.iso21500.de\/de\/wp-json\/wp\/v2\/types\/page"}],"author":[{"embeddable":true,"href":"https:\/\/www.iso21500.de\/de\/wp-json\/wp\/v2\/users\/1"}],"replies":[{"embeddable":true,"href":"https:\/\/www.iso21500.de\/de\/wp-json\/wp\/v2\/comments?post=1066"}],"version-history":[{"count":8,"href":"https:\/\/www.iso21500.de\/de\/wp-json\/wp\/v2\/pages\/1066\/revisions"}],"predecessor-version":[{"id":3180,"href":"https:\/\/www.iso21500.de\/de\/wp-json\/wp\/v2\/pages\/1066\/revisions\/3180"}],"wp:featuredmedia":[{"embeddable":true,"href":"https:\/\/www.iso21500.de\/de\/wp-json\/wp\/v2\/media\/590"}],"wp:attachment":[{"href":"https:\/\/www.iso21500.de\/de\/wp-json\/wp\/v2\/media?parent=1066"}],"curies":[{"name":"wp","href":"https:\/\/api.w.org\/{rel}","templated":true}]}}