{"id":13,"date":"2021-10-07T20:43:56","date_gmt":"2021-10-07T18:43:56","guid":{"rendered":"https:\/\/www.iso21500.de\/?page_id=13"},"modified":"2024-12-17T05:30:39","modified_gmt":"2024-12-17T04:30:39","slug":"projektmanagement-leitlinie-iso-21502","status":"publish","type":"page","link":"https:\/\/www.iso21500.de\/de\/projektmanagement-leitlinie-iso-21502\/","title":{"rendered":"ISO 21502 \u2014 neue englische Version seit&nbsp;2020"},"content":{"rendered":"<h2>Projektmanagement Leitlinien ISO 21502 :&nbsp;2020<\/h2>\n<h3>Neue&nbsp; Versionen ISO 21502 und&nbsp;21500<\/h3>\n<div>\n<p><strong>ISO 21502 : 2020<\/strong>&nbsp; wurde im Dezember 2020 als Nachfolgeversion der ISO 21500 : 2012 vorgestellt. Im Dezember 2024 wurde sie von der DIN \u00fcbernommen als DIN ISO 21500:2024<\/p>\n<p>In deutscher Sprache ist das Ebook \u201cProjektmanagement nach ISO 21502\u201d verf\u00fcgbar. Es ist eine praxisorientierte Version der TRAVISION&nbsp; \u2014 <a href=\"https:\/\/travel-all-stars.com\/produkt\/projektmanagement-leitlinien-nach-iso-21502\/\">klick hier.<\/a>&nbsp;<\/p>\n<ul><\/ul>\n<p>Wichtig erscheinen folgende \u00c4nderungen von der bisherigen ISO 21500 : 2012 zur neuen ISO 21502 :&nbsp;2020:<\/p>\n<ul>\n<li>Das Konzept des Projektmanagements wurde um projektbezogene Aufsichts- und Steuerungsaktivit\u00e4ten der Tr\u00e4gerorganisation erweitert.<\/li>\n<li>Informationen dar\u00fcber, wie Projekte Ergebnisse liefern und die Realisierung von Vorteilen erm\u00f6glichen k\u00f6nnen, wurden hinzugef\u00fcgt.<\/li>\n<li>Die Ber\u00fccksichtigung des organisatorischen Kontextes von Projekten wurde hinzugef\u00fcgt.<\/li>\n<li>Beschreibungen von zus\u00e4tzlichen Projektrollen und Verantwortlichkeiten wurden hinzugef\u00fcgt.<\/li>\n<li>Neue Themen wurden hinzugef\u00fcgt, wie z. B. die Schaffung eines erfolgsf\u00f6rdernden Projektumfelds, Projektlebenszyklen, Entscheidungspunkte und \u2011tore sowie zus\u00e4tzliche Projektpraktiken, wie z. B. Nutzenmanagement und \u00c4nderungskontrolle, um den aktuellen Praktiken im Projektmanagement Rechnung zu tragen.<\/li>\n<li>Aktivit\u00e4ten vor und nach dem Projekt wurden hinzugef\u00fcgt.<\/li>\n<li>Das Format wurde von prozessbasiert zu praxis- und narrativbasiert ge\u00e4ndert.<\/li>\n<\/ul>\n<p>Es wird unterschieden zwischen den \u201eintegrierten Projektmanagementpraktiken\u201c, die ein Projekt im Gesamtunternehmen einbetten und&nbsp; den \u201eManagementpraktiken f\u00fcr ein Projekt\u201c.<\/p>\n<p>Die Inhalte der ISO 21502 f\u00fchren zu einer erweiterten Projektmanagement Matrix (siehe Bild).<\/p>\n<p><strong>Neue ISO 21500:2021<\/strong><\/p>\n<p>Anstelle der urspr\u00fcnglichen ISO 21500 beschreibt die ISO 21500:2021 nun die 3 Basiselemente Projekte, Programme und Portfolios.<\/p>\n<ul>\n<li>Projekte sind als isolierte Einzelvorhaben zu betrachten.&nbsp;<\/li>\n<li>Programme bestehen aus einer Summe von logisch zusammenh\u00e4ngenden Projekten.<\/li>\n<li>Portfolios bestehen aus einer Summe von Projekten, die gemeinsam betrachtet und gesteuert werden sollen (im Multiprojektmanagement)<\/li>\n<\/ul>\n<\/div>\n<p><img decoding=\"async\" src=\"\/wp-content\/uploads\/Management-Practices.png\" alt><\/p>\n<div>\n<pre style=\"text-align: center;\">Copyright ISO 2020<\/pre>\n<\/div>\n<p><img decoding=\"async\" src=\"\/wp-content\/uploads\/2022\/04\/ISO-TABELLE.png\" alt><\/p>\n<div>\n<pre style=\"text-align: center;\">Copyright ISO 2020<\/pre>\n<\/div>\n<h2>Interesse geweckt?<\/h2>\n<p>\n    <a href=\"\/de\/kontakt\/\">Kontakt aufnehmen<\/a>\n<\/p>\n<p><!--more--><br>\n<!-- {\"name\":\"Layout Standart Vorlage\",\"type\":\"layout\",\"children\":[{\"name\":\"HeroUnterseite\",\"type\":\"section\",\"props\":{\"animation\":\"slide-bottom-medium\",\"animation_delay\":\"100\",\"header_transparent\":true,\"header_transparent_noplaceholder\":true,\"header_transparent_text_color\":\"light\",\"image\":\"wp-content\\\/uploads\\\/photo-1494548162494-384bba4ab999-scaled.jpg\",\"image_effect\":\"parallax\",\"image_parallax_bgy\":\"170,0\",\"image_position\":\"center-center\",\"image_size\":\"cover\",\"media_overlay\":\"rgba(2, 106, 192, 0.33)\",\"overlap\":false,\"padding\":\"xlarge\",\"padding_remove_bottom\":false,\"style\":\"default\",\"title_breakpoint\":\"xl\",\"title_position\":\"top-left\",\"title_rotation\":\"left\",\"vertical_align\":\"\",\"width\":\"default\"},\"children\":[{\"type\":\"row\",\"props\":{\"margin\":\"medium\",\"margin_remove_bottom\":true,\"margin_remove_top\":false,\"vertical_align\":false},\"children\":[{\"type\":\"column\",\"props\":{\"image_height\":\"220\",\"image_parallax_bgy\":\"230,0\",\"image_position\":\"bottom-right\",\"image_width\":\"220\",\"position_sticky_breakpoint\":\"m\",\"text_color\":\"light\",\"width_medium\":\"1-1\"},\"children\":[{\"type\":\"headline\",\"props\":{\"title_element\":\"h1\",\"title_style\":\"heading-small\"},\"source\":{\"query\":{\"name\":\"pages.singlePage\"},\"props\":{\"content\":{\"filters\":{\"search\":\"\"},\"name\":\"title\"}}}}]}]}]},{\"type\":\"section\",\"props\":{\"image_position\":\"center-center\",\"style\":\"default\",\"title_breakpoint\":\"xl\",\"title_position\":\"top-left\",\"title_rotation\":\"left\",\"vertical_align\":\"\",\"width\":\"default\"},\"children\":[{\"type\":\"row\",\"children\":[{\"type\":\"column\",\"props\":{\"image_position\":\"center-center\",\"position_sticky_breakpoint\":\"m\"},\"children\":[{\"type\":\"breadcrumbs\",\"props\":{\"show_current\":true,\"show_home\":true}}]}]},{\"type\":\"row\",\"props\":{\"layout\":\"2-3,1-3\"},\"children\":[{\"type\":\"column\",\"props\":{\"image_position\":\"center-center\",\"position_sticky_breakpoint\":\"m\",\"width_medium\":\"2-3\"},\"children\":[{\"type\":\"headline\",\"props\":{\"content\":\"Projektmanagement Leitlinien ISO 21502 : 2020\",\"title_element\":\"h2\"}},{\"type\":\"headline\",\"props\":{\"content\":\"Neue\\u00a0 Versionen ISO 21502 und 21500\",\"title_element\":\"h3\"}},{\"type\":\"text\",\"props\":{\"column_breakpoint\":\"m\",\"content\":\"\n\n<p><strong>ISO 21502 : 2020<\\\/strong>\\u00a0 wurde im Dezember 2020 als Nachfolgeversion der ISO 21500 : 2012 vorgestellt. Im Dezember 2024 wurde sie von der DIN \\u00fcbernommen als DIN ISO 21500:2024<\\\/p>\\n\n\n<p>In deutscher Sprache ist das Ebook \\\"Projektmanagement nach ISO 21502\\\" verf\\u00fcgbar. Es ist eine praxisorientierte Version der TRAVISION\\u00a0 - <a href=\\\"https:\\\/\\\/travel-all-stars.com\\\/produkt\\\/projektmanagement-leitlinien-nach-iso-21502\\\/\\\">klick hier.<\\\/a>\\u00a0<\\\/p>\\n\n\n<ul><\\\/ul>\\n\n\n<p>Wichtig erscheinen folgende \\u00c4nderungen von der bisherigen ISO 21500 : 2012 zur neuen ISO 21502 : 2020:<\\\/p>\\n\n\n<ul>\\n\n\n<li>Das Konzept des Projektmanagements wurde um projektbezogene Aufsichts- und Steuerungsaktivit\\u00e4ten der Tr\\u00e4gerorganisation erweitert.<\\\/li>\\n\n\n<li>Informationen dar\\u00fcber, wie Projekte Ergebnisse liefern und die Realisierung von Vorteilen erm\\u00f6glichen k\\u00f6nnen, wurden hinzugef\\u00fcgt.<\\\/li>\\n\n\n<li>Die Ber\\u00fccksichtigung des organisatorischen Kontextes von Projekten wurde hinzugef\\u00fcgt.<\\\/li>\\n\n\n<li>Beschreibungen von zus\\u00e4tzlichen Projektrollen und Verantwortlichkeiten wurden hinzugef\\u00fcgt.<\\\/li>\\n\n\n<li>Neue Themen wurden hinzugef\\u00fcgt, wie z. B. die Schaffung eines erfolgsf\\u00f6rdernden Projektumfelds, Projektlebenszyklen, Entscheidungspunkte und \\u2011tore sowie zus\\u00e4tzliche Projektpraktiken, wie z. B. Nutzenmanagement und \\u00c4nderungskontrolle, um den aktuellen Praktiken im Projektmanagement Rechnung zu tragen.<\\\/li>\\n\n\n<li>Aktivit\\u00e4ten vor und nach dem Projekt wurden hinzugef\\u00fcgt.<\\\/li>\\n\n\n<li>Das Format wurde von prozessbasiert zu praxis- und narrativbasiert ge\\u00e4ndert.<\\\/li>\\n<\\\/ul>\\n\n\n<p>Es wird unterschieden zwischen den \\u201eintegrierten Projektmanagementpraktiken\\u201c, die ein Projekt im Gesamtunternehmen einbetten und\\u00a0 den \\u201eManagementpraktiken f\\u00fcr ein Projekt\\u201c.<\\\/p>\\n\n\n<p>Die Inhalte der ISO 21502 f\\u00fchren zu einer erweiterten Projektmanagement Matrix (siehe Bild).<\\\/p>\\n\n\n<p><strong>Neue ISO 21500:2021<\\\/strong><\\\/p>\\n\n\n<p>Anstelle der urspr\\u00fcnglichen ISO 21500 beschreibt die ISO 21500:2021 nun die 3 Basiselemente Projekte, Programme und Portfolios.<\\\/p>\\n\n\n<ul>\\n\n\n<li>Projekte sind als isolierte Einzelvorhaben zu betrachten.\\u00a0<\\\/li>\\n\n\n<li>Programme bestehen aus einer Summe von logisch zusammenh\\u00e4ngenden Projekten.<\\\/li>\\n\n\n<li>Portfolios bestehen aus einer Summe von Projekten, die gemeinsam betrachtet und gesteuert werden sollen (im Multiprojektmanagement)<\\\/li>\\n<\\\/ul>\",\"margin\":\"default\"}}]},{\"type\":\"column\",\"props\":{\"image_position\":\"center-center\",\"position_sticky_breakpoint\":\"m\",\"width_medium\":\"1-3\"},\"children\":[{\"type\":\"image\",\"props\":{\"image\":\"wp-content\\\/uploads\\\/Management-Practices.png\",\"image_svg_color\":\"emphasis\",\"margin\":\"default\"}},{\"type\":\"text\",\"props\":{\"column_breakpoint\":\"m\",\"content\":\"\n\n<pre style=\\\"text-align: center;\\\">Copyright ISO 2020<\\\/pre>\",\"margin\":\"default\"}},{\"type\":\"image\",\"props\":{\"image\":\"wp-content\\\/uploads\\\/2022\\\/04\\\/ISO-TABELLE.png\",\"image_svg_color\":\"emphasis\",\"margin\":\"default\"}},{\"type\":\"text\",\"props\":{\"column_breakpoint\":\"m\",\"content\":\"\n\n<pre style=\\\"text-align: center;\\\">Copyright ISO 2020<\\\/pre>\",\"margin\":\"default\"}}]}]}]},{\"name\":\"St\\u00f6rer\",\"type\":\"section\",\"props\":{\"animation\":\"fade\",\"animation_delay\":\"150\",\"class\":\"uk-light\",\"image\":\"wp-content\\\/uploads\\\/photo-1563906267088-b029e7101114-scaled.jpg\",\"image_position\":\"bottom-center\",\"image_size\":\"cover\",\"media_overlay\":\"rgba(0, 0, 0, 0.29)\",\"padding\":\"large\",\"padding_remove_bottom\":false,\"padding_remove_top\":false,\"style\":\"default\",\"title_breakpoint\":\"xl\",\"title_position\":\"top-left\",\"title_rotation\":\"left\",\"vertical_align\":\"\",\"width\":\"\"},\"children\":[{\"type\":\"row\",\"props\":{\"column_gap\":\"large\",\"margin\":\"xlarge\",\"row_gap\":\"large\",\"vertical_align\":true,\"width\":\"default\"},\"children\":[{\"type\":\"column\",\"props\":{\"image_position\":\"center-center\",\"position_sticky_breakpoint\":\"m\",\"vertical_align\":\"middle\"},\"children\":[{\"type\":\"headline\",\"props\":{\"block_align\":\"center\",\"content\":\"Interesse geweckt?\",\"maxwidth\":\"large\",\"text_align\":\"center\",\"title_element\":\"h2\",\"title_style\":\"h1\"}},{\"type\":\"button\",\"props\":{\"grid_column_gap\":\"small\",\"grid_row_gap\":\"small\",\"margin\":\"default\",\"text_align\":\"center\"},\"children\":[{\"type\":\"button_item\",\"props\":{\"button_style\":\"danger\",\"content\":\"Kontakt aufnehmen\",\"icon_align\":\"left\",\"link\":\"de\\\/kontakt\\\/\"}}]}]}]}]}],\"version\":\"4.4.16\",\"yooessentialsVersion\":\"2.2.28\"} --><\/p>\n","protected":false},"excerpt":{"rendered":"<p>Projektmanagement Leitlinien ISO 21502 :&nbsp;2020 Neue&nbsp; Versionen ISO 21502 und&nbsp;21500 ISO 21502 : 2020&nbsp; wurde im Dezember 2020 als Nachfolgeversion der ISO 21500 : 2012 vorgestellt. Im Dezember 2024 wurde sie von der DIN \u00fcbernommen als DIN ISO 21500:2024 In deutscher Sprache ist das Ebook \u201cProjektmanagement nach ISO 21502\u201d verf\u00fcgbar. Es ist eine praxisorientierte Version&nbsp;[\u2026]<\/p>\n","protected":false},"author":4,"featured_media":388,"parent":0,"menu_order":0,"comment_status":"closed","ping_status":"closed","template":"","meta":{"_acf_changed":false,"wp_typography_post_enhancements_disabled":false,"footnotes":""},"class_list":["post-13","page","type-page","status-publish","has-post-thumbnail","hentry"],"acf":[],"yoast_head":"<!-- This site is optimized with the Yoast SEO plugin v27.2 - https:\/\/yoast.com\/product\/yoast-seo-wordpress\/ -->\n<title>ISO 21502 - neue englische Version seit 2020<\/title>\n<meta name=\"description\" content=\"ISO 21502 wurde als neue englische Version in 2020 vorgestellt. Sie ersetzt die bisherigen Projektmanagement Leitlinien ISO 21500 : 2012.\" \/>\n<meta name=\"robots\" content=\"index, follow, max-snippet:-1, max-image-preview:large, max-video-preview:-1\" \/>\n<link rel=\"canonical\" href=\"https:\/\/www.iso21500.de\/de\/projektmanagement-leitlinie-iso-21502\/\" \/>\n<meta property=\"og:locale\" content=\"de_DE\" \/>\n<meta property=\"og:type\" content=\"article\" \/>\n<meta property=\"og:title\" content=\"ISO 21502 - neue englische Version seit 2020\" \/>\n<meta property=\"og:description\" content=\"ISO 21502 wurde als neue englische Version in 2020 vorgestellt. Sie ersetzt die bisherigen Projektmanagement Leitlinien ISO 21500 : 2012.\" \/>\n<meta property=\"og:url\" content=\"https:\/\/www.iso21500.de\/de\/projektmanagement-leitlinie-iso-21502\/\" \/>\n<meta property=\"og:site_name\" content=\"Projektmanagement nach ISO21500\" \/>\n<meta property=\"article:modified_time\" content=\"2024-12-17T04:30:39+00:00\" \/>\n<meta property=\"og:image\" content=\"https:\/\/www.iso21500.de\/wp-content\/uploads\/2021\/10\/Download.jpg\" \/>\n\t<meta property=\"og:image:width\" content=\"960\" \/>\n\t<meta property=\"og:image:height\" content=\"720\" \/>\n\t<meta property=\"og:image:type\" content=\"image\/jpeg\" \/>\n<meta name=\"twitter:card\" content=\"summary_large_image\" \/>\n<meta name=\"twitter:label1\" content=\"Gesch\u00e4tzte Lesezeit\" \/>\n\t<meta name=\"twitter:data1\" content=\"2\u00a0Minuten\" \/>\n<script type=\"application\/ld+json\" class=\"yoast-schema-graph\">{\"@context\":\"https:\/\/schema.org\",\"@graph\":[{\"@type\":\"WebPage\",\"@id\":\"https:\/\/www.iso21500.de\/de\/projektmanagement-leitlinie-iso-21502\/\",\"url\":\"https:\/\/www.iso21500.de\/de\/projektmanagement-leitlinie-iso-21502\/\",\"name\":\"ISO 21502 - neue englische Version seit 2020\",\"isPartOf\":{\"@id\":\"https:\/\/www.iso21500.de\/de\/#website\"},\"primaryImageOfPage\":{\"@id\":\"https:\/\/www.iso21500.de\/de\/projektmanagement-leitlinie-iso-21502\/#primaryimage\"},\"image\":{\"@id\":\"https:\/\/www.iso21500.de\/de\/projektmanagement-leitlinie-iso-21502\/#primaryimage\"},\"thumbnailUrl\":\"https:\/\/www.iso21500.de\/wp-content\/uploads\/2021\/10\/Download.jpg\",\"datePublished\":\"2021-10-07T18:43:56+00:00\",\"dateModified\":\"2024-12-17T04:30:39+00:00\",\"description\":\"ISO 21502 wurde als neue englische Version in 2020 vorgestellt. Sie ersetzt die bisherigen Projektmanagement Leitlinien ISO 21500 : 2012.\",\"breadcrumb\":{\"@id\":\"https:\/\/www.iso21500.de\/de\/projektmanagement-leitlinie-iso-21502\/#breadcrumb\"},\"inLanguage\":\"de\",\"potentialAction\":[{\"@type\":\"ReadAction\",\"target\":[\"https:\/\/www.iso21500.de\/de\/projektmanagement-leitlinie-iso-21502\/\"]}]},{\"@type\":\"ImageObject\",\"inLanguage\":\"de\",\"@id\":\"https:\/\/www.iso21500.de\/de\/projektmanagement-leitlinie-iso-21502\/#primaryimage\",\"url\":\"https:\/\/www.iso21500.de\/wp-content\/uploads\/2021\/10\/Download.jpg\",\"contentUrl\":\"https:\/\/www.iso21500.de\/wp-content\/uploads\/2021\/10\/Download.jpg\",\"width\":960,\"height\":720},{\"@type\":\"BreadcrumbList\",\"@id\":\"https:\/\/www.iso21500.de\/de\/projektmanagement-leitlinie-iso-21502\/#breadcrumb\",\"itemListElement\":[{\"@type\":\"ListItem\",\"position\":1,\"name\":\"Startseite\",\"item\":\"https:\/\/www.iso21500.de\/de\/\"},{\"@type\":\"ListItem\",\"position\":2,\"name\":\"ISO 21502 &#8211; neue englische Version seit 2020\"}]},{\"@type\":\"WebSite\",\"@id\":\"https:\/\/www.iso21500.de\/de\/#website\",\"url\":\"https:\/\/www.iso21500.de\/de\/\",\"name\":\"iso21500.de\",\"description\":\"neu: Projektmanagement nach ISO21502\",\"publisher\":{\"@id\":\"https:\/\/www.iso21500.de\/de\/#\/schema\/person\/13c5df3918ff1cab82ab9ca397d3e3a4\"},\"potentialAction\":[{\"@type\":\"SearchAction\",\"target\":{\"@type\":\"EntryPoint\",\"urlTemplate\":\"https:\/\/www.iso21500.de\/de\/?s={search_term_string}\"},\"query-input\":{\"@type\":\"PropertyValueSpecification\",\"valueRequired\":true,\"valueName\":\"search_term_string\"}}],\"inLanguage\":\"de\"},{\"@type\":[\"Person\",\"Organization\"],\"@id\":\"https:\/\/www.iso21500.de\/de\/#\/schema\/person\/13c5df3918ff1cab82ab9ca397d3e3a4\",\"name\":\"Dennis Hain\",\"image\":{\"@type\":\"ImageObject\",\"inLanguage\":\"de\",\"@id\":\"https:\/\/secure.gravatar.com\/avatar\/89898cfc3cb4dc6d7782fcd955179ebd47446145f4b7827e99ec78603be85eda?s=96&d=mm&r=g\",\"url\":\"https:\/\/secure.gravatar.com\/avatar\/89898cfc3cb4dc6d7782fcd955179ebd47446145f4b7827e99ec78603be85eda?s=96&d=mm&r=g\",\"contentUrl\":\"https:\/\/secure.gravatar.com\/avatar\/89898cfc3cb4dc6d7782fcd955179ebd47446145f4b7827e99ec78603be85eda?s=96&d=mm&r=g\",\"caption\":\"Dennis Hain\"},\"logo\":{\"@id\":\"https:\/\/secure.gravatar.com\/avatar\/89898cfc3cb4dc6d7782fcd955179ebd47446145f4b7827e99ec78603be85eda?s=96&d=mm&r=g\"},\"sameAs\":[\"https:\/\/www.fusepro.de\"]}]}<\/script>\n<!-- \/ Yoast SEO plugin. -->","yoast_head_json":{"title":"ISO 21502 - neue englische Version seit 2020","description":"ISO 21502 wurde als neue englische Version in 2020 vorgestellt. Sie ersetzt die bisherigen Projektmanagement Leitlinien ISO 21500 : 2012.","robots":{"index":"index","follow":"follow","max-snippet":"max-snippet:-1","max-image-preview":"max-image-preview:large","max-video-preview":"max-video-preview:-1"},"canonical":"https:\/\/www.iso21500.de\/de\/projektmanagement-leitlinie-iso-21502\/","og_locale":"de_DE","og_type":"article","og_title":"ISO 21502 - neue englische Version seit 2020","og_description":"ISO 21502 wurde als neue englische Version in 2020 vorgestellt. Sie ersetzt die bisherigen Projektmanagement Leitlinien ISO 21500 : 2012.","og_url":"https:\/\/www.iso21500.de\/de\/projektmanagement-leitlinie-iso-21502\/","og_site_name":"Projektmanagement nach ISO21500","article_modified_time":"2024-12-17T04:30:39+00:00","og_image":[{"width":960,"height":720,"url":"https:\/\/www.iso21500.de\/wp-content\/uploads\/2021\/10\/Download.jpg","type":"image\/jpeg"}],"twitter_card":"summary_large_image","twitter_misc":{"Gesch\u00e4tzte Lesezeit":"2\u00a0Minuten"},"schema":{"@context":"https:\/\/schema.org","@graph":[{"@type":"WebPage","@id":"https:\/\/www.iso21500.de\/de\/projektmanagement-leitlinie-iso-21502\/","url":"https:\/\/www.iso21500.de\/de\/projektmanagement-leitlinie-iso-21502\/","name":"ISO 21502 - neue englische Version seit 2020","isPartOf":{"@id":"https:\/\/www.iso21500.de\/de\/#website"},"primaryImageOfPage":{"@id":"https:\/\/www.iso21500.de\/de\/projektmanagement-leitlinie-iso-21502\/#primaryimage"},"image":{"@id":"https:\/\/www.iso21500.de\/de\/projektmanagement-leitlinie-iso-21502\/#primaryimage"},"thumbnailUrl":"https:\/\/www.iso21500.de\/wp-content\/uploads\/2021\/10\/Download.jpg","datePublished":"2021-10-07T18:43:56+00:00","dateModified":"2024-12-17T04:30:39+00:00","description":"ISO 21502 wurde als neue englische Version in 2020 vorgestellt. Sie ersetzt die bisherigen Projektmanagement Leitlinien ISO 21500 : 2012.","breadcrumb":{"@id":"https:\/\/www.iso21500.de\/de\/projektmanagement-leitlinie-iso-21502\/#breadcrumb"},"inLanguage":"de","potentialAction":[{"@type":"ReadAction","target":["https:\/\/www.iso21500.de\/de\/projektmanagement-leitlinie-iso-21502\/"]}]},{"@type":"ImageObject","inLanguage":"de","@id":"https:\/\/www.iso21500.de\/de\/projektmanagement-leitlinie-iso-21502\/#primaryimage","url":"https:\/\/www.iso21500.de\/wp-content\/uploads\/2021\/10\/Download.jpg","contentUrl":"https:\/\/www.iso21500.de\/wp-content\/uploads\/2021\/10\/Download.jpg","width":960,"height":720},{"@type":"BreadcrumbList","@id":"https:\/\/www.iso21500.de\/de\/projektmanagement-leitlinie-iso-21502\/#breadcrumb","itemListElement":[{"@type":"ListItem","position":1,"name":"Startseite","item":"https:\/\/www.iso21500.de\/de\/"},{"@type":"ListItem","position":2,"name":"ISO 21502 &#8211; neue englische Version seit 2020"}]},{"@type":"WebSite","@id":"https:\/\/www.iso21500.de\/de\/#website","url":"https:\/\/www.iso21500.de\/de\/","name":"iso21500.de","description":"neu: Projektmanagement nach ISO21502","publisher":{"@id":"https:\/\/www.iso21500.de\/de\/#\/schema\/person\/13c5df3918ff1cab82ab9ca397d3e3a4"},"potentialAction":[{"@type":"SearchAction","target":{"@type":"EntryPoint","urlTemplate":"https:\/\/www.iso21500.de\/de\/?s={search_term_string}"},"query-input":{"@type":"PropertyValueSpecification","valueRequired":true,"valueName":"search_term_string"}}],"inLanguage":"de"},{"@type":["Person","Organization"],"@id":"https:\/\/www.iso21500.de\/de\/#\/schema\/person\/13c5df3918ff1cab82ab9ca397d3e3a4","name":"Dennis Hain","image":{"@type":"ImageObject","inLanguage":"de","@id":"https:\/\/secure.gravatar.com\/avatar\/89898cfc3cb4dc6d7782fcd955179ebd47446145f4b7827e99ec78603be85eda?s=96&d=mm&r=g","url":"https:\/\/secure.gravatar.com\/avatar\/89898cfc3cb4dc6d7782fcd955179ebd47446145f4b7827e99ec78603be85eda?s=96&d=mm&r=g","contentUrl":"https:\/\/secure.gravatar.com\/avatar\/89898cfc3cb4dc6d7782fcd955179ebd47446145f4b7827e99ec78603be85eda?s=96&d=mm&r=g","caption":"Dennis Hain"},"logo":{"@id":"https:\/\/secure.gravatar.com\/avatar\/89898cfc3cb4dc6d7782fcd955179ebd47446145f4b7827e99ec78603be85eda?s=96&d=mm&r=g"},"sameAs":["https:\/\/www.fusepro.de"]}]}},"_links":{"self":[{"href":"https:\/\/www.iso21500.de\/de\/wp-json\/wp\/v2\/pages\/13","targetHints":{"allow":["GET"]}}],"collection":[{"href":"https:\/\/www.iso21500.de\/de\/wp-json\/wp\/v2\/pages"}],"about":[{"href":"https:\/\/www.iso21500.de\/de\/wp-json\/wp\/v2\/types\/page"}],"author":[{"embeddable":true,"href":"https:\/\/www.iso21500.de\/de\/wp-json\/wp\/v2\/users\/4"}],"replies":[{"embeddable":true,"href":"https:\/\/www.iso21500.de\/de\/wp-json\/wp\/v2\/comments?post=13"}],"version-history":[{"count":11,"href":"https:\/\/www.iso21500.de\/de\/wp-json\/wp\/v2\/pages\/13\/revisions"}],"predecessor-version":[{"id":4225,"href":"https:\/\/www.iso21500.de\/de\/wp-json\/wp\/v2\/pages\/13\/revisions\/4225"}],"wp:featuredmedia":[{"embeddable":true,"href":"https:\/\/www.iso21500.de\/de\/wp-json\/wp\/v2\/media\/388"}],"wp:attachment":[{"href":"https:\/\/www.iso21500.de\/de\/wp-json\/wp\/v2\/media?parent=13"}],"curies":[{"name":"wp","href":"https:\/\/api.w.org\/{rel}","templated":true}]}}