{"id":1543,"date":"2023-03-11T17:32:20","date_gmt":"2023-03-11T16:32:20","guid":{"rendered":"https:\/\/www.iso21500.de\/?page_id=1543"},"modified":"2023-07-03T09:53:54","modified_gmt":"2023-07-03T07:53:54","slug":"projekt-management-tools","status":"publish","type":"page","link":"https:\/\/www.iso21500.de\/de\/projekt-management-tools\/","title":{"rendered":"Projekt Management Tools"},"content":{"rendered":"<h2>Projekt Management Tool-\u00dcbersicht<\/h2>\n<div>\n<p><span>ISO21500 ist eine tool\u00fcbergreifende Leitlinie zum Projektmanagement. Mit Softwareprodukten wird das Arbeiten in Projekten unterst\u00fctzt. Die bekanntesten Werkzeuge haben wir in nachfolgender \u00dcbersicht aufgelistet.<\/span><\/p>\n<p>Die Aufz\u00e4hlung f\u00fchrt sowohl Cloud (SaaS)- als auch Desktop-Software aus dem Projektmanagement-Umfeld auf.<\/p>\n<p>SaaS Tools haben den Vorteil, dass Sie und Ihr Team weltweit und von jedem Computer aus auf den jeweils aktuellen Datenstand zugreifen k\u00f6nnen. Auf der anderen Seite haben Desktop-Programme den Vorteil, dass Ihre Projekt-Management-Daten nicht in der Cloud gespeichert sind.<\/p>\n<\/div>\n<p><img decoding=\"async\" src=\"\/wp-content\/uploads\/tool-overview-scaled.jpg\" alt><\/p>\n<h1>PM-Tools im \u00dcberblick<\/h1>\n<div>\n<p><span>Klicken Sie auf ein PM-Tool, um mehr Informationen zu erhalten.<\/span><\/p>\n<\/div>\n<div>\n<\/div>\n<p><!--more--><br>\n<!-- {\"type\":\"layout\",\"children\":[{\"name\":\"HeroUnterseite\",\"type\":\"section\",\"props\":{\"animation\":\"slide-bottom-medium\",\"animation_delay\":\"100\",\"header_transparent\":\"light\",\"header_transparent_noplaceholder\":true,\"image\":\"wp-content\\\/uploads\\\/photo-1494548162494-384bba4ab999-scaled.jpg\",\"image_effect\":\"parallax\",\"image_parallax_bgy\":\"170,0\",\"image_position\":\"center-center\",\"image_size\":\"cover\",\"media_overlay\":\"rgba(2, 106, 192, 0.33)\",\"overlap\":false,\"padding\":\"xlarge\",\"padding_remove_bottom\":false,\"style\":\"default\",\"title_breakpoint\":\"xl\",\"title_position\":\"top-left\",\"title_rotation\":\"left\",\"vertical_align\":\"middle\",\"width\":\"default\"},\"children\":[{\"type\":\"row\",\"props\":{\"margin\":\"medium\",\"margin_remove_bottom\":true,\"margin_remove_top\":false,\"vertical_align\":false},\"children\":[{\"type\":\"column\",\"props\":{\"image_height\":\"220\",\"image_parallax_bgy\":\"230,0\",\"image_position\":\"bottom-right\",\"image_width\":\"220\",\"position_sticky_breakpoint\":\"m\",\"text_color\":\"light\",\"width_medium\":\"1-1\"},\"children\":[{\"type\":\"headline\",\"props\":{\"title_element\":\"h1\",\"title_style\":\"heading-small\"},\"source\":{\"query\":{\"name\":\"pages.singlePage\"},\"props\":{\"content\":{\"filters\":{\"search\":\"\"},\"name\":\"title\"}}}}]}]}]},{\"name\":\"Gallery\",\"type\":\"section\",\"props\":{\"animation\":\"slide-bottom-medium\",\"animation_delay\":\"200\",\"id\":\"plugins\",\"image_position\":\"top-center\",\"padding\":\"large\",\"padding_remove_bottom\":false,\"padding_remove_top\":false,\"style\":\"default\",\"title_breakpoint\":\"xl\",\"title_position\":\"top-left\",\"title_rotation\":\"left\",\"vertical_align\":\"middle\",\"width\":\"default\"},\"children\":[{\"type\":\"row\",\"props\":{\"margin\":\"default\",\"margin_remove_top\":false},\"children\":[{\"type\":\"column\",\"props\":{\"image_position\":\"center-center\",\"position_sticky_breakpoint\":\"m\"},\"children\":[{\"type\":\"breadcrumbs\",\"props\":{\"show_current\":true,\"show_home\":true}},{\"type\":\"headline\",\"props\":{\"content\":\"Projekt Management Tool-\\u00dcbersicht\",\"margin\":\"default\",\"margin_remove_top\":false,\"title_element\":\"h2\",\"title_style\":\"h1\"}}]}]},{\"type\":\"row\",\"props\":{\"layout\":\"1-2,1-2\"},\"children\":[{\"type\":\"column\",\"props\":{\"image_position\":\"center-center\",\"position_sticky_breakpoint\":\"m\",\"width_medium\":\"1-2\"},\"children\":[{\"type\":\"text\",\"props\":{\"column_breakpoint\":\"m\",\"content\":\"\n\n<p><span>ISO21500 ist eine tool\\u00fcbergreifende Leitlinie zum Projektmanagement. Mit Softwareprodukten wird das Arbeiten in Projekten unterst\\u00fctzt. Die bekanntesten Werkzeuge haben wir in nachfolgender \\u00dcbersicht aufgelistet.<\\\/span><\\\/p>\\n\n\n<p>Die Aufz\\u00e4hlung f\\u00fchrt sowohl Cloud (SaaS)- als auch Desktop-Software aus dem Projektmanagement-Umfeld auf.<\\\/p>\\n\n\n<p>SaaS Tools haben den Vorteil, dass Sie und Ihr Team weltweit und von jedem Computer aus auf den jeweils aktuellen Datenstand zugreifen k\\u00f6nnen. Auf der anderen Seite haben Desktop-Programme den Vorteil, dass Ihre Projekt-Management-Daten nicht in der Cloud gespeichert sind.<\\\/p>\",\"margin\":\"default\"}}]},{\"type\":\"column\",\"props\":{\"image_position\":\"center-center\",\"position_sticky_breakpoint\":\"m\",\"width_medium\":\"1-2\"},\"children\":[{\"type\":\"image\",\"props\":{\"css\":\"img{border-radius:25px;}\",\"image\":\"wp-content\\\/uploads\\\/tool-overview-scaled.jpg\",\"image_svg_color\":\"emphasis\",\"margin\":\"default\"}}]}]}]},{\"type\":\"section\",\"props\":{\"image_position\":\"center-center\",\"style\":\"primary\",\"title_breakpoint\":\"xl\",\"title_position\":\"top-left\",\"title_rotation\":\"left\",\"vertical_align\":\"middle\",\"width\":\"default\"},\"children\":[{\"type\":\"row\",\"children\":[{\"type\":\"column\",\"props\":{\"image_position\":\"center-center\",\"position_sticky_breakpoint\":\"m\"},\"children\":[{\"type\":\"headline\",\"props\":{\"content\":\"PM-Tools im \\u00dcberblick\",\"title_element\":\"h1\"}},{\"type\":\"text\",\"props\":{\"column_breakpoint\":\"m\",\"content\":\"\n\n<p><span>Klicken Sie auf ein PM-Tool, um mehr Informationen zu erhalten.<\\\/span><\\\/p>\",\"margin\":\"default\"}}]}]}]},{\"type\":\"section\",\"props\":{\"image_position\":\"center-center\",\"style\":\"default\",\"title_breakpoint\":\"xl\",\"title_position\":\"top-left\",\"title_rotation\":\"left\",\"vertical_align\":\"middle\",\"width\":\"default\"},\"children\":[{\"type\":\"row\",\"children\":[{\"type\":\"column\",\"props\":{\"image_position\":\"center-center\",\"position_sticky_breakpoint\":\"m\"},\"children\":[{\"type\":\"grid\",\"props\":{\"content_column_breakpoint\":\"m\",\"css\":\".el-item > * {\\nbackground-color: white}\",\"filter_align\":\"left\",\"filter_all\":true,\"filter_grid_breakpoint\":\"m\",\"filter_grid_width\":\"auto\",\"filter_position\":\"top\",\"filter_style\":\"tab\",\"grid_default\":\"1\",\"grid_medium\":\"3\",\"grid_small\":\"2\",\"icon_width\":80,\"image_align\":\"top\",\"image_grid_breakpoint\":\"m\",\"image_grid_width\":\"1-2\",\"image_svg_color\":\"emphasis\",\"image_width\":\"600\",\"item_animation\":true,\"link_size\":\"small\",\"link_style\":\"default\",\"link_text\":\"\",\"margin\":\"default\",\"meta_align\":\"below-title\",\"meta_element\":\"div\",\"meta_margin\":\"small\",\"meta_style\":\"text-meta\",\"panel_image_no_padding\":true,\"panel_link\":true,\"panel_padding\":\"default\",\"panel_style\":\"card-default\",\"parallax_easing\":\"1\",\"show_content\":true,\"show_image\":true,\"show_link\":true,\"show_meta\":true,\"show_title\":true,\"text_align\":\"left\",\"title_align\":\"top\",\"title_element\":\"h3\",\"title_grid_breakpoint\":\"m\",\"title_grid_width\":\"1-2\",\"title_hover_style\":\"reset\",\"title_style\":\"h4\"},\"children\":[{\"type\":\"grid_item\",\"source\":{\"query\":{\"name\":\"tools.customTools\",\"arguments\":{\"terms\":[],\"category_operator\":\"IN\",\"users\":[],\"users_operator\":\"IN\",\"offset\":0,\"limit\":1500,\"order\":\"field:tool_name\",\"order_direction\":\"ASC\"}},\"props\":{\"title\":{\"filters\":{\"search\":\"\"},\"name\":\"field.tool_name\"},\"meta\":{\"filters\":{\"search\":\"\"},\"name\":\"field.tool_headline\"},\"image\":{\"filters\":{\"search\":\"\"},\"name\":\"field.tool_logo.url\"},\"image_alt\":{\"filters\":{\"search\":\"\"},\"name\":\"field.tool_logo.alt\"},\"link\":{\"filters\":{\"search\":\"\"},\"name\":\"link\"},\"link_text\":{\"filters\":{\"search\":\"\",\"before\":\"Mehr \\u00fcber \",\"after\":\" erfahren\"},\"name\":\"field.tool_name\"}}}}]}]}]}]}],\"version\":\"4.0.5\",\"yooessentialsVersion\":\"2.0.7\"} --><\/p>\n","protected":false},"excerpt":{"rendered":"<p>Projekt Management Tool-\u00dcbersicht ISO21500 ist eine tool\u00fcbergreifende Leitlinie zum Projektmanagement. Mit Softwareprodukten wird das Arbeiten in Projekten unterst\u00fctzt. Die bekanntesten Werkzeuge haben wir in nachfolgender \u00dcbersicht aufgelistet. Die Aufz\u00e4hlung f\u00fchrt sowohl Cloud (SaaS)- als auch Desktop-Software aus dem Projektmanagement-Umfeld auf. SaaS Tools haben den Vorteil, dass Sie und Ihr Team weltweit und von jedem Computer&nbsp;[\u2026]<\/p>\n","protected":false},"author":1,"featured_media":0,"parent":0,"menu_order":0,"comment_status":"closed","ping_status":"closed","template":"","meta":{"_acf_changed":false,"wp_typography_post_enhancements_disabled":false,"footnotes":""},"class_list":["post-1543","page","type-page","status-publish","hentry"],"acf":[],"yoast_head":"<!-- This site is optimized with the Yoast SEO plugin v27.2 - https:\/\/yoast.com\/product\/yoast-seo-wordpress\/ -->\n<title>Projekt Management Tools - Projektmanagement nach ISO21500<\/title>\n<meta name=\"robots\" content=\"index, follow, max-snippet:-1, max-image-preview:large, max-video-preview:-1\" \/>\n<link rel=\"canonical\" href=\"https:\/\/www.iso21500.de\/de\/projekt-management-tools\/\" \/>\n<meta property=\"og:locale\" content=\"de_DE\" \/>\n<meta property=\"og:type\" content=\"article\" \/>\n<meta property=\"og:title\" content=\"Projekt Management Tools - Projektmanagement nach ISO21500\" \/>\n<meta property=\"og:description\" content=\"Projekt Management Tool-\u00dcbersicht ISO21500 ist eine tool\u00fcbergreifende Leitlinie zum Projektmanagement. Mit Softwareprodukten wird das Arbeiten in Projekten unterst\u00fctzt. Die bekanntesten Werkzeuge haben wir in nachfolgender \u00dcbersicht aufgelistet. Die Aufz\u00e4hlung f\u00fchrt sowohl Cloud (SaaS)- als auch Desktop-Software aus dem Projektmanagement-Umfeld auf. SaaS Tools haben den Vorteil, dass Sie und Ihr Team weltweit und von jedem Computer [&hellip;]\" \/>\n<meta property=\"og:url\" content=\"https:\/\/www.iso21500.de\/de\/projekt-management-tools\/\" \/>\n<meta property=\"og:site_name\" content=\"Projektmanagement nach ISO21500\" \/>\n<meta property=\"article:modified_time\" content=\"2023-07-03T07:53:54+00:00\" \/>\n<meta name=\"twitter:card\" content=\"summary_large_image\" \/>\n<meta name=\"twitter:label1\" content=\"Gesch\u00e4tzte Lesezeit\" \/>\n\t<meta name=\"twitter:data1\" content=\"2\u00a0Minuten\" \/>\n<script type=\"application\/ld+json\" class=\"yoast-schema-graph\">{\"@context\":\"https:\/\/schema.org\",\"@graph\":[{\"@type\":\"WebPage\",\"@id\":\"https:\/\/www.iso21500.de\/de\/projekt-management-tools\/\",\"url\":\"https:\/\/www.iso21500.de\/de\/projekt-management-tools\/\",\"name\":\"Projekt Management Tools - Projektmanagement nach ISO21500\",\"isPartOf\":{\"@id\":\"https:\/\/www.iso21500.de\/de\/#website\"},\"datePublished\":\"2023-03-11T16:32:20+00:00\",\"dateModified\":\"2023-07-03T07:53:54+00:00\",\"breadcrumb\":{\"@id\":\"https:\/\/www.iso21500.de\/de\/projekt-management-tools\/#breadcrumb\"},\"inLanguage\":\"de\",\"potentialAction\":[{\"@type\":\"ReadAction\",\"target\":[\"https:\/\/www.iso21500.de\/de\/projekt-management-tools\/\"]}]},{\"@type\":\"BreadcrumbList\",\"@id\":\"https:\/\/www.iso21500.de\/de\/projekt-management-tools\/#breadcrumb\",\"itemListElement\":[{\"@type\":\"ListItem\",\"position\":1,\"name\":\"Startseite\",\"item\":\"https:\/\/www.iso21500.de\/de\/\"},{\"@type\":\"ListItem\",\"position\":2,\"name\":\"Projekt Management Tools\"}]},{\"@type\":\"WebSite\",\"@id\":\"https:\/\/www.iso21500.de\/de\/#website\",\"url\":\"https:\/\/www.iso21500.de\/de\/\",\"name\":\"iso21500.de\",\"description\":\"neu: Projektmanagement nach ISO21502\",\"publisher\":{\"@id\":\"https:\/\/www.iso21500.de\/de\/#\/schema\/person\/13c5df3918ff1cab82ab9ca397d3e3a4\"},\"potentialAction\":[{\"@type\":\"SearchAction\",\"target\":{\"@type\":\"EntryPoint\",\"urlTemplate\":\"https:\/\/www.iso21500.de\/de\/?s={search_term_string}\"},\"query-input\":{\"@type\":\"PropertyValueSpecification\",\"valueRequired\":true,\"valueName\":\"search_term_string\"}}],\"inLanguage\":\"de\"},{\"@type\":[\"Person\",\"Organization\"],\"@id\":\"https:\/\/www.iso21500.de\/de\/#\/schema\/person\/13c5df3918ff1cab82ab9ca397d3e3a4\",\"name\":\"Dennis Hain\",\"image\":{\"@type\":\"ImageObject\",\"inLanguage\":\"de\",\"@id\":\"https:\/\/secure.gravatar.com\/avatar\/89898cfc3cb4dc6d7782fcd955179ebd47446145f4b7827e99ec78603be85eda?s=96&d=mm&r=g\",\"url\":\"https:\/\/secure.gravatar.com\/avatar\/89898cfc3cb4dc6d7782fcd955179ebd47446145f4b7827e99ec78603be85eda?s=96&d=mm&r=g\",\"contentUrl\":\"https:\/\/secure.gravatar.com\/avatar\/89898cfc3cb4dc6d7782fcd955179ebd47446145f4b7827e99ec78603be85eda?s=96&d=mm&r=g\",\"caption\":\"Dennis Hain\"},\"logo\":{\"@id\":\"https:\/\/secure.gravatar.com\/avatar\/89898cfc3cb4dc6d7782fcd955179ebd47446145f4b7827e99ec78603be85eda?s=96&d=mm&r=g\"},\"sameAs\":[\"https:\/\/www.fusepro.de\"]}]}<\/script>\n<!-- \/ Yoast SEO plugin. -->","yoast_head_json":{"title":"Projekt Management Tools - Projektmanagement nach ISO21500","robots":{"index":"index","follow":"follow","max-snippet":"max-snippet:-1","max-image-preview":"max-image-preview:large","max-video-preview":"max-video-preview:-1"},"canonical":"https:\/\/www.iso21500.de\/de\/projekt-management-tools\/","og_locale":"de_DE","og_type":"article","og_title":"Projekt Management Tools - Projektmanagement nach ISO21500","og_description":"Projekt Management Tool-\u00dcbersicht ISO21500 ist eine tool\u00fcbergreifende Leitlinie zum Projektmanagement. Mit Softwareprodukten wird das Arbeiten in Projekten unterst\u00fctzt. Die bekanntesten Werkzeuge haben wir in nachfolgender \u00dcbersicht aufgelistet. Die Aufz\u00e4hlung f\u00fchrt sowohl Cloud (SaaS)- als auch Desktop-Software aus dem Projektmanagement-Umfeld auf. SaaS Tools haben den Vorteil, dass Sie und Ihr Team weltweit und von jedem Computer [&hellip;]","og_url":"https:\/\/www.iso21500.de\/de\/projekt-management-tools\/","og_site_name":"Projektmanagement nach ISO21500","article_modified_time":"2023-07-03T07:53:54+00:00","twitter_card":"summary_large_image","twitter_misc":{"Gesch\u00e4tzte Lesezeit":"2\u00a0Minuten"},"schema":{"@context":"https:\/\/schema.org","@graph":[{"@type":"WebPage","@id":"https:\/\/www.iso21500.de\/de\/projekt-management-tools\/","url":"https:\/\/www.iso21500.de\/de\/projekt-management-tools\/","name":"Projekt Management Tools - Projektmanagement nach ISO21500","isPartOf":{"@id":"https:\/\/www.iso21500.de\/de\/#website"},"datePublished":"2023-03-11T16:32:20+00:00","dateModified":"2023-07-03T07:53:54+00:00","breadcrumb":{"@id":"https:\/\/www.iso21500.de\/de\/projekt-management-tools\/#breadcrumb"},"inLanguage":"de","potentialAction":[{"@type":"ReadAction","target":["https:\/\/www.iso21500.de\/de\/projekt-management-tools\/"]}]},{"@type":"BreadcrumbList","@id":"https:\/\/www.iso21500.de\/de\/projekt-management-tools\/#breadcrumb","itemListElement":[{"@type":"ListItem","position":1,"name":"Startseite","item":"https:\/\/www.iso21500.de\/de\/"},{"@type":"ListItem","position":2,"name":"Projekt Management Tools"}]},{"@type":"WebSite","@id":"https:\/\/www.iso21500.de\/de\/#website","url":"https:\/\/www.iso21500.de\/de\/","name":"iso21500.de","description":"neu: Projektmanagement nach ISO21502","publisher":{"@id":"https:\/\/www.iso21500.de\/de\/#\/schema\/person\/13c5df3918ff1cab82ab9ca397d3e3a4"},"potentialAction":[{"@type":"SearchAction","target":{"@type":"EntryPoint","urlTemplate":"https:\/\/www.iso21500.de\/de\/?s={search_term_string}"},"query-input":{"@type":"PropertyValueSpecification","valueRequired":true,"valueName":"search_term_string"}}],"inLanguage":"de"},{"@type":["Person","Organization"],"@id":"https:\/\/www.iso21500.de\/de\/#\/schema\/person\/13c5df3918ff1cab82ab9ca397d3e3a4","name":"Dennis Hain","image":{"@type":"ImageObject","inLanguage":"de","@id":"https:\/\/secure.gravatar.com\/avatar\/89898cfc3cb4dc6d7782fcd955179ebd47446145f4b7827e99ec78603be85eda?s=96&d=mm&r=g","url":"https:\/\/secure.gravatar.com\/avatar\/89898cfc3cb4dc6d7782fcd955179ebd47446145f4b7827e99ec78603be85eda?s=96&d=mm&r=g","contentUrl":"https:\/\/secure.gravatar.com\/avatar\/89898cfc3cb4dc6d7782fcd955179ebd47446145f4b7827e99ec78603be85eda?s=96&d=mm&r=g","caption":"Dennis Hain"},"logo":{"@id":"https:\/\/secure.gravatar.com\/avatar\/89898cfc3cb4dc6d7782fcd955179ebd47446145f4b7827e99ec78603be85eda?s=96&d=mm&r=g"},"sameAs":["https:\/\/www.fusepro.de"]}]}},"_links":{"self":[{"href":"https:\/\/www.iso21500.de\/de\/wp-json\/wp\/v2\/pages\/1543","targetHints":{"allow":["GET"]}}],"collection":[{"href":"https:\/\/www.iso21500.de\/de\/wp-json\/wp\/v2\/pages"}],"about":[{"href":"https:\/\/www.iso21500.de\/de\/wp-json\/wp\/v2\/types\/page"}],"author":[{"embeddable":true,"href":"https:\/\/www.iso21500.de\/de\/wp-json\/wp\/v2\/users\/1"}],"replies":[{"embeddable":true,"href":"https:\/\/www.iso21500.de\/de\/wp-json\/wp\/v2\/comments?post=1543"}],"version-history":[{"count":11,"href":"https:\/\/www.iso21500.de\/de\/wp-json\/wp\/v2\/pages\/1543\/revisions"}],"predecessor-version":[{"id":3182,"href":"https:\/\/www.iso21500.de\/de\/wp-json\/wp\/v2\/pages\/1543\/revisions\/3182"}],"wp:attachment":[{"href":"https:\/\/www.iso21500.de\/de\/wp-json\/wp\/v2\/media?parent=1543"}],"curies":[{"name":"wp","href":"https:\/\/api.w.org\/{rel}","templated":true}]}}