{"id":1691,"date":"2023-05-05T12:01:57","date_gmt":"2023-05-05T10:01:57","guid":{"rendered":"https:\/\/www.iso21500.de\/?page_id=1691"},"modified":"2023-05-05T12:01:57","modified_gmt":"2023-05-05T10:01:57","slug":"norbert-daehne","status":"publish","type":"page","link":"https:\/\/www.iso21500.de\/de\/trainer-aus-der-praxis\/norbert-daehne\/","title":{"rendered":"Norbert D\u00e4hne"},"content":{"rendered":"\n<div class=\"wp-block-columns is-layout-flex wp-container-core-columns-is-layout-9d6595d7 wp-block-columns-is-layout-flex\">\n<div class=\"wp-block-column is-layout-flow wp-block-column-is-layout-flow\" style=\"flex-basis:66.66%\">\n<p>Projekt Manager, Berater, Coach und Trainer<\/p>\n\n\n\n<p>35 Jahre Berufserfahrung u.a. bei CSC Pl\u00f6nzke und Lufthansa<\/p>\n\n\n\n<p>Project Management Professional (PMI) u. IT Servicemanager (ITIL)<\/p>\n\n\n\n<p>Dipl. Math, Unternehmer, Mentor bei Startups, Buchautor, Weltreisender&nbsp;<\/p>\n\n\n\n<p>Gesch\u00e4ftsf\u00fchrer TRAVISION GmbH, Partner der Project Inline GmbH<\/p>\n<\/div>\n\n\n\n<div class=\"wp-block-column is-layout-flow wp-block-column-is-layout-flow\" style=\"flex-basis:33.33%\">\n<figure class=\"wp-block-image size-full\"><img loading=\"lazy\" decoding=\"async\" width=\"124\" height=\"116\" src=\"https:\/\/www.iso21500.de\/wp-content\/uploads\/2021\/10\/norbert.jpg\" alt class=\"wp-image-283\"><\/figure>\n<\/div>\n<\/div>\n\n\n\n<h2 class=\"wp-block-heading\">Referenzen und Projektbeispiele<\/h2>\n\n\n\n<ul class=\"wp-block-list\">\n<li>Entwicklung Reisereservierungssystem f\u00fcr Neckermann Reisen<\/li>\n\n\n\n<li>Selbstfinanzierte PC Software Entwicklung und Vermarktung<\/li>\n\n\n\n<li>Programm- und Projektportfolio-Management u.a. bei CSC Ploenzke und LH Systems Infratec<\/li>\n\n\n\n<li>Organisationsentwicklung mit den Schwerpunkten Produkt, Prozesse und Qualit\u00e4t (LH Systems)<\/li>\n\n\n\n<li>Projektverantwortungen bei Deutsche Bahn, Deutsche Lufthansa, Kombiwaggon, Post<\/li>\n\n\n\n<li>Projektleitung f\u00fcr deutschlandweites Fahrplan-Auskunftssystem<\/li>\n<\/ul>\n\n\n\n<h2 class=\"wp-block-heading\">Trainingsangebot f\u00fcr Projektmanagement Seminare<\/h2>\n\n\n\n<p>Ich, Norbert D\u00e4hne, biete Seminare zum Projektmanagement<br>f\u00fcr alle Zielgruppen und Branchen nach den Weltstandards PMI<br>und ISO21500. Die Seminare werden auf die W\u00fcnsche der<br>Auftraggeber zugeschnitten, sind praxisorientiert und haben<br>Beigeisterungsqualit\u00e4t als Anspruch.<\/p>\n\n\n\n<ul class=\"wp-block-list\">\n<li>Projektarbeit f\u00fcr Jedermann<\/li>\n\n\n\n<li>Projektmanagement<\/li>\n\n\n\n<li>Projekt Portfolio Mangement<\/li>\n<\/ul>\n\n\n\n<h2 class=\"wp-block-heading\">Wunsch und Wirklichkeit bei Trainer Profilen<\/h2>\n\n\n\n<p>Auftraggeber und Teilnehmer w\u00fcnschen sich:<\/p>\n\n\n\n<ul class=\"wp-block-list\">\n<li>projekterfahrene motivierende Trainer mit hoher fachlicher und sozialer Kompetenz<\/li>\n\n\n\n<li>Wissensvermittlung von weltweit anerkannten Standards und besten Praktiken<\/li>\n\n\n\n<li>Verbreitung und Verkn\u00fcpfung vonTheorie mit Unternehmensverfahren<\/li>\n\n\n\n<li>Ein\u00fcbung an Unternehmensbeispielen f\u00fcr direkte \u00dcberf\u00fchrung in betriebliche Praxis<\/li>\n\n\n\n<li>Beitrag zum Kultur Shift hin zu agilem und projektorientiertem Verhalten<\/li>\n\n\n\n<li>bestes Preis-\/Leistungs Verh\u00e4ltnis<\/li>\n<\/ul>\n\n\n\n<p>Nur im Kopf junge und in Praxis gereifte Pers\u00f6nlichkeiten k\u00f6nnen dies bieten. Geben Sie sich nicht mit dem Angebot eines Seminaranbieters zu frieden, bei dem die Trainer nicht h\u00f6chsten Anspr\u00fcchen gen\u00fcgen! Bringen Sie frische Ideen in Ihre Weiterbildung!&nbsp;<\/p>\n\n\n\n<p>Engagieren Sie einen Profi mit Menschen\u2011, Branchen- und Unternehmenserfahrungen<\/p>\n\n\n\n<h2 class=\"wp-block-heading\">Projektarbeit und Projektmanagement<\/h2>\n\n\n\n<ul class=\"wp-block-list\">\n<li>Mitarbeit in IT-Entwicklungsprojekten in allen Projektphasen<\/li>\n\n\n\n<li>Entwicklung von Software, die auf dem Markt erfolgreich vertrieben wurde<\/li>\n\n\n\n<li>Entwicklung von Produkten mit eigenem Kapital<\/li>\n\n\n\n<li>Leitung von Projekten zu verschiedensten Themen in verschiedenen Branchen<\/li>\n\n\n\n<li>Leitung von politischen Projekten u.a. f\u00fcr das Verkehrsministerium<\/li>\n\n\n\n<li>Leitung von Projekten im dreistelligen Millionenbereich<\/li>\n\n\n\n<li>Initiierung von Projekten in gro\u00dfen und kleinen Unternehmen<\/li>\n\n\n\n<li>Verantwortung von Projekt Portfolios mit mehr als 20 Projekten und Programmen<\/li>\n<\/ul>\n\n\n\n<h2 class=\"wp-block-heading\">Personalf\u00fchrung<\/h2>\n\n\n\n<ul class=\"wp-block-list\">\n<li>Einstellung von ca 100 Mitarbeitern f\u00fcr CSC Ploenzke<\/li>\n\n\n\n<li>Personalfluktuation in den eigenen Bereichen stets kleiner 5&nbsp;%<\/li>\n\n\n\n<li>F\u00fchrung von Managern, hochqualifizierten Beratern und Trainees<\/li>\n\n\n\n<li>Planung und Durchf\u00fchrung von Personalentwicklungskonzepten<\/li>\n\n\n\n<li>Initiierung und Gestaltung des Programmes \u201eFit f\u00fcr die Zukunft\u201c<\/li>\n\n\n\n<li>F\u00f6rderung der Unternehmenskultur durch spezielle Programme<\/li>\n<\/ul>\n\n\n\n<h2 class=\"wp-block-heading\">Trainer-Referenzen<\/h2>\n\n\n\n<ul class=\"wp-block-list\">\n<li>Seminar Leitung mit exzellenten Bewertungen (seit ca 5 Jahren als Schwerpunkt)<\/li>\n\n\n\n<li>Inhouse Seminare f\u00fcr Konzerne wie R+V, Lufthansa, Telekom, etc<\/li>\n\n\n\n<li>Offene Seminare in Partnerschaft mit project inline GmbH<\/li>\n\n\n\n<li>Seminare f\u00fcr Schulungsanbieter, Management Circle, B\u00fcrgerkolleg und&nbsp;VHS<\/li>\n\n\n\n<li>Personalentwicklungsprogramme und Seminarkonzeptionen<\/li>\n\n\n\n<li>Gestaltung von Zertifizierungslehrg\u00e4ngen mit der&nbsp;IHK<\/li>\n<\/ul>\n\n\n\n<h2 class=\"wp-block-heading\">Unternehmer, Manager und Initiator<\/h2>\n\n\n\n<ul class=\"wp-block-list\">\n<li>Manager bei LUFTHANSA, PL\u00d6NZKE AG, NECKERMANN<\/li>\n\n\n\n<li>Prokurist bei CSC PLOENZKE Unternehmensberatung<\/li>\n\n\n\n<li>Unternehmensgr\u00fcndungen und Leitung<\/li>\n\n\n\n<li>Bandleader (zur Jugendzeit)<\/li>\n\n\n\n<li>Fremdenf\u00fchrer auf Marksburg (UNESCO Kulturerbe Mittelrhein als Student)<\/li>\n\n\n\n<li>Gewinner Innovationspreis ITB Berlin 2005 mit Vorfreude Service Konzept<\/li>\n\n\n\n<li>Aufsichtsrat bei Teach Concepts (eLearning Company)<\/li>\n\n\n\n<li>Beteiligung an Social Media Communities new-in-town und travel-my-way<\/li>\n\n\n\n<li>Mentor f\u00fcr Unternehmensgr\u00fcnder und Auszubildende im Forum Kiedrich<\/li>\n<\/ul>\n\n\n\n<h2 class=\"wp-block-heading\">Buch-Autor<\/h2>\n\n\n\n<ul class=\"wp-block-list\">\n<li>Die pers\u00f6nliche Informationsverarbeitung (Gabler Verlag)<\/li>\n\n\n\n<li>Travel-your-Life \u2014 Dein Wegweiser f\u00fcr das Reiseleben (Nelles Verlag)<\/li>\n<\/ul>\n","protected":false},"excerpt":{"rendered":"<p>Projekt Manager, Berater, Coach und Trainer 35 Jahre Berufserfahrung u.a. bei CSC Pl\u00f6nzke und Lufthansa Project Management Professional (PMI) u. IT Servicemanager (ITIL) Dipl. Math, Unternehmer, Mentor bei Startups, Buchautor, Weltreisender&nbsp; Gesch\u00e4ftsf\u00fchrer TRAVISION GmbH, Partner der Project Inline GmbH Referenzen und Projektbeispiele Trainingsangebot f\u00fcr Projektmanagement Seminare Ich, Norbert D\u00e4hne, biete Seminare zum Projektmanagementf\u00fcr alle Zielgruppen&nbsp;[\u2026]<\/p>\n","protected":false},"author":1,"featured_media":0,"parent":29,"menu_order":0,"comment_status":"closed","ping_status":"closed","template":"","meta":{"_acf_changed":false,"wp_typography_post_enhancements_disabled":false,"footnotes":""},"class_list":["post-1691","page","type-page","status-publish","hentry"],"acf":[],"yoast_head":"<!-- This site is optimized with the Yoast SEO plugin v27.2 - https:\/\/yoast.com\/product\/yoast-seo-wordpress\/ -->\n<title>Norbert D\u00e4hne - Projektmanagement nach ISO21500<\/title>\n<meta name=\"robots\" content=\"index, follow, max-snippet:-1, max-image-preview:large, max-video-preview:-1\" \/>\n<link rel=\"canonical\" href=\"https:\/\/www.iso21500.de\/de\/trainer-aus-der-praxis\/norbert-daehne\/\" \/>\n<meta property=\"og:locale\" content=\"de_DE\" \/>\n<meta property=\"og:type\" content=\"article\" \/>\n<meta property=\"og:title\" content=\"Norbert D\u00e4hne - Projektmanagement nach ISO21500\" \/>\n<meta property=\"og:description\" content=\"Projekt Manager, Berater, Coach und Trainer 35 Jahre Berufserfahrung u.a. bei CSC Pl\u00f6nzke und Lufthansa Project Management Professional (PMI) u. IT Servicemanager (ITIL) Dipl. Math, Unternehmer, Mentor bei Startups, Buchautor, Weltreisender&nbsp; Gesch\u00e4ftsf\u00fchrer TRAVISION GmbH, Partner der Project Inline GmbH Referenzen und Projektbeispiele Trainingsangebot f\u00fcr Projektmanagement Seminare Ich, Norbert D\u00e4hne, biete Seminare zum Projektmanagementf\u00fcr alle Zielgruppen [&hellip;]\" \/>\n<meta property=\"og:url\" content=\"https:\/\/www.iso21500.de\/de\/trainer-aus-der-praxis\/norbert-daehne\/\" \/>\n<meta property=\"og:site_name\" content=\"Projektmanagement nach ISO21500\" \/>\n<meta property=\"og:image\" content=\"https:\/\/www.iso21500.de\/wp-content\/uploads\/2021\/10\/norbert.jpg\" \/>\n<meta name=\"twitter:card\" content=\"summary_large_image\" \/>\n<meta name=\"twitter:label1\" content=\"Gesch\u00e4tzte Lesezeit\" \/>\n\t<meta name=\"twitter:data1\" content=\"3\u00a0Minuten\" \/>\n<script type=\"application\/ld+json\" class=\"yoast-schema-graph\">{\"@context\":\"https:\/\/schema.org\",\"@graph\":[{\"@type\":\"WebPage\",\"@id\":\"https:\/\/www.iso21500.de\/de\/trainer-aus-der-praxis\/norbert-daehne\/\",\"url\":\"https:\/\/www.iso21500.de\/de\/trainer-aus-der-praxis\/norbert-daehne\/\",\"name\":\"Norbert D\u00e4hne - Projektmanagement nach ISO21500\",\"isPartOf\":{\"@id\":\"https:\/\/www.iso21500.de\/de\/#website\"},\"primaryImageOfPage\":{\"@id\":\"https:\/\/www.iso21500.de\/de\/trainer-aus-der-praxis\/norbert-daehne\/#primaryimage\"},\"image\":{\"@id\":\"https:\/\/www.iso21500.de\/de\/trainer-aus-der-praxis\/norbert-daehne\/#primaryimage\"},\"thumbnailUrl\":\"https:\/\/www.iso21500.de\/wp-content\/uploads\/2021\/10\/norbert.jpg\",\"datePublished\":\"2023-05-05T10:01:57+00:00\",\"breadcrumb\":{\"@id\":\"https:\/\/www.iso21500.de\/de\/trainer-aus-der-praxis\/norbert-daehne\/#breadcrumb\"},\"inLanguage\":\"de\",\"potentialAction\":[{\"@type\":\"ReadAction\",\"target\":[\"https:\/\/www.iso21500.de\/de\/trainer-aus-der-praxis\/norbert-daehne\/\"]}]},{\"@type\":\"ImageObject\",\"inLanguage\":\"de\",\"@id\":\"https:\/\/www.iso21500.de\/de\/trainer-aus-der-praxis\/norbert-daehne\/#primaryimage\",\"url\":\"https:\/\/www.iso21500.de\/wp-content\/uploads\/2021\/10\/norbert.jpg\",\"contentUrl\":\"https:\/\/www.iso21500.de\/wp-content\/uploads\/2021\/10\/norbert.jpg\"},{\"@type\":\"BreadcrumbList\",\"@id\":\"https:\/\/www.iso21500.de\/de\/trainer-aus-der-praxis\/norbert-daehne\/#breadcrumb\",\"itemListElement\":[{\"@type\":\"ListItem\",\"position\":1,\"name\":\"Startseite\",\"item\":\"https:\/\/www.iso21500.de\/de\/\"},{\"@type\":\"ListItem\",\"position\":2,\"name\":\"Trainer aus der Praxis\",\"item\":\"https:\/\/www.iso21500.de\/de\/trainer-aus-der-praxis\/\"},{\"@type\":\"ListItem\",\"position\":3,\"name\":\"Norbert D\u00e4hne\"}]},{\"@type\":\"WebSite\",\"@id\":\"https:\/\/www.iso21500.de\/de\/#website\",\"url\":\"https:\/\/www.iso21500.de\/de\/\",\"name\":\"iso21500.de\",\"description\":\"neu: Projektmanagement nach ISO21502\",\"publisher\":{\"@id\":\"https:\/\/www.iso21500.de\/de\/#\/schema\/person\/13c5df3918ff1cab82ab9ca397d3e3a4\"},\"potentialAction\":[{\"@type\":\"SearchAction\",\"target\":{\"@type\":\"EntryPoint\",\"urlTemplate\":\"https:\/\/www.iso21500.de\/de\/?s={search_term_string}\"},\"query-input\":{\"@type\":\"PropertyValueSpecification\",\"valueRequired\":true,\"valueName\":\"search_term_string\"}}],\"inLanguage\":\"de\"},{\"@type\":[\"Person\",\"Organization\"],\"@id\":\"https:\/\/www.iso21500.de\/de\/#\/schema\/person\/13c5df3918ff1cab82ab9ca397d3e3a4\",\"name\":\"Dennis Hain\",\"image\":{\"@type\":\"ImageObject\",\"inLanguage\":\"de\",\"@id\":\"https:\/\/secure.gravatar.com\/avatar\/89898cfc3cb4dc6d7782fcd955179ebd47446145f4b7827e99ec78603be85eda?s=96&d=mm&r=g\",\"url\":\"https:\/\/secure.gravatar.com\/avatar\/89898cfc3cb4dc6d7782fcd955179ebd47446145f4b7827e99ec78603be85eda?s=96&d=mm&r=g\",\"contentUrl\":\"https:\/\/secure.gravatar.com\/avatar\/89898cfc3cb4dc6d7782fcd955179ebd47446145f4b7827e99ec78603be85eda?s=96&d=mm&r=g\",\"caption\":\"Dennis Hain\"},\"logo\":{\"@id\":\"https:\/\/secure.gravatar.com\/avatar\/89898cfc3cb4dc6d7782fcd955179ebd47446145f4b7827e99ec78603be85eda?s=96&d=mm&r=g\"},\"sameAs\":[\"https:\/\/www.fusepro.de\"]}]}<\/script>\n<!-- \/ Yoast SEO plugin. -->","yoast_head_json":{"title":"Norbert D\u00e4hne - Projektmanagement nach ISO21500","robots":{"index":"index","follow":"follow","max-snippet":"max-snippet:-1","max-image-preview":"max-image-preview:large","max-video-preview":"max-video-preview:-1"},"canonical":"https:\/\/www.iso21500.de\/de\/trainer-aus-der-praxis\/norbert-daehne\/","og_locale":"de_DE","og_type":"article","og_title":"Norbert D\u00e4hne - Projektmanagement nach ISO21500","og_description":"Projekt Manager, Berater, Coach und Trainer 35 Jahre Berufserfahrung u.a. bei CSC Pl\u00f6nzke und Lufthansa Project Management Professional (PMI) u. IT Servicemanager (ITIL) Dipl. Math, Unternehmer, Mentor bei Startups, Buchautor, Weltreisender&nbsp; Gesch\u00e4ftsf\u00fchrer TRAVISION GmbH, Partner der Project Inline GmbH Referenzen und Projektbeispiele Trainingsangebot f\u00fcr Projektmanagement Seminare Ich, Norbert D\u00e4hne, biete Seminare zum Projektmanagementf\u00fcr alle Zielgruppen [&hellip;]","og_url":"https:\/\/www.iso21500.de\/de\/trainer-aus-der-praxis\/norbert-daehne\/","og_site_name":"Projektmanagement nach ISO21500","og_image":[{"url":"https:\/\/www.iso21500.de\/wp-content\/uploads\/2021\/10\/norbert.jpg","type":"","width":"","height":""}],"twitter_card":"summary_large_image","twitter_misc":{"Gesch\u00e4tzte Lesezeit":"3\u00a0Minuten"},"schema":{"@context":"https:\/\/schema.org","@graph":[{"@type":"WebPage","@id":"https:\/\/www.iso21500.de\/de\/trainer-aus-der-praxis\/norbert-daehne\/","url":"https:\/\/www.iso21500.de\/de\/trainer-aus-der-praxis\/norbert-daehne\/","name":"Norbert D\u00e4hne - Projektmanagement nach ISO21500","isPartOf":{"@id":"https:\/\/www.iso21500.de\/de\/#website"},"primaryImageOfPage":{"@id":"https:\/\/www.iso21500.de\/de\/trainer-aus-der-praxis\/norbert-daehne\/#primaryimage"},"image":{"@id":"https:\/\/www.iso21500.de\/de\/trainer-aus-der-praxis\/norbert-daehne\/#primaryimage"},"thumbnailUrl":"https:\/\/www.iso21500.de\/wp-content\/uploads\/2021\/10\/norbert.jpg","datePublished":"2023-05-05T10:01:57+00:00","breadcrumb":{"@id":"https:\/\/www.iso21500.de\/de\/trainer-aus-der-praxis\/norbert-daehne\/#breadcrumb"},"inLanguage":"de","potentialAction":[{"@type":"ReadAction","target":["https:\/\/www.iso21500.de\/de\/trainer-aus-der-praxis\/norbert-daehne\/"]}]},{"@type":"ImageObject","inLanguage":"de","@id":"https:\/\/www.iso21500.de\/de\/trainer-aus-der-praxis\/norbert-daehne\/#primaryimage","url":"https:\/\/www.iso21500.de\/wp-content\/uploads\/2021\/10\/norbert.jpg","contentUrl":"https:\/\/www.iso21500.de\/wp-content\/uploads\/2021\/10\/norbert.jpg"},{"@type":"BreadcrumbList","@id":"https:\/\/www.iso21500.de\/de\/trainer-aus-der-praxis\/norbert-daehne\/#breadcrumb","itemListElement":[{"@type":"ListItem","position":1,"name":"Startseite","item":"https:\/\/www.iso21500.de\/de\/"},{"@type":"ListItem","position":2,"name":"Trainer aus der Praxis","item":"https:\/\/www.iso21500.de\/de\/trainer-aus-der-praxis\/"},{"@type":"ListItem","position":3,"name":"Norbert D\u00e4hne"}]},{"@type":"WebSite","@id":"https:\/\/www.iso21500.de\/de\/#website","url":"https:\/\/www.iso21500.de\/de\/","name":"iso21500.de","description":"neu: Projektmanagement nach ISO21502","publisher":{"@id":"https:\/\/www.iso21500.de\/de\/#\/schema\/person\/13c5df3918ff1cab82ab9ca397d3e3a4"},"potentialAction":[{"@type":"SearchAction","target":{"@type":"EntryPoint","urlTemplate":"https:\/\/www.iso21500.de\/de\/?s={search_term_string}"},"query-input":{"@type":"PropertyValueSpecification","valueRequired":true,"valueName":"search_term_string"}}],"inLanguage":"de"},{"@type":["Person","Organization"],"@id":"https:\/\/www.iso21500.de\/de\/#\/schema\/person\/13c5df3918ff1cab82ab9ca397d3e3a4","name":"Dennis Hain","image":{"@type":"ImageObject","inLanguage":"de","@id":"https:\/\/secure.gravatar.com\/avatar\/89898cfc3cb4dc6d7782fcd955179ebd47446145f4b7827e99ec78603be85eda?s=96&d=mm&r=g","url":"https:\/\/secure.gravatar.com\/avatar\/89898cfc3cb4dc6d7782fcd955179ebd47446145f4b7827e99ec78603be85eda?s=96&d=mm&r=g","contentUrl":"https:\/\/secure.gravatar.com\/avatar\/89898cfc3cb4dc6d7782fcd955179ebd47446145f4b7827e99ec78603be85eda?s=96&d=mm&r=g","caption":"Dennis Hain"},"logo":{"@id":"https:\/\/secure.gravatar.com\/avatar\/89898cfc3cb4dc6d7782fcd955179ebd47446145f4b7827e99ec78603be85eda?s=96&d=mm&r=g"},"sameAs":["https:\/\/www.fusepro.de"]}]}},"_links":{"self":[{"href":"https:\/\/www.iso21500.de\/de\/wp-json\/wp\/v2\/pages\/1691","targetHints":{"allow":["GET"]}}],"collection":[{"href":"https:\/\/www.iso21500.de\/de\/wp-json\/wp\/v2\/pages"}],"about":[{"href":"https:\/\/www.iso21500.de\/de\/wp-json\/wp\/v2\/types\/page"}],"author":[{"embeddable":true,"href":"https:\/\/www.iso21500.de\/de\/wp-json\/wp\/v2\/users\/1"}],"replies":[{"embeddable":true,"href":"https:\/\/www.iso21500.de\/de\/wp-json\/wp\/v2\/comments?post=1691"}],"version-history":[{"count":1,"href":"https:\/\/www.iso21500.de\/de\/wp-json\/wp\/v2\/pages\/1691\/revisions"}],"predecessor-version":[{"id":1692,"href":"https:\/\/www.iso21500.de\/de\/wp-json\/wp\/v2\/pages\/1691\/revisions\/1692"}],"up":[{"embeddable":true,"href":"https:\/\/www.iso21500.de\/de\/wp-json\/wp\/v2\/pages\/29"}],"wp:attachment":[{"href":"https:\/\/www.iso21500.de\/de\/wp-json\/wp\/v2\/media?parent=1691"}],"curies":[{"name":"wp","href":"https:\/\/api.w.org\/{rel}","templated":true}]}}