{"id":1693,"date":"2023-07-13T12:03:13","date_gmt":"2023-07-13T10:03:13","guid":{"rendered":"https:\/\/www.iso21500.de\/?page_id=1693"},"modified":"2023-07-13T12:03:14","modified_gmt":"2023-07-13T10:03:14","slug":"dennis-hain","status":"publish","type":"page","link":"https:\/\/www.iso21500.de\/de\/trainer-aus-der-praxis\/dennis-hain\/","title":{"rendered":"Dennis Hain"},"content":{"rendered":"\n<div class=\"wp-block-columns is-layout-flex wp-container-core-columns-is-layout-9d6595d7 wp-block-columns-is-layout-flex\">\n<div class=\"wp-block-column is-layout-flow wp-block-column-is-layout-flow\" style=\"flex-basis:66.66%\">\n<p><strong>Unternehmerisch denkender, engagierter und zielorientierter Experte mit langj\u00e4hriger Erfahrung in Leitung und Umsetzung<\/strong><\/p>\n\n\n\n<p>Projekt Manager, Berater, Coach und Trainer<\/p>\n\n\n\n<p>25 Jahre Berufserfahrung u.a. als Director, Gesch\u00e4ftsf\u00fchrer und Abteilungsleiter<\/p>\n\n\n\n<p>Bachelor in Informatik, Unternehmer, Startup-Begleiter, Gr\u00fcnder<\/p>\n\n\n\n<p>Gr\u00fcndungsmitglied AUDITISO und ISO21500.de<\/p>\n<\/div>\n\n\n\n<div class=\"wp-block-column is-layout-flow wp-block-column-is-layout-flow\" style=\"flex-basis:33.33%\">\n<figure class=\"wp-block-image size-full\"><img loading=\"lazy\" decoding=\"async\" width=\"257\" height=\"272\" src=\"https:\/\/www.iso21500.de\/wp-content\/uploads\/dennis-hain.png\" alt class=\"wp-image-1694\"><\/figure>\n<\/div>\n<\/div>\n\n\n\n<h2 class=\"wp-block-heading\"><strong><strong>TRAINER-\/DOZENT-\/SPEAKER-REFERENZEN<\/strong><\/strong><\/h2>\n\n\n\n<ul class=\"wp-block-list\">\n<li><strong>Trainer<\/strong>\n<ul class=\"wp-block-list\">\n<li>ISO 21500<\/li>\n\n\n\n<li>IHK Beratertage<\/li>\n\n\n\n<li>VHS Mainz<\/li>\n\n\n\n<li>Universit\u00e4tsmedizin Mainz<\/li>\n\n\n\n<li>Profil.com<\/li>\n\n\n\n<li>Sievers Group<\/li>\n<\/ul>\n<\/li>\n\n\n\n<li><strong>Dozent<\/strong>\n<ul class=\"wp-block-list\">\n<li>Akademie f\u00fcr Suchmaschinenoptimierung (AFS) Berlin<\/li>\n\n\n\n<li>Hochschule Fresenius<\/li>\n<\/ul>\n<\/li>\n\n\n\n<li><strong>Speaker<\/strong>\n<ul class=\"wp-block-list\">\n<li>heimtextil Frankfurt<\/li>\n\n\n\n<li>SEA Camp&nbsp;Jena<\/li>\n\n\n\n<li>Webchance Frankfurt<\/li>\n\n\n\n<li>SEO Campixx Berlin<\/li>\n\n\n\n<li>Heimathafen Wiesbaden<\/li>\n\n\n\n<li>Jelly Friday K\u00f6nigstein<\/li>\n\n\n\n<li>IHK Wiesbaden<\/li>\n<\/ul>\n\n\n\n<ul class=\"wp-block-list\">\n<li>BIEG Hessen<\/li>\n<\/ul>\n<\/li>\n<\/ul>\n\n\n\n<h2 class=\"wp-block-heading\"><strong>AUSBILDUNG<\/strong><\/h2>\n\n\n\n<ul class=\"wp-block-list\">\n<li>Startup Engineer, Abschluss Stanford-Zertifikat<\/li>\n\n\n\n<li>Informatik-Studium, Abschluss Bachelor<\/li>\n\n\n\n<li>NLP-Trainer (DVNLP)<\/li>\n\n\n\n<li>Systemischer Coach (Explorers)<\/li>\n\n\n\n<li>Business Coach (Explorers)<\/li>\n<\/ul>\n\n\n\n<h2 class=\"wp-block-heading\"><strong>BERUFLICHE SCHWERPUNKTE<\/strong><\/h2>\n\n\n\n<ul class=\"wp-block-list\">\n<li>5 Jahre Leitung Deutschlandgesch\u00e4ft RAKUTEN<\/li>\n\n\n\n<li>4 Jahre Abteilungsleitung ALMARON<\/li>\n\n\n\n<li>4 Jahre Projektgesch\u00e4ft Universit\u00e4tsmedizin Mainz<\/li>\n\n\n\n<li>4 Jahre Software-Entwicklung bei apartis<\/li>\n\n\n\n<li>19 Jahre Erfahrung Selbst\u00e4ndig im Bereich Online-Marketing<\/li>\n\n\n\n<li>12 Jahre Erfahrung als Projektmanagement-Trainer<\/li>\n<\/ul>\n\n\n\n<h2 class=\"wp-block-heading\"><strong>KERNKOMPETENZEN<\/strong><\/h2>\n\n\n\n<ul class=\"wp-block-list\">\n<li>Projektleitung in den Branchen IT, Medizin, Medien und Marketing<\/li>\n\n\n\n<li>Stakeholdermanagement und Kommunikation<\/li>\n\n\n\n<li>Fachliche Expertise in den Bereichen IT, Dokumentation und Online-Marketing<\/li>\n\n\n\n<li>Beratung im internationalen Umfeld<\/li>\n\n\n\n<li>Konzeption ma\u00dfgeschneiderter L\u00f6sungen<\/li>\n<\/ul>\n\n\n\n<h2 class=\"wp-block-heading\"><strong>SOFT SKILLS<\/strong><\/h2>\n\n\n\n<ul class=\"wp-block-list\">\n<li><strong>Flexible Kreativit\u00e4t<\/strong><\/li>\n<\/ul>\n\n\n\n<p>Entwicklung und Einf\u00fchrung zeiteffizienter Prozesse und Automatisierungen<\/p>\n\n\n\n<ul class=\"wp-block-list\">\n<li><strong>Ganzheitliche Denkweise<\/strong><\/li>\n<\/ul>\n\n\n\n<p>Einbeziehen nicht offensichtlicher, aber relevanter Faktoren<\/p>\n\n\n\n<ul class=\"wp-block-list\">\n<li><strong>Abteilungsleitung<\/strong><\/li>\n<\/ul>\n\n\n\n<p>Aufbau und Weiterentwicklung von Abteilungen (20\u201380 Personen)<\/p>\n\n\n\n<ul class=\"wp-block-list\">\n<li><strong>L\u00f6sungsfokussiert<\/strong><\/li>\n<\/ul>\n\n\n\n<p>Leidenschaft f\u00fcr bedarfsorientierte L\u00f6sungen<\/p>\n","protected":false},"excerpt":{"rendered":"<p>Unternehmerisch denkender, engagierter und zielorientierter Experte mit langj\u00e4hriger Erfahrung in Leitung und Umsetzung Projekt Manager, Berater, Coach und Trainer 25 Jahre Berufserfahrung u.a. als Director, Gesch\u00e4ftsf\u00fchrer und Abteilungsleiter Bachelor in Informatik, Unternehmer, Startup-Begleiter, Gr\u00fcnder Gr\u00fcndungsmitglied AUDITISO und ISO21500.de TRAINER-\/DOZENT-\/SPEAKER-REFERENZEN AUSBILDUNG BERUFLICHE SCHWERPUNKTE KERNKOMPETENZEN SOFT SKILLS Entwicklung und Einf\u00fchrung zeiteffizienter Prozesse und Automatisierungen Einbeziehen nicht offensichtlicher,&nbsp;[\u2026]<\/p>\n","protected":false},"author":1,"featured_media":0,"parent":29,"menu_order":0,"comment_status":"closed","ping_status":"closed","template":"","meta":{"_acf_changed":false,"wp_typography_post_enhancements_disabled":false,"footnotes":""},"class_list":["post-1693","page","type-page","status-publish","hentry"],"acf":[],"yoast_head":"<!-- This site is optimized with the Yoast SEO plugin v27.2 - https:\/\/yoast.com\/product\/yoast-seo-wordpress\/ -->\n<title>Dennis Hain - Projektmanagement nach ISO21500<\/title>\n<meta name=\"robots\" content=\"index, follow, max-snippet:-1, max-image-preview:large, max-video-preview:-1\" \/>\n<link rel=\"canonical\" href=\"https:\/\/www.iso21500.de\/de\/trainer-aus-der-praxis\/dennis-hain\/\" \/>\n<meta property=\"og:locale\" content=\"de_DE\" \/>\n<meta property=\"og:type\" content=\"article\" \/>\n<meta property=\"og:title\" content=\"Dennis Hain - Projektmanagement nach ISO21500\" \/>\n<meta property=\"og:description\" content=\"Unternehmerisch denkender, engagierter und zielorientierter Experte mit langj\u00e4hriger Erfahrung in Leitung und Umsetzung Projekt Manager, Berater, Coach und Trainer 25 Jahre Berufserfahrung u.a. als Director, Gesch\u00e4ftsf\u00fchrer und Abteilungsleiter Bachelor in Informatik, Unternehmer, Startup-Begleiter, Gr\u00fcnder Gr\u00fcndungsmitglied AUDITISO und ISO21500.de TRAINER-\/DOZENT-\/SPEAKER-REFERENZEN AUSBILDUNG BERUFLICHE SCHWERPUNKTE KERNKOMPETENZEN SOFT SKILLS Entwicklung und Einf\u00fchrung zeiteffizienter Prozesse und Automatisierungen Einbeziehen nicht offensichtlicher, [&hellip;]\" \/>\n<meta property=\"og:url\" content=\"https:\/\/www.iso21500.de\/de\/trainer-aus-der-praxis\/dennis-hain\/\" \/>\n<meta property=\"og:site_name\" content=\"Projektmanagement nach ISO21500\" \/>\n<meta property=\"article:modified_time\" content=\"2023-07-13T10:03:14+00:00\" \/>\n<meta property=\"og:image\" content=\"https:\/\/www.iso21500.de\/wp-content\/uploads\/dennis-hain.png\" \/>\n<meta name=\"twitter:card\" content=\"summary_large_image\" \/>\n<meta name=\"twitter:label1\" content=\"Gesch\u00e4tzte Lesezeit\" \/>\n\t<meta name=\"twitter:data1\" content=\"2\u00a0Minuten\" \/>\n<script type=\"application\/ld+json\" class=\"yoast-schema-graph\">{\"@context\":\"https:\/\/schema.org\",\"@graph\":[{\"@type\":\"WebPage\",\"@id\":\"https:\/\/www.iso21500.de\/de\/trainer-aus-der-praxis\/dennis-hain\/\",\"url\":\"https:\/\/www.iso21500.de\/de\/trainer-aus-der-praxis\/dennis-hain\/\",\"name\":\"Dennis Hain - Projektmanagement nach ISO21500\",\"isPartOf\":{\"@id\":\"https:\/\/www.iso21500.de\/de\/#website\"},\"primaryImageOfPage\":{\"@id\":\"https:\/\/www.iso21500.de\/de\/trainer-aus-der-praxis\/dennis-hain\/#primaryimage\"},\"image\":{\"@id\":\"https:\/\/www.iso21500.de\/de\/trainer-aus-der-praxis\/dennis-hain\/#primaryimage\"},\"thumbnailUrl\":\"https:\/\/www.iso21500.de\/wp-content\/uploads\/dennis-hain.png\",\"datePublished\":\"2023-07-13T10:03:13+00:00\",\"dateModified\":\"2023-07-13T10:03:14+00:00\",\"breadcrumb\":{\"@id\":\"https:\/\/www.iso21500.de\/de\/trainer-aus-der-praxis\/dennis-hain\/#breadcrumb\"},\"inLanguage\":\"de\",\"potentialAction\":[{\"@type\":\"ReadAction\",\"target\":[\"https:\/\/www.iso21500.de\/de\/trainer-aus-der-praxis\/dennis-hain\/\"]}]},{\"@type\":\"ImageObject\",\"inLanguage\":\"de\",\"@id\":\"https:\/\/www.iso21500.de\/de\/trainer-aus-der-praxis\/dennis-hain\/#primaryimage\",\"url\":\"https:\/\/www.iso21500.de\/wp-content\/uploads\/dennis-hain.png\",\"contentUrl\":\"https:\/\/www.iso21500.de\/wp-content\/uploads\/dennis-hain.png\"},{\"@type\":\"BreadcrumbList\",\"@id\":\"https:\/\/www.iso21500.de\/de\/trainer-aus-der-praxis\/dennis-hain\/#breadcrumb\",\"itemListElement\":[{\"@type\":\"ListItem\",\"position\":1,\"name\":\"Startseite\",\"item\":\"https:\/\/www.iso21500.de\/de\/\"},{\"@type\":\"ListItem\",\"position\":2,\"name\":\"Trainer aus der Praxis\",\"item\":\"https:\/\/www.iso21500.de\/de\/trainer-aus-der-praxis\/\"},{\"@type\":\"ListItem\",\"position\":3,\"name\":\"Dennis Hain\"}]},{\"@type\":\"WebSite\",\"@id\":\"https:\/\/www.iso21500.de\/de\/#website\",\"url\":\"https:\/\/www.iso21500.de\/de\/\",\"name\":\"iso21500.de\",\"description\":\"neu: Projektmanagement nach ISO21502\",\"publisher\":{\"@id\":\"https:\/\/www.iso21500.de\/de\/#\/schema\/person\/13c5df3918ff1cab82ab9ca397d3e3a4\"},\"potentialAction\":[{\"@type\":\"SearchAction\",\"target\":{\"@type\":\"EntryPoint\",\"urlTemplate\":\"https:\/\/www.iso21500.de\/de\/?s={search_term_string}\"},\"query-input\":{\"@type\":\"PropertyValueSpecification\",\"valueRequired\":true,\"valueName\":\"search_term_string\"}}],\"inLanguage\":\"de\"},{\"@type\":[\"Person\",\"Organization\"],\"@id\":\"https:\/\/www.iso21500.de\/de\/#\/schema\/person\/13c5df3918ff1cab82ab9ca397d3e3a4\",\"name\":\"Dennis Hain\",\"image\":{\"@type\":\"ImageObject\",\"inLanguage\":\"de\",\"@id\":\"https:\/\/secure.gravatar.com\/avatar\/89898cfc3cb4dc6d7782fcd955179ebd47446145f4b7827e99ec78603be85eda?s=96&d=mm&r=g\",\"url\":\"https:\/\/secure.gravatar.com\/avatar\/89898cfc3cb4dc6d7782fcd955179ebd47446145f4b7827e99ec78603be85eda?s=96&d=mm&r=g\",\"contentUrl\":\"https:\/\/secure.gravatar.com\/avatar\/89898cfc3cb4dc6d7782fcd955179ebd47446145f4b7827e99ec78603be85eda?s=96&d=mm&r=g\",\"caption\":\"Dennis Hain\"},\"logo\":{\"@id\":\"https:\/\/secure.gravatar.com\/avatar\/89898cfc3cb4dc6d7782fcd955179ebd47446145f4b7827e99ec78603be85eda?s=96&d=mm&r=g\"},\"sameAs\":[\"https:\/\/www.fusepro.de\"]}]}<\/script>\n<!-- \/ Yoast SEO plugin. -->","yoast_head_json":{"title":"Dennis Hain - Projektmanagement nach ISO21500","robots":{"index":"index","follow":"follow","max-snippet":"max-snippet:-1","max-image-preview":"max-image-preview:large","max-video-preview":"max-video-preview:-1"},"canonical":"https:\/\/www.iso21500.de\/de\/trainer-aus-der-praxis\/dennis-hain\/","og_locale":"de_DE","og_type":"article","og_title":"Dennis Hain - Projektmanagement nach ISO21500","og_description":"Unternehmerisch denkender, engagierter und zielorientierter Experte mit langj\u00e4hriger Erfahrung in Leitung und Umsetzung Projekt Manager, Berater, Coach und Trainer 25 Jahre Berufserfahrung u.a. als Director, Gesch\u00e4ftsf\u00fchrer und Abteilungsleiter Bachelor in Informatik, Unternehmer, Startup-Begleiter, Gr\u00fcnder Gr\u00fcndungsmitglied AUDITISO und ISO21500.de TRAINER-\/DOZENT-\/SPEAKER-REFERENZEN AUSBILDUNG BERUFLICHE SCHWERPUNKTE KERNKOMPETENZEN SOFT SKILLS Entwicklung und Einf\u00fchrung zeiteffizienter Prozesse und Automatisierungen Einbeziehen nicht offensichtlicher, [&hellip;]","og_url":"https:\/\/www.iso21500.de\/de\/trainer-aus-der-praxis\/dennis-hain\/","og_site_name":"Projektmanagement nach ISO21500","article_modified_time":"2023-07-13T10:03:14+00:00","og_image":[{"url":"https:\/\/www.iso21500.de\/wp-content\/uploads\/dennis-hain.png","type":"","width":"","height":""}],"twitter_card":"summary_large_image","twitter_misc":{"Gesch\u00e4tzte Lesezeit":"2\u00a0Minuten"},"schema":{"@context":"https:\/\/schema.org","@graph":[{"@type":"WebPage","@id":"https:\/\/www.iso21500.de\/de\/trainer-aus-der-praxis\/dennis-hain\/","url":"https:\/\/www.iso21500.de\/de\/trainer-aus-der-praxis\/dennis-hain\/","name":"Dennis Hain - Projektmanagement nach ISO21500","isPartOf":{"@id":"https:\/\/www.iso21500.de\/de\/#website"},"primaryImageOfPage":{"@id":"https:\/\/www.iso21500.de\/de\/trainer-aus-der-praxis\/dennis-hain\/#primaryimage"},"image":{"@id":"https:\/\/www.iso21500.de\/de\/trainer-aus-der-praxis\/dennis-hain\/#primaryimage"},"thumbnailUrl":"https:\/\/www.iso21500.de\/wp-content\/uploads\/dennis-hain.png","datePublished":"2023-07-13T10:03:13+00:00","dateModified":"2023-07-13T10:03:14+00:00","breadcrumb":{"@id":"https:\/\/www.iso21500.de\/de\/trainer-aus-der-praxis\/dennis-hain\/#breadcrumb"},"inLanguage":"de","potentialAction":[{"@type":"ReadAction","target":["https:\/\/www.iso21500.de\/de\/trainer-aus-der-praxis\/dennis-hain\/"]}]},{"@type":"ImageObject","inLanguage":"de","@id":"https:\/\/www.iso21500.de\/de\/trainer-aus-der-praxis\/dennis-hain\/#primaryimage","url":"https:\/\/www.iso21500.de\/wp-content\/uploads\/dennis-hain.png","contentUrl":"https:\/\/www.iso21500.de\/wp-content\/uploads\/dennis-hain.png"},{"@type":"BreadcrumbList","@id":"https:\/\/www.iso21500.de\/de\/trainer-aus-der-praxis\/dennis-hain\/#breadcrumb","itemListElement":[{"@type":"ListItem","position":1,"name":"Startseite","item":"https:\/\/www.iso21500.de\/de\/"},{"@type":"ListItem","position":2,"name":"Trainer aus der Praxis","item":"https:\/\/www.iso21500.de\/de\/trainer-aus-der-praxis\/"},{"@type":"ListItem","position":3,"name":"Dennis Hain"}]},{"@type":"WebSite","@id":"https:\/\/www.iso21500.de\/de\/#website","url":"https:\/\/www.iso21500.de\/de\/","name":"iso21500.de","description":"neu: Projektmanagement nach ISO21502","publisher":{"@id":"https:\/\/www.iso21500.de\/de\/#\/schema\/person\/13c5df3918ff1cab82ab9ca397d3e3a4"},"potentialAction":[{"@type":"SearchAction","target":{"@type":"EntryPoint","urlTemplate":"https:\/\/www.iso21500.de\/de\/?s={search_term_string}"},"query-input":{"@type":"PropertyValueSpecification","valueRequired":true,"valueName":"search_term_string"}}],"inLanguage":"de"},{"@type":["Person","Organization"],"@id":"https:\/\/www.iso21500.de\/de\/#\/schema\/person\/13c5df3918ff1cab82ab9ca397d3e3a4","name":"Dennis Hain","image":{"@type":"ImageObject","inLanguage":"de","@id":"https:\/\/secure.gravatar.com\/avatar\/89898cfc3cb4dc6d7782fcd955179ebd47446145f4b7827e99ec78603be85eda?s=96&d=mm&r=g","url":"https:\/\/secure.gravatar.com\/avatar\/89898cfc3cb4dc6d7782fcd955179ebd47446145f4b7827e99ec78603be85eda?s=96&d=mm&r=g","contentUrl":"https:\/\/secure.gravatar.com\/avatar\/89898cfc3cb4dc6d7782fcd955179ebd47446145f4b7827e99ec78603be85eda?s=96&d=mm&r=g","caption":"Dennis Hain"},"logo":{"@id":"https:\/\/secure.gravatar.com\/avatar\/89898cfc3cb4dc6d7782fcd955179ebd47446145f4b7827e99ec78603be85eda?s=96&d=mm&r=g"},"sameAs":["https:\/\/www.fusepro.de"]}]}},"_links":{"self":[{"href":"https:\/\/www.iso21500.de\/de\/wp-json\/wp\/v2\/pages\/1693","targetHints":{"allow":["GET"]}}],"collection":[{"href":"https:\/\/www.iso21500.de\/de\/wp-json\/wp\/v2\/pages"}],"about":[{"href":"https:\/\/www.iso21500.de\/de\/wp-json\/wp\/v2\/types\/page"}],"author":[{"embeddable":true,"href":"https:\/\/www.iso21500.de\/de\/wp-json\/wp\/v2\/users\/1"}],"replies":[{"embeddable":true,"href":"https:\/\/www.iso21500.de\/de\/wp-json\/wp\/v2\/comments?post=1693"}],"version-history":[{"count":2,"href":"https:\/\/www.iso21500.de\/de\/wp-json\/wp\/v2\/pages\/1693\/revisions"}],"predecessor-version":[{"id":3197,"href":"https:\/\/www.iso21500.de\/de\/wp-json\/wp\/v2\/pages\/1693\/revisions\/3197"}],"up":[{"embeddable":true,"href":"https:\/\/www.iso21500.de\/de\/wp-json\/wp\/v2\/pages\/29"}],"wp:attachment":[{"href":"https:\/\/www.iso21500.de\/de\/wp-json\/wp\/v2\/media?parent=1693"}],"curies":[{"name":"wp","href":"https:\/\/api.w.org\/{rel}","templated":true}]}}