{"id":21,"date":"2021-10-07T20:44:44","date_gmt":"2021-10-07T18:44:44","guid":{"rendered":"https:\/\/www.iso21500.de\/?page_id=21"},"modified":"2021-11-07T17:06:49","modified_gmt":"2021-11-07T16:06:49","slug":"praxistraining-mit-ihk-zertifikat","status":"publish","type":"page","link":"https:\/\/www.iso21500.de\/de\/zertifikat\/praxistraining-mit-ihk-zertifikat\/","title":{"rendered":"Praxistraining mit IHK Zertifikat"},"content":{"rendered":"\n<p><strong>Projektmanagement nach ISO&nbsp;21500<\/strong><\/p>\n\n\n\n<p>Entwickelt und durchgef\u00fchrt von Norbert Daehne in Kooperation mit der IHK f\u00fcr Rheinhessen<\/p>\n\n\n\n<p>Basis eines Praxistraining mit IHK Zertifikat sind mindestens 50 Unterrichtseinheiten a 45 Minuten (Pr\u00e4senztraining) sowie die Erstellung einer lehrgangsbegleitenden, praxisbezogenen Projektarbeit mit abschlie\u00dfender Pr\u00e4sentation.<\/p>\n\n\n\n<p>Nach Anmeldung des Pr\u00e4senztrainings ist ein Projekt durch den Teilnehmer auszuw\u00e4hlen und zu definieren, das dieser in der Folgezeit bis zum zweiten Pr\u00e4senztraining selbstst\u00e4ndig bearbeitet \u2013 und dabei die im ersten Pr\u00e4senztraining erworbenen Projektvorgehensweisen nach ISO 21500 einsetzt und&nbsp;\u00fcbt.<\/p>\n\n\n\n<p>Erwartet wird beispielsweise die Beschreibung des Projektauftrages, die Aufgliederung in eine Work Breakdown Struktur, ein Terminplan, ein Kostenplan, eine Risikoliste, eine Qualit\u00e4tsplanung und\/oder andere Planungsteile wie Stakeholder Analysen oder Kommunikationsrichtlinien. Auch besondere bzw. schwierige Projektsituationen und deren \u00dcberwindung k\u00f6nnen in die Projektarbeit integriert werden.<\/p>\n\n\n\n<p>Zum zweiten Pr\u00e4senztraining ist ein Entwurf der Projektarbeit und der Pr\u00e4sentation mitzubringen. Diese Unterlagen werden w\u00e4hrend des Trainings weiter bearbeitet, qualit\u00e4tsgesichert und in eine endg\u00fcltige Form gebracht.<\/p>\n\n\n\n<p>Die Projektarbeit besteht aus einem Textdokument im Umfang von 10 bis12 Textseiten (Schriftgr\u00f6\u00dfe 12, Zeilenabstand 1,5). Das Deckblatt enth\u00e4lt Projektnamen, Name des Teilnehmers sowie seine Kontaktdaten.<\/p>\n\n\n\n<p>Die Abschlusspr\u00e4sentation soll den Inhalt der Projektarbeit auf etwa 5 bis 6 Powerpoint Folien zusammenfassen und in maximal 10 Minuten vorzutragen sein. Die Pr\u00e4sentation wird von allen Teilnehmern, der Seminarleitung und einem IHK-Vertreter am Ende des 2. Pr\u00e4senztrainings gehalten.<\/p>\n\n\n\n<p>Das IHK-Zertifikat wird nach Abschluss aller Pr\u00e4sentationen \u00fcberreicht. Die Leistung wird darin nicht bewertet. Der Text auf der Titelseite lautet sinngem\u00e4\u00df:&nbsp; Der Teilnehmer hat den Zertifikatslehrgang Projektmanagement nach ISO 21500 mit 50 Unterrichtseinheiten besucht und die erworbenen Kompetenzen in einer lehrgangsbegleitenden, anwendungsbezogenen Projektarbeit mit Pr\u00e4sentation erfolgreich belegt.<\/p>\n","protected":false},"excerpt":{"rendered":"<p>Projektmanagement nach ISO&nbsp;21500 Entwickelt und durchgef\u00fchrt von Norbert Daehne in Kooperation mit der IHK f\u00fcr Rheinhessen Basis eines Praxistraining mit IHK Zertifikat sind mindestens 50 Unterrichtseinheiten a 45 Minuten (Pr\u00e4senztraining) sowie die Erstellung einer lehrgangsbegleitenden, praxisbezogenen Projektarbeit mit abschlie\u00dfender Pr\u00e4sentation. Nach Anmeldung des Pr\u00e4senztrainings ist ein Projekt durch den Teilnehmer auszuw\u00e4hlen und zu definieren, das&nbsp;[\u2026]<\/p>\n","protected":false},"author":4,"featured_media":0,"parent":17,"menu_order":0,"comment_status":"closed","ping_status":"closed","template":"","meta":{"_acf_changed":false,"wp_typography_post_enhancements_disabled":false,"footnotes":""},"class_list":["post-21","page","type-page","status-publish","hentry"],"acf":[],"yoast_head":"<!-- This site is optimized with the Yoast SEO plugin v27.2 - https:\/\/yoast.com\/product\/yoast-seo-wordpress\/ -->\n<title>Praxistraining mit IHK Zertifikat - Projektmanagement nach ISO21500<\/title>\n<meta name=\"description\" content=\"Ist das Projektmanagement-Seminar mit IHK-Zertifikat etwas f\u00fcr Sie? Erfahren Sie, was Sie lernen werden und wie Sie das begehrte IHK-Zertifikat erhalten.\" \/>\n<meta name=\"robots\" content=\"index, follow, max-snippet:-1, max-image-preview:large, max-video-preview:-1\" \/>\n<link rel=\"canonical\" href=\"https:\/\/www.iso21500.de\/de\/zertifikat\/praxistraining-mit-ihk-zertifikat\/\" \/>\n<meta property=\"og:locale\" content=\"de_DE\" \/>\n<meta property=\"og:type\" content=\"article\" \/>\n<meta property=\"og:title\" content=\"Praxistraining mit IHK Zertifikat - Projektmanagement nach ISO21500\" \/>\n<meta property=\"og:description\" content=\"Ist das Projektmanagement-Seminar mit IHK-Zertifikat etwas f\u00fcr Sie? Erfahren Sie, was Sie lernen werden und wie Sie das begehrte IHK-Zertifikat erhalten.\" \/>\n<meta property=\"og:url\" content=\"https:\/\/www.iso21500.de\/de\/zertifikat\/praxistraining-mit-ihk-zertifikat\/\" \/>\n<meta property=\"og:site_name\" content=\"Projektmanagement nach ISO21500\" \/>\n<meta property=\"article:modified_time\" content=\"2021-11-07T16:06:49+00:00\" \/>\n<meta name=\"twitter:card\" content=\"summary_large_image\" \/>\n<meta name=\"twitter:label1\" content=\"Gesch\u00e4tzte Lesezeit\" \/>\n\t<meta name=\"twitter:data1\" content=\"2\u00a0Minuten\" \/>\n<script type=\"application\/ld+json\" class=\"yoast-schema-graph\">{\"@context\":\"https:\/\/schema.org\",\"@graph\":[{\"@type\":\"WebPage\",\"@id\":\"https:\/\/www.iso21500.de\/de\/zertifikat\/praxistraining-mit-ihk-zertifikat\/\",\"url\":\"https:\/\/www.iso21500.de\/de\/zertifikat\/praxistraining-mit-ihk-zertifikat\/\",\"name\":\"Praxistraining mit IHK Zertifikat - Projektmanagement nach ISO21500\",\"isPartOf\":{\"@id\":\"https:\/\/www.iso21500.de\/de\/#website\"},\"datePublished\":\"2021-10-07T18:44:44+00:00\",\"dateModified\":\"2021-11-07T16:06:49+00:00\",\"description\":\"Ist das Projektmanagement-Seminar mit IHK-Zertifikat etwas f\u00fcr Sie? Erfahren Sie, was Sie lernen werden und wie Sie das begehrte IHK-Zertifikat erhalten.\",\"breadcrumb\":{\"@id\":\"https:\/\/www.iso21500.de\/de\/zertifikat\/praxistraining-mit-ihk-zertifikat\/#breadcrumb\"},\"inLanguage\":\"de\",\"potentialAction\":[{\"@type\":\"ReadAction\",\"target\":[\"https:\/\/www.iso21500.de\/de\/zertifikat\/praxistraining-mit-ihk-zertifikat\/\"]}]},{\"@type\":\"BreadcrumbList\",\"@id\":\"https:\/\/www.iso21500.de\/de\/zertifikat\/praxistraining-mit-ihk-zertifikat\/#breadcrumb\",\"itemListElement\":[{\"@type\":\"ListItem\",\"position\":1,\"name\":\"Startseite\",\"item\":\"https:\/\/www.iso21500.de\/de\/\"},{\"@type\":\"ListItem\",\"position\":2,\"name\":\"Projektmanagenent Zertifizierung nach ISO 21500\",\"item\":\"https:\/\/www.iso21500.de\/de\/zertifikat\/\"},{\"@type\":\"ListItem\",\"position\":3,\"name\":\"Praxistraining mit IHK Zertifikat\"}]},{\"@type\":\"WebSite\",\"@id\":\"https:\/\/www.iso21500.de\/de\/#website\",\"url\":\"https:\/\/www.iso21500.de\/de\/\",\"name\":\"iso21500.de\",\"description\":\"neu: Projektmanagement nach ISO21502\",\"publisher\":{\"@id\":\"https:\/\/www.iso21500.de\/de\/#\/schema\/person\/13c5df3918ff1cab82ab9ca397d3e3a4\"},\"potentialAction\":[{\"@type\":\"SearchAction\",\"target\":{\"@type\":\"EntryPoint\",\"urlTemplate\":\"https:\/\/www.iso21500.de\/de\/?s={search_term_string}\"},\"query-input\":{\"@type\":\"PropertyValueSpecification\",\"valueRequired\":true,\"valueName\":\"search_term_string\"}}],\"inLanguage\":\"de\"},{\"@type\":[\"Person\",\"Organization\"],\"@id\":\"https:\/\/www.iso21500.de\/de\/#\/schema\/person\/13c5df3918ff1cab82ab9ca397d3e3a4\",\"name\":\"Dennis Hain\",\"image\":{\"@type\":\"ImageObject\",\"inLanguage\":\"de\",\"@id\":\"https:\/\/secure.gravatar.com\/avatar\/89898cfc3cb4dc6d7782fcd955179ebd47446145f4b7827e99ec78603be85eda?s=96&d=mm&r=g\",\"url\":\"https:\/\/secure.gravatar.com\/avatar\/89898cfc3cb4dc6d7782fcd955179ebd47446145f4b7827e99ec78603be85eda?s=96&d=mm&r=g\",\"contentUrl\":\"https:\/\/secure.gravatar.com\/avatar\/89898cfc3cb4dc6d7782fcd955179ebd47446145f4b7827e99ec78603be85eda?s=96&d=mm&r=g\",\"caption\":\"Dennis Hain\"},\"logo\":{\"@id\":\"https:\/\/secure.gravatar.com\/avatar\/89898cfc3cb4dc6d7782fcd955179ebd47446145f4b7827e99ec78603be85eda?s=96&d=mm&r=g\"},\"sameAs\":[\"https:\/\/www.fusepro.de\"]}]}<\/script>\n<!-- \/ Yoast SEO plugin. -->","yoast_head_json":{"title":"Praxistraining mit IHK Zertifikat - Projektmanagement nach ISO21500","description":"Ist das Projektmanagement-Seminar mit IHK-Zertifikat etwas f\u00fcr Sie? Erfahren Sie, was Sie lernen werden und wie Sie das begehrte IHK-Zertifikat erhalten.","robots":{"index":"index","follow":"follow","max-snippet":"max-snippet:-1","max-image-preview":"max-image-preview:large","max-video-preview":"max-video-preview:-1"},"canonical":"https:\/\/www.iso21500.de\/de\/zertifikat\/praxistraining-mit-ihk-zertifikat\/","og_locale":"de_DE","og_type":"article","og_title":"Praxistraining mit IHK Zertifikat - Projektmanagement nach ISO21500","og_description":"Ist das Projektmanagement-Seminar mit IHK-Zertifikat etwas f\u00fcr Sie? Erfahren Sie, was Sie lernen werden und wie Sie das begehrte IHK-Zertifikat erhalten.","og_url":"https:\/\/www.iso21500.de\/de\/zertifikat\/praxistraining-mit-ihk-zertifikat\/","og_site_name":"Projektmanagement nach ISO21500","article_modified_time":"2021-11-07T16:06:49+00:00","twitter_card":"summary_large_image","twitter_misc":{"Gesch\u00e4tzte Lesezeit":"2\u00a0Minuten"},"schema":{"@context":"https:\/\/schema.org","@graph":[{"@type":"WebPage","@id":"https:\/\/www.iso21500.de\/de\/zertifikat\/praxistraining-mit-ihk-zertifikat\/","url":"https:\/\/www.iso21500.de\/de\/zertifikat\/praxistraining-mit-ihk-zertifikat\/","name":"Praxistraining mit IHK Zertifikat - Projektmanagement nach ISO21500","isPartOf":{"@id":"https:\/\/www.iso21500.de\/de\/#website"},"datePublished":"2021-10-07T18:44:44+00:00","dateModified":"2021-11-07T16:06:49+00:00","description":"Ist das Projektmanagement-Seminar mit IHK-Zertifikat etwas f\u00fcr Sie? Erfahren Sie, was Sie lernen werden und wie Sie das begehrte IHK-Zertifikat erhalten.","breadcrumb":{"@id":"https:\/\/www.iso21500.de\/de\/zertifikat\/praxistraining-mit-ihk-zertifikat\/#breadcrumb"},"inLanguage":"de","potentialAction":[{"@type":"ReadAction","target":["https:\/\/www.iso21500.de\/de\/zertifikat\/praxistraining-mit-ihk-zertifikat\/"]}]},{"@type":"BreadcrumbList","@id":"https:\/\/www.iso21500.de\/de\/zertifikat\/praxistraining-mit-ihk-zertifikat\/#breadcrumb","itemListElement":[{"@type":"ListItem","position":1,"name":"Startseite","item":"https:\/\/www.iso21500.de\/de\/"},{"@type":"ListItem","position":2,"name":"Projektmanagenent Zertifizierung nach ISO 21500","item":"https:\/\/www.iso21500.de\/de\/zertifikat\/"},{"@type":"ListItem","position":3,"name":"Praxistraining mit IHK Zertifikat"}]},{"@type":"WebSite","@id":"https:\/\/www.iso21500.de\/de\/#website","url":"https:\/\/www.iso21500.de\/de\/","name":"iso21500.de","description":"neu: Projektmanagement nach ISO21502","publisher":{"@id":"https:\/\/www.iso21500.de\/de\/#\/schema\/person\/13c5df3918ff1cab82ab9ca397d3e3a4"},"potentialAction":[{"@type":"SearchAction","target":{"@type":"EntryPoint","urlTemplate":"https:\/\/www.iso21500.de\/de\/?s={search_term_string}"},"query-input":{"@type":"PropertyValueSpecification","valueRequired":true,"valueName":"search_term_string"}}],"inLanguage":"de"},{"@type":["Person","Organization"],"@id":"https:\/\/www.iso21500.de\/de\/#\/schema\/person\/13c5df3918ff1cab82ab9ca397d3e3a4","name":"Dennis Hain","image":{"@type":"ImageObject","inLanguage":"de","@id":"https:\/\/secure.gravatar.com\/avatar\/89898cfc3cb4dc6d7782fcd955179ebd47446145f4b7827e99ec78603be85eda?s=96&d=mm&r=g","url":"https:\/\/secure.gravatar.com\/avatar\/89898cfc3cb4dc6d7782fcd955179ebd47446145f4b7827e99ec78603be85eda?s=96&d=mm&r=g","contentUrl":"https:\/\/secure.gravatar.com\/avatar\/89898cfc3cb4dc6d7782fcd955179ebd47446145f4b7827e99ec78603be85eda?s=96&d=mm&r=g","caption":"Dennis Hain"},"logo":{"@id":"https:\/\/secure.gravatar.com\/avatar\/89898cfc3cb4dc6d7782fcd955179ebd47446145f4b7827e99ec78603be85eda?s=96&d=mm&r=g"},"sameAs":["https:\/\/www.fusepro.de"]}]}},"_links":{"self":[{"href":"https:\/\/www.iso21500.de\/de\/wp-json\/wp\/v2\/pages\/21","targetHints":{"allow":["GET"]}}],"collection":[{"href":"https:\/\/www.iso21500.de\/de\/wp-json\/wp\/v2\/pages"}],"about":[{"href":"https:\/\/www.iso21500.de\/de\/wp-json\/wp\/v2\/types\/page"}],"author":[{"embeddable":true,"href":"https:\/\/www.iso21500.de\/de\/wp-json\/wp\/v2\/users\/4"}],"replies":[{"embeddable":true,"href":"https:\/\/www.iso21500.de\/de\/wp-json\/wp\/v2\/comments?post=21"}],"version-history":[{"count":3,"href":"https:\/\/www.iso21500.de\/de\/wp-json\/wp\/v2\/pages\/21\/revisions"}],"predecessor-version":[{"id":4468,"href":"https:\/\/www.iso21500.de\/de\/wp-json\/wp\/v2\/pages\/21\/revisions\/4468"}],"up":[{"embeddable":true,"href":"https:\/\/www.iso21500.de\/de\/wp-json\/wp\/v2\/pages\/17"}],"wp:attachment":[{"href":"https:\/\/www.iso21500.de\/de\/wp-json\/wp\/v2\/media?parent=21"}],"curies":[{"name":"wp","href":"https:\/\/api.w.org\/{rel}","templated":true}]}}