{"id":27,"date":"2021-10-07T20:45:25","date_gmt":"2021-10-07T18:45:25","guid":{"rendered":"https:\/\/www.iso21500.de\/?page_id=27"},"modified":"2025-02-12T11:47:30","modified_gmt":"2025-02-12T10:47:30","slug":"offene-seminare","status":"publish","type":"page","link":"https:\/\/www.iso21500.de\/de\/seminare-nach-iso-21500\/offene-seminare\/","title":{"rendered":"Offene Seminare zum Projektmanagement nach ISO21500"},"content":{"rendered":"\n<h3 class=\"wp-block-heading\"><strong>Kooperation mit Project Inline GmbH&nbsp;<\/strong><\/h3>\n\n\n\n<p>Offene Seminare zum Projektmanagement nach ISO 21500 werden in Kooperation mit <a href=\"http:\/\/www.project-inline.com\/\">project inline GmbH<\/a>&nbsp;in Wiesbaden durchgef\u00fchrt.<\/p>\n\n\n\n<p>Das Beratung- und Seminarunternehmen project inline hat seinen Schwerpunkt im Projektmanagement. Bekannte Unternehmen wie Lufthansa, R+V, Bilfinger, AXA oder OPEL sind seine Kunden.<\/p>\n\n\n\n<p>Interessierte, die \u00fcber die ISO-Plattform ein Seminar bei project inline buchen, erhalten einen Rabatt von 10%. Hierzu ist die Seminaranfrage \u00fcber das Kontaktformular unter <a href=\"https:\/\/www.iso21500.de\/de\/kontakt\/\" target=\"_blank\" rel=\"noreferrer noopener\">https:\/\/www.iso21500.de\/de\/kontakt\/<\/a> an uns zu senden.&nbsp;<\/p>\n\n\n\n<p>Die n\u00e4chsten offenen Seminar zum Projektmanagement nach ISO 21500 finden Sie mit einem <a href=\"https:\/\/project-inline.com\/leistungen\/training\/veranstaltungen\/kategorien\/\" target=\"_blank\" rel=\"noreferrer noopener\">Klick hier<\/a>.<\/p>\n\n\n\n<p><\/p>\n","protected":false},"excerpt":{"rendered":"<p>Kooperation mit Project Inline GmbH&nbsp; Offene Seminare zum Projektmanagement nach ISO 21500 werden in Kooperation mit project inline GmbH&nbsp;in Wiesbaden durchgef\u00fchrt. Das Beratung- und Seminarunternehmen project inline hat seinen Schwerpunkt im Projektmanagement. Bekannte Unternehmen wie Lufthansa, R+V, Bilfinger, AXA oder OPEL sind seine Kunden. Interessierte, die \u00fcber die ISO-Plattform ein Seminar bei project inline buchen,&nbsp;[\u2026]<\/p>\n","protected":false},"author":4,"featured_media":0,"parent":23,"menu_order":0,"comment_status":"closed","ping_status":"closed","template":"","meta":{"_acf_changed":false,"wp_typography_post_enhancements_disabled":false,"footnotes":""},"class_list":["post-27","page","type-page","status-publish","hentry"],"acf":[],"yoast_head":"<!-- This site is optimized with the Yoast SEO plugin v27.2 - https:\/\/yoast.com\/product\/yoast-seo-wordpress\/ -->\n<title>Offene Seminare Projektmanagement - Projektmanagement nach ISO21500<\/title>\n<meta name=\"description\" content=\"Profitieren Sie jetzt von den M\u00f6glichkeiten eines offenen Projektmanagement-Seminars. Einzelne Pl\u00e4tze m\u00f6glich - Networking garantiert.\" \/>\n<meta name=\"robots\" content=\"index, follow, max-snippet:-1, max-image-preview:large, max-video-preview:-1\" \/>\n<link rel=\"canonical\" href=\"https:\/\/www.iso21500.de\/de\/seminare-nach-iso-21500\/offene-seminare\/\" \/>\n<meta property=\"og:locale\" content=\"de_DE\" \/>\n<meta property=\"og:type\" content=\"article\" \/>\n<meta property=\"og:title\" content=\"Offene Seminare Projektmanagement - Projektmanagement nach ISO21500\" \/>\n<meta property=\"og:description\" content=\"Profitieren Sie jetzt von den M\u00f6glichkeiten eines offenen Projektmanagement-Seminars. Einzelne Pl\u00e4tze m\u00f6glich - Networking garantiert.\" \/>\n<meta property=\"og:url\" content=\"https:\/\/www.iso21500.de\/de\/seminare-nach-iso-21500\/offene-seminare\/\" \/>\n<meta property=\"og:site_name\" content=\"Projektmanagement nach ISO21500\" \/>\n<meta property=\"article:modified_time\" content=\"2025-02-12T10:47:30+00:00\" \/>\n<meta name=\"twitter:card\" content=\"summary_large_image\" \/>\n<meta name=\"twitter:label1\" content=\"Gesch\u00e4tzte Lesezeit\" \/>\n\t<meta name=\"twitter:data1\" content=\"1\u00a0Minute\" \/>\n<script type=\"application\/ld+json\" class=\"yoast-schema-graph\">{\"@context\":\"https:\/\/schema.org\",\"@graph\":[{\"@type\":\"WebPage\",\"@id\":\"https:\/\/www.iso21500.de\/de\/seminare-nach-iso-21500\/offene-seminare\/\",\"url\":\"https:\/\/www.iso21500.de\/de\/seminare-nach-iso-21500\/offene-seminare\/\",\"name\":\"Offene Seminare Projektmanagement - Projektmanagement nach ISO21500\",\"isPartOf\":{\"@id\":\"https:\/\/www.iso21500.de\/de\/#website\"},\"datePublished\":\"2021-10-07T18:45:25+00:00\",\"dateModified\":\"2025-02-12T10:47:30+00:00\",\"description\":\"Profitieren Sie jetzt von den M\u00f6glichkeiten eines offenen Projektmanagement-Seminars. Einzelne Pl\u00e4tze m\u00f6glich - Networking garantiert.\",\"breadcrumb\":{\"@id\":\"https:\/\/www.iso21500.de\/de\/seminare-nach-iso-21500\/offene-seminare\/#breadcrumb\"},\"inLanguage\":\"de\",\"potentialAction\":[{\"@type\":\"ReadAction\",\"target\":[\"https:\/\/www.iso21500.de\/de\/seminare-nach-iso-21500\/offene-seminare\/\"]}]},{\"@type\":\"BreadcrumbList\",\"@id\":\"https:\/\/www.iso21500.de\/de\/seminare-nach-iso-21500\/offene-seminare\/#breadcrumb\",\"itemListElement\":[{\"@type\":\"ListItem\",\"position\":1,\"name\":\"Startseite\",\"item\":\"https:\/\/www.iso21500.de\/de\/\"},{\"@type\":\"ListItem\",\"position\":2,\"name\":\"Seminare Projektmanagement nach ISO\",\"item\":\"https:\/\/www.iso21500.de\/de\/seminare-nach-iso-21500\/\"},{\"@type\":\"ListItem\",\"position\":3,\"name\":\"Offene Seminare zum Projektmanagement nach ISO21500\"}]},{\"@type\":\"WebSite\",\"@id\":\"https:\/\/www.iso21500.de\/de\/#website\",\"url\":\"https:\/\/www.iso21500.de\/de\/\",\"name\":\"iso21500.de\",\"description\":\"neu: Projektmanagement nach ISO21502\",\"publisher\":{\"@id\":\"https:\/\/www.iso21500.de\/de\/#\/schema\/person\/13c5df3918ff1cab82ab9ca397d3e3a4\"},\"potentialAction\":[{\"@type\":\"SearchAction\",\"target\":{\"@type\":\"EntryPoint\",\"urlTemplate\":\"https:\/\/www.iso21500.de\/de\/?s={search_term_string}\"},\"query-input\":{\"@type\":\"PropertyValueSpecification\",\"valueRequired\":true,\"valueName\":\"search_term_string\"}}],\"inLanguage\":\"de\"},{\"@type\":[\"Person\",\"Organization\"],\"@id\":\"https:\/\/www.iso21500.de\/de\/#\/schema\/person\/13c5df3918ff1cab82ab9ca397d3e3a4\",\"name\":\"Dennis Hain\",\"image\":{\"@type\":\"ImageObject\",\"inLanguage\":\"de\",\"@id\":\"https:\/\/secure.gravatar.com\/avatar\/89898cfc3cb4dc6d7782fcd955179ebd47446145f4b7827e99ec78603be85eda?s=96&d=mm&r=g\",\"url\":\"https:\/\/secure.gravatar.com\/avatar\/89898cfc3cb4dc6d7782fcd955179ebd47446145f4b7827e99ec78603be85eda?s=96&d=mm&r=g\",\"contentUrl\":\"https:\/\/secure.gravatar.com\/avatar\/89898cfc3cb4dc6d7782fcd955179ebd47446145f4b7827e99ec78603be85eda?s=96&d=mm&r=g\",\"caption\":\"Dennis Hain\"},\"logo\":{\"@id\":\"https:\/\/secure.gravatar.com\/avatar\/89898cfc3cb4dc6d7782fcd955179ebd47446145f4b7827e99ec78603be85eda?s=96&d=mm&r=g\"},\"sameAs\":[\"https:\/\/www.fusepro.de\"]}]}<\/script>\n<!-- \/ Yoast SEO plugin. -->","yoast_head_json":{"title":"Offene Seminare Projektmanagement - Projektmanagement nach ISO21500","description":"Profitieren Sie jetzt von den M\u00f6glichkeiten eines offenen Projektmanagement-Seminars. Einzelne Pl\u00e4tze m\u00f6glich - Networking garantiert.","robots":{"index":"index","follow":"follow","max-snippet":"max-snippet:-1","max-image-preview":"max-image-preview:large","max-video-preview":"max-video-preview:-1"},"canonical":"https:\/\/www.iso21500.de\/de\/seminare-nach-iso-21500\/offene-seminare\/","og_locale":"de_DE","og_type":"article","og_title":"Offene Seminare Projektmanagement - Projektmanagement nach ISO21500","og_description":"Profitieren Sie jetzt von den M\u00f6glichkeiten eines offenen Projektmanagement-Seminars. Einzelne Pl\u00e4tze m\u00f6glich - Networking garantiert.","og_url":"https:\/\/www.iso21500.de\/de\/seminare-nach-iso-21500\/offene-seminare\/","og_site_name":"Projektmanagement nach ISO21500","article_modified_time":"2025-02-12T10:47:30+00:00","twitter_card":"summary_large_image","twitter_misc":{"Gesch\u00e4tzte Lesezeit":"1\u00a0Minute"},"schema":{"@context":"https:\/\/schema.org","@graph":[{"@type":"WebPage","@id":"https:\/\/www.iso21500.de\/de\/seminare-nach-iso-21500\/offene-seminare\/","url":"https:\/\/www.iso21500.de\/de\/seminare-nach-iso-21500\/offene-seminare\/","name":"Offene Seminare Projektmanagement - Projektmanagement nach ISO21500","isPartOf":{"@id":"https:\/\/www.iso21500.de\/de\/#website"},"datePublished":"2021-10-07T18:45:25+00:00","dateModified":"2025-02-12T10:47:30+00:00","description":"Profitieren Sie jetzt von den M\u00f6glichkeiten eines offenen Projektmanagement-Seminars. Einzelne Pl\u00e4tze m\u00f6glich - Networking garantiert.","breadcrumb":{"@id":"https:\/\/www.iso21500.de\/de\/seminare-nach-iso-21500\/offene-seminare\/#breadcrumb"},"inLanguage":"de","potentialAction":[{"@type":"ReadAction","target":["https:\/\/www.iso21500.de\/de\/seminare-nach-iso-21500\/offene-seminare\/"]}]},{"@type":"BreadcrumbList","@id":"https:\/\/www.iso21500.de\/de\/seminare-nach-iso-21500\/offene-seminare\/#breadcrumb","itemListElement":[{"@type":"ListItem","position":1,"name":"Startseite","item":"https:\/\/www.iso21500.de\/de\/"},{"@type":"ListItem","position":2,"name":"Seminare Projektmanagement nach ISO","item":"https:\/\/www.iso21500.de\/de\/seminare-nach-iso-21500\/"},{"@type":"ListItem","position":3,"name":"Offene Seminare zum Projektmanagement nach ISO21500"}]},{"@type":"WebSite","@id":"https:\/\/www.iso21500.de\/de\/#website","url":"https:\/\/www.iso21500.de\/de\/","name":"iso21500.de","description":"neu: Projektmanagement nach ISO21502","publisher":{"@id":"https:\/\/www.iso21500.de\/de\/#\/schema\/person\/13c5df3918ff1cab82ab9ca397d3e3a4"},"potentialAction":[{"@type":"SearchAction","target":{"@type":"EntryPoint","urlTemplate":"https:\/\/www.iso21500.de\/de\/?s={search_term_string}"},"query-input":{"@type":"PropertyValueSpecification","valueRequired":true,"valueName":"search_term_string"}}],"inLanguage":"de"},{"@type":["Person","Organization"],"@id":"https:\/\/www.iso21500.de\/de\/#\/schema\/person\/13c5df3918ff1cab82ab9ca397d3e3a4","name":"Dennis Hain","image":{"@type":"ImageObject","inLanguage":"de","@id":"https:\/\/secure.gravatar.com\/avatar\/89898cfc3cb4dc6d7782fcd955179ebd47446145f4b7827e99ec78603be85eda?s=96&d=mm&r=g","url":"https:\/\/secure.gravatar.com\/avatar\/89898cfc3cb4dc6d7782fcd955179ebd47446145f4b7827e99ec78603be85eda?s=96&d=mm&r=g","contentUrl":"https:\/\/secure.gravatar.com\/avatar\/89898cfc3cb4dc6d7782fcd955179ebd47446145f4b7827e99ec78603be85eda?s=96&d=mm&r=g","caption":"Dennis Hain"},"logo":{"@id":"https:\/\/secure.gravatar.com\/avatar\/89898cfc3cb4dc6d7782fcd955179ebd47446145f4b7827e99ec78603be85eda?s=96&d=mm&r=g"},"sameAs":["https:\/\/www.fusepro.de"]}]}},"_links":{"self":[{"href":"https:\/\/www.iso21500.de\/de\/wp-json\/wp\/v2\/pages\/27","targetHints":{"allow":["GET"]}}],"collection":[{"href":"https:\/\/www.iso21500.de\/de\/wp-json\/wp\/v2\/pages"}],"about":[{"href":"https:\/\/www.iso21500.de\/de\/wp-json\/wp\/v2\/types\/page"}],"author":[{"embeddable":true,"href":"https:\/\/www.iso21500.de\/de\/wp-json\/wp\/v2\/users\/4"}],"replies":[{"embeddable":true,"href":"https:\/\/www.iso21500.de\/de\/wp-json\/wp\/v2\/comments?post=27"}],"version-history":[{"count":10,"href":"https:\/\/www.iso21500.de\/de\/wp-json\/wp\/v2\/pages\/27\/revisions"}],"predecessor-version":[{"id":4240,"href":"https:\/\/www.iso21500.de\/de\/wp-json\/wp\/v2\/pages\/27\/revisions\/4240"}],"up":[{"embeddable":true,"href":"https:\/\/www.iso21500.de\/de\/wp-json\/wp\/v2\/pages\/23"}],"wp:attachment":[{"href":"https:\/\/www.iso21500.de\/de\/wp-json\/wp\/v2\/media?parent=27"}],"curies":[{"name":"wp","href":"https:\/\/api.w.org\/{rel}","templated":true}]}}