{"id":3288,"date":"2023-09-05T14:03:28","date_gmt":"2023-09-05T12:03:28","guid":{"rendered":"https:\/\/www.iso21500.de\/?page_id=3288"},"modified":"2024-01-01T16:27:58","modified_gmt":"2024-01-01T15:27:58","slug":"einfach-mehr-iso","status":"publish","type":"page","link":"https:\/\/www.iso21500.de\/de\/einfach-mehr-iso\/","title":{"rendered":"Einfach mehr&nbsp;ISO"},"content":{"rendered":"<h2>\n<h2><strong>ISO Normen f\u00fcr Managementthemen<\/strong><\/h2>\n<\/h2>\n<div>\n<p>ISO-Normen sind international anerkannte Standards, die von der Internationalen Organisation f\u00fcr Normung (ISO) in zu unterschiedlichsten Themengebieten entwickelt wurden. Sie dienen dazu, die Qualit\u00e4t, Sicherheit und Einheitlichkeit von Produkten und Dienstleistungen zu gew\u00e4hrleisten und den internationalen Handel zu erleichtern. ISO-Normen sind in fast allen Lebensbereichen und Gesch\u00e4ftsfeldern zu finden. Einige der bekanntesten und wichtigsten ISO-Normen sind:<\/p>\n<ol>\n<li><strong>ISO 9001<\/strong>: Qualit\u00e4tsmanagementsysteme<\/li>\n<li><strong>ISO 14001<\/strong>: Umweltmanagementsysteme<\/li>\n<li><strong>ISO 27001<\/strong>: Informationssicherheitsmanagementsysteme<\/li>\n<li><strong>ISO 45001<\/strong>: Arbeitsschutzmanagementsysteme<\/li>\n<li><strong>ISO 50001<\/strong>: Energiemanagementsysteme<\/li>\n<\/ol>\n<p>Diese Normen helfen Unternehmen dabei, ihre Prozesse zu optimieren, Risiken zu minimieren und ihre Produkte und Dienstleistungen auf internationaler Ebene zu vermarkten.<\/p>\n<p>ISO Normen bieten M\u00f6glichkeiten zur Zertifizierung, um die Nutzung und Einhaltung der Standards zu dokumentieren.<\/p>\n<p>Weiterf\u00fchrende Informationen beispielsweise zur Informationssicherheit erhalten Sie&nbsp;unter:<\/p>\n<\/div>\n<p><a href=\"https:\/\/einfachiso.de\"><img decoding=\"async\" src=\"\/wp-content\/uploads\/logo_einfachISO.png\" alt><\/a><\/p>\n<p><!--more--><br>\n<!-- {\"name\":\"Layout Standart Vorlage\",\"type\":\"layout\",\"children\":[{\"name\":\"HeroUnterseite\",\"type\":\"section\",\"props\":{\"animation\":\"slide-bottom-medium\",\"animation_delay\":\"100\",\"header_transparent\":\"light\",\"header_transparent_noplaceholder\":true,\"image\":\"wp-content\\\/uploads\\\/photo-1494548162494-384bba4ab999-scaled.jpg\",\"image_effect\":\"parallax\",\"image_parallax_bgy\":\"170,0\",\"image_position\":\"center-center\",\"image_size\":\"cover\",\"media_overlay\":\"rgba(2, 106, 192, 0.33)\",\"overlap\":false,\"padding\":\"xlarge\",\"padding_remove_bottom\":false,\"style\":\"default\",\"title_breakpoint\":\"xl\",\"title_position\":\"top-left\",\"title_rotation\":\"left\",\"vertical_align\":\"middle\",\"width\":\"default\"},\"children\":[{\"type\":\"row\",\"props\":{\"margin\":\"medium\",\"margin_remove_bottom\":true,\"margin_remove_top\":false,\"vertical_align\":false},\"children\":[{\"type\":\"column\",\"props\":{\"image_height\":\"220\",\"image_parallax_bgy\":\"230,0\",\"image_position\":\"bottom-right\",\"image_width\":\"220\",\"position_sticky_breakpoint\":\"m\",\"text_color\":\"light\",\"width_medium\":\"1-1\"},\"children\":[{\"type\":\"headline\",\"props\":{\"title_element\":\"h1\",\"title_style\":\"heading-small\"},\"source\":{\"query\":{\"name\":\"pages.singlePage\"},\"props\":{\"content\":{\"filters\":{\"search\":\"\"},\"name\":\"title\"}}}}]}]}]},{\"type\":\"section\",\"props\":{\"image_position\":\"center-center\",\"style\":\"default\",\"title_breakpoint\":\"xl\",\"title_position\":\"top-left\",\"title_rotation\":\"left\",\"vertical_align\":\"middle\",\"width\":\"default\"},\"children\":[{\"type\":\"row\",\"children\":[{\"type\":\"column\",\"props\":{\"image_position\":\"center-center\",\"position_sticky_breakpoint\":\"m\"},\"children\":[{\"type\":\"breadcrumbs\",\"props\":{\"show_current\":true,\"show_home\":true}}]}]},{\"type\":\"row\",\"props\":{\"layout\":\"2-3,1-3\"},\"children\":[{\"type\":\"column\",\"props\":{\"image_position\":\"center-center\",\"position_sticky_breakpoint\":\"m\",\"width_medium\":\"2-3\"},\"children\":[{\"type\":\"headline\",\"props\":{\"content\":\"\n\n<h2><strong>ISO Normen f\\u00fcr Managementthemen<\\\/strong><\\\/h2>\",\"title_element\":\"h2\",\"title_style\":\"h3\"}},{\"type\":\"text\",\"props\":{\"column_breakpoint\":\"m\",\"content\":\"\n\n<p>ISO-Normen sind international anerkannte Standards, die von der Internationalen Organisation f\\u00fcr Normung (ISO) in zu unterschiedlichsten Themengebieten entwickelt wurden. Sie dienen dazu, die Qualit\\u00e4t, Sicherheit und Einheitlichkeit von Produkten und Dienstleistungen zu gew\\u00e4hrleisten und den internationalen Handel zu erleichtern. ISO-Normen sind in fast allen Lebensbereichen und Gesch\\u00e4ftsfeldern zu finden. Einige der bekanntesten und wichtigsten ISO-Normen sind:<\\\/p>\\n\n\n<ol>\\n\n\n<li><strong>ISO 9001<\\\/strong>: Qualit\\u00e4tsmanagementsysteme<\\\/li>\\n\n\n<li><strong>ISO 14001<\\\/strong>: Umweltmanagementsysteme<\\\/li>\\n\n\n<li><strong>ISO 27001<\\\/strong>: Informationssicherheitsmanagementsysteme<\\\/li>\\n\n\n<li><strong>ISO 45001<\\\/strong>: Arbeitsschutzmanagementsysteme<\\\/li>\\n\n\n<li><strong>ISO 50001<\\\/strong>: Energiemanagementsysteme<\\\/li>\\n<\\\/ol>\\n\n\n<p>Diese Normen helfen Unternehmen dabei, ihre Prozesse zu optimieren, Risiken zu minimieren und ihre Produkte und Dienstleistungen auf internationaler Ebene zu vermarkten.<\\\/p>\\n\n\n<p>ISO Normen bieten M\\u00f6glichkeiten zur Zertifizierung, um die Nutzung und Einhaltung der Standards zu dokumentieren.<\\\/p>\\n\n\n<p>Weiterf\\u00fchrende Informationen beispielsweise zur Informationssicherheit erhalten Sie unter:<\\\/p>\",\"margin\":\"default\"}},{\"type\":\"image\",\"props\":{\"image\":\"wp-content\\\/uploads\\\/logo_einfachISO.png\",\"image_svg_color\":\"emphasis\",\"link\":\"https:\\\/\\\/einfachiso.de\",\"link_target\":\"blank\",\"margin\":\"default\",\"text_align\":\"center\"}}]},{\"type\":\"column\",\"props\":{\"image_position\":\"center-center\",\"position_sticky_breakpoint\":\"m\",\"width_medium\":\"1-3\"}}]},{\"type\":\"row\",\"props\":{\"layout\":\"1-2,1-2\"},\"children\":[{\"type\":\"column\",\"props\":{\"image_position\":\"center-center\",\"position_sticky_breakpoint\":\"m\",\"width_medium\":\"1-2\"}},{\"type\":\"column\",\"props\":{\"image_position\":\"center-center\",\"position_sticky_breakpoint\":\"m\",\"width_medium\":\"1-2\"}}]},{\"type\":\"row\",\"props\":{\"layout\":\"1-2,1-2\"},\"children\":[{\"type\":\"column\",\"props\":{\"image_position\":\"center-center\",\"position_sticky_breakpoint\":\"m\",\"width_medium\":\"1-2\"}},{\"type\":\"column\",\"props\":{\"image_position\":\"center-center\",\"position_sticky_breakpoint\":\"m\",\"width_medium\":\"1-2\"}}]}]}],\"version\":\"4.0.5\",\"yooessentialsVersion\":\"2.0.7\"} --><\/p>\n","protected":false},"excerpt":{"rendered":"<p>ISO Normen f\u00fcr Managementthemen ISO-Normen sind international anerkannte Standards, die von der Internationalen Organisation f\u00fcr Normung (ISO) in zu unterschiedlichsten Themengebieten entwickelt wurden. Sie dienen dazu, die Qualit\u00e4t, Sicherheit und Einheitlichkeit von Produkten und Dienstleistungen zu gew\u00e4hrleisten und den internationalen Handel zu erleichtern. ISO-Normen sind in fast allen Lebensbereichen und Gesch\u00e4ftsfeldern zu finden. Einige der&nbsp;[\u2026]<\/p>\n","protected":false},"author":3,"featured_media":590,"parent":0,"menu_order":0,"comment_status":"closed","ping_status":"closed","template":"","meta":{"_acf_changed":false,"wp_typography_post_enhancements_disabled":false,"footnotes":""},"class_list":["post-3288","page","type-page","status-publish","has-post-thumbnail","hentry"],"acf":[],"yoast_head":"<!-- This site is optimized with the Yoast SEO plugin v27.2 - https:\/\/yoast.com\/product\/yoast-seo-wordpress\/ -->\n<title>ISO Normen f\u00fcr verschiedenste Managementthemen<\/title>\n<meta name=\"description\" content=\"Neben der ISO21500 f\u00fcr Projektmanagement gibt es mehr um bei Qualit\u00e4t und Einheitlichkeit von Produkten und Dienstleistungen zu helfen.\" \/>\n<meta name=\"robots\" content=\"index, follow, max-snippet:-1, max-image-preview:large, max-video-preview:-1\" \/>\n<link rel=\"canonical\" href=\"https:\/\/www.iso21500.de\/de\/einfach-mehr-iso\/\" \/>\n<meta property=\"og:locale\" content=\"de_DE\" \/>\n<meta property=\"og:type\" content=\"article\" \/>\n<meta property=\"og:title\" content=\"ISO Normen f\u00fcr verschiedenste Managementthemen\" \/>\n<meta property=\"og:description\" content=\"Neben der ISO21500 f\u00fcr Projektmanagement gibt es mehr um bei Qualit\u00e4t und Einheitlichkeit von Produkten und Dienstleistungen zu helfen.\" \/>\n<meta property=\"og:url\" content=\"https:\/\/www.iso21500.de\/de\/einfach-mehr-iso\/\" \/>\n<meta property=\"og:site_name\" content=\"Projektmanagement nach ISO21500\" \/>\n<meta property=\"article:modified_time\" content=\"2024-01-01T15:27:58+00:00\" \/>\n<meta property=\"og:image\" content=\"https:\/\/www.iso21500.de\/wp-content\/uploads\/2021\/10\/168.png.jpg\" \/>\n\t<meta property=\"og:image:width\" content=\"1520\" \/>\n\t<meta property=\"og:image:height\" content=\"1457\" \/>\n\t<meta property=\"og:image:type\" content=\"image\/jpeg\" \/>\n<meta name=\"twitter:card\" content=\"summary_large_image\" \/>\n<meta name=\"twitter:label1\" content=\"Gesch\u00e4tzte Lesezeit\" \/>\n\t<meta name=\"twitter:data1\" content=\"2\u00a0Minuten\" \/>\n<script type=\"application\/ld+json\" class=\"yoast-schema-graph\">{\"@context\":\"https:\/\/schema.org\",\"@graph\":[{\"@type\":\"WebPage\",\"@id\":\"https:\/\/www.iso21500.de\/de\/einfach-mehr-iso\/\",\"url\":\"https:\/\/www.iso21500.de\/de\/einfach-mehr-iso\/\",\"name\":\"ISO Normen f\u00fcr verschiedenste Managementthemen\",\"isPartOf\":{\"@id\":\"https:\/\/www.iso21500.de\/de\/#website\"},\"primaryImageOfPage\":{\"@id\":\"https:\/\/www.iso21500.de\/de\/einfach-mehr-iso\/#primaryimage\"},\"image\":{\"@id\":\"https:\/\/www.iso21500.de\/de\/einfach-mehr-iso\/#primaryimage\"},\"thumbnailUrl\":\"https:\/\/www.iso21500.de\/wp-content\/uploads\/2021\/10\/168.png.jpg\",\"datePublished\":\"2023-09-05T12:03:28+00:00\",\"dateModified\":\"2024-01-01T15:27:58+00:00\",\"description\":\"Neben der ISO21500 f\u00fcr Projektmanagement gibt es mehr um bei Qualit\u00e4t und Einheitlichkeit von Produkten und Dienstleistungen zu helfen.\",\"breadcrumb\":{\"@id\":\"https:\/\/www.iso21500.de\/de\/einfach-mehr-iso\/#breadcrumb\"},\"inLanguage\":\"de\",\"potentialAction\":[{\"@type\":\"ReadAction\",\"target\":[\"https:\/\/www.iso21500.de\/de\/einfach-mehr-iso\/\"]}]},{\"@type\":\"ImageObject\",\"inLanguage\":\"de\",\"@id\":\"https:\/\/www.iso21500.de\/de\/einfach-mehr-iso\/#primaryimage\",\"url\":\"https:\/\/www.iso21500.de\/wp-content\/uploads\/2021\/10\/168.png.jpg\",\"contentUrl\":\"https:\/\/www.iso21500.de\/wp-content\/uploads\/2021\/10\/168.png.jpg\",\"width\":1520,\"height\":1457},{\"@type\":\"BreadcrumbList\",\"@id\":\"https:\/\/www.iso21500.de\/de\/einfach-mehr-iso\/#breadcrumb\",\"itemListElement\":[{\"@type\":\"ListItem\",\"position\":1,\"name\":\"Startseite\",\"item\":\"https:\/\/www.iso21500.de\/de\/\"},{\"@type\":\"ListItem\",\"position\":2,\"name\":\"Einfach mehr ISO\"}]},{\"@type\":\"WebSite\",\"@id\":\"https:\/\/www.iso21500.de\/de\/#website\",\"url\":\"https:\/\/www.iso21500.de\/de\/\",\"name\":\"iso21500.de\",\"description\":\"neu: Projektmanagement nach ISO21502\",\"publisher\":{\"@id\":\"https:\/\/www.iso21500.de\/de\/#\/schema\/person\/13c5df3918ff1cab82ab9ca397d3e3a4\"},\"potentialAction\":[{\"@type\":\"SearchAction\",\"target\":{\"@type\":\"EntryPoint\",\"urlTemplate\":\"https:\/\/www.iso21500.de\/de\/?s={search_term_string}\"},\"query-input\":{\"@type\":\"PropertyValueSpecification\",\"valueRequired\":true,\"valueName\":\"search_term_string\"}}],\"inLanguage\":\"de\"},{\"@type\":[\"Person\",\"Organization\"],\"@id\":\"https:\/\/www.iso21500.de\/de\/#\/schema\/person\/13c5df3918ff1cab82ab9ca397d3e3a4\",\"name\":\"Dennis Hain\",\"image\":{\"@type\":\"ImageObject\",\"inLanguage\":\"de\",\"@id\":\"https:\/\/secure.gravatar.com\/avatar\/89898cfc3cb4dc6d7782fcd955179ebd47446145f4b7827e99ec78603be85eda?s=96&d=mm&r=g\",\"url\":\"https:\/\/secure.gravatar.com\/avatar\/89898cfc3cb4dc6d7782fcd955179ebd47446145f4b7827e99ec78603be85eda?s=96&d=mm&r=g\",\"contentUrl\":\"https:\/\/secure.gravatar.com\/avatar\/89898cfc3cb4dc6d7782fcd955179ebd47446145f4b7827e99ec78603be85eda?s=96&d=mm&r=g\",\"caption\":\"Dennis Hain\"},\"logo\":{\"@id\":\"https:\/\/secure.gravatar.com\/avatar\/89898cfc3cb4dc6d7782fcd955179ebd47446145f4b7827e99ec78603be85eda?s=96&d=mm&r=g\"},\"sameAs\":[\"https:\/\/www.fusepro.de\"]}]}<\/script>\n<!-- \/ Yoast SEO plugin. -->","yoast_head_json":{"title":"ISO Normen f\u00fcr verschiedenste Managementthemen","description":"Neben der ISO21500 f\u00fcr Projektmanagement gibt es mehr um bei Qualit\u00e4t und Einheitlichkeit von Produkten und Dienstleistungen zu helfen.","robots":{"index":"index","follow":"follow","max-snippet":"max-snippet:-1","max-image-preview":"max-image-preview:large","max-video-preview":"max-video-preview:-1"},"canonical":"https:\/\/www.iso21500.de\/de\/einfach-mehr-iso\/","og_locale":"de_DE","og_type":"article","og_title":"ISO Normen f\u00fcr verschiedenste Managementthemen","og_description":"Neben der ISO21500 f\u00fcr Projektmanagement gibt es mehr um bei Qualit\u00e4t und Einheitlichkeit von Produkten und Dienstleistungen zu helfen.","og_url":"https:\/\/www.iso21500.de\/de\/einfach-mehr-iso\/","og_site_name":"Projektmanagement nach ISO21500","article_modified_time":"2024-01-01T15:27:58+00:00","og_image":[{"width":1520,"height":1457,"url":"https:\/\/www.iso21500.de\/wp-content\/uploads\/2021\/10\/168.png.jpg","type":"image\/jpeg"}],"twitter_card":"summary_large_image","twitter_misc":{"Gesch\u00e4tzte Lesezeit":"2\u00a0Minuten"},"schema":{"@context":"https:\/\/schema.org","@graph":[{"@type":"WebPage","@id":"https:\/\/www.iso21500.de\/de\/einfach-mehr-iso\/","url":"https:\/\/www.iso21500.de\/de\/einfach-mehr-iso\/","name":"ISO Normen f\u00fcr verschiedenste Managementthemen","isPartOf":{"@id":"https:\/\/www.iso21500.de\/de\/#website"},"primaryImageOfPage":{"@id":"https:\/\/www.iso21500.de\/de\/einfach-mehr-iso\/#primaryimage"},"image":{"@id":"https:\/\/www.iso21500.de\/de\/einfach-mehr-iso\/#primaryimage"},"thumbnailUrl":"https:\/\/www.iso21500.de\/wp-content\/uploads\/2021\/10\/168.png.jpg","datePublished":"2023-09-05T12:03:28+00:00","dateModified":"2024-01-01T15:27:58+00:00","description":"Neben der ISO21500 f\u00fcr Projektmanagement gibt es mehr um bei Qualit\u00e4t und Einheitlichkeit von Produkten und Dienstleistungen zu helfen.","breadcrumb":{"@id":"https:\/\/www.iso21500.de\/de\/einfach-mehr-iso\/#breadcrumb"},"inLanguage":"de","potentialAction":[{"@type":"ReadAction","target":["https:\/\/www.iso21500.de\/de\/einfach-mehr-iso\/"]}]},{"@type":"ImageObject","inLanguage":"de","@id":"https:\/\/www.iso21500.de\/de\/einfach-mehr-iso\/#primaryimage","url":"https:\/\/www.iso21500.de\/wp-content\/uploads\/2021\/10\/168.png.jpg","contentUrl":"https:\/\/www.iso21500.de\/wp-content\/uploads\/2021\/10\/168.png.jpg","width":1520,"height":1457},{"@type":"BreadcrumbList","@id":"https:\/\/www.iso21500.de\/de\/einfach-mehr-iso\/#breadcrumb","itemListElement":[{"@type":"ListItem","position":1,"name":"Startseite","item":"https:\/\/www.iso21500.de\/de\/"},{"@type":"ListItem","position":2,"name":"Einfach mehr ISO"}]},{"@type":"WebSite","@id":"https:\/\/www.iso21500.de\/de\/#website","url":"https:\/\/www.iso21500.de\/de\/","name":"iso21500.de","description":"neu: Projektmanagement nach ISO21502","publisher":{"@id":"https:\/\/www.iso21500.de\/de\/#\/schema\/person\/13c5df3918ff1cab82ab9ca397d3e3a4"},"potentialAction":[{"@type":"SearchAction","target":{"@type":"EntryPoint","urlTemplate":"https:\/\/www.iso21500.de\/de\/?s={search_term_string}"},"query-input":{"@type":"PropertyValueSpecification","valueRequired":true,"valueName":"search_term_string"}}],"inLanguage":"de"},{"@type":["Person","Organization"],"@id":"https:\/\/www.iso21500.de\/de\/#\/schema\/person\/13c5df3918ff1cab82ab9ca397d3e3a4","name":"Dennis Hain","image":{"@type":"ImageObject","inLanguage":"de","@id":"https:\/\/secure.gravatar.com\/avatar\/89898cfc3cb4dc6d7782fcd955179ebd47446145f4b7827e99ec78603be85eda?s=96&d=mm&r=g","url":"https:\/\/secure.gravatar.com\/avatar\/89898cfc3cb4dc6d7782fcd955179ebd47446145f4b7827e99ec78603be85eda?s=96&d=mm&r=g","contentUrl":"https:\/\/secure.gravatar.com\/avatar\/89898cfc3cb4dc6d7782fcd955179ebd47446145f4b7827e99ec78603be85eda?s=96&d=mm&r=g","caption":"Dennis Hain"},"logo":{"@id":"https:\/\/secure.gravatar.com\/avatar\/89898cfc3cb4dc6d7782fcd955179ebd47446145f4b7827e99ec78603be85eda?s=96&d=mm&r=g"},"sameAs":["https:\/\/www.fusepro.de"]}]}},"_links":{"self":[{"href":"https:\/\/www.iso21500.de\/de\/wp-json\/wp\/v2\/pages\/3288","targetHints":{"allow":["GET"]}}],"collection":[{"href":"https:\/\/www.iso21500.de\/de\/wp-json\/wp\/v2\/pages"}],"about":[{"href":"https:\/\/www.iso21500.de\/de\/wp-json\/wp\/v2\/types\/page"}],"author":[{"embeddable":true,"href":"https:\/\/www.iso21500.de\/de\/wp-json\/wp\/v2\/users\/3"}],"replies":[{"embeddable":true,"href":"https:\/\/www.iso21500.de\/de\/wp-json\/wp\/v2\/comments?post=3288"}],"version-history":[{"count":6,"href":"https:\/\/www.iso21500.de\/de\/wp-json\/wp\/v2\/pages\/3288\/revisions"}],"predecessor-version":[{"id":3308,"href":"https:\/\/www.iso21500.de\/de\/wp-json\/wp\/v2\/pages\/3288\/revisions\/3308"}],"wp:featuredmedia":[{"embeddable":true,"href":"https:\/\/www.iso21500.de\/de\/wp-json\/wp\/v2\/media\/590"}],"wp:attachment":[{"href":"https:\/\/www.iso21500.de\/de\/wp-json\/wp\/v2\/media?parent=3288"}],"curies":[{"name":"wp","href":"https:\/\/api.w.org\/{rel}","templated":true}]}}