{"id":33,"date":"2021-10-07T20:46:26","date_gmt":"2021-10-07T18:46:26","guid":{"rendered":"https:\/\/www.iso21500.de\/?page_id=33"},"modified":"2023-07-27T11:07:04","modified_gmt":"2023-07-27T09:07:04","slug":"projektmanagement-fuer-kabelverleger","status":"publish","type":"page","link":"https:\/\/www.iso21500.de\/de\/projektmanagement-fuer-kabelverleger\/","title":{"rendered":"PM-Seminare f\u00fcr Kabelverleger"},"content":{"rendered":"\n<h2 class=\"wp-block-heading\">Projektmanagement-Seminar mit Branchenerfahrung<\/h2>\n\n\n\n<p>Projektmanagement ist eine Basiskompetenz \u2013 besonders auch f\u00fcr <strong>Kabelverleger im Hoch- und Tiefbau<\/strong>. Projektmanagement erm\u00f6glicht es, Vorhaben termingerecht und im vorgegebenen Kostenrahmen zu erledigen. Darin sind Dutzende von Einzeldisziplinen wie Risiko\u2011, Qualit\u00e4ts- oder Kommunikationsmanagement enthalten, die einzeln oder integriert weiterzuentwickeln sind.<\/p>\n\n\n\n<p>Viele Trainer betrachten die Projektmanagementthemen isoliert \u2013 ohne den fachlichen Bezug.&nbsp; Dies ist m\u00f6glich, aber suboptimal. Erst mit einem inhaltlichen Verst\u00e4ndnis f\u00fcr die Branche, ihre Sprache und Herausforderungen wird eine Atmosph\u00e4re geschaffen, in der die Wissensvermittlung und Weiterbildung auf hohem Niveau aufsetzen und sich entfalten kann.<\/p>\n\n\n\n<p>Unser Seminarleiter, Norbert D\u00e4hne, ist Berater, Coach und Trainer f\u00fcr Themen rund um Projekte, Bauvorhaben und Personalentwicklung. Und er hat erfolgreich f\u00fcr <strong>Kabelunternehmen in Projekten<\/strong> gearbeitet. Gemeinsam mit Netzwerkpartnern hat er das Projektmanagement marktbekannter Kabelfirmen nach ISO 21500 ausgerichtet, was in dieser Branche in Ausschreibungen h\u00e4ufiger gefordert wird. Dabei wurden Projekthandb\u00fccher erstellt, Vorlagen und Hilfsmittel bereitgestellt sowie Mitarbeiter trainiert und Zertifizierungen durchgef\u00fchrt.<\/p>\n\n\n\n<p>Gerne werden auch Projektmanagement-Seminare f\u00fcr F\u00fchrungskr\u00e4fte durchgef\u00fchrt, da die Manager die entscheidenden Weichen f\u00fcr Projekte stellen m\u00fcssen und dabei oft Defizite erkennen lassen. Unser Trainer ist seit langem ein erfolgreicher Manager in gro\u00dfen und kleinen Unternehmen.&nbsp;<\/p>\n\n\n\n<p>Die grunds\u00e4tzlichen Inhalte des Projektmanagement-Seminars finden Sie bei einem <a href=\"https:\/\/www.iso21500.de\/de\/seminare-projektmanagement-nach-iso21\/\">Klick hier<\/a>.<\/p>\n\n\n\n<p>Oder sprechen Sie direkt mit dem Seminarleiter:&nbsp;<\/p>\n\n\n\n<p>Norbert Daehne<\/p>\n\n\n\n<p>+49 1566 1667606&nbsp;<\/p>\n","protected":false},"excerpt":{"rendered":"<p>Projektmanagement-Seminar mit Branchenerfahrung Projektmanagement ist eine Basiskompetenz \u2013 besonders auch f\u00fcr Kabelverleger im Hoch- und Tiefbau. Projektmanagement erm\u00f6glicht es, Vorhaben termingerecht und im vorgegebenen Kostenrahmen zu erledigen. Darin sind Dutzende von Einzeldisziplinen wie Risiko\u2011, Qualit\u00e4ts- oder Kommunikationsmanagement enthalten, die einzeln oder integriert weiterzuentwickeln sind. Viele Trainer betrachten die Projektmanagementthemen isoliert \u2013 ohne den fachlichen Bezug.&nbsp;[\u2026]<\/p>\n","protected":false},"author":4,"featured_media":0,"parent":0,"menu_order":0,"comment_status":"closed","ping_status":"closed","template":"","meta":{"_acf_changed":false,"wp_typography_post_enhancements_disabled":false,"footnotes":""},"class_list":["post-33","page","type-page","status-publish","hentry"],"acf":[],"yoast_head":"<!-- This site is optimized with the Yoast SEO plugin v27.2 - https:\/\/yoast.com\/product\/yoast-seo-wordpress\/ -->\n<title>PM-Seminare f\u00fcr Kabelverleger durch Trainer mit Brancherfahrung<\/title>\n<meta name=\"description\" content=\"Projektmanagement-Seminar nach ISO 21500 f\u00fcr Kabelverleger durch Trainer mit Branchenerfahrung, Managementbackground und Begeisterungsqualit\u00e4t\" \/>\n<meta name=\"robots\" content=\"index, follow, max-snippet:-1, max-image-preview:large, max-video-preview:-1\" \/>\n<link rel=\"canonical\" href=\"https:\/\/www.iso21500.de\/de\/projektmanagement-fuer-kabelverleger\/\" \/>\n<meta property=\"og:locale\" content=\"de_DE\" \/>\n<meta property=\"og:type\" content=\"article\" \/>\n<meta property=\"og:title\" content=\"PM-Seminare f\u00fcr Kabelverleger durch Trainer mit Brancherfahrung\" \/>\n<meta property=\"og:description\" content=\"Projektmanagement-Seminar nach ISO 21500 f\u00fcr Kabelverleger durch Trainer mit Branchenerfahrung, Managementbackground und Begeisterungsqualit\u00e4t\" \/>\n<meta property=\"og:url\" content=\"https:\/\/www.iso21500.de\/de\/projektmanagement-fuer-kabelverleger\/\" \/>\n<meta property=\"og:site_name\" content=\"Projektmanagement nach ISO21500\" \/>\n<meta property=\"article:modified_time\" content=\"2023-07-27T09:07:04+00:00\" \/>\n<meta name=\"twitter:card\" content=\"summary_large_image\" \/>\n<meta name=\"twitter:label1\" content=\"Gesch\u00e4tzte Lesezeit\" \/>\n\t<meta name=\"twitter:data1\" content=\"2\u00a0Minuten\" \/>\n<script type=\"application\/ld+json\" class=\"yoast-schema-graph\">{\"@context\":\"https:\/\/schema.org\",\"@graph\":[{\"@type\":\"WebPage\",\"@id\":\"https:\/\/www.iso21500.de\/de\/projektmanagement-fuer-kabelverleger\/\",\"url\":\"https:\/\/www.iso21500.de\/de\/projektmanagement-fuer-kabelverleger\/\",\"name\":\"PM-Seminare f\u00fcr Kabelverleger durch Trainer mit Brancherfahrung\",\"isPartOf\":{\"@id\":\"https:\/\/www.iso21500.de\/de\/#website\"},\"datePublished\":\"2021-10-07T18:46:26+00:00\",\"dateModified\":\"2023-07-27T09:07:04+00:00\",\"description\":\"Projektmanagement-Seminar nach ISO 21500 f\u00fcr Kabelverleger durch Trainer mit Branchenerfahrung, Managementbackground und Begeisterungsqualit\u00e4t\",\"breadcrumb\":{\"@id\":\"https:\/\/www.iso21500.de\/de\/projektmanagement-fuer-kabelverleger\/#breadcrumb\"},\"inLanguage\":\"de\",\"potentialAction\":[{\"@type\":\"ReadAction\",\"target\":[\"https:\/\/www.iso21500.de\/de\/projektmanagement-fuer-kabelverleger\/\"]}]},{\"@type\":\"BreadcrumbList\",\"@id\":\"https:\/\/www.iso21500.de\/de\/projektmanagement-fuer-kabelverleger\/#breadcrumb\",\"itemListElement\":[{\"@type\":\"ListItem\",\"position\":1,\"name\":\"Startseite\",\"item\":\"https:\/\/www.iso21500.de\/de\/\"},{\"@type\":\"ListItem\",\"position\":2,\"name\":\"PM-Seminare f\u00fcr Kabelverleger\"}]},{\"@type\":\"WebSite\",\"@id\":\"https:\/\/www.iso21500.de\/de\/#website\",\"url\":\"https:\/\/www.iso21500.de\/de\/\",\"name\":\"iso21500.de\",\"description\":\"neu: Projektmanagement nach ISO21502\",\"publisher\":{\"@id\":\"https:\/\/www.iso21500.de\/de\/#\/schema\/person\/13c5df3918ff1cab82ab9ca397d3e3a4\"},\"potentialAction\":[{\"@type\":\"SearchAction\",\"target\":{\"@type\":\"EntryPoint\",\"urlTemplate\":\"https:\/\/www.iso21500.de\/de\/?s={search_term_string}\"},\"query-input\":{\"@type\":\"PropertyValueSpecification\",\"valueRequired\":true,\"valueName\":\"search_term_string\"}}],\"inLanguage\":\"de\"},{\"@type\":[\"Person\",\"Organization\"],\"@id\":\"https:\/\/www.iso21500.de\/de\/#\/schema\/person\/13c5df3918ff1cab82ab9ca397d3e3a4\",\"name\":\"Dennis Hain\",\"image\":{\"@type\":\"ImageObject\",\"inLanguage\":\"de\",\"@id\":\"https:\/\/secure.gravatar.com\/avatar\/89898cfc3cb4dc6d7782fcd955179ebd47446145f4b7827e99ec78603be85eda?s=96&d=mm&r=g\",\"url\":\"https:\/\/secure.gravatar.com\/avatar\/89898cfc3cb4dc6d7782fcd955179ebd47446145f4b7827e99ec78603be85eda?s=96&d=mm&r=g\",\"contentUrl\":\"https:\/\/secure.gravatar.com\/avatar\/89898cfc3cb4dc6d7782fcd955179ebd47446145f4b7827e99ec78603be85eda?s=96&d=mm&r=g\",\"caption\":\"Dennis Hain\"},\"logo\":{\"@id\":\"https:\/\/secure.gravatar.com\/avatar\/89898cfc3cb4dc6d7782fcd955179ebd47446145f4b7827e99ec78603be85eda?s=96&d=mm&r=g\"},\"sameAs\":[\"https:\/\/www.fusepro.de\"]}]}<\/script>\n<!-- \/ Yoast SEO plugin. -->","yoast_head_json":{"title":"PM-Seminare f\u00fcr Kabelverleger durch Trainer mit Brancherfahrung","description":"Projektmanagement-Seminar nach ISO 21500 f\u00fcr Kabelverleger durch Trainer mit Branchenerfahrung, Managementbackground und Begeisterungsqualit\u00e4t","robots":{"index":"index","follow":"follow","max-snippet":"max-snippet:-1","max-image-preview":"max-image-preview:large","max-video-preview":"max-video-preview:-1"},"canonical":"https:\/\/www.iso21500.de\/de\/projektmanagement-fuer-kabelverleger\/","og_locale":"de_DE","og_type":"article","og_title":"PM-Seminare f\u00fcr Kabelverleger durch Trainer mit Brancherfahrung","og_description":"Projektmanagement-Seminar nach ISO 21500 f\u00fcr Kabelverleger durch Trainer mit Branchenerfahrung, Managementbackground und Begeisterungsqualit\u00e4t","og_url":"https:\/\/www.iso21500.de\/de\/projektmanagement-fuer-kabelverleger\/","og_site_name":"Projektmanagement nach ISO21500","article_modified_time":"2023-07-27T09:07:04+00:00","twitter_card":"summary_large_image","twitter_misc":{"Gesch\u00e4tzte Lesezeit":"2\u00a0Minuten"},"schema":{"@context":"https:\/\/schema.org","@graph":[{"@type":"WebPage","@id":"https:\/\/www.iso21500.de\/de\/projektmanagement-fuer-kabelverleger\/","url":"https:\/\/www.iso21500.de\/de\/projektmanagement-fuer-kabelverleger\/","name":"PM-Seminare f\u00fcr Kabelverleger durch Trainer mit Brancherfahrung","isPartOf":{"@id":"https:\/\/www.iso21500.de\/de\/#website"},"datePublished":"2021-10-07T18:46:26+00:00","dateModified":"2023-07-27T09:07:04+00:00","description":"Projektmanagement-Seminar nach ISO 21500 f\u00fcr Kabelverleger durch Trainer mit Branchenerfahrung, Managementbackground und Begeisterungsqualit\u00e4t","breadcrumb":{"@id":"https:\/\/www.iso21500.de\/de\/projektmanagement-fuer-kabelverleger\/#breadcrumb"},"inLanguage":"de","potentialAction":[{"@type":"ReadAction","target":["https:\/\/www.iso21500.de\/de\/projektmanagement-fuer-kabelverleger\/"]}]},{"@type":"BreadcrumbList","@id":"https:\/\/www.iso21500.de\/de\/projektmanagement-fuer-kabelverleger\/#breadcrumb","itemListElement":[{"@type":"ListItem","position":1,"name":"Startseite","item":"https:\/\/www.iso21500.de\/de\/"},{"@type":"ListItem","position":2,"name":"PM-Seminare f\u00fcr Kabelverleger"}]},{"@type":"WebSite","@id":"https:\/\/www.iso21500.de\/de\/#website","url":"https:\/\/www.iso21500.de\/de\/","name":"iso21500.de","description":"neu: Projektmanagement nach ISO21502","publisher":{"@id":"https:\/\/www.iso21500.de\/de\/#\/schema\/person\/13c5df3918ff1cab82ab9ca397d3e3a4"},"potentialAction":[{"@type":"SearchAction","target":{"@type":"EntryPoint","urlTemplate":"https:\/\/www.iso21500.de\/de\/?s={search_term_string}"},"query-input":{"@type":"PropertyValueSpecification","valueRequired":true,"valueName":"search_term_string"}}],"inLanguage":"de"},{"@type":["Person","Organization"],"@id":"https:\/\/www.iso21500.de\/de\/#\/schema\/person\/13c5df3918ff1cab82ab9ca397d3e3a4","name":"Dennis Hain","image":{"@type":"ImageObject","inLanguage":"de","@id":"https:\/\/secure.gravatar.com\/avatar\/89898cfc3cb4dc6d7782fcd955179ebd47446145f4b7827e99ec78603be85eda?s=96&d=mm&r=g","url":"https:\/\/secure.gravatar.com\/avatar\/89898cfc3cb4dc6d7782fcd955179ebd47446145f4b7827e99ec78603be85eda?s=96&d=mm&r=g","contentUrl":"https:\/\/secure.gravatar.com\/avatar\/89898cfc3cb4dc6d7782fcd955179ebd47446145f4b7827e99ec78603be85eda?s=96&d=mm&r=g","caption":"Dennis Hain"},"logo":{"@id":"https:\/\/secure.gravatar.com\/avatar\/89898cfc3cb4dc6d7782fcd955179ebd47446145f4b7827e99ec78603be85eda?s=96&d=mm&r=g"},"sameAs":["https:\/\/www.fusepro.de"]}]}},"_links":{"self":[{"href":"https:\/\/www.iso21500.de\/de\/wp-json\/wp\/v2\/pages\/33","targetHints":{"allow":["GET"]}}],"collection":[{"href":"https:\/\/www.iso21500.de\/de\/wp-json\/wp\/v2\/pages"}],"about":[{"href":"https:\/\/www.iso21500.de\/de\/wp-json\/wp\/v2\/types\/page"}],"author":[{"embeddable":true,"href":"https:\/\/www.iso21500.de\/de\/wp-json\/wp\/v2\/users\/4"}],"replies":[{"embeddable":true,"href":"https:\/\/www.iso21500.de\/de\/wp-json\/wp\/v2\/comments?post=33"}],"version-history":[{"count":9,"href":"https:\/\/www.iso21500.de\/de\/wp-json\/wp\/v2\/pages\/33\/revisions"}],"predecessor-version":[{"id":3250,"href":"https:\/\/www.iso21500.de\/de\/wp-json\/wp\/v2\/pages\/33\/revisions\/3250"}],"wp:attachment":[{"href":"https:\/\/www.iso21500.de\/de\/wp-json\/wp\/v2\/media?parent=33"}],"curies":[{"name":"wp","href":"https:\/\/api.w.org\/{rel}","templated":true}]}}