{"id":3359,"date":"2023-12-16T18:26:03","date_gmt":"2023-12-16T17:26:03","guid":{"rendered":"https:\/\/www.iso21500.de\/?page_id=3359"},"modified":"2023-12-17T16:13:26","modified_gmt":"2023-12-17T15:13:26","slug":"projektmanagement-glossar-ueberblick","status":"publish","type":"page","link":"https:\/\/www.iso21500.de\/de\/projektmanagement-glossar-ueberblick\/","title":{"rendered":"Projektmanagement Glossar \u2014 \u00dcberblick"},"content":{"rendered":"<h2>Projekt Management Glossar<\/h2>\n<div>\n<p>In unserem umfassenden Projektmanagement-Glossar finden Sie Sie eine Zusammenstellung von Begriffen, Definitionen und zus\u00e4tzlichen Informationen, die Ihnen helfen, die Welt des Projektmanagements besser zu verstehen. Ob Sie ein erfahrener Projektmanager, ein Teammitglied oder einfach nur neugierig sind \u2013 dieses Glossar bietet Ihnen wertvolle Einblicke in die Schl\u00fcsselbegriffe und Konzepte, die im Bereich Projektmanagement relevant sind.<\/p>\n<p>Unser Glossar bietet nicht nur pr\u00e4zise Definitionen, sondern auch Hintergrundinformationen, Tipps und Tricks sowie interessante Einblicke, die Ihnen dabei helfen werden, effektiver zu planen, zu koordinieren und Projekte erfolgreich abzuschlie\u00dfen. Egal, ob Sie nach Informationen zu Projektphasen, Methodologien, oder Schl\u00fcsselakteuren wie dem Auftraggeber suchen \u2013 hier sind Sie genau richtig.<\/p>\n<p>Tauchen Sie ein in die Welt des Projektmanagements und erweitern Sie Ihr Verst\u00e4ndnis f\u00fcr die Fachbegriffe, die den Projekterfolg ma\u00dfgeblich beeinflussen. Wir laden Sie ein, unser Glossar zu durchst\u00f6bern und freuen uns darauf, Sie auf Ihrer Reise durch die facettenreiche Welt des Projektmanagements zu begleiten.<\/p>\n<\/div>\n<p><img decoding=\"async\" src=\"\/wp-content\/uploads\/projektmanagement-glossar.png\" alt><\/p>\n<h1>PM-Begriffe im \u00dcberblick<\/h1>\n<div>\n<p><span>Klicken Sie auf einen der Projektmanagement-Begriffe und desssen Definiton um mehr Informationen sowie Tipps und Tricks zu erhalten.<\/span><\/p>\n<\/div>\n<div>\n<\/div>\n<p><!--more--><br>\n<!-- {\"type\":\"layout\",\"children\":[{\"name\":\"HeroUnterseite\",\"type\":\"section\",\"props\":{\"animation\":\"slide-bottom-medium\",\"animation_delay\":\"100\",\"header_transparent\":\"light\",\"header_transparent_noplaceholder\":true,\"image\":\"wp-content\\\/uploads\\\/photo-1494548162494-384bba4ab999-scaled.jpg\",\"image_effect\":\"parallax\",\"image_parallax_bgy\":\"170,0\",\"image_position\":\"center-center\",\"image_size\":\"cover\",\"media_overlay\":\"rgba(2, 106, 192, 0.33)\",\"overlap\":false,\"padding\":\"xlarge\",\"padding_remove_bottom\":false,\"style\":\"default\",\"title_breakpoint\":\"xl\",\"title_position\":\"top-left\",\"title_rotation\":\"left\",\"vertical_align\":\"middle\",\"width\":\"default\"},\"children\":[{\"type\":\"row\",\"props\":{\"margin\":\"medium\",\"margin_remove_bottom\":true,\"margin_remove_top\":false,\"vertical_align\":false},\"children\":[{\"type\":\"column\",\"props\":{\"image_height\":\"220\",\"image_parallax_bgy\":\"230,0\",\"image_position\":\"bottom-right\",\"image_width\":\"220\",\"position_sticky_breakpoint\":\"m\",\"text_color\":\"light\",\"width_medium\":\"1-1\"},\"children\":[{\"type\":\"headline\",\"props\":{\"title_element\":\"h1\",\"title_style\":\"heading-small\"},\"source\":{\"query\":{\"name\":\"pages.singlePage\"},\"props\":{\"content\":{\"filters\":{\"search\":\"\"},\"name\":\"title\"}}}}]}]}]},{\"name\":\"Gallery\",\"type\":\"section\",\"props\":{\"animation\":\"slide-bottom-medium\",\"animation_delay\":\"200\",\"id\":\"plugins\",\"image_position\":\"top-center\",\"padding\":\"large\",\"padding_remove_bottom\":false,\"padding_remove_top\":false,\"style\":\"default\",\"title_breakpoint\":\"xl\",\"title_position\":\"top-left\",\"title_rotation\":\"left\",\"vertical_align\":\"middle\",\"width\":\"default\"},\"children\":[{\"type\":\"row\",\"props\":{\"margin\":\"default\",\"margin_remove_top\":false},\"children\":[{\"type\":\"column\",\"props\":{\"image_position\":\"center-center\",\"position_sticky_breakpoint\":\"m\"},\"children\":[{\"type\":\"breadcrumbs\",\"props\":{\"show_current\":true,\"show_home\":true}},{\"type\":\"headline\",\"props\":{\"content\":\"Projekt Management Glossar\",\"margin\":\"default\",\"margin_remove_top\":false,\"title_element\":\"h2\",\"title_style\":\"h1\"}}]}]},{\"type\":\"row\",\"props\":{\"layout\":\"1-2,1-2\"},\"children\":[{\"type\":\"column\",\"props\":{\"image_position\":\"center-center\",\"position_sticky_breakpoint\":\"m\",\"width_medium\":\"1-2\"},\"children\":[{\"type\":\"text\",\"props\":{\"column_breakpoint\":\"m\",\"content\":\"\n\n<p>In unserem umfassenden Projektmanagement-Glossar finden Sie Sie eine Zusammenstellung von Begriffen, Definitionen und zus\\u00e4tzlichen Informationen, die Ihnen helfen, die Welt des Projektmanagements besser zu verstehen. Ob Sie ein erfahrener Projektmanager, ein Teammitglied oder einfach nur neugierig sind \\u2013 dieses Glossar bietet Ihnen wertvolle Einblicke in die Schl\\u00fcsselbegriffe und Konzepte, die im Bereich Projektmanagement relevant sind.<\\\/p>\\n\n\n<p>Unser Glossar bietet nicht nur pr\\u00e4zise Definitionen, sondern auch Hintergrundinformationen, Tipps und Tricks sowie interessante Einblicke, die Ihnen dabei helfen werden, effektiver zu planen, zu koordinieren und Projekte erfolgreich abzuschlie\\u00dfen. Egal, ob Sie nach Informationen zu Projektphasen, Methodologien, oder Schl\\u00fcsselakteuren wie dem Auftraggeber suchen \\u2013 hier sind Sie genau richtig.<\\\/p>\\n\n\n<p>Tauchen Sie ein in die Welt des Projektmanagements und erweitern Sie Ihr Verst\\u00e4ndnis f\\u00fcr die Fachbegriffe, die den Projekterfolg ma\\u00dfgeblich beeinflussen. Wir laden Sie ein, unser Glossar zu durchst\\u00f6bern und freuen uns darauf, Sie auf Ihrer Reise durch die facettenreiche Welt des Projektmanagements zu begleiten.<\\\/p>\",\"margin\":\"default\"}}]},{\"type\":\"column\",\"props\":{\"image_position\":\"center-center\",\"position_sticky_breakpoint\":\"m\",\"width_medium\":\"1-2\"},\"children\":[{\"type\":\"image\",\"props\":{\"css\":\"img{border-radius:25px;}\",\"image\":\"wp-content\\\/uploads\\\/projektmanagement-glossar.png\",\"image_svg_color\":\"emphasis\",\"margin\":\"default\"}}]}]}]},{\"type\":\"section\",\"props\":{\"image_position\":\"center-center\",\"style\":\"primary\",\"title_breakpoint\":\"xl\",\"title_position\":\"top-left\",\"title_rotation\":\"left\",\"vertical_align\":\"middle\",\"width\":\"default\"},\"children\":[{\"type\":\"row\",\"children\":[{\"type\":\"column\",\"props\":{\"image_position\":\"center-center\",\"position_sticky_breakpoint\":\"m\"},\"children\":[{\"type\":\"headline\",\"props\":{\"content\":\"PM-Begriffe im \\u00dcberblick\",\"title_element\":\"h1\"}},{\"type\":\"text\",\"props\":{\"column_breakpoint\":\"m\",\"content\":\"\n\n<p><span>Klicken Sie auf einen der Projektmanagement-Begriffe und desssen Definiton um mehr Informationen sowie Tipps und Tricks zu erhalten.<\\\/span><\\\/p>\",\"margin\":\"default\"}}]}]}]},{\"type\":\"section\",\"props\":{\"image_position\":\"center-center\",\"style\":\"default\",\"title_breakpoint\":\"xl\",\"title_position\":\"top-left\",\"title_rotation\":\"left\",\"vertical_align\":\"middle\",\"width\":\"default\"},\"children\":[{\"type\":\"row\",\"children\":[{\"type\":\"column\",\"props\":{\"image_position\":\"center-center\",\"position_sticky_breakpoint\":\"m\"},\"children\":[{\"type\":\"grid\",\"props\":{\"content_column_breakpoint\":\"m\",\"css\":\".el-item > * {\\nbackground-color: white}\",\"filter_align\":\"left\",\"filter_all\":true,\"filter_grid_breakpoint\":\"m\",\"filter_grid_width\":\"auto\",\"filter_position\":\"top\",\"filter_style\":\"tab\",\"grid_default\":\"1\",\"grid_medium\":\"3\",\"grid_small\":\"2\",\"icon_width\":80,\"image_align\":\"top\",\"image_grid_breakpoint\":\"m\",\"image_grid_width\":\"1-2\",\"image_svg_color\":\"emphasis\",\"image_width\":\"600\",\"item_animation\":true,\"link_size\":\"small\",\"link_style\":\"default\",\"link_text\":\"\",\"margin\":\"default\",\"meta_align\":\"below-title\",\"meta_element\":\"div\",\"meta_margin\":\"small\",\"meta_style\":\"text-meta\",\"panel_image_no_padding\":true,\"panel_link\":true,\"panel_padding\":\"default\",\"panel_style\":\"card-default\",\"parallax_easing\":\"1\",\"show_content\":true,\"show_image\":true,\"show_link\":true,\"show_meta\":true,\"show_title\":true,\"text_align\":\"left\",\"title_align\":\"top\",\"title_element\":\"h3\",\"title_grid_breakpoint\":\"m\",\"title_grid_width\":\"1-2\",\"title_hover_style\":\"reset\",\"title_style\":\"h4\"},\"children\":[{\"type\":\"grid_item\",\"source\":{\"props\":{\"title\":{\"filters\":{\"search\":\"\"},\"name\":\"field.term_de\"},\"meta\":{\"filters\":{\"search\":\"\"},\"name\":\"field.definition\"},\"link\":{\"filters\":{\"search\":\"\"},\"name\":\"link\"},\"link_text\":{\"filters\":{\"search\":\"\",\"after\":\"-Zusatzinformation aufrufen\"},\"name\":\"field.term_de\"},\"image\":{\"filters\":{\"search\":\"\"},\"name\":\"featuredImage.url\"},\"image_alt\":{\"filters\":{\"search\":\"\"},\"name\":\"featuredImage.alt\"}},\"query\":{\"name\":\"glossars.customGlossars\",\"arguments\":{\"users\":[],\"users_operator\":\"IN\",\"offset\":0,\"limit\":1500,\"order\":\"title\",\"order_direction\":\"ASC\"}}}}]}]}]}]}],\"version\":\"4.2.11\",\"yooessentialsVersion\":\"2.1.3\"} --><\/p>\n","protected":false},"excerpt":{"rendered":"<p>Projekt Management Glossar In unserem umfassenden Projektmanagement-Glossar finden Sie Sie eine Zusammenstellung von Begriffen, Definitionen und zus\u00e4tzlichen Informationen, die Ihnen helfen, die Welt des Projektmanagements besser zu verstehen. Ob Sie ein erfahrener Projektmanager, ein Teammitglied oder einfach nur neugierig sind \u2013 dieses Glossar bietet Ihnen wertvolle Einblicke in die Schl\u00fcsselbegriffe und Konzepte, die im Bereich&nbsp;[\u2026]<\/p>\n","protected":false},"author":1,"featured_media":0,"parent":0,"menu_order":0,"comment_status":"closed","ping_status":"closed","template":"","meta":{"_acf_changed":false,"wp_typography_post_enhancements_disabled":false,"footnotes":""},"class_list":["post-3359","page","type-page","status-publish","hentry"],"acf":[],"yoast_head":"<!-- This site is optimized with the Yoast SEO plugin v27.2 - https:\/\/yoast.com\/product\/yoast-seo-wordpress\/ -->\n<title>Projektmanagement Glossar - \u00dcberblick - Projektmanagement nach ISO21500<\/title>\n<meta name=\"robots\" content=\"index, follow, max-snippet:-1, max-image-preview:large, max-video-preview:-1\" \/>\n<link rel=\"canonical\" href=\"https:\/\/www.iso21500.de\/de\/projektmanagement-glossar-ueberblick\/\" \/>\n<meta property=\"og:locale\" content=\"de_DE\" \/>\n<meta property=\"og:type\" content=\"article\" \/>\n<meta property=\"og:title\" content=\"Projektmanagement Glossar - \u00dcberblick - Projektmanagement nach ISO21500\" \/>\n<meta property=\"og:description\" content=\"Projekt Management Glossar In unserem umfassenden Projektmanagement-Glossar finden Sie Sie eine Zusammenstellung von Begriffen, Definitionen und zus\u00e4tzlichen Informationen, die Ihnen helfen, die Welt des Projektmanagements besser zu verstehen. Ob Sie ein erfahrener Projektmanager, ein Teammitglied oder einfach nur neugierig sind \u2013 dieses Glossar bietet Ihnen wertvolle Einblicke in die Schl\u00fcsselbegriffe und Konzepte, die im Bereich [&hellip;]\" \/>\n<meta property=\"og:url\" content=\"https:\/\/www.iso21500.de\/de\/projektmanagement-glossar-ueberblick\/\" \/>\n<meta property=\"og:site_name\" content=\"Projektmanagement nach ISO21500\" \/>\n<meta property=\"article:modified_time\" content=\"2023-12-17T15:13:26+00:00\" \/>\n<meta name=\"twitter:card\" content=\"summary_large_image\" \/>\n<meta name=\"twitter:label1\" content=\"Gesch\u00e4tzte Lesezeit\" \/>\n\t<meta name=\"twitter:data1\" content=\"2\u00a0Minuten\" \/>\n<script type=\"application\/ld+json\" class=\"yoast-schema-graph\">{\"@context\":\"https:\/\/schema.org\",\"@graph\":[{\"@type\":\"WebPage\",\"@id\":\"https:\/\/www.iso21500.de\/de\/projektmanagement-glossar-ueberblick\/\",\"url\":\"https:\/\/www.iso21500.de\/de\/projektmanagement-glossar-ueberblick\/\",\"name\":\"Projektmanagement Glossar - \u00dcberblick - Projektmanagement nach ISO21500\",\"isPartOf\":{\"@id\":\"https:\/\/www.iso21500.de\/de\/#website\"},\"datePublished\":\"2023-12-16T17:26:03+00:00\",\"dateModified\":\"2023-12-17T15:13:26+00:00\",\"breadcrumb\":{\"@id\":\"https:\/\/www.iso21500.de\/de\/projektmanagement-glossar-ueberblick\/#breadcrumb\"},\"inLanguage\":\"de\",\"potentialAction\":[{\"@type\":\"ReadAction\",\"target\":[\"https:\/\/www.iso21500.de\/de\/projektmanagement-glossar-ueberblick\/\"]}]},{\"@type\":\"BreadcrumbList\",\"@id\":\"https:\/\/www.iso21500.de\/de\/projektmanagement-glossar-ueberblick\/#breadcrumb\",\"itemListElement\":[{\"@type\":\"ListItem\",\"position\":1,\"name\":\"Startseite\",\"item\":\"https:\/\/www.iso21500.de\/de\/\"},{\"@type\":\"ListItem\",\"position\":2,\"name\":\"Projektmanagement Glossar &#8211; \u00dcberblick\"}]},{\"@type\":\"WebSite\",\"@id\":\"https:\/\/www.iso21500.de\/de\/#website\",\"url\":\"https:\/\/www.iso21500.de\/de\/\",\"name\":\"iso21500.de\",\"description\":\"neu: Projektmanagement nach ISO21502\",\"publisher\":{\"@id\":\"https:\/\/www.iso21500.de\/de\/#\/schema\/person\/13c5df3918ff1cab82ab9ca397d3e3a4\"},\"potentialAction\":[{\"@type\":\"SearchAction\",\"target\":{\"@type\":\"EntryPoint\",\"urlTemplate\":\"https:\/\/www.iso21500.de\/de\/?s={search_term_string}\"},\"query-input\":{\"@type\":\"PropertyValueSpecification\",\"valueRequired\":true,\"valueName\":\"search_term_string\"}}],\"inLanguage\":\"de\"},{\"@type\":[\"Person\",\"Organization\"],\"@id\":\"https:\/\/www.iso21500.de\/de\/#\/schema\/person\/13c5df3918ff1cab82ab9ca397d3e3a4\",\"name\":\"Dennis Hain\",\"image\":{\"@type\":\"ImageObject\",\"inLanguage\":\"de\",\"@id\":\"https:\/\/secure.gravatar.com\/avatar\/89898cfc3cb4dc6d7782fcd955179ebd47446145f4b7827e99ec78603be85eda?s=96&d=mm&r=g\",\"url\":\"https:\/\/secure.gravatar.com\/avatar\/89898cfc3cb4dc6d7782fcd955179ebd47446145f4b7827e99ec78603be85eda?s=96&d=mm&r=g\",\"contentUrl\":\"https:\/\/secure.gravatar.com\/avatar\/89898cfc3cb4dc6d7782fcd955179ebd47446145f4b7827e99ec78603be85eda?s=96&d=mm&r=g\",\"caption\":\"Dennis Hain\"},\"logo\":{\"@id\":\"https:\/\/secure.gravatar.com\/avatar\/89898cfc3cb4dc6d7782fcd955179ebd47446145f4b7827e99ec78603be85eda?s=96&d=mm&r=g\"},\"sameAs\":[\"https:\/\/www.fusepro.de\"]}]}<\/script>\n<!-- \/ Yoast SEO plugin. -->","yoast_head_json":{"title":"Projektmanagement Glossar - \u00dcberblick - Projektmanagement nach ISO21500","robots":{"index":"index","follow":"follow","max-snippet":"max-snippet:-1","max-image-preview":"max-image-preview:large","max-video-preview":"max-video-preview:-1"},"canonical":"https:\/\/www.iso21500.de\/de\/projektmanagement-glossar-ueberblick\/","og_locale":"de_DE","og_type":"article","og_title":"Projektmanagement Glossar - \u00dcberblick - Projektmanagement nach ISO21500","og_description":"Projekt Management Glossar In unserem umfassenden Projektmanagement-Glossar finden Sie Sie eine Zusammenstellung von Begriffen, Definitionen und zus\u00e4tzlichen Informationen, die Ihnen helfen, die Welt des Projektmanagements besser zu verstehen. Ob Sie ein erfahrener Projektmanager, ein Teammitglied oder einfach nur neugierig sind \u2013 dieses Glossar bietet Ihnen wertvolle Einblicke in die Schl\u00fcsselbegriffe und Konzepte, die im Bereich [&hellip;]","og_url":"https:\/\/www.iso21500.de\/de\/projektmanagement-glossar-ueberblick\/","og_site_name":"Projektmanagement nach ISO21500","article_modified_time":"2023-12-17T15:13:26+00:00","twitter_card":"summary_large_image","twitter_misc":{"Gesch\u00e4tzte Lesezeit":"2\u00a0Minuten"},"schema":{"@context":"https:\/\/schema.org","@graph":[{"@type":"WebPage","@id":"https:\/\/www.iso21500.de\/de\/projektmanagement-glossar-ueberblick\/","url":"https:\/\/www.iso21500.de\/de\/projektmanagement-glossar-ueberblick\/","name":"Projektmanagement Glossar - \u00dcberblick - Projektmanagement nach ISO21500","isPartOf":{"@id":"https:\/\/www.iso21500.de\/de\/#website"},"datePublished":"2023-12-16T17:26:03+00:00","dateModified":"2023-12-17T15:13:26+00:00","breadcrumb":{"@id":"https:\/\/www.iso21500.de\/de\/projektmanagement-glossar-ueberblick\/#breadcrumb"},"inLanguage":"de","potentialAction":[{"@type":"ReadAction","target":["https:\/\/www.iso21500.de\/de\/projektmanagement-glossar-ueberblick\/"]}]},{"@type":"BreadcrumbList","@id":"https:\/\/www.iso21500.de\/de\/projektmanagement-glossar-ueberblick\/#breadcrumb","itemListElement":[{"@type":"ListItem","position":1,"name":"Startseite","item":"https:\/\/www.iso21500.de\/de\/"},{"@type":"ListItem","position":2,"name":"Projektmanagement Glossar &#8211; \u00dcberblick"}]},{"@type":"WebSite","@id":"https:\/\/www.iso21500.de\/de\/#website","url":"https:\/\/www.iso21500.de\/de\/","name":"iso21500.de","description":"neu: Projektmanagement nach ISO21502","publisher":{"@id":"https:\/\/www.iso21500.de\/de\/#\/schema\/person\/13c5df3918ff1cab82ab9ca397d3e3a4"},"potentialAction":[{"@type":"SearchAction","target":{"@type":"EntryPoint","urlTemplate":"https:\/\/www.iso21500.de\/de\/?s={search_term_string}"},"query-input":{"@type":"PropertyValueSpecification","valueRequired":true,"valueName":"search_term_string"}}],"inLanguage":"de"},{"@type":["Person","Organization"],"@id":"https:\/\/www.iso21500.de\/de\/#\/schema\/person\/13c5df3918ff1cab82ab9ca397d3e3a4","name":"Dennis Hain","image":{"@type":"ImageObject","inLanguage":"de","@id":"https:\/\/secure.gravatar.com\/avatar\/89898cfc3cb4dc6d7782fcd955179ebd47446145f4b7827e99ec78603be85eda?s=96&d=mm&r=g","url":"https:\/\/secure.gravatar.com\/avatar\/89898cfc3cb4dc6d7782fcd955179ebd47446145f4b7827e99ec78603be85eda?s=96&d=mm&r=g","contentUrl":"https:\/\/secure.gravatar.com\/avatar\/89898cfc3cb4dc6d7782fcd955179ebd47446145f4b7827e99ec78603be85eda?s=96&d=mm&r=g","caption":"Dennis Hain"},"logo":{"@id":"https:\/\/secure.gravatar.com\/avatar\/89898cfc3cb4dc6d7782fcd955179ebd47446145f4b7827e99ec78603be85eda?s=96&d=mm&r=g"},"sameAs":["https:\/\/www.fusepro.de"]}]}},"_links":{"self":[{"href":"https:\/\/www.iso21500.de\/de\/wp-json\/wp\/v2\/pages\/3359","targetHints":{"allow":["GET"]}}],"collection":[{"href":"https:\/\/www.iso21500.de\/de\/wp-json\/wp\/v2\/pages"}],"about":[{"href":"https:\/\/www.iso21500.de\/de\/wp-json\/wp\/v2\/types\/page"}],"author":[{"embeddable":true,"href":"https:\/\/www.iso21500.de\/de\/wp-json\/wp\/v2\/users\/1"}],"replies":[{"embeddable":true,"href":"https:\/\/www.iso21500.de\/de\/wp-json\/wp\/v2\/comments?post=3359"}],"version-history":[{"count":5,"href":"https:\/\/www.iso21500.de\/de\/wp-json\/wp\/v2\/pages\/3359\/revisions"}],"predecessor-version":[{"id":3564,"href":"https:\/\/www.iso21500.de\/de\/wp-json\/wp\/v2\/pages\/3359\/revisions\/3564"}],"wp:attachment":[{"href":"https:\/\/www.iso21500.de\/de\/wp-json\/wp\/v2\/media?parent=3359"}],"curies":[{"name":"wp","href":"https:\/\/api.w.org\/{rel}","templated":true}]}}