{"id":35,"date":"2021-10-07T20:46:53","date_gmt":"2021-10-07T18:46:53","guid":{"rendered":"https:\/\/www.iso21500.de\/?page_id=35"},"modified":"2023-07-27T11:50:17","modified_gmt":"2023-07-27T09:50:17","slug":"seminare-projektmanagement-im-online-marketing","status":"publish","type":"page","link":"https:\/\/www.iso21500.de\/de\/seminare-nach-iso-21500\/seminare-projektmanagement-im-online-marketing\/","title":{"rendered":"Projektmanagement Seminare im Online Marketing \u2014 klassisch, agil und hybrid"},"content":{"rendered":"\n<h2 class=\"wp-block-heading\">Angebot von FUSEPRO Dennis Hain:<\/h2>\n\n\n\n<p>Gerade die digitalen Medienwelt ver\u00e4ndert sich heute viel schneller als noch vor einigen Jahren. Es professionalisierte sich eine ganze Branche. Der Begriff Webmaster ist mittlerweile zahlreichen neu eingef\u00fchrten Berufsbezeichnungen gewichen.<\/p>\n\n\n\n<p>Gerade die Professionalisierung der fachlichen und unternehmerischen Prozesse in diesem Bereich bringt in der Verbindung mit der notwendigen Geschwindigkeit neue Anforderungen mit. So r\u00fccken Skalierung in den Vordergrund und die Effektivit\u00e4t wird mit mittels Stand Up Meetings, Time-Boxing, der 2 Pizza Regel und weiteren Methoden verbessert. Ebenfalls halten Ma\u00dfnahmen aus der Motivationspsychologie Einzug \u2013 so beispielsweise das Mood-Board oder der Happyness-Index.<\/p>\n\n\n\n<p><strong>Doch wie setzt man die Methoden, Prozesse, Ans\u00e4tze, Techniken, Dokumente und Formate in ein systemisches Gesamtbild zusammen?<\/strong><\/p>\n\n\n\n<p>Die L\u00f6sung sind speziell adaptierte Kompetenzen aus dem Projektmanagement. So werden Online-Marketing Projekte in Agenturen oder bei Freelancern zum Erfolg, da termingerechte Abgaben im fest definierten Budgetrahmen des Kunden eingehalten werden k\u00f6nnen. Nat\u00fcrlich werden dar\u00fcber hinaus die bekannten Basiskompetenzen eingebunden:<\/p>\n\n\n\n<p><strong>Auszug von PM-Basiskompetenzen<\/strong><\/p>\n\n\n\n<ul class=\"wp-block-list\">\n<li>Kommunikationsmanagement<\/li>\n\n\n\n<li>Qualit\u00e4tsmanagement<\/li>\n\n\n\n<li>Risikomanagement<\/li>\n<\/ul>\n\n\n\n<p>In der Wirtschaft sind oft Projektmanagement-Trainer und \u2011Coaches anzutreffen, welche die Kompetenzen einzeln und nicht ganzheitlich mit dem entsprechenden Fachbezug betrachten. Dies ist m\u00f6glich, jedoch nicht optimal. Durch das Mindset der Online-Branche ist es m\u00f6glich durch Sprache und Atmosph\u00e4re die Themen besser, schneller und verst\u00e4ndlicher zu vermitteln, so dass die entsprechenden Fachkr\u00e4fte einen viel besseren Zugang zum spielerischen Einbinden von mehrwertbringenden Projektmanagement-Methoden erhalten.<\/p>\n\n\n\n<p><strong>Zielgruppen der speziellen PM f\u00fcr Online-Marketing-Trainings<\/strong><\/p>\n\n\n\n<ul class=\"wp-block-list\">\n<li>Online-Marketing-Manager<\/li>\n\n\n\n<li>Suchmaschinenoptimierer<\/li>\n\n\n\n<li>Social-Media-Fachleute<\/li>\n\n\n\n<li>Experten f\u00fcr Suchmaschinenwerbung<\/li>\n\n\n\n<li>Webdesigner<\/li>\n\n\n\n<li>Full Stack Entwickler<\/li>\n\n\n\n<li>Online-Redakteure<\/li>\n<\/ul>\n\n\n\n<p>An dieser Stelle kommt als Basis die ISO 21500 f\u00fcr Projektmanagement-Zertifizierungen ins Spiel. Sie stellt aus allen Konzepten zum Durchf\u00fchren von Projekten die notwendigen Grundlagen bereit. Wir haben sie auf die im Online-Marketing vorherrschenden Herausforderungen hin angepasst und erweitert, so dass man direkt umsetzbares Wissen erh\u00e4lt.<\/p>\n\n\n\n<p><strong>Ein Projektmanager aus der Online-Marketing Branche als Seminarleiter<\/strong><\/p>\n\n\n\n<p>Dennis Hain war als Director Operations Germany f\u00fcr einen der 10 gr\u00f6\u00dften Internetkonzerne der Welt t\u00e4tig und hat dort die Marketing-Leistungen des Konzerns f\u00fcr namhafte Kunden weltweit gesteuert. Dar\u00fcber hinaus hat er die Operative Seite als Interim Online-Marketing-Manager erlebt und war stets interessiert, L\u00f6sungen f\u00fcr neue Herausforderungen herbeizuf\u00fchren. Die f\u00fcr einen Trainer unerl\u00e4ssliche Didaktik hat sich Dennis Hain \u00fcber Jahre hinweg angeeignet und erfolgreich Ausbildungen wie Business Coach, Systemischer Coach und NLP Trainer durchlaufen.<\/p>\n\n\n\n<p><\/p>\n\n\n\n<p><strong>Beispiele, \u00dcbungen und Hilfen speziell f\u00fcr die Online-Marketing-Branche<\/strong><\/p>\n\n\n\n<p>Unabh\u00e4ngig davon, welche Projektmanagement-Methode bereits eingesetzt wird, lernen und \u00fcben Sie die wesentlichen Elemente an praxiserprobten Beispielen aus dem Online Marketing.&nbsp;<\/p>\n\n\n\n<p>Sollten Sie spezielle Anforderungen auch jenseits von Online-Marketing-Seminars haben, so lassen Sie es Dennis Hain wissen.&nbsp;<\/p>\n\n\n\n<p>Oft f\u00e4llt im Zusammenhang mit Projekten und Prozessen der Begriff Lean Management oder Agiles Projektmanagement. Diese bieten wir in speziellen Kursen eigenst\u00e4ndig an.&nbsp;<\/p>\n\n\n\n<p><\/p>\n\n\n\n<p>Gerne werden auch Projektmanagement-Seminare f\u00fcr F\u00fchrungskr\u00e4fte durchgef\u00fchrt, da die Manager die entscheidenden Weichen f\u00fcr Projekte stellen m\u00fcssen und dabei oft Defizite erkennen lassen. Unser Trainer ist seit langem ein erfolgreicher Manager in gro\u00dfen und kleinen Unternehmen.&nbsp;<\/p>\n\n\n\n<p>Die grunds\u00e4tzlichen Inhalte des Projektmanagement-Seminars finden Sie bei einem <a href=\"https:\/\/www.iso21500.de\/de\/seminare-projektmanagement-nach-iso21\">Klick hier<\/a>.<\/p>\n\n\n\n<p>Oder sprechen Sie direkt mit dem Seminarleiter Dennis Hain.<\/p>\n","protected":false},"excerpt":{"rendered":"<p>Angebot von FUSEPRO Dennis Hain: Gerade die digitalen Medienwelt ver\u00e4ndert sich heute viel schneller als noch vor einigen Jahren. Es professionalisierte sich eine ganze Branche. Der Begriff Webmaster ist mittlerweile zahlreichen neu eingef\u00fchrten Berufsbezeichnungen gewichen. Gerade die Professionalisierung der fachlichen und unternehmerischen Prozesse in diesem Bereich bringt in der Verbindung mit der notwendigen Geschwindigkeit neue&nbsp;[\u2026]<\/p>\n","protected":false},"author":4,"featured_media":0,"parent":23,"menu_order":0,"comment_status":"closed","ping_status":"closed","template":"","meta":{"_acf_changed":false,"wp_typography_post_enhancements_disabled":false,"footnotes":""},"class_list":["post-35","page","type-page","status-publish","hentry"],"acf":[],"yoast_head":"<!-- This site is optimized with the Yoast SEO plugin v27.2 - https:\/\/yoast.com\/product\/yoast-seo-wordpress\/ -->\n<title>Projekt-Management Seminare im Online Marketing nach ISO21500<\/title>\n<meta name=\"description\" content=\"Projektmanagement im Online Marketing auf der Basis von ISO 21500 in Kombination mit fachlicher Branchenkenntnis.\" \/>\n<meta name=\"robots\" content=\"index, follow, max-snippet:-1, max-image-preview:large, max-video-preview:-1\" \/>\n<link rel=\"canonical\" href=\"https:\/\/www.iso21500.de\/de\/seminare-nach-iso-21500\/seminare-projektmanagement-im-online-marketing\/\" \/>\n<meta property=\"og:locale\" content=\"de_DE\" \/>\n<meta property=\"og:type\" content=\"article\" \/>\n<meta property=\"og:title\" content=\"Projekt-Management Seminare im Online Marketing nach ISO21500\" \/>\n<meta property=\"og:description\" content=\"Projektmanagement im Online Marketing auf der Basis von ISO 21500 in Kombination mit fachlicher Branchenkenntnis.\" \/>\n<meta property=\"og:url\" content=\"https:\/\/www.iso21500.de\/de\/seminare-nach-iso-21500\/seminare-projektmanagement-im-online-marketing\/\" \/>\n<meta property=\"og:site_name\" content=\"Projektmanagement nach ISO21500\" \/>\n<meta property=\"article:modified_time\" content=\"2023-07-27T09:50:17+00:00\" \/>\n<meta name=\"twitter:card\" content=\"summary_large_image\" \/>\n<meta name=\"twitter:label1\" content=\"Gesch\u00e4tzte Lesezeit\" \/>\n\t<meta name=\"twitter:data1\" content=\"3\u00a0Minuten\" \/>\n<script type=\"application\/ld+json\" class=\"yoast-schema-graph\">{\"@context\":\"https:\/\/schema.org\",\"@graph\":[{\"@type\":\"WebPage\",\"@id\":\"https:\/\/www.iso21500.de\/de\/seminare-nach-iso-21500\/seminare-projektmanagement-im-online-marketing\/\",\"url\":\"https:\/\/www.iso21500.de\/de\/seminare-nach-iso-21500\/seminare-projektmanagement-im-online-marketing\/\",\"name\":\"Projekt-Management Seminare im Online Marketing nach ISO21500\",\"isPartOf\":{\"@id\":\"https:\/\/www.iso21500.de\/de\/#website\"},\"datePublished\":\"2021-10-07T18:46:53+00:00\",\"dateModified\":\"2023-07-27T09:50:17+00:00\",\"description\":\"Projektmanagement im Online Marketing auf der Basis von ISO 21500 in Kombination mit fachlicher Branchenkenntnis.\",\"breadcrumb\":{\"@id\":\"https:\/\/www.iso21500.de\/de\/seminare-nach-iso-21500\/seminare-projektmanagement-im-online-marketing\/#breadcrumb\"},\"inLanguage\":\"de\",\"potentialAction\":[{\"@type\":\"ReadAction\",\"target\":[\"https:\/\/www.iso21500.de\/de\/seminare-nach-iso-21500\/seminare-projektmanagement-im-online-marketing\/\"]}]},{\"@type\":\"BreadcrumbList\",\"@id\":\"https:\/\/www.iso21500.de\/de\/seminare-nach-iso-21500\/seminare-projektmanagement-im-online-marketing\/#breadcrumb\",\"itemListElement\":[{\"@type\":\"ListItem\",\"position\":1,\"name\":\"Startseite\",\"item\":\"https:\/\/www.iso21500.de\/de\/\"},{\"@type\":\"ListItem\",\"position\":2,\"name\":\"Seminare Projektmanagement nach ISO\",\"item\":\"https:\/\/www.iso21500.de\/de\/seminare-nach-iso-21500\/\"},{\"@type\":\"ListItem\",\"position\":3,\"name\":\"Projektmanagement Seminare im Online Marketing &#8211; klassisch, agil und hybrid\"}]},{\"@type\":\"WebSite\",\"@id\":\"https:\/\/www.iso21500.de\/de\/#website\",\"url\":\"https:\/\/www.iso21500.de\/de\/\",\"name\":\"iso21500.de\",\"description\":\"neu: Projektmanagement nach ISO21502\",\"publisher\":{\"@id\":\"https:\/\/www.iso21500.de\/de\/#\/schema\/person\/13c5df3918ff1cab82ab9ca397d3e3a4\"},\"potentialAction\":[{\"@type\":\"SearchAction\",\"target\":{\"@type\":\"EntryPoint\",\"urlTemplate\":\"https:\/\/www.iso21500.de\/de\/?s={search_term_string}\"},\"query-input\":{\"@type\":\"PropertyValueSpecification\",\"valueRequired\":true,\"valueName\":\"search_term_string\"}}],\"inLanguage\":\"de\"},{\"@type\":[\"Person\",\"Organization\"],\"@id\":\"https:\/\/www.iso21500.de\/de\/#\/schema\/person\/13c5df3918ff1cab82ab9ca397d3e3a4\",\"name\":\"Dennis Hain\",\"image\":{\"@type\":\"ImageObject\",\"inLanguage\":\"de\",\"@id\":\"https:\/\/secure.gravatar.com\/avatar\/89898cfc3cb4dc6d7782fcd955179ebd47446145f4b7827e99ec78603be85eda?s=96&d=mm&r=g\",\"url\":\"https:\/\/secure.gravatar.com\/avatar\/89898cfc3cb4dc6d7782fcd955179ebd47446145f4b7827e99ec78603be85eda?s=96&d=mm&r=g\",\"contentUrl\":\"https:\/\/secure.gravatar.com\/avatar\/89898cfc3cb4dc6d7782fcd955179ebd47446145f4b7827e99ec78603be85eda?s=96&d=mm&r=g\",\"caption\":\"Dennis Hain\"},\"logo\":{\"@id\":\"https:\/\/secure.gravatar.com\/avatar\/89898cfc3cb4dc6d7782fcd955179ebd47446145f4b7827e99ec78603be85eda?s=96&d=mm&r=g\"},\"sameAs\":[\"https:\/\/www.fusepro.de\"]}]}<\/script>\n<!-- \/ Yoast SEO plugin. -->","yoast_head_json":{"title":"Projekt-Management Seminare im Online Marketing nach ISO21500","description":"Projektmanagement im Online Marketing auf der Basis von ISO 21500 in Kombination mit fachlicher Branchenkenntnis.","robots":{"index":"index","follow":"follow","max-snippet":"max-snippet:-1","max-image-preview":"max-image-preview:large","max-video-preview":"max-video-preview:-1"},"canonical":"https:\/\/www.iso21500.de\/de\/seminare-nach-iso-21500\/seminare-projektmanagement-im-online-marketing\/","og_locale":"de_DE","og_type":"article","og_title":"Projekt-Management Seminare im Online Marketing nach ISO21500","og_description":"Projektmanagement im Online Marketing auf der Basis von ISO 21500 in Kombination mit fachlicher Branchenkenntnis.","og_url":"https:\/\/www.iso21500.de\/de\/seminare-nach-iso-21500\/seminare-projektmanagement-im-online-marketing\/","og_site_name":"Projektmanagement nach ISO21500","article_modified_time":"2023-07-27T09:50:17+00:00","twitter_card":"summary_large_image","twitter_misc":{"Gesch\u00e4tzte Lesezeit":"3\u00a0Minuten"},"schema":{"@context":"https:\/\/schema.org","@graph":[{"@type":"WebPage","@id":"https:\/\/www.iso21500.de\/de\/seminare-nach-iso-21500\/seminare-projektmanagement-im-online-marketing\/","url":"https:\/\/www.iso21500.de\/de\/seminare-nach-iso-21500\/seminare-projektmanagement-im-online-marketing\/","name":"Projekt-Management Seminare im Online Marketing nach ISO21500","isPartOf":{"@id":"https:\/\/www.iso21500.de\/de\/#website"},"datePublished":"2021-10-07T18:46:53+00:00","dateModified":"2023-07-27T09:50:17+00:00","description":"Projektmanagement im Online Marketing auf der Basis von ISO 21500 in Kombination mit fachlicher Branchenkenntnis.","breadcrumb":{"@id":"https:\/\/www.iso21500.de\/de\/seminare-nach-iso-21500\/seminare-projektmanagement-im-online-marketing\/#breadcrumb"},"inLanguage":"de","potentialAction":[{"@type":"ReadAction","target":["https:\/\/www.iso21500.de\/de\/seminare-nach-iso-21500\/seminare-projektmanagement-im-online-marketing\/"]}]},{"@type":"BreadcrumbList","@id":"https:\/\/www.iso21500.de\/de\/seminare-nach-iso-21500\/seminare-projektmanagement-im-online-marketing\/#breadcrumb","itemListElement":[{"@type":"ListItem","position":1,"name":"Startseite","item":"https:\/\/www.iso21500.de\/de\/"},{"@type":"ListItem","position":2,"name":"Seminare Projektmanagement nach ISO","item":"https:\/\/www.iso21500.de\/de\/seminare-nach-iso-21500\/"},{"@type":"ListItem","position":3,"name":"Projektmanagement Seminare im Online Marketing &#8211; klassisch, agil und hybrid"}]},{"@type":"WebSite","@id":"https:\/\/www.iso21500.de\/de\/#website","url":"https:\/\/www.iso21500.de\/de\/","name":"iso21500.de","description":"neu: Projektmanagement nach ISO21502","publisher":{"@id":"https:\/\/www.iso21500.de\/de\/#\/schema\/person\/13c5df3918ff1cab82ab9ca397d3e3a4"},"potentialAction":[{"@type":"SearchAction","target":{"@type":"EntryPoint","urlTemplate":"https:\/\/www.iso21500.de\/de\/?s={search_term_string}"},"query-input":{"@type":"PropertyValueSpecification","valueRequired":true,"valueName":"search_term_string"}}],"inLanguage":"de"},{"@type":["Person","Organization"],"@id":"https:\/\/www.iso21500.de\/de\/#\/schema\/person\/13c5df3918ff1cab82ab9ca397d3e3a4","name":"Dennis Hain","image":{"@type":"ImageObject","inLanguage":"de","@id":"https:\/\/secure.gravatar.com\/avatar\/89898cfc3cb4dc6d7782fcd955179ebd47446145f4b7827e99ec78603be85eda?s=96&d=mm&r=g","url":"https:\/\/secure.gravatar.com\/avatar\/89898cfc3cb4dc6d7782fcd955179ebd47446145f4b7827e99ec78603be85eda?s=96&d=mm&r=g","contentUrl":"https:\/\/secure.gravatar.com\/avatar\/89898cfc3cb4dc6d7782fcd955179ebd47446145f4b7827e99ec78603be85eda?s=96&d=mm&r=g","caption":"Dennis Hain"},"logo":{"@id":"https:\/\/secure.gravatar.com\/avatar\/89898cfc3cb4dc6d7782fcd955179ebd47446145f4b7827e99ec78603be85eda?s=96&d=mm&r=g"},"sameAs":["https:\/\/www.fusepro.de"]}]}},"_links":{"self":[{"href":"https:\/\/www.iso21500.de\/de\/wp-json\/wp\/v2\/pages\/35","targetHints":{"allow":["GET"]}}],"collection":[{"href":"https:\/\/www.iso21500.de\/de\/wp-json\/wp\/v2\/pages"}],"about":[{"href":"https:\/\/www.iso21500.de\/de\/wp-json\/wp\/v2\/types\/page"}],"author":[{"embeddable":true,"href":"https:\/\/www.iso21500.de\/de\/wp-json\/wp\/v2\/users\/4"}],"replies":[{"embeddable":true,"href":"https:\/\/www.iso21500.de\/de\/wp-json\/wp\/v2\/comments?post=35"}],"version-history":[{"count":6,"href":"https:\/\/www.iso21500.de\/de\/wp-json\/wp\/v2\/pages\/35\/revisions"}],"predecessor-version":[{"id":3256,"href":"https:\/\/www.iso21500.de\/de\/wp-json\/wp\/v2\/pages\/35\/revisions\/3256"}],"up":[{"embeddable":true,"href":"https:\/\/www.iso21500.de\/de\/wp-json\/wp\/v2\/pages\/23"}],"wp:attachment":[{"href":"https:\/\/www.iso21500.de\/de\/wp-json\/wp\/v2\/media?parent=35"}],"curies":[{"name":"wp","href":"https:\/\/api.w.org\/{rel}","templated":true}]}}