{"id":3730,"date":"2024-05-30T10:16:37","date_gmt":"2024-05-30T08:16:37","guid":{"rendered":"https:\/\/www.iso21500.de\/?page_id=3730"},"modified":"2024-06-11T11:17:01","modified_gmt":"2024-06-11T09:17:01","slug":"pm-vorgehensweisen-klassisch-agil","status":"publish","type":"page","link":"https:\/\/www.iso21500.de\/de\/pm-vorgehensweisen-klassisch-agil\/","title":{"rendered":"PM Vorgehensweisen \u2014 klassisch \u2014&nbsp;agil"},"content":{"rendered":"<h2>\n<p><strong>Plangetriebene klassische Projektvorgehensweise&nbsp;<\/strong><\/p>\n<\/h2>\n<div>\n<p>Die plangetriebene klassische Projektvorgehensweise, oft auch als Wasserfallmodell bekannt, ist ein strukturiertes und sequenzielles Projektmanagementmodell, das auf detaillierter Planung und einer klaren Abfolge von Phasen basiert. ISO 21500 bietet Leitlinien f\u00fcr das Projektmanagement und ist mit seinen Prozessgruppen am klassischen Vorgehen ausgerichtet.<\/p>\n<\/div>\n<p><a href=\"https:\/\/travel-all-stars.com\/produkt\/projektleitlinien-nach-iso-21500\/\"><img decoding=\"async\" src=\"\/wp-content\/uploads\/Klassisches-Vorgehen.jpg\" alt=\"ISO 21500\"><\/a><br>\n<a href=\"https:\/\/travel-all-stars.com\/produkt\/projektmanagement-leitlinien-nach-iso-21502\/\"><img decoding=\"async\" src=\"\/wp-content\/uploads\/Scrum.jpg\" alt><\/a><\/p>\n<h2>\n<p><strong>Agile Projektvorgehensweise&nbsp;<\/strong><\/p>\n<\/h2>\n<div>\n<p>Die agile Projektvorgehensweise stellt eine flexible und iterative Methode des Projektmanagements dar, die besonders in dynamischen und schnelllebigen Umfeldern effektiv ist. Vertreter diese Vorgehensweisen sind z.B. Scrum, Kanban und Design Thinking.<\/p>\n<p>ISO 21500 bietet mit seinen Leitlinien auch f\u00fcr diese Projekte die notwendigen Prozesse und Themengebiete, die es zu beachten gilt.&nbsp;<\/p>\n<\/div>\n<h2>\n<p><strong>Hybride&nbsp; PM-Vorgehensweise&nbsp;<\/strong><\/p>\n<\/h2>\n<div>\n<p>Hybrides Projektmanagement vereint die St\u00e4rken&nbsp; der klassischen und agilen Methoden, um den Anforderungen komplexer und vielschichtiger Projekte gerecht zu werden. Dabei werden strukturierte und planungsorientierte Ans\u00e4tze des Wasserfallmodells mit den flexiblen und anpassungsf\u00e4higen Techniken der agilen Methoden kombiniert.&nbsp;<\/p>\n<p>Durch die Integration von klassischen und agilen Elementen schafft hybrides Projektmanagement eine vielseitige Grundlage, die sich den spezifischen Bed\u00fcrfnissen und Herausforderungen jedes Projekts anpassen l\u00e4sst.&nbsp;<\/p>\n<p>ISO 21500 bietet f\u00fcr diese kombinierte Methode die notwendigen Leitlinien, Prozesse und Praktiken, um eine erfolgreiche Umsetzung sicherzustellen.<\/p>\n<\/div>\n<p><!--more--><br>\n<!-- {\"name\":\"Layout Standart Vorlage\",\"type\":\"layout\",\"children\":[{\"name\":\"HeroUnterseite\",\"type\":\"section\",\"props\":{\"animation\":\"slide-bottom-medium\",\"animation_delay\":\"100\",\"header_transparent\":true,\"header_transparent_noplaceholder\":true,\"header_transparent_text_color\":\"light\",\"image\":\"wp-content\\\/uploads\\\/photo-1494548162494-384bba4ab999-scaled.jpg\",\"image_effect\":\"parallax\",\"image_parallax_bgy\":\"170,0\",\"image_position\":\"center-center\",\"image_size\":\"cover\",\"media_overlay\":\"rgba(2, 106, 192, 0.33)\",\"overlap\":false,\"padding\":\"xlarge\",\"padding_remove_bottom\":false,\"style\":\"default\",\"title_breakpoint\":\"xl\",\"title_position\":\"top-left\",\"title_rotation\":\"left\",\"vertical_align\":\"middle\",\"width\":\"default\"},\"children\":[{\"type\":\"row\",\"props\":{\"margin\":\"medium\",\"margin_remove_bottom\":true,\"margin_remove_top\":false,\"vertical_align\":false},\"children\":[{\"type\":\"column\",\"props\":{\"image_height\":\"220\",\"image_parallax_bgy\":\"230,0\",\"image_position\":\"bottom-right\",\"image_width\":\"220\",\"position_sticky_breakpoint\":\"m\",\"text_color\":\"light\",\"width_medium\":\"1-1\"},\"children\":[{\"type\":\"headline\",\"props\":{\"title_element\":\"h1\",\"title_style\":\"heading-small\"},\"source\":{\"query\":{\"name\":\"pages.singlePage\"},\"props\":{\"content\":{\"filters\":{\"search\":\"\"},\"name\":\"title\"}}}}]}]}]},{\"type\":\"section\",\"props\":{\"image_position\":\"center-center\",\"style\":\"default\",\"title_breakpoint\":\"xl\",\"title_position\":\"top-left\",\"title_rotation\":\"left\",\"vertical_align\":\"middle\",\"width\":\"default\",\"yooessentials_form\":{\"state\":false,\"after_submit_actions\":[],\"html5validation\":true,\"reset_after_submit\":true,\"override_action_url\":false,\"action_method\":\"POST\"}},\"children\":[{\"type\":\"row\",\"children\":[{\"type\":\"column\",\"props\":{\"image_position\":\"center-center\",\"position_sticky_breakpoint\":\"m\"},\"children\":[{\"type\":\"breadcrumbs\",\"props\":{\"show_current\":true,\"show_home\":true}}]}]},{\"type\":\"row\",\"props\":{\"layout\":\"1-2,1-2\",\"margin\":\"large\"},\"children\":[{\"type\":\"column\",\"props\":{\"image_position\":\"center-center\",\"position_sticky_breakpoint\":\"m\",\"width_medium\":\"1-2\"},\"children\":[{\"type\":\"headline\",\"props\":{\"content\":\"\n\n<p><strong>Plangetriebene klassische Projektvorgehensweise\\u00a0<\\\/strong><\\\/p>\",\"title_element\":\"h2\",\"title_style\":\"h3\"}},{\"type\":\"text\",\"props\":{\"column_breakpoint\":\"m\",\"content\":\"\n\n<p>Die plangetriebene klassische Projektvorgehensweise, oft auch als Wasserfallmodell bekannt, ist ein strukturiertes und sequenzielles Projektmanagementmodell, das auf detaillierter Planung und einer klaren Abfolge von Phasen basiert. ISO 21500 bietet Leitlinien f\\u00fcr das Projektmanagement und ist mit seinen Prozessgruppen am klassischen Vorgehen ausgerichtet.<\\\/p>\",\"margin\":\"default\"}}]},{\"type\":\"column\",\"props\":{\"image_position\":\"center-center\",\"position_sticky_breakpoint\":\"m\",\"width_medium\":\"1-2\"},\"children\":[{\"type\":\"image\",\"props\":{\"image\":\"wp-content\\\/uploads\\\/Klassisches-Vorgehen.jpg\",\"image_alt\":\"ISO 21500\",\"image_border\":\"rounded\",\"image_box_shadow\":\"large\",\"image_svg_color\":\"emphasis\",\"link\":\"https:\\\/\\\/travel-all-stars.com\\\/produkt\\\/projektleitlinien-nach-iso-21500\\\/\",\"margin\":\"default\"}}]}]},{\"type\":\"row\",\"props\":{\"layout\":\"1-2,1-2\"},\"children\":[{\"type\":\"column\",\"props\":{\"image_position\":\"center-center\",\"position_sticky_breakpoint\":\"m\",\"width_medium\":\"1-2\"},\"children\":[{\"type\":\"image\",\"props\":{\"image\":\"wp-content\\\/uploads\\\/Scrum.jpg\",\"image_box_shadow\":\"large\",\"image_svg_color\":\"emphasis\",\"link\":\"https:\\\/\\\/travel-all-stars.com\\\/produkt\\\/projektmanagement-leitlinien-nach-iso-21502\\\/\",\"margin\":\"default\"}}]},{\"type\":\"column\",\"props\":{\"image_position\":\"center-center\",\"position_sticky_breakpoint\":\"m\",\"width_medium\":\"1-2\"},\"children\":[{\"type\":\"headline\",\"props\":{\"content\":\"\n\n<p><strong>Agile Projektvorgehensweise\\u00a0<\\\/strong><\\\/p>\",\"title_element\":\"h2\",\"title_style\":\"h3\"}},{\"type\":\"text\",\"props\":{\"column_breakpoint\":\"m\",\"content\":\"\n\n<p>Die agile Projektvorgehensweise stellt eine flexible und iterative Methode des Projektmanagements dar, die besonders in dynamischen und schnelllebigen Umfeldern effektiv ist. Vertreter diese Vorgehensweisen sind z.B. Scrum, Kanban und Design Thinking.<\\\/p>\\n\n\n<p>ISO 21500 bietet mit seinen Leitlinien auch f\\u00fcr diese Projekte die notwendigen Prozesse und Themengebiete, die es zu beachten gilt. \\u00a0<\\\/p>\",\"margin\":\"default\"}}]}]},{\"type\":\"row\",\"props\":{\"margin\":\"large\"},\"children\":[{\"type\":\"column\",\"props\":{\"image_position\":\"center-center\",\"position_sticky_breakpoint\":\"m\"},\"children\":[{\"type\":\"headline\",\"props\":{\"content\":\"\n\n<p><strong>Hybride\\u00a0 PM-Vorgehensweise\\u00a0<\\\/strong><\\\/p>\",\"title_element\":\"h2\",\"title_style\":\"h3\"}},{\"type\":\"text\",\"props\":{\"column_breakpoint\":\"m\",\"content\":\"\n\n<p>Hybrides Projektmanagement vereint die St\\u00e4rken\\u00a0 der klassischen und agilen Methoden, um den Anforderungen komplexer und vielschichtiger Projekte gerecht zu werden. Dabei werden strukturierte und planungsorientierte Ans\\u00e4tze des Wasserfallmodells mit den flexiblen und anpassungsf\\u00e4higen Techniken der agilen Methoden kombiniert.\\u00a0<\\\/p>\\n\n\n<p>Durch die Integration von klassischen und agilen Elementen schafft hybrides Projektmanagement eine vielseitige Grundlage, die sich den spezifischen Bed\\u00fcrfnissen und Herausforderungen jedes Projekts anpassen l\\u00e4sst.\\u00a0<\\\/p>\\n\n\n<p>ISO 21500 bietet f\\u00fcr diese kombinierte Methode die notwendigen Leitlinien, Prozesse und Praktiken, um eine erfolgreiche Umsetzung sicherzustellen.<\\\/p>\",\"margin\":\"default\"}}]}]}]}],\"version\":\"4.3.10\",\"yooessentialsVersion\":\"2.2.7\"} --><\/p>\n","protected":false},"excerpt":{"rendered":"<p>Plangetriebene klassische Projektvorgehensweise&nbsp; Die plangetriebene klassische Projektvorgehensweise, oft auch als Wasserfallmodell bekannt, ist ein strukturiertes und sequenzielles Projektmanagementmodell, das auf detaillierter Planung und einer klaren Abfolge von Phasen basiert. ISO 21500 bietet Leitlinien f\u00fcr das Projektmanagement und ist mit seinen Prozessgruppen am klassischen Vorgehen ausgerichtet. Agile Projektvorgehensweise&nbsp; Die agile Projektvorgehensweise stellt eine flexible und iterative&nbsp;[\u2026]<\/p>\n","protected":false},"author":3,"featured_media":0,"parent":0,"menu_order":0,"comment_status":"closed","ping_status":"closed","template":"","meta":{"_acf_changed":false,"wp_typography_post_enhancements_disabled":false,"footnotes":""},"class_list":["post-3730","page","type-page","status-publish","hentry"],"acf":[],"yoast_head":"<!-- This site is optimized with the Yoast SEO plugin v27.2 - https:\/\/yoast.com\/product\/yoast-seo-wordpress\/ -->\n<title>B\u00fccher zur ISO 21500 bzw. ISO 21502<\/title>\n<meta name=\"description\" content=\"B\u00fccher zur ISO21500 bzw. ISO 21502 in der Originalversion vom Beuth Verlag oder als \u00fcberarbeitete Ebook Praxisversion von TRAVISION\" \/>\n<meta name=\"robots\" content=\"index, follow, max-snippet:-1, max-image-preview:large, max-video-preview:-1\" \/>\n<link rel=\"canonical\" href=\"https:\/\/www.iso21500.de\/de\/pm-vorgehensweisen-klassisch-agil\/\" \/>\n<meta property=\"og:locale\" content=\"de_DE\" \/>\n<meta property=\"og:type\" content=\"article\" \/>\n<meta property=\"og:title\" content=\"B\u00fccher zur ISO 21500 bzw. ISO 21502\" \/>\n<meta property=\"og:description\" content=\"B\u00fccher zur ISO21500 bzw. ISO 21502 in der Originalversion vom Beuth Verlag oder als \u00fcberarbeitete Ebook Praxisversion von TRAVISION\" \/>\n<meta property=\"og:url\" content=\"https:\/\/www.iso21500.de\/de\/pm-vorgehensweisen-klassisch-agil\/\" \/>\n<meta property=\"og:site_name\" content=\"Projektmanagement nach ISO21500\" \/>\n<meta property=\"article:modified_time\" content=\"2024-06-11T09:17:01+00:00\" \/>\n<meta name=\"twitter:card\" content=\"summary_large_image\" \/>\n<meta name=\"twitter:label1\" content=\"Gesch\u00e4tzte Lesezeit\" \/>\n\t<meta name=\"twitter:data1\" content=\"2\u00a0Minuten\" \/>\n<script type=\"application\/ld+json\" class=\"yoast-schema-graph\">{\"@context\":\"https:\/\/schema.org\",\"@graph\":[{\"@type\":\"WebPage\",\"@id\":\"https:\/\/www.iso21500.de\/de\/pm-vorgehensweisen-klassisch-agil\/\",\"url\":\"https:\/\/www.iso21500.de\/de\/pm-vorgehensweisen-klassisch-agil\/\",\"name\":\"B\u00fccher zur ISO 21500 bzw. ISO 21502\",\"isPartOf\":{\"@id\":\"https:\/\/www.iso21500.de\/de\/#website\"},\"datePublished\":\"2024-05-30T08:16:37+00:00\",\"dateModified\":\"2024-06-11T09:17:01+00:00\",\"description\":\"B\u00fccher zur ISO21500 bzw. ISO 21502 in der Originalversion vom Beuth Verlag oder als \u00fcberarbeitete Ebook Praxisversion von TRAVISION\",\"breadcrumb\":{\"@id\":\"https:\/\/www.iso21500.de\/de\/pm-vorgehensweisen-klassisch-agil\/#breadcrumb\"},\"inLanguage\":\"de\",\"potentialAction\":[{\"@type\":\"ReadAction\",\"target\":[\"https:\/\/www.iso21500.de\/de\/pm-vorgehensweisen-klassisch-agil\/\"]}]},{\"@type\":\"BreadcrumbList\",\"@id\":\"https:\/\/www.iso21500.de\/de\/pm-vorgehensweisen-klassisch-agil\/#breadcrumb\",\"itemListElement\":[{\"@type\":\"ListItem\",\"position\":1,\"name\":\"Startseite\",\"item\":\"https:\/\/www.iso21500.de\/de\/\"},{\"@type\":\"ListItem\",\"position\":2,\"name\":\"PM Vorgehensweisen &#8211; klassisch &#8211; agil\"}]},{\"@type\":\"WebSite\",\"@id\":\"https:\/\/www.iso21500.de\/de\/#website\",\"url\":\"https:\/\/www.iso21500.de\/de\/\",\"name\":\"iso21500.de\",\"description\":\"neu: Projektmanagement nach ISO21502\",\"publisher\":{\"@id\":\"https:\/\/www.iso21500.de\/de\/#\/schema\/person\/13c5df3918ff1cab82ab9ca397d3e3a4\"},\"potentialAction\":[{\"@type\":\"SearchAction\",\"target\":{\"@type\":\"EntryPoint\",\"urlTemplate\":\"https:\/\/www.iso21500.de\/de\/?s={search_term_string}\"},\"query-input\":{\"@type\":\"PropertyValueSpecification\",\"valueRequired\":true,\"valueName\":\"search_term_string\"}}],\"inLanguage\":\"de\"},{\"@type\":[\"Person\",\"Organization\"],\"@id\":\"https:\/\/www.iso21500.de\/de\/#\/schema\/person\/13c5df3918ff1cab82ab9ca397d3e3a4\",\"name\":\"Dennis Hain\",\"image\":{\"@type\":\"ImageObject\",\"inLanguage\":\"de\",\"@id\":\"https:\/\/secure.gravatar.com\/avatar\/89898cfc3cb4dc6d7782fcd955179ebd47446145f4b7827e99ec78603be85eda?s=96&d=mm&r=g\",\"url\":\"https:\/\/secure.gravatar.com\/avatar\/89898cfc3cb4dc6d7782fcd955179ebd47446145f4b7827e99ec78603be85eda?s=96&d=mm&r=g\",\"contentUrl\":\"https:\/\/secure.gravatar.com\/avatar\/89898cfc3cb4dc6d7782fcd955179ebd47446145f4b7827e99ec78603be85eda?s=96&d=mm&r=g\",\"caption\":\"Dennis Hain\"},\"logo\":{\"@id\":\"https:\/\/secure.gravatar.com\/avatar\/89898cfc3cb4dc6d7782fcd955179ebd47446145f4b7827e99ec78603be85eda?s=96&d=mm&r=g\"},\"sameAs\":[\"https:\/\/www.fusepro.de\"]}]}<\/script>\n<!-- \/ Yoast SEO plugin. -->","yoast_head_json":{"title":"B\u00fccher zur ISO 21500 bzw. ISO 21502","description":"B\u00fccher zur ISO21500 bzw. ISO 21502 in der Originalversion vom Beuth Verlag oder als \u00fcberarbeitete Ebook Praxisversion von TRAVISION","robots":{"index":"index","follow":"follow","max-snippet":"max-snippet:-1","max-image-preview":"max-image-preview:large","max-video-preview":"max-video-preview:-1"},"canonical":"https:\/\/www.iso21500.de\/de\/pm-vorgehensweisen-klassisch-agil\/","og_locale":"de_DE","og_type":"article","og_title":"B\u00fccher zur ISO 21500 bzw. ISO 21502","og_description":"B\u00fccher zur ISO21500 bzw. ISO 21502 in der Originalversion vom Beuth Verlag oder als \u00fcberarbeitete Ebook Praxisversion von TRAVISION","og_url":"https:\/\/www.iso21500.de\/de\/pm-vorgehensweisen-klassisch-agil\/","og_site_name":"Projektmanagement nach ISO21500","article_modified_time":"2024-06-11T09:17:01+00:00","twitter_card":"summary_large_image","twitter_misc":{"Gesch\u00e4tzte Lesezeit":"2\u00a0Minuten"},"schema":{"@context":"https:\/\/schema.org","@graph":[{"@type":"WebPage","@id":"https:\/\/www.iso21500.de\/de\/pm-vorgehensweisen-klassisch-agil\/","url":"https:\/\/www.iso21500.de\/de\/pm-vorgehensweisen-klassisch-agil\/","name":"B\u00fccher zur ISO 21500 bzw. ISO 21502","isPartOf":{"@id":"https:\/\/www.iso21500.de\/de\/#website"},"datePublished":"2024-05-30T08:16:37+00:00","dateModified":"2024-06-11T09:17:01+00:00","description":"B\u00fccher zur ISO21500 bzw. ISO 21502 in der Originalversion vom Beuth Verlag oder als \u00fcberarbeitete Ebook Praxisversion von TRAVISION","breadcrumb":{"@id":"https:\/\/www.iso21500.de\/de\/pm-vorgehensweisen-klassisch-agil\/#breadcrumb"},"inLanguage":"de","potentialAction":[{"@type":"ReadAction","target":["https:\/\/www.iso21500.de\/de\/pm-vorgehensweisen-klassisch-agil\/"]}]},{"@type":"BreadcrumbList","@id":"https:\/\/www.iso21500.de\/de\/pm-vorgehensweisen-klassisch-agil\/#breadcrumb","itemListElement":[{"@type":"ListItem","position":1,"name":"Startseite","item":"https:\/\/www.iso21500.de\/de\/"},{"@type":"ListItem","position":2,"name":"PM Vorgehensweisen &#8211; klassisch &#8211; agil"}]},{"@type":"WebSite","@id":"https:\/\/www.iso21500.de\/de\/#website","url":"https:\/\/www.iso21500.de\/de\/","name":"iso21500.de","description":"neu: Projektmanagement nach ISO21502","publisher":{"@id":"https:\/\/www.iso21500.de\/de\/#\/schema\/person\/13c5df3918ff1cab82ab9ca397d3e3a4"},"potentialAction":[{"@type":"SearchAction","target":{"@type":"EntryPoint","urlTemplate":"https:\/\/www.iso21500.de\/de\/?s={search_term_string}"},"query-input":{"@type":"PropertyValueSpecification","valueRequired":true,"valueName":"search_term_string"}}],"inLanguage":"de"},{"@type":["Person","Organization"],"@id":"https:\/\/www.iso21500.de\/de\/#\/schema\/person\/13c5df3918ff1cab82ab9ca397d3e3a4","name":"Dennis Hain","image":{"@type":"ImageObject","inLanguage":"de","@id":"https:\/\/secure.gravatar.com\/avatar\/89898cfc3cb4dc6d7782fcd955179ebd47446145f4b7827e99ec78603be85eda?s=96&d=mm&r=g","url":"https:\/\/secure.gravatar.com\/avatar\/89898cfc3cb4dc6d7782fcd955179ebd47446145f4b7827e99ec78603be85eda?s=96&d=mm&r=g","contentUrl":"https:\/\/secure.gravatar.com\/avatar\/89898cfc3cb4dc6d7782fcd955179ebd47446145f4b7827e99ec78603be85eda?s=96&d=mm&r=g","caption":"Dennis Hain"},"logo":{"@id":"https:\/\/secure.gravatar.com\/avatar\/89898cfc3cb4dc6d7782fcd955179ebd47446145f4b7827e99ec78603be85eda?s=96&d=mm&r=g"},"sameAs":["https:\/\/www.fusepro.de"]}]}},"_links":{"self":[{"href":"https:\/\/www.iso21500.de\/de\/wp-json\/wp\/v2\/pages\/3730","targetHints":{"allow":["GET"]}}],"collection":[{"href":"https:\/\/www.iso21500.de\/de\/wp-json\/wp\/v2\/pages"}],"about":[{"href":"https:\/\/www.iso21500.de\/de\/wp-json\/wp\/v2\/types\/page"}],"author":[{"embeddable":true,"href":"https:\/\/www.iso21500.de\/de\/wp-json\/wp\/v2\/users\/3"}],"replies":[{"embeddable":true,"href":"https:\/\/www.iso21500.de\/de\/wp-json\/wp\/v2\/comments?post=3730"}],"version-history":[{"count":10,"href":"https:\/\/www.iso21500.de\/de\/wp-json\/wp\/v2\/pages\/3730\/revisions"}],"predecessor-version":[{"id":3761,"href":"https:\/\/www.iso21500.de\/de\/wp-json\/wp\/v2\/pages\/3730\/revisions\/3761"}],"wp:attachment":[{"href":"https:\/\/www.iso21500.de\/de\/wp-json\/wp\/v2\/media?parent=3730"}],"curies":[{"name":"wp","href":"https:\/\/api.w.org\/{rel}","templated":true}]}}