{"id":3790,"date":"2024-07-04T16:07:34","date_gmt":"2024-07-04T14:07:34","guid":{"rendered":"https:\/\/www.iso21500.de\/?page_id=3790"},"modified":"2025-11-07T10:54:18","modified_gmt":"2025-11-07T09:54:18","slug":"projektmanagement-frameworks","status":"publish","type":"page","link":"https:\/\/www.iso21500.de\/de\/projektmanagement-frameworks\/","title":{"rendered":"Projektmanagement-Frameworks"},"content":{"rendered":"\n<p>In der Welt des&nbsp;<strong>Projektmanagements<\/strong>&nbsp;gibt es eine Vielzahl von&nbsp;Standards, <em>Methoden<\/em> und Vorgehensweisen, die alle darauf ausgelegt sind, Projekte effizient und erfolgreich zu planen und durchzuf\u00fchren. Wir fassen sie unter dem Begriff FRAMEWORKS zusammen und bieten Ihnen eine \u00dcbersicht \u00fcber die g\u00e4ngigsten Projektmanagement-Frameworks.<\/p>\n\n\n\n<h2 class=\"wp-block-heading\"><strong>Beliebte Projektmanagement-Frameworks<\/strong><\/h2>\n\n\n\n<p>Hier finden Sie eine \u00dcbersicht \u00fcber einige der bekanntesten&nbsp;<strong>Frameworks im Projektmanagement<\/strong>:<\/p>\n\n\n\n<figure class=\"wp-block-table is-style-stripes\"><table class=\"has-fixed-layout\"><thead><tr><td><strong>Name<\/strong><\/td><td><strong>Herausgeber<\/strong><\/td><td><strong>URL<\/strong><\/td><td><strong>Kosten<\/strong><\/td><td><strong>Kurzbeschreibung<\/strong><\/td><\/tr><\/thead><tbody><tr><td><a href=\"https:\/\/www.iso21500.de\/de\/projektmanagement-frameworks\/projektmanagement-mit-iso21500\/\">ISO21500<\/a><\/td><td>ISO<\/td><td><a href=\"https:\/\/www.iso.org\/home.html\" target=\"_blank\" rel=\"noreferrer noopener\">iso.org<\/a><\/td><td>Kostenpflichtig<\/td><td>Leitlinien f\u00fcr das Projektmanagement, anwendbar auf alle Projektarten und Vorgehensweisen \u2014 einfach, kurz, kompatibel und weltweit anerkannt.<\/td><\/tr><tr><td><a href=\"https:\/\/www.iso21500.de\/de\/projektmanagement-frameworks\/projektmanagement-mit-pm2\/\">PM\u00b2<\/a><\/td><td>Europ\u00e4ische Kommission<\/td><td><a href=\"https:\/\/ec.europa.eu\/info\/departments\/informatics_en\" target=\"_blank\" rel=\"noreferrer noopener\">commission.europa.eu<\/a><\/td><td>Kostenlos<\/td><td>Projektmanagementmethode entwickelt f\u00fcr EU-Projekte, basierend auf Best Practices aus \u00f6ffentlichem und privatem Sektor.<\/td><\/tr><tr><td><a href=\"https:\/\/www.iso21500.de\/de\/projektmanagement-frameworks\/projektmanagement-mit-wasserfall-modell\/\">Waterfall<\/a><\/td><td>Winston W.&nbsp;Royce<\/td><td>-<\/td><td>Kostenlos<\/td><td>Traditionelles sequentielles Projektmanagementmodell.<\/td><\/tr><tr><td><a href=\"https:\/\/www.iso21500.de\/de\/projektmanagement-frameworks\/projektmanagement-mit-v-modell\/\">V\u2011Modell<\/a><\/td><td>Bundesministerium des Innern, f\u00fcr Bau und Heimat<\/td><td><a href=\"https:\/\/www.iabg.de\/news-termine\/details\/v-modellr-xt-der-neue-standard-fuer-it-vorhaben-der-oeffentlichen-hand-steht-kurz-vor-der-veroeffentl\/\" target=\"_blank\" rel=\"noreferrer noopener\">iabg.de<\/a><\/td><td>Kostenlos<\/td><td>Vorgehensmodell f\u00fcr Systementwicklungsprojekte, haupts\u00e4chlich in der Softwareentwicklung und IT-Bereich genutzt.<\/td><\/tr><tr><td><a href=\"https:\/\/www.iso21500.de\/de\/projektmanagement-frameworks\/projektmanagement-mit-pmi-pmbok\/\">PMBOK<\/a><\/td><td>PMI<\/td><td><a href=\"https:\/\/www.pmi.org\" target=\"_blank\" rel=\"noreferrer noopener\">pmi.org<\/a><\/td><td>Kostenpflichtig<\/td><td>Umfassende Richtlinien und Standards f\u00fcr das Projektmanagement von PMI, der weltweit f\u00fchrenden Organisation zur PM-Standardisierung.<\/td><\/tr><tr><td><a href=\"https:\/\/www.iso21500.de\/de\/projektmanagement-mit-ipma-icb\/\">IPMA ICB<\/a><\/td><td>IPMA<\/td><td><a href=\"https:\/\/www.ipma.world\" target=\"_blank\" rel=\"noreferrer noopener\">ipma.world<\/a><\/td><td>Kostenpflichtig<\/td><td>Kompetenzbasiertes Framework f\u00fcr Projektmanagement-Qualifikationen.<\/td><\/tr><tr><td><a href=\"https:\/\/www.iso21500.de\/de\/projektmanagement-frameworks\/projektmanagement-mit-prince2\/\">PRINCE2<\/a><\/td><td>AXELOS<\/td><td><a href=\"https:\/\/www.axelos.com\" target=\"_blank\" rel=\"noreferrer noopener\">axelos.com<\/a><\/td><td>Kostenpflichtig<\/td><td>Prozessbasiertes Framework mit Fokus auf Organisation, Steuerung und Kontrolle.<\/td><\/tr><tr><td><a href=\"https:\/\/www.iso21500.de\/de\/projektmanagement-frameworks\/projektmanagement-mit-scrum\/\">Scrum<\/a><\/td><td>Scrum.org<\/td><td><a href=\"https:\/\/www.scrum.org\" target=\"_blank\" rel=\"noreferrer noopener\">scrum.org<\/a><\/td><td>Kostenlos<\/td><td>Agiles Framework f\u00fcr die iterative Entwicklung von Projekten.<\/td><\/tr><tr><td><a href=\"https:\/\/www.iso21500.de\/de\/projektmanagement-frameworks\/projektmanagement-mit-kanban\/\">Kanban<\/a><\/td><td>Kanban University<\/td><td><a href=\"https:\/\/kanban.university\" target=\"_blank\" rel=\"noreferrer noopener\">kanban.university<\/a><\/td><td>Kostenlos<\/td><td>Visuelles Managementsystem zur Optimierung des Arbeitsflusses.<\/td><\/tr><tr><td><a href=\"https:\/\/www.iso21500.de\/de\/projektmanagement-frameworks\/projektmanagement-mit-safe-scaled-agile-framework\/\">SAFe<\/a><\/td><td>Scaled Agile, Inc.<\/td><td><a href=\"https:\/\/www.scaledagileframework.com\" target=\"_blank\" rel=\"noreferrer noopener\">scaledagileframework.com<\/a><\/td><td>Kostenpflichtig<\/td><td>Skaliertes agiles Framework f\u00fcr die Umsetzung von agilem Management in gro\u00dfen Unternehmen.<\/td><\/tr><tr><td><a href=\"https:\/\/www.iso21500.de\/de\/projektmanagement-frameworks\/projektmanagement-mit-lean-management\/\">Lean<\/a><\/td><td>Lean Enterprise Institute<\/td><td><a href=\"https:\/\/www.lean.org\" target=\"_blank\" rel=\"noreferrer noopener\">lean.org<\/a><\/td><td>Kostenlos<\/td><td>Methode zur Verbesserung der Effizienz durch Minimierung von Verschwendung.<\/td><\/tr><tr><td><a href=\"https:\/\/www.iso21500.de\/de\/projektmanagement-frameworks\/projektmanagement-mit-six-sigma\/\">Six Sigma<\/a><\/td><td>Six Sigma Institute<\/td><td><a href=\"https:\/\/www.sixsigma-institute.org\" target=\"_blank\" rel=\"noreferrer noopener\">sixsigma-institute.org<\/a><\/td><td>Kostenpflichtig<\/td><td>Methodik zur Verbesserung der Qualit\u00e4t durch Reduzierung von Fehlern und Variationen.<\/td><\/tr><tr><td><a href=\"https:\/\/www.iso21500.de\/de\/projektmanagement-frameworks\/projektmanagement-mit-xp-extreme-programming\/\">XP (Extreme Programming)<\/a><\/td><td>Kent Beck et&nbsp;al.<\/td><td><a href=\"http:\/\/www.extremeprogramming.org\" target=\"_blank\" rel=\"noreferrer noopener\">extremeprogramming.org<\/a><\/td><td>Kostenlos<\/td><td>Agiles Framework f\u00fcr Softwareentwicklung mit Fokus auf technischer Exzellenz.<\/td><\/tr><tr><td><a href=\"https:\/\/www.iso21500.de\/de\/projektmanagement-frameworks\/projektmanagement-mit-design-thinking\/\">Design Thinking<\/a><\/td><td>Hasso-Plattner-Institut und&nbsp;IDEO<\/td><td><a href=\"https:\/\/www.bing.com\/ck\/a?!&amp;&amp;p=82ff81c22bbd2c59JmltdHM9MTcxOTI3MzYwMCZpZ3VpZD0zMTNjZTI5Mi0zNGFmLTYyMjYtMjExOS1mNmQ4MzVjNDYzNmEmaW5zaWQ9NTIyNQ&amp;ptn=3&amp;ver=2&amp;hsh=3&amp;fclid=313ce292-34af-6226-2119-f6d835c4636a&amp;psq=hpi.de&amp;u=a1aHR0cHM6Ly9ocGkuZGUv&amp;ntb=1\" target=\"_blank\" rel=\"noreferrer noopener\">hpi.de<\/a> + <a href=\"https:\/\/www.bing.com\/ck\/a?!&amp;&amp;p=2a67a840a42bf199JmltdHM9MTcxOTI3MzYwMCZpZ3VpZD0zMTNjZTI5Mi0zNGFmLTYyMjYtMjExOS1mNmQ4MzVjNDYzNmEmaW5zaWQ9NTIyNQ&amp;ptn=3&amp;ver=2&amp;hsh=3&amp;fclid=313ce292-34af-6226-2119-f6d835c4636a&amp;psq=ideo.com&amp;u=a1aHR0cHM6Ly93d3cuaWRlby5jb20v&amp;ntb=1\" target=\"_blank\" rel=\"noreferrer noopener\">ideo.com<\/a><\/td><td>Kostenlos<\/td><td>AIternativer Prozess zur nutzerzentrierten Innovation, f\u00f6rdert kreatives Denken und Probleml\u00f6sung durch multidisziplin\u00e4re Teams.<\/td><\/tr><tr><td><a href=\"https:\/\/www.iso21500.de\/de\/projektmanagement-frameworks\/projektmanagement-mit-din-69001\/\">DIN 69901<\/a><\/td><td>DIN<\/td><td><a href=\"https:\/\/www.bing.com\/ck\/a?!&amp;&amp;p=63caa06868eee36bJmltdHM9MTcxOTI3MzYwMCZpZ3VpZD0zMTNjZTI5Mi0zNGFmLTYyMjYtMjExOS1mNmQ4MzVjNDYzNmEmaW5zaWQ9NTE5Ng&amp;ptn=3&amp;ver=2&amp;hsh=3&amp;fclid=313ce292-34af-6226-2119-f6d835c4636a&amp;psq=beuth.de&amp;u=a1aHR0cHM6Ly93d3cuYmV1dGguZGUvZGU_c2VhcmNoPXBob25l&amp;ntb=1\" target=\"_blank\" rel=\"noreferrer noopener\">dinmedia.de<\/a><\/td><td>Kostenpflichtig<\/td><td>Normenreihe f\u00fcr Projektmanagement, definiert Begriffe, Methoden und Prozesse zur Planung und Durchf\u00fchrung von Projekten.<\/td><\/tr><tr><td><a href=\"https:\/\/www.iso21500.de\/de\/projektmanagement-frameworks\/projektmanagement-mit-isotec\/\">ISOTEC<\/a><\/td><td>Ploenzke AG<\/td><td><a href=\"https:\/\/ploenzkeholding.com\/\">ploenzkeholding.com<\/a><\/td><td>Kostenlos<\/td><td>Dient zur systematischen Planung, Steuerung und Kontrolle von Projekten, insbesondere in der Informationstechnologie und Organisationsentwicklung.<\/td><\/tr><tr><td><a href=\"https:\/\/www.iso21500.de\/de\/projektmanagement-frameworks\/projektmanagement-mit-p5-standard\/\">P5 Standard<br>GPM\u00ae (Green Project Management)<\/a><\/td><td>GPM Global<\/td><td><a href=\"https:\/\/gpmglobal.org\">gpmglobal.org<\/a><\/td><td>Kostenlos<\/td><td>Rahmenwerk zur Integration von Nachhaltigkeit in das Projektmanagement \u2013 entwickelt von GPM\u00ae zur Bewertung und Steuerung \u00f6kologischer, sozialer und wirtschaftlicher Projektwirkungen.<\/td><\/tr><\/tbody><\/table><\/figure>\n\n\n\n<p><\/p>\n\n\n\n<p><\/p>\n","protected":false},"excerpt":{"rendered":"<p>In der Welt des&nbsp;Projektmanagements&nbsp;gibt es eine Vielzahl von&nbsp;Standards, Methoden und Vorgehensweisen, die alle darauf ausgelegt sind, Projekte effizient und erfolgreich zu planen und durchzuf\u00fchren. Wir fassen sie unter dem Begriff FRAMEWORKS zusammen und bieten Ihnen eine \u00dcbersicht \u00fcber die g\u00e4ngigsten Projektmanagement-Frameworks. Beliebte Projektmanagement-Frameworks Hier finden Sie eine \u00dcbersicht \u00fcber einige der bekanntesten&nbsp;Frameworks im Projektmanagement: Name&nbsp;[\u2026]<\/p>\n","protected":false},"author":1,"featured_media":0,"parent":0,"menu_order":0,"comment_status":"closed","ping_status":"closed","template":"","meta":{"_acf_changed":false,"wp_typography_post_enhancements_disabled":false,"footnotes":""},"class_list":["post-3790","page","type-page","status-publish","hentry"],"acf":[],"yoast_head":"<!-- This site is optimized with the Yoast SEO plugin v27.2 - https:\/\/yoast.com\/product\/yoast-seo-wordpress\/ -->\n<title>Projektmanagement-Frameworks - Projektmanagement nach ISO21500<\/title>\n<meta name=\"robots\" content=\"index, follow, max-snippet:-1, max-image-preview:large, max-video-preview:-1\" \/>\n<link rel=\"canonical\" href=\"https:\/\/www.iso21500.de\/de\/projektmanagement-frameworks\/\" \/>\n<meta property=\"og:locale\" content=\"de_DE\" \/>\n<meta property=\"og:type\" content=\"article\" \/>\n<meta property=\"og:title\" content=\"Projektmanagement-Frameworks - Projektmanagement nach ISO21500\" \/>\n<meta property=\"og:description\" content=\"In der Welt des&nbsp;Projektmanagements&nbsp;gibt es eine Vielzahl von&nbsp;Standards, Methoden und Vorgehensweisen, die alle darauf ausgelegt sind, Projekte effizient und erfolgreich zu planen und durchzuf\u00fchren. Wir fassen sie unter dem Begriff FRAMEWORKS zusammen und bieten Ihnen eine \u00dcbersicht \u00fcber die g\u00e4ngigsten Projektmanagement-Frameworks. Beliebte Projektmanagement-Frameworks Hier finden Sie eine \u00dcbersicht \u00fcber einige der bekanntesten&nbsp;Frameworks im Projektmanagement: Name [&hellip;]\" \/>\n<meta property=\"og:url\" content=\"https:\/\/www.iso21500.de\/de\/projektmanagement-frameworks\/\" \/>\n<meta property=\"og:site_name\" content=\"Projektmanagement nach ISO21500\" \/>\n<meta property=\"article:modified_time\" content=\"2025-11-07T09:54:18+00:00\" \/>\n<meta name=\"twitter:card\" content=\"summary_large_image\" \/>\n<meta name=\"twitter:label1\" content=\"Gesch\u00e4tzte Lesezeit\" \/>\n\t<meta name=\"twitter:data1\" content=\"2\u00a0Minuten\" \/>\n<script type=\"application\/ld+json\" class=\"yoast-schema-graph\">{\"@context\":\"https:\/\/schema.org\",\"@graph\":[{\"@type\":\"WebPage\",\"@id\":\"https:\/\/www.iso21500.de\/de\/projektmanagement-frameworks\/\",\"url\":\"https:\/\/www.iso21500.de\/de\/projektmanagement-frameworks\/\",\"name\":\"Projektmanagement-Frameworks - Projektmanagement nach ISO21500\",\"isPartOf\":{\"@id\":\"https:\/\/www.iso21500.de\/de\/#website\"},\"datePublished\":\"2024-07-04T14:07:34+00:00\",\"dateModified\":\"2025-11-07T09:54:18+00:00\",\"breadcrumb\":{\"@id\":\"https:\/\/www.iso21500.de\/de\/projektmanagement-frameworks\/#breadcrumb\"},\"inLanguage\":\"de\",\"potentialAction\":[{\"@type\":\"ReadAction\",\"target\":[\"https:\/\/www.iso21500.de\/de\/projektmanagement-frameworks\/\"]}]},{\"@type\":\"BreadcrumbList\",\"@id\":\"https:\/\/www.iso21500.de\/de\/projektmanagement-frameworks\/#breadcrumb\",\"itemListElement\":[{\"@type\":\"ListItem\",\"position\":1,\"name\":\"Startseite\",\"item\":\"https:\/\/www.iso21500.de\/de\/\"},{\"@type\":\"ListItem\",\"position\":2,\"name\":\"Projektmanagement-Frameworks\"}]},{\"@type\":\"WebSite\",\"@id\":\"https:\/\/www.iso21500.de\/de\/#website\",\"url\":\"https:\/\/www.iso21500.de\/de\/\",\"name\":\"iso21500.de\",\"description\":\"neu: Projektmanagement nach ISO21502\",\"publisher\":{\"@id\":\"https:\/\/www.iso21500.de\/de\/#\/schema\/person\/13c5df3918ff1cab82ab9ca397d3e3a4\"},\"potentialAction\":[{\"@type\":\"SearchAction\",\"target\":{\"@type\":\"EntryPoint\",\"urlTemplate\":\"https:\/\/www.iso21500.de\/de\/?s={search_term_string}\"},\"query-input\":{\"@type\":\"PropertyValueSpecification\",\"valueRequired\":true,\"valueName\":\"search_term_string\"}}],\"inLanguage\":\"de\"},{\"@type\":[\"Person\",\"Organization\"],\"@id\":\"https:\/\/www.iso21500.de\/de\/#\/schema\/person\/13c5df3918ff1cab82ab9ca397d3e3a4\",\"name\":\"Dennis Hain\",\"image\":{\"@type\":\"ImageObject\",\"inLanguage\":\"de\",\"@id\":\"https:\/\/secure.gravatar.com\/avatar\/89898cfc3cb4dc6d7782fcd955179ebd47446145f4b7827e99ec78603be85eda?s=96&d=mm&r=g\",\"url\":\"https:\/\/secure.gravatar.com\/avatar\/89898cfc3cb4dc6d7782fcd955179ebd47446145f4b7827e99ec78603be85eda?s=96&d=mm&r=g\",\"contentUrl\":\"https:\/\/secure.gravatar.com\/avatar\/89898cfc3cb4dc6d7782fcd955179ebd47446145f4b7827e99ec78603be85eda?s=96&d=mm&r=g\",\"caption\":\"Dennis Hain\"},\"logo\":{\"@id\":\"https:\/\/secure.gravatar.com\/avatar\/89898cfc3cb4dc6d7782fcd955179ebd47446145f4b7827e99ec78603be85eda?s=96&d=mm&r=g\"},\"sameAs\":[\"https:\/\/www.fusepro.de\"]}]}<\/script>\n<!-- \/ Yoast SEO plugin. -->","yoast_head_json":{"title":"Projektmanagement-Frameworks - Projektmanagement nach ISO21500","robots":{"index":"index","follow":"follow","max-snippet":"max-snippet:-1","max-image-preview":"max-image-preview:large","max-video-preview":"max-video-preview:-1"},"canonical":"https:\/\/www.iso21500.de\/de\/projektmanagement-frameworks\/","og_locale":"de_DE","og_type":"article","og_title":"Projektmanagement-Frameworks - Projektmanagement nach ISO21500","og_description":"In der Welt des&nbsp;Projektmanagements&nbsp;gibt es eine Vielzahl von&nbsp;Standards, Methoden und Vorgehensweisen, die alle darauf ausgelegt sind, Projekte effizient und erfolgreich zu planen und durchzuf\u00fchren. Wir fassen sie unter dem Begriff FRAMEWORKS zusammen und bieten Ihnen eine \u00dcbersicht \u00fcber die g\u00e4ngigsten Projektmanagement-Frameworks. Beliebte Projektmanagement-Frameworks Hier finden Sie eine \u00dcbersicht \u00fcber einige der bekanntesten&nbsp;Frameworks im Projektmanagement: Name [&hellip;]","og_url":"https:\/\/www.iso21500.de\/de\/projektmanagement-frameworks\/","og_site_name":"Projektmanagement nach ISO21500","article_modified_time":"2025-11-07T09:54:18+00:00","twitter_card":"summary_large_image","twitter_misc":{"Gesch\u00e4tzte Lesezeit":"2\u00a0Minuten"},"schema":{"@context":"https:\/\/schema.org","@graph":[{"@type":"WebPage","@id":"https:\/\/www.iso21500.de\/de\/projektmanagement-frameworks\/","url":"https:\/\/www.iso21500.de\/de\/projektmanagement-frameworks\/","name":"Projektmanagement-Frameworks - Projektmanagement nach ISO21500","isPartOf":{"@id":"https:\/\/www.iso21500.de\/de\/#website"},"datePublished":"2024-07-04T14:07:34+00:00","dateModified":"2025-11-07T09:54:18+00:00","breadcrumb":{"@id":"https:\/\/www.iso21500.de\/de\/projektmanagement-frameworks\/#breadcrumb"},"inLanguage":"de","potentialAction":[{"@type":"ReadAction","target":["https:\/\/www.iso21500.de\/de\/projektmanagement-frameworks\/"]}]},{"@type":"BreadcrumbList","@id":"https:\/\/www.iso21500.de\/de\/projektmanagement-frameworks\/#breadcrumb","itemListElement":[{"@type":"ListItem","position":1,"name":"Startseite","item":"https:\/\/www.iso21500.de\/de\/"},{"@type":"ListItem","position":2,"name":"Projektmanagement-Frameworks"}]},{"@type":"WebSite","@id":"https:\/\/www.iso21500.de\/de\/#website","url":"https:\/\/www.iso21500.de\/de\/","name":"iso21500.de","description":"neu: Projektmanagement nach ISO21502","publisher":{"@id":"https:\/\/www.iso21500.de\/de\/#\/schema\/person\/13c5df3918ff1cab82ab9ca397d3e3a4"},"potentialAction":[{"@type":"SearchAction","target":{"@type":"EntryPoint","urlTemplate":"https:\/\/www.iso21500.de\/de\/?s={search_term_string}"},"query-input":{"@type":"PropertyValueSpecification","valueRequired":true,"valueName":"search_term_string"}}],"inLanguage":"de"},{"@type":["Person","Organization"],"@id":"https:\/\/www.iso21500.de\/de\/#\/schema\/person\/13c5df3918ff1cab82ab9ca397d3e3a4","name":"Dennis Hain","image":{"@type":"ImageObject","inLanguage":"de","@id":"https:\/\/secure.gravatar.com\/avatar\/89898cfc3cb4dc6d7782fcd955179ebd47446145f4b7827e99ec78603be85eda?s=96&d=mm&r=g","url":"https:\/\/secure.gravatar.com\/avatar\/89898cfc3cb4dc6d7782fcd955179ebd47446145f4b7827e99ec78603be85eda?s=96&d=mm&r=g","contentUrl":"https:\/\/secure.gravatar.com\/avatar\/89898cfc3cb4dc6d7782fcd955179ebd47446145f4b7827e99ec78603be85eda?s=96&d=mm&r=g","caption":"Dennis Hain"},"logo":{"@id":"https:\/\/secure.gravatar.com\/avatar\/89898cfc3cb4dc6d7782fcd955179ebd47446145f4b7827e99ec78603be85eda?s=96&d=mm&r=g"},"sameAs":["https:\/\/www.fusepro.de"]}]}},"_links":{"self":[{"href":"https:\/\/www.iso21500.de\/de\/wp-json\/wp\/v2\/pages\/3790","targetHints":{"allow":["GET"]}}],"collection":[{"href":"https:\/\/www.iso21500.de\/de\/wp-json\/wp\/v2\/pages"}],"about":[{"href":"https:\/\/www.iso21500.de\/de\/wp-json\/wp\/v2\/types\/page"}],"author":[{"embeddable":true,"href":"https:\/\/www.iso21500.de\/de\/wp-json\/wp\/v2\/users\/1"}],"replies":[{"embeddable":true,"href":"https:\/\/www.iso21500.de\/de\/wp-json\/wp\/v2\/comments?post=3790"}],"version-history":[{"count":9,"href":"https:\/\/www.iso21500.de\/de\/wp-json\/wp\/v2\/pages\/3790\/revisions"}],"predecessor-version":[{"id":4454,"href":"https:\/\/www.iso21500.de\/de\/wp-json\/wp\/v2\/pages\/3790\/revisions\/4454"}],"wp:attachment":[{"href":"https:\/\/www.iso21500.de\/de\/wp-json\/wp\/v2\/media?parent=3790"}],"curies":[{"name":"wp","href":"https:\/\/api.w.org\/{rel}","templated":true}]}}