{"id":3958,"date":"2024-07-26T09:54:41","date_gmt":"2024-07-26T07:54:41","guid":{"rendered":"https:\/\/www.iso21500.de\/?page_id=3958"},"modified":"2024-09-11T11:34:11","modified_gmt":"2024-09-11T09:34:11","slug":"projektmanagement-mit-six-sigma","status":"publish","type":"page","link":"https:\/\/www.iso21500.de\/de\/projektmanagement-frameworks\/projektmanagement-mit-six-sigma\/","title":{"rendered":"Projektmanagement mit Six&nbsp;Sigma"},"content":{"rendered":"\n<h2 class=\"wp-block-heading\"><strong>Was ist Six&nbsp;Sigma?<\/strong><\/h2>\n\n\n\n<div class=\"wp-block-columns is-layout-flex wp-container-core-columns-is-layout-9d6595d7 wp-block-columns-is-layout-flex\">\n<div class=\"wp-block-column is-layout-flow wp-block-column-is-layout-flow\" style=\"flex-basis:50%\">\n<p>Six Sigma ist eine Methodik zur Prozessverbesserung, die darauf abzielt, Fehler und Abweichungen in Gesch\u00e4ftsprozessen zu reduzieren und die Qualit\u00e4t der Ergebnisse zu maximieren. Es verwendet statistische Methoden und Datenanalysen, um die Prozessleistung zu verbessern und Schwankungen zu minimieren.<\/p>\n<\/div>\n\n\n\n<div class=\"wp-block-column is-layout-flow wp-block-column-is-layout-flow\" style=\"flex-basis:50%\"><div class=\"wp-block-image\">\n<figure class=\"aligncenter size-medium\"><img loading=\"lazy\" decoding=\"async\" width=\"300\" height=\"169\" src=\"https:\/\/www.iso21500.de\/wp-content\/uploads\/Six-Sigma-300x169.jpg\" alt class=\"wp-image-4051\" srcset=\"https:\/\/www.iso21500.de\/wp-content\/uploads\/Six-Sigma-300x169.jpg 300w, https:\/\/www.iso21500.de\/wp-content\/uploads\/Six-Sigma-1024x576.jpg 1024w, https:\/\/www.iso21500.de\/wp-content\/uploads\/Six-Sigma-768x432.jpg 768w, https:\/\/www.iso21500.de\/wp-content\/uploads\/Six-Sigma.jpg 1280w\" sizes=\"(max-width: 300px) 100vw, 300px\"><\/figure>\n<\/div><\/div>\n<\/div>\n\n\n\n<h2 class=\"wp-block-heading\"><strong>Wer steht hinter Six Sigma? vWer ist der Eigent\u00fcmer?<\/strong><\/h2>\n\n\n\n<p>Six Sigma wurde von Motorola entwickelt und sp\u00e4ter von General Electric und anderen gro\u00dfen Unternehmen \u00fcbernommen. Es gibt keinen spezifischen Eigent\u00fcmer von Six Sigma. Organisationen wie die American Society for Quality (ASQ) und das International Association for Six Sigma Certification (IASSC) bieten Zertifizierungen und Schulungen an.<\/p>\n\n\n\n<h2 class=\"wp-block-heading\"><strong>Seit wann ist das Framework auf dem&nbsp;Markt?<\/strong><\/h2>\n\n\n\n<p>Six Sigma wurde in den 1980er Jahren entwickelt und hat sich seitdem weltweit verbreitet. Es ist besonders in der Fertigungsindustrie, aber auch in anderen Branchen weit verbreitet.<\/p>\n\n\n\n<h2 class=\"wp-block-heading\"><strong>Ist das Framework eher dem klassischen oder agilen Projektmanagement zuzuordnen?<\/strong><\/h2>\n\n\n\n<p>Six Sigma ist eher dem klassischen Projektmanagement zuzuordnen, da es einen strukturierten und datengetriebenen Ansatz zur Prozessverbesserung verfolgt. Es kann jedoch in Kombination mit agilen Methoden verwendet werden, um kontinuierliche Verbesserung zu f\u00f6rdern.<\/p>\n\n\n\n<h2 class=\"wp-block-heading\"><strong>Welche Prozesse oder Prozessgruppen werden explizit ausgewiesen?<\/strong><\/h2>\n\n\n\n<p>Six Sigma definiert den DMAIC-Prozess (Define, Measure, Analyze, Improve, Control):<\/p>\n\n\n\n<ol start=\"1\" class=\"wp-block-list\">\n<li><strong>Define<\/strong>: Definition der Problemstellung und der Projektziele.<\/li>\n\n\n\n<li><strong>Measure<\/strong>: Messung der aktuellen Prozessleistung.<\/li>\n\n\n\n<li><strong>Analyze<\/strong>: Analyse der Daten zur Identifikation von Ursachen f\u00fcr Probleme.<\/li>\n\n\n\n<li><strong>Improve<\/strong>: Implementierung von L\u00f6sungen zur Prozessverbesserung.<\/li>\n\n\n\n<li><strong>Control<\/strong>: \u00dcberwachung und Kontrolle der Verbesserungen, um Nachhaltigkeit sicherzustellen.<\/li>\n<\/ol>\n\n\n\n<h2 class=\"wp-block-heading\"><strong>Welche Praktiken, Wissensbereiche bzw. Themengruppen werden explizit ausgewiesen?<\/strong><\/h2>\n\n\n\n<p>Six Sigma umfasst Praktiken wie:<\/p>\n\n\n\n<ul class=\"wp-block-list\">\n<li><strong>Statistische Prozesskontrolle (SPC)<\/strong><\/li>\n\n\n\n<li><strong>Fehlerm\u00f6glichkeits- und Einflussanalyse (FMEA)<\/strong><\/li>\n\n\n\n<li><strong>Hypothesentests<\/strong><\/li>\n\n\n\n<li><strong>Regressionsanalyse<\/strong><\/li>\n<\/ul>\n\n\n\n<h2 class=\"wp-block-heading\"><strong>Gibt es Zertifizierungen bzgl. dieses Frameworks?<\/strong><\/h2>\n\n\n\n<p>Ja, es gibt verschiedene Zertifizierungen:<\/p>\n\n\n\n<ul class=\"wp-block-list\">\n<li><strong>Six Sigma Yellow Belt<\/strong><\/li>\n\n\n\n<li><strong>Six Sigma Green&nbsp;Belt<\/strong><\/li>\n\n\n\n<li><strong>Six Sigma Black&nbsp;Belt<\/strong><\/li>\n\n\n\n<li><strong>Six Sigma Master Black&nbsp;Belt<\/strong><\/li>\n<\/ul>\n\n\n\n<h2 class=\"wp-block-heading\"><strong>Was sind Vor- und Nachteile, die von diesem Framework bekannt sind?<\/strong><\/h2>\n\n\n\n<p><strong>Vorteile:<\/strong><\/p>\n\n\n\n<ul class=\"wp-block-list\">\n<li>Entscheidungen basieren auf Daten und statistischen Analysen.<\/li>\n\n\n\n<li>Starker Fokus auf die Optimierung von Prozessen.<\/li>\n\n\n\n<li>Verbesserung der Kundenzufriedenheit steht im Mittelpunkt.<\/li>\n<\/ul>\n\n\n\n<p><strong>Nachteile:<\/strong><\/p>\n\n\n\n<ul class=\"wp-block-list\">\n<li>Erfordert umfangreiche Schulung und Kenntnisse in statistischen Methoden.<\/li>\n\n\n\n<li>Implementierung kann zeit- und ressourcenintensiv sein.<\/li>\n\n\n\n<li>Mitarbeiter k\u00f6nnen Schwierigkeiten mit den statistischen Verfahren haben.<\/li>\n<\/ul>\n\n\n\n<h2 class=\"wp-block-heading\"><strong>Wer nutzt das Framework? Was sind bekannte Referenzinstallationen bei bekannten Unternehmen?<\/strong><\/h2>\n\n\n\n<p>Six Sigma wird weltweit von vielen gro\u00dfen Unternehmen verwendet, darunter Motorola, General Electric, 3M, Honeywell, Ford, Johnson &amp; Johnson, R+V und Siemens.<\/p>\n\n\n\n<h2 class=\"wp-block-heading\"><strong>Wie ist der Stellenwert im Markt? Wieviel Marktanteil hat das Framework?<\/strong><\/h2>\n\n\n\n<p>Six Sigma hat einen hohen Stellenwert im Markt, insbesondere in der Fertigungsindustrie und in qualit\u00e4tsorientierten Branchen. Es ist eine weit verbreitete Methode zur Prozessverbesserung und Qualit\u00e4tskontrolle. Genutzt wird es auch als Projektmanagement-Framework.<\/p>\n\n\n\n<h2 class=\"wp-block-heading\"><strong>Wie hoch sind bekannte Kosteninformationen?<\/strong><\/h2>\n\n\n\n<p>Die Implementierung von Six Sigma wird hohe Kosten f\u00fcr Schulungen, Zertifizierungen und statistische Software verursachen.<\/p>\n","protected":false},"excerpt":{"rendered":"<p>Was ist Six&nbsp;Sigma? Six Sigma ist eine Methodik zur Prozessverbesserung, die darauf abzielt, Fehler und Abweichungen in Gesch\u00e4ftsprozessen zu reduzieren und die Qualit\u00e4t der Ergebnisse zu maximieren. Es verwendet statistische Methoden und Datenanalysen, um die Prozessleistung zu verbessern und Schwankungen zu minimieren. Wer steht hinter Six Sigma? vWer ist der Eigent\u00fcmer? Six Sigma wurde&nbsp;von&nbsp;[\u2026]<\/p>\n","protected":false},"author":1,"featured_media":0,"parent":3790,"menu_order":0,"comment_status":"closed","ping_status":"closed","template":"","meta":{"_acf_changed":false,"wp_typography_post_enhancements_disabled":false,"footnotes":""},"class_list":["post-3958","page","type-page","status-publish","hentry"],"acf":[],"yoast_head":"<!-- This site is optimized with the Yoast SEO plugin v27.2 - https:\/\/yoast.com\/product\/yoast-seo-wordpress\/ -->\n<title>Projektmanagement mit Six Sigma - Projektmanagement nach ISO21500<\/title>\n<meta name=\"robots\" content=\"index, follow, max-snippet:-1, max-image-preview:large, max-video-preview:-1\" \/>\n<link rel=\"canonical\" href=\"https:\/\/www.iso21500.de\/de\/projektmanagement-frameworks\/projektmanagement-mit-six-sigma\/\" \/>\n<meta property=\"og:locale\" content=\"de_DE\" \/>\n<meta property=\"og:type\" content=\"article\" \/>\n<meta property=\"og:title\" content=\"Projektmanagement mit Six Sigma - Projektmanagement nach ISO21500\" \/>\n<meta property=\"og:description\" content=\"Was ist Six&nbsp;Sigma? Six Sigma ist eine Methodik zur Prozessverbesserung, die darauf abzielt, Fehler und Abweichungen in Gesch\u00e4ftsprozessen zu reduzieren und die Qualit\u00e4t der Ergebnisse zu maximieren. Es verwendet statistische Methoden und Datenanalysen, um die Prozessleistung zu verbessern und Schwankungen zu minimieren. Wer steht hinter Six Sigma? vWer ist der Eigent\u00fcmer? Six Sigma wurde von [&hellip;]\" \/>\n<meta property=\"og:url\" content=\"https:\/\/www.iso21500.de\/de\/projektmanagement-frameworks\/projektmanagement-mit-six-sigma\/\" \/>\n<meta property=\"og:site_name\" content=\"Projektmanagement nach ISO21500\" \/>\n<meta property=\"article:modified_time\" content=\"2024-09-11T09:34:11+00:00\" \/>\n<meta property=\"og:image\" content=\"https:\/\/www.iso21500.de\/wp-content\/uploads\/Six-Sigma-300x169.jpg\" \/>\n<meta name=\"twitter:card\" content=\"summary_large_image\" \/>\n<meta name=\"twitter:label1\" content=\"Gesch\u00e4tzte Lesezeit\" \/>\n\t<meta name=\"twitter:data1\" content=\"3\u00a0Minuten\" \/>\n<script type=\"application\/ld+json\" class=\"yoast-schema-graph\">{\"@context\":\"https:\/\/schema.org\",\"@graph\":[{\"@type\":\"WebPage\",\"@id\":\"https:\/\/www.iso21500.de\/de\/projektmanagement-frameworks\/projektmanagement-mit-six-sigma\/\",\"url\":\"https:\/\/www.iso21500.de\/de\/projektmanagement-frameworks\/projektmanagement-mit-six-sigma\/\",\"name\":\"Projektmanagement mit Six Sigma - Projektmanagement nach ISO21500\",\"isPartOf\":{\"@id\":\"https:\/\/www.iso21500.de\/de\/#website\"},\"primaryImageOfPage\":{\"@id\":\"https:\/\/www.iso21500.de\/de\/projektmanagement-frameworks\/projektmanagement-mit-six-sigma\/#primaryimage\"},\"image\":{\"@id\":\"https:\/\/www.iso21500.de\/de\/projektmanagement-frameworks\/projektmanagement-mit-six-sigma\/#primaryimage\"},\"thumbnailUrl\":\"https:\/\/www.iso21500.de\/wp-content\/uploads\/Six-Sigma-300x169.jpg\",\"datePublished\":\"2024-07-26T07:54:41+00:00\",\"dateModified\":\"2024-09-11T09:34:11+00:00\",\"breadcrumb\":{\"@id\":\"https:\/\/www.iso21500.de\/de\/projektmanagement-frameworks\/projektmanagement-mit-six-sigma\/#breadcrumb\"},\"inLanguage\":\"de\",\"potentialAction\":[{\"@type\":\"ReadAction\",\"target\":[\"https:\/\/www.iso21500.de\/de\/projektmanagement-frameworks\/projektmanagement-mit-six-sigma\/\"]}]},{\"@type\":\"ImageObject\",\"inLanguage\":\"de\",\"@id\":\"https:\/\/www.iso21500.de\/de\/projektmanagement-frameworks\/projektmanagement-mit-six-sigma\/#primaryimage\",\"url\":\"https:\/\/www.iso21500.de\/wp-content\/uploads\/Six-Sigma-300x169.jpg\",\"contentUrl\":\"https:\/\/www.iso21500.de\/wp-content\/uploads\/Six-Sigma-300x169.jpg\"},{\"@type\":\"BreadcrumbList\",\"@id\":\"https:\/\/www.iso21500.de\/de\/projektmanagement-frameworks\/projektmanagement-mit-six-sigma\/#breadcrumb\",\"itemListElement\":[{\"@type\":\"ListItem\",\"position\":1,\"name\":\"Startseite\",\"item\":\"https:\/\/www.iso21500.de\/de\/\"},{\"@type\":\"ListItem\",\"position\":2,\"name\":\"Projektmanagement-Frameworks\",\"item\":\"https:\/\/www.iso21500.de\/de\/projektmanagement-frameworks\/\"},{\"@type\":\"ListItem\",\"position\":3,\"name\":\"Projektmanagement mit Six Sigma\"}]},{\"@type\":\"WebSite\",\"@id\":\"https:\/\/www.iso21500.de\/de\/#website\",\"url\":\"https:\/\/www.iso21500.de\/de\/\",\"name\":\"iso21500.de\",\"description\":\"neu: Projektmanagement nach ISO21502\",\"publisher\":{\"@id\":\"https:\/\/www.iso21500.de\/de\/#\/schema\/person\/13c5df3918ff1cab82ab9ca397d3e3a4\"},\"potentialAction\":[{\"@type\":\"SearchAction\",\"target\":{\"@type\":\"EntryPoint\",\"urlTemplate\":\"https:\/\/www.iso21500.de\/de\/?s={search_term_string}\"},\"query-input\":{\"@type\":\"PropertyValueSpecification\",\"valueRequired\":true,\"valueName\":\"search_term_string\"}}],\"inLanguage\":\"de\"},{\"@type\":[\"Person\",\"Organization\"],\"@id\":\"https:\/\/www.iso21500.de\/de\/#\/schema\/person\/13c5df3918ff1cab82ab9ca397d3e3a4\",\"name\":\"Dennis Hain\",\"image\":{\"@type\":\"ImageObject\",\"inLanguage\":\"de\",\"@id\":\"https:\/\/secure.gravatar.com\/avatar\/89898cfc3cb4dc6d7782fcd955179ebd47446145f4b7827e99ec78603be85eda?s=96&d=mm&r=g\",\"url\":\"https:\/\/secure.gravatar.com\/avatar\/89898cfc3cb4dc6d7782fcd955179ebd47446145f4b7827e99ec78603be85eda?s=96&d=mm&r=g\",\"contentUrl\":\"https:\/\/secure.gravatar.com\/avatar\/89898cfc3cb4dc6d7782fcd955179ebd47446145f4b7827e99ec78603be85eda?s=96&d=mm&r=g\",\"caption\":\"Dennis Hain\"},\"logo\":{\"@id\":\"https:\/\/secure.gravatar.com\/avatar\/89898cfc3cb4dc6d7782fcd955179ebd47446145f4b7827e99ec78603be85eda?s=96&d=mm&r=g\"},\"sameAs\":[\"https:\/\/www.fusepro.de\"]}]}<\/script>\n<!-- \/ Yoast SEO plugin. -->","yoast_head_json":{"title":"Projektmanagement mit Six Sigma - Projektmanagement nach ISO21500","robots":{"index":"index","follow":"follow","max-snippet":"max-snippet:-1","max-image-preview":"max-image-preview:large","max-video-preview":"max-video-preview:-1"},"canonical":"https:\/\/www.iso21500.de\/de\/projektmanagement-frameworks\/projektmanagement-mit-six-sigma\/","og_locale":"de_DE","og_type":"article","og_title":"Projektmanagement mit Six Sigma - Projektmanagement nach ISO21500","og_description":"Was ist Six&nbsp;Sigma? Six Sigma ist eine Methodik zur Prozessverbesserung, die darauf abzielt, Fehler und Abweichungen in Gesch\u00e4ftsprozessen zu reduzieren und die Qualit\u00e4t der Ergebnisse zu maximieren. Es verwendet statistische Methoden und Datenanalysen, um die Prozessleistung zu verbessern und Schwankungen zu minimieren. Wer steht hinter Six Sigma? vWer ist der Eigent\u00fcmer? Six Sigma wurde von [&hellip;]","og_url":"https:\/\/www.iso21500.de\/de\/projektmanagement-frameworks\/projektmanagement-mit-six-sigma\/","og_site_name":"Projektmanagement nach ISO21500","article_modified_time":"2024-09-11T09:34:11+00:00","og_image":[{"url":"https:\/\/www.iso21500.de\/wp-content\/uploads\/Six-Sigma-300x169.jpg","type":"","width":"","height":""}],"twitter_card":"summary_large_image","twitter_misc":{"Gesch\u00e4tzte Lesezeit":"3\u00a0Minuten"},"schema":{"@context":"https:\/\/schema.org","@graph":[{"@type":"WebPage","@id":"https:\/\/www.iso21500.de\/de\/projektmanagement-frameworks\/projektmanagement-mit-six-sigma\/","url":"https:\/\/www.iso21500.de\/de\/projektmanagement-frameworks\/projektmanagement-mit-six-sigma\/","name":"Projektmanagement mit Six Sigma - Projektmanagement nach ISO21500","isPartOf":{"@id":"https:\/\/www.iso21500.de\/de\/#website"},"primaryImageOfPage":{"@id":"https:\/\/www.iso21500.de\/de\/projektmanagement-frameworks\/projektmanagement-mit-six-sigma\/#primaryimage"},"image":{"@id":"https:\/\/www.iso21500.de\/de\/projektmanagement-frameworks\/projektmanagement-mit-six-sigma\/#primaryimage"},"thumbnailUrl":"https:\/\/www.iso21500.de\/wp-content\/uploads\/Six-Sigma-300x169.jpg","datePublished":"2024-07-26T07:54:41+00:00","dateModified":"2024-09-11T09:34:11+00:00","breadcrumb":{"@id":"https:\/\/www.iso21500.de\/de\/projektmanagement-frameworks\/projektmanagement-mit-six-sigma\/#breadcrumb"},"inLanguage":"de","potentialAction":[{"@type":"ReadAction","target":["https:\/\/www.iso21500.de\/de\/projektmanagement-frameworks\/projektmanagement-mit-six-sigma\/"]}]},{"@type":"ImageObject","inLanguage":"de","@id":"https:\/\/www.iso21500.de\/de\/projektmanagement-frameworks\/projektmanagement-mit-six-sigma\/#primaryimage","url":"https:\/\/www.iso21500.de\/wp-content\/uploads\/Six-Sigma-300x169.jpg","contentUrl":"https:\/\/www.iso21500.de\/wp-content\/uploads\/Six-Sigma-300x169.jpg"},{"@type":"BreadcrumbList","@id":"https:\/\/www.iso21500.de\/de\/projektmanagement-frameworks\/projektmanagement-mit-six-sigma\/#breadcrumb","itemListElement":[{"@type":"ListItem","position":1,"name":"Startseite","item":"https:\/\/www.iso21500.de\/de\/"},{"@type":"ListItem","position":2,"name":"Projektmanagement-Frameworks","item":"https:\/\/www.iso21500.de\/de\/projektmanagement-frameworks\/"},{"@type":"ListItem","position":3,"name":"Projektmanagement mit Six Sigma"}]},{"@type":"WebSite","@id":"https:\/\/www.iso21500.de\/de\/#website","url":"https:\/\/www.iso21500.de\/de\/","name":"iso21500.de","description":"neu: Projektmanagement nach ISO21502","publisher":{"@id":"https:\/\/www.iso21500.de\/de\/#\/schema\/person\/13c5df3918ff1cab82ab9ca397d3e3a4"},"potentialAction":[{"@type":"SearchAction","target":{"@type":"EntryPoint","urlTemplate":"https:\/\/www.iso21500.de\/de\/?s={search_term_string}"},"query-input":{"@type":"PropertyValueSpecification","valueRequired":true,"valueName":"search_term_string"}}],"inLanguage":"de"},{"@type":["Person","Organization"],"@id":"https:\/\/www.iso21500.de\/de\/#\/schema\/person\/13c5df3918ff1cab82ab9ca397d3e3a4","name":"Dennis Hain","image":{"@type":"ImageObject","inLanguage":"de","@id":"https:\/\/secure.gravatar.com\/avatar\/89898cfc3cb4dc6d7782fcd955179ebd47446145f4b7827e99ec78603be85eda?s=96&d=mm&r=g","url":"https:\/\/secure.gravatar.com\/avatar\/89898cfc3cb4dc6d7782fcd955179ebd47446145f4b7827e99ec78603be85eda?s=96&d=mm&r=g","contentUrl":"https:\/\/secure.gravatar.com\/avatar\/89898cfc3cb4dc6d7782fcd955179ebd47446145f4b7827e99ec78603be85eda?s=96&d=mm&r=g","caption":"Dennis Hain"},"logo":{"@id":"https:\/\/secure.gravatar.com\/avatar\/89898cfc3cb4dc6d7782fcd955179ebd47446145f4b7827e99ec78603be85eda?s=96&d=mm&r=g"},"sameAs":["https:\/\/www.fusepro.de"]}]}},"_links":{"self":[{"href":"https:\/\/www.iso21500.de\/de\/wp-json\/wp\/v2\/pages\/3958","targetHints":{"allow":["GET"]}}],"collection":[{"href":"https:\/\/www.iso21500.de\/de\/wp-json\/wp\/v2\/pages"}],"about":[{"href":"https:\/\/www.iso21500.de\/de\/wp-json\/wp\/v2\/types\/page"}],"author":[{"embeddable":true,"href":"https:\/\/www.iso21500.de\/de\/wp-json\/wp\/v2\/users\/1"}],"replies":[{"embeddable":true,"href":"https:\/\/www.iso21500.de\/de\/wp-json\/wp\/v2\/comments?post=3958"}],"version-history":[{"count":4,"href":"https:\/\/www.iso21500.de\/de\/wp-json\/wp\/v2\/pages\/3958\/revisions"}],"predecessor-version":[{"id":4128,"href":"https:\/\/www.iso21500.de\/de\/wp-json\/wp\/v2\/pages\/3958\/revisions\/4128"}],"up":[{"embeddable":true,"href":"https:\/\/www.iso21500.de\/de\/wp-json\/wp\/v2\/pages\/3790"}],"wp:attachment":[{"href":"https:\/\/www.iso21500.de\/de\/wp-json\/wp\/v2\/media?parent=3958"}],"curies":[{"name":"wp","href":"https:\/\/api.w.org\/{rel}","templated":true}]}}