{"id":3977,"date":"2024-07-26T11:22:50","date_gmt":"2024-07-26T09:22:50","guid":{"rendered":"https:\/\/www.iso21500.de\/?page_id=3977"},"modified":"2024-09-11T11:29:58","modified_gmt":"2024-09-11T09:29:58","slug":"projektmanagement-mit-safe-scaled-agile-framework","status":"publish","type":"page","link":"https:\/\/www.iso21500.de\/de\/projektmanagement-frameworks\/projektmanagement-mit-safe-scaled-agile-framework\/","title":{"rendered":"Projektmanagement mit SAFe (Scaled Agile Framework)"},"content":{"rendered":"\n<h2 class=\"wp-block-heading\"><strong>Was ist&nbsp;SAFe?<\/strong><\/h2>\n\n\n\n<div class=\"wp-block-columns is-layout-flex wp-container-core-columns-is-layout-9d6595d7 wp-block-columns-is-layout-flex\">\n<div class=\"wp-block-column is-layout-flow wp-block-column-is-layout-flow\" style=\"flex-basis:50%\">\n<p>SAFe (Scaled Agile Framework) ist ein Framework zur Skalierung agiler Methoden auf Unternehmensebene. Es bietet strukturierte Anleitungen f\u00fcr die Implementierung agiler Praktiken in gro\u00dfen Organisationen und erm\u00f6glicht die Koordination und Synchronisation mehrerer agiler Teams.<\/p>\n<\/div>\n\n\n\n<div class=\"wp-block-column is-layout-flow wp-block-column-is-layout-flow\" style=\"flex-basis:50%\"><div class=\"wp-block-image\">\n<figure class=\"aligncenter size-full\"><img loading=\"lazy\" decoding=\"async\" width=\"347\" height=\"145\" src=\"https:\/\/www.iso21500.de\/wp-content\/uploads\/safe-logo.png\" alt class=\"wp-image-3917\" srcset=\"https:\/\/www.iso21500.de\/wp-content\/uploads\/safe-logo.png 347w, https:\/\/www.iso21500.de\/wp-content\/uploads\/safe-logo-300x125.png 300w\" sizes=\"(max-width: 347px) 100vw, 347px\"><\/figure>\n<\/div><\/div>\n<\/div>\n\n\n\n<h2 class=\"wp-block-heading\"><strong>Wer steht hinter SAFe? Wer ist der Eigent\u00fcmer?<\/strong><\/h2>\n\n\n\n<p>SAFe wurde von Dean Leffingwell entwickelt und wird von Scaled Agile, Inc. gepflegt und weiterentwickelt. Die Organisation bietet Schulungen, Zertifizierungen und Ressourcen zur Unterst\u00fctzung von SAFe&nbsp;an.<\/p>\n\n\n\n<h2 class=\"wp-block-heading\"><strong>Seit wann ist das Framework auf dem&nbsp;Markt?<\/strong><\/h2>\n\n\n\n<p>SAFe wurde erstmals 2011 ver\u00f6ffentlicht und hat sich seitdem zu einem der f\u00fchrenden Frameworks f\u00fcr die Skalierung agiler Methoden in gro\u00dfen Organisationen entwickelt.<\/p>\n\n\n\n<h2 class=\"wp-block-heading\"><strong>Ist das Framework eher dem klassischen oder agilen Projektmanagement zuzuordnen?<\/strong><\/h2>\n\n\n\n<p>SAFe ist eindeutig dem agilen Projektmanagement zuzuordnen. Es kombiniert Prinzipien aus Scrum, Kanban und Lean, um agile Methoden auf Unternehmensebene zu skalieren.<\/p>\n\n\n\n<h2 class=\"wp-block-heading\"><strong>Welche Prozesse oder Prozessgruppen werden explizit ausgewiesen?<\/strong><\/h2>\n\n\n\n<p>SAFe definiert mehrere Ebenen und Prozessgruppen:<\/p>\n\n\n\n<ol start=\"1\" class=\"wp-block-list\">\n<li><strong>Team-Ebene<\/strong>: Agile Teams, die Scrum oder Kanban verwenden.<\/li>\n\n\n\n<li><strong>Programm-Ebene<\/strong>: Koordination mehrerer Teams durch Agile Release Trains (ARTs).<\/li>\n\n\n\n<li><strong>Large Solution-Ebene<\/strong>: Verwaltung komplexer L\u00f6sungen, die mehrere ARTs umfassen.<\/li>\n\n\n\n<li><strong>Portfolio-Ebene<\/strong>: Strategische Ausrichtung und Verwaltung des gesamten Portfolios.<\/li>\n<\/ol>\n\n\n\n<h2 class=\"wp-block-heading\"><strong>Welche Praktiken, Wissensbereiche bzw. Themengruppen werden explizit ausgewiesen?<\/strong><\/h2>\n\n\n\n<p>SAFe umfasst folgende Praktiken und Wissensbereiche:<\/p>\n\n\n\n<ul class=\"wp-block-list\">\n<li><strong>Lean-Agile Methoden<\/strong><\/li>\n\n\n\n<li><strong>Agile Release Trains (ARTs)<\/strong><\/li>\n\n\n\n<li><strong>Value Stream Mapping<\/strong><\/li>\n\n\n\n<li><strong>Program Increment (PI) Planning<\/strong><\/li>\n\n\n\n<li><strong>Continuous Delivery Pipeline<\/strong><\/li>\n\n\n\n<li><strong>DevOps<\/strong><\/li>\n<\/ul>\n\n\n\n<h2 class=\"wp-block-heading\"><strong>Gibt es Zertifizierungen bzgl. dieses Frameworks?<\/strong><\/h2>\n\n\n\n<p>Ja, es gibt verschiedene Zertifizierungen f\u00fcr SAFe, darunter:<\/p>\n\n\n\n<ul class=\"wp-block-list\">\n<li><strong>SAFe Agilist (SA)<\/strong><\/li>\n\n\n\n<li><strong>SAFe Practitioner (SP)<\/strong><\/li>\n\n\n\n<li><strong>SAFe Program Consultant (SPC)<\/strong><\/li>\n\n\n\n<li><strong>SAFe Scrum Master (SSM)<\/strong><\/li>\n<\/ul>\n\n\n\n<h2 class=\"wp-block-heading\"><strong>Was sind Vor- und Nachteile, die von diesem Framework bekannt sind?<\/strong><\/h2>\n\n\n\n<p><strong>Vorteile:<\/strong><\/p>\n\n\n\n<ul class=\"wp-block-list\">\n<li>Erm\u00f6glicht die Skalierung agiler Methoden auf gro\u00dfe Organisationen.<\/li>\n\n\n\n<li>Bietet strukturierte Ans\u00e4tze zur Koordination und Synchronisation mehrerer agiler Teams.<\/li>\n\n\n\n<li>Starker Fokus auf die Maximierung des Gesch\u00e4ftswerts.<\/li>\n<\/ul>\n\n\n\n<p><strong>Nachteile:<\/strong><\/p>\n\n\n\n<ul class=\"wp-block-list\">\n<li>Kann f\u00fcr kleinere Organisationen oder weniger erfahrene Teams komplex und schwerf\u00e4llig wirken.<\/li>\n\n\n\n<li>Erfordert erhebliche Investitionen in Schulungen, Coaching und Ver\u00e4nderungsmanagement.<\/li>\n\n\n\n<li>Die Struktur kann in sehr dynamischen und flexiblen Umgebungen als einschr\u00e4nkend empfunden werden.<\/li>\n<\/ul>\n\n\n\n<h2 class=\"wp-block-heading\"><strong>Wer nutzt das Framework? Was sind bekannte Referenzinstallationen bei bekannten Unternehmen?<\/strong><\/h2>\n\n\n\n<p>SAFe wird weltweit von gro\u00dfen Organisationen in verschiedenen Branchen verwendet wie darunter <strong>Cisco, Intel, Barclays, R+V und&nbsp;BMW.<\/strong><\/p>\n\n\n\n<h2 class=\"wp-block-heading\"><strong>Wie ist der Stellenwert im Markt? Wieviel Marktanteil hat das Framework?<\/strong><\/h2>\n\n\n\n<p>SAFe hat einen hohen Stellenwert im Markt und ist eines der am h\u00e4ufigsten verwendeten Frameworks zur Skalierung agiler Methoden. Es hat einen signifikanten Marktanteil, insbesondere in gro\u00dfen Organisationen und Unternehmen, die agile Methoden auf Unternehmensebene implementieren m\u00f6chten.<\/p>\n\n\n\n<h2 class=\"wp-block-heading\"><strong>Wie hoch sind bekannte Kosteninformationen?<\/strong><\/h2>\n\n\n\n<p>Die Implementierung von SAFe kann hohe Kosten f\u00fcr Schulungen, Zertifizierungen und Coaching verursachen.<\/p>\n","protected":false},"excerpt":{"rendered":"<p>Was ist&nbsp;SAFe? SAFe (Scaled Agile Framework) ist ein Framework zur Skalierung agiler Methoden auf Unternehmensebene. Es bietet strukturierte Anleitungen f\u00fcr die Implementierung agiler Praktiken in gro\u00dfen Organisationen und erm\u00f6glicht die Koordination und Synchronisation mehrerer agiler Teams. Wer steht hinter SAFe? Wer ist der Eigent\u00fcmer? SAFe wurde von Dean Leffingwell entwickelt und wird von Scaled Agile,&nbsp;[\u2026]<\/p>\n","protected":false},"author":1,"featured_media":0,"parent":3790,"menu_order":0,"comment_status":"closed","ping_status":"closed","template":"","meta":{"_acf_changed":false,"wp_typography_post_enhancements_disabled":false,"footnotes":""},"class_list":["post-3977","page","type-page","status-publish","hentry"],"acf":[],"yoast_head":"<!-- This site is optimized with the Yoast SEO plugin v27.2 - https:\/\/yoast.com\/product\/yoast-seo-wordpress\/ -->\n<title>Projektmanagement mit SAFe (Scaled Agile Framework) - Projektmanagement nach ISO21500<\/title>\n<meta name=\"robots\" content=\"index, follow, max-snippet:-1, max-image-preview:large, max-video-preview:-1\" \/>\n<link rel=\"canonical\" href=\"https:\/\/www.iso21500.de\/de\/projektmanagement-frameworks\/projektmanagement-mit-safe-scaled-agile-framework\/\" \/>\n<meta property=\"og:locale\" content=\"de_DE\" \/>\n<meta property=\"og:type\" content=\"article\" \/>\n<meta property=\"og:title\" content=\"Projektmanagement mit SAFe (Scaled Agile Framework) - Projektmanagement nach ISO21500\" \/>\n<meta property=\"og:description\" content=\"Was ist&nbsp;SAFe? SAFe (Scaled Agile Framework) ist ein Framework zur Skalierung agiler Methoden auf Unternehmensebene. Es bietet strukturierte Anleitungen f\u00fcr die Implementierung agiler Praktiken in gro\u00dfen Organisationen und erm\u00f6glicht die Koordination und Synchronisation mehrerer agiler Teams. Wer steht hinter SAFe? Wer ist der Eigent\u00fcmer? SAFe wurde von Dean Leffingwell entwickelt und wird von Scaled Agile, [&hellip;]\" \/>\n<meta property=\"og:url\" content=\"https:\/\/www.iso21500.de\/de\/projektmanagement-frameworks\/projektmanagement-mit-safe-scaled-agile-framework\/\" \/>\n<meta property=\"og:site_name\" content=\"Projektmanagement nach ISO21500\" \/>\n<meta property=\"article:modified_time\" content=\"2024-09-11T09:29:58+00:00\" \/>\n<meta property=\"og:image\" content=\"https:\/\/www.iso21500.de\/wp-content\/uploads\/safe-logo.png\" \/>\n<meta name=\"twitter:card\" content=\"summary_large_image\" \/>\n<meta name=\"twitter:label1\" content=\"Gesch\u00e4tzte Lesezeit\" \/>\n\t<meta name=\"twitter:data1\" content=\"3\u00a0Minuten\" \/>\n<script type=\"application\/ld+json\" class=\"yoast-schema-graph\">{\"@context\":\"https:\/\/schema.org\",\"@graph\":[{\"@type\":\"WebPage\",\"@id\":\"https:\/\/www.iso21500.de\/de\/projektmanagement-frameworks\/projektmanagement-mit-safe-scaled-agile-framework\/\",\"url\":\"https:\/\/www.iso21500.de\/de\/projektmanagement-frameworks\/projektmanagement-mit-safe-scaled-agile-framework\/\",\"name\":\"Projektmanagement mit SAFe (Scaled Agile Framework) - Projektmanagement nach ISO21500\",\"isPartOf\":{\"@id\":\"https:\/\/www.iso21500.de\/de\/#website\"},\"primaryImageOfPage\":{\"@id\":\"https:\/\/www.iso21500.de\/de\/projektmanagement-frameworks\/projektmanagement-mit-safe-scaled-agile-framework\/#primaryimage\"},\"image\":{\"@id\":\"https:\/\/www.iso21500.de\/de\/projektmanagement-frameworks\/projektmanagement-mit-safe-scaled-agile-framework\/#primaryimage\"},\"thumbnailUrl\":\"https:\/\/www.iso21500.de\/wp-content\/uploads\/safe-logo.png\",\"datePublished\":\"2024-07-26T09:22:50+00:00\",\"dateModified\":\"2024-09-11T09:29:58+00:00\",\"breadcrumb\":{\"@id\":\"https:\/\/www.iso21500.de\/de\/projektmanagement-frameworks\/projektmanagement-mit-safe-scaled-agile-framework\/#breadcrumb\"},\"inLanguage\":\"de\",\"potentialAction\":[{\"@type\":\"ReadAction\",\"target\":[\"https:\/\/www.iso21500.de\/de\/projektmanagement-frameworks\/projektmanagement-mit-safe-scaled-agile-framework\/\"]}]},{\"@type\":\"ImageObject\",\"inLanguage\":\"de\",\"@id\":\"https:\/\/www.iso21500.de\/de\/projektmanagement-frameworks\/projektmanagement-mit-safe-scaled-agile-framework\/#primaryimage\",\"url\":\"https:\/\/www.iso21500.de\/wp-content\/uploads\/safe-logo.png\",\"contentUrl\":\"https:\/\/www.iso21500.de\/wp-content\/uploads\/safe-logo.png\"},{\"@type\":\"BreadcrumbList\",\"@id\":\"https:\/\/www.iso21500.de\/de\/projektmanagement-frameworks\/projektmanagement-mit-safe-scaled-agile-framework\/#breadcrumb\",\"itemListElement\":[{\"@type\":\"ListItem\",\"position\":1,\"name\":\"Startseite\",\"item\":\"https:\/\/www.iso21500.de\/de\/\"},{\"@type\":\"ListItem\",\"position\":2,\"name\":\"Projektmanagement-Frameworks\",\"item\":\"https:\/\/www.iso21500.de\/de\/projektmanagement-frameworks\/\"},{\"@type\":\"ListItem\",\"position\":3,\"name\":\"Projektmanagement mit SAFe (Scaled Agile Framework)\"}]},{\"@type\":\"WebSite\",\"@id\":\"https:\/\/www.iso21500.de\/de\/#website\",\"url\":\"https:\/\/www.iso21500.de\/de\/\",\"name\":\"iso21500.de\",\"description\":\"neu: Projektmanagement nach ISO21502\",\"publisher\":{\"@id\":\"https:\/\/www.iso21500.de\/de\/#\/schema\/person\/13c5df3918ff1cab82ab9ca397d3e3a4\"},\"potentialAction\":[{\"@type\":\"SearchAction\",\"target\":{\"@type\":\"EntryPoint\",\"urlTemplate\":\"https:\/\/www.iso21500.de\/de\/?s={search_term_string}\"},\"query-input\":{\"@type\":\"PropertyValueSpecification\",\"valueRequired\":true,\"valueName\":\"search_term_string\"}}],\"inLanguage\":\"de\"},{\"@type\":[\"Person\",\"Organization\"],\"@id\":\"https:\/\/www.iso21500.de\/de\/#\/schema\/person\/13c5df3918ff1cab82ab9ca397d3e3a4\",\"name\":\"Dennis Hain\",\"image\":{\"@type\":\"ImageObject\",\"inLanguage\":\"de\",\"@id\":\"https:\/\/secure.gravatar.com\/avatar\/89898cfc3cb4dc6d7782fcd955179ebd47446145f4b7827e99ec78603be85eda?s=96&d=mm&r=g\",\"url\":\"https:\/\/secure.gravatar.com\/avatar\/89898cfc3cb4dc6d7782fcd955179ebd47446145f4b7827e99ec78603be85eda?s=96&d=mm&r=g\",\"contentUrl\":\"https:\/\/secure.gravatar.com\/avatar\/89898cfc3cb4dc6d7782fcd955179ebd47446145f4b7827e99ec78603be85eda?s=96&d=mm&r=g\",\"caption\":\"Dennis Hain\"},\"logo\":{\"@id\":\"https:\/\/secure.gravatar.com\/avatar\/89898cfc3cb4dc6d7782fcd955179ebd47446145f4b7827e99ec78603be85eda?s=96&d=mm&r=g\"},\"sameAs\":[\"https:\/\/www.fusepro.de\"]}]}<\/script>\n<!-- \/ Yoast SEO plugin. -->","yoast_head_json":{"title":"Projektmanagement mit SAFe (Scaled Agile Framework) - Projektmanagement nach ISO21500","robots":{"index":"index","follow":"follow","max-snippet":"max-snippet:-1","max-image-preview":"max-image-preview:large","max-video-preview":"max-video-preview:-1"},"canonical":"https:\/\/www.iso21500.de\/de\/projektmanagement-frameworks\/projektmanagement-mit-safe-scaled-agile-framework\/","og_locale":"de_DE","og_type":"article","og_title":"Projektmanagement mit SAFe (Scaled Agile Framework) - Projektmanagement nach ISO21500","og_description":"Was ist&nbsp;SAFe? SAFe (Scaled Agile Framework) ist ein Framework zur Skalierung agiler Methoden auf Unternehmensebene. Es bietet strukturierte Anleitungen f\u00fcr die Implementierung agiler Praktiken in gro\u00dfen Organisationen und erm\u00f6glicht die Koordination und Synchronisation mehrerer agiler Teams. Wer steht hinter SAFe? Wer ist der Eigent\u00fcmer? SAFe wurde von Dean Leffingwell entwickelt und wird von Scaled Agile, [&hellip;]","og_url":"https:\/\/www.iso21500.de\/de\/projektmanagement-frameworks\/projektmanagement-mit-safe-scaled-agile-framework\/","og_site_name":"Projektmanagement nach ISO21500","article_modified_time":"2024-09-11T09:29:58+00:00","og_image":[{"url":"https:\/\/www.iso21500.de\/wp-content\/uploads\/safe-logo.png","type":"","width":"","height":""}],"twitter_card":"summary_large_image","twitter_misc":{"Gesch\u00e4tzte Lesezeit":"3\u00a0Minuten"},"schema":{"@context":"https:\/\/schema.org","@graph":[{"@type":"WebPage","@id":"https:\/\/www.iso21500.de\/de\/projektmanagement-frameworks\/projektmanagement-mit-safe-scaled-agile-framework\/","url":"https:\/\/www.iso21500.de\/de\/projektmanagement-frameworks\/projektmanagement-mit-safe-scaled-agile-framework\/","name":"Projektmanagement mit SAFe (Scaled Agile Framework) - Projektmanagement nach ISO21500","isPartOf":{"@id":"https:\/\/www.iso21500.de\/de\/#website"},"primaryImageOfPage":{"@id":"https:\/\/www.iso21500.de\/de\/projektmanagement-frameworks\/projektmanagement-mit-safe-scaled-agile-framework\/#primaryimage"},"image":{"@id":"https:\/\/www.iso21500.de\/de\/projektmanagement-frameworks\/projektmanagement-mit-safe-scaled-agile-framework\/#primaryimage"},"thumbnailUrl":"https:\/\/www.iso21500.de\/wp-content\/uploads\/safe-logo.png","datePublished":"2024-07-26T09:22:50+00:00","dateModified":"2024-09-11T09:29:58+00:00","breadcrumb":{"@id":"https:\/\/www.iso21500.de\/de\/projektmanagement-frameworks\/projektmanagement-mit-safe-scaled-agile-framework\/#breadcrumb"},"inLanguage":"de","potentialAction":[{"@type":"ReadAction","target":["https:\/\/www.iso21500.de\/de\/projektmanagement-frameworks\/projektmanagement-mit-safe-scaled-agile-framework\/"]}]},{"@type":"ImageObject","inLanguage":"de","@id":"https:\/\/www.iso21500.de\/de\/projektmanagement-frameworks\/projektmanagement-mit-safe-scaled-agile-framework\/#primaryimage","url":"https:\/\/www.iso21500.de\/wp-content\/uploads\/safe-logo.png","contentUrl":"https:\/\/www.iso21500.de\/wp-content\/uploads\/safe-logo.png"},{"@type":"BreadcrumbList","@id":"https:\/\/www.iso21500.de\/de\/projektmanagement-frameworks\/projektmanagement-mit-safe-scaled-agile-framework\/#breadcrumb","itemListElement":[{"@type":"ListItem","position":1,"name":"Startseite","item":"https:\/\/www.iso21500.de\/de\/"},{"@type":"ListItem","position":2,"name":"Projektmanagement-Frameworks","item":"https:\/\/www.iso21500.de\/de\/projektmanagement-frameworks\/"},{"@type":"ListItem","position":3,"name":"Projektmanagement mit SAFe (Scaled Agile Framework)"}]},{"@type":"WebSite","@id":"https:\/\/www.iso21500.de\/de\/#website","url":"https:\/\/www.iso21500.de\/de\/","name":"iso21500.de","description":"neu: Projektmanagement nach ISO21502","publisher":{"@id":"https:\/\/www.iso21500.de\/de\/#\/schema\/person\/13c5df3918ff1cab82ab9ca397d3e3a4"},"potentialAction":[{"@type":"SearchAction","target":{"@type":"EntryPoint","urlTemplate":"https:\/\/www.iso21500.de\/de\/?s={search_term_string}"},"query-input":{"@type":"PropertyValueSpecification","valueRequired":true,"valueName":"search_term_string"}}],"inLanguage":"de"},{"@type":["Person","Organization"],"@id":"https:\/\/www.iso21500.de\/de\/#\/schema\/person\/13c5df3918ff1cab82ab9ca397d3e3a4","name":"Dennis Hain","image":{"@type":"ImageObject","inLanguage":"de","@id":"https:\/\/secure.gravatar.com\/avatar\/89898cfc3cb4dc6d7782fcd955179ebd47446145f4b7827e99ec78603be85eda?s=96&d=mm&r=g","url":"https:\/\/secure.gravatar.com\/avatar\/89898cfc3cb4dc6d7782fcd955179ebd47446145f4b7827e99ec78603be85eda?s=96&d=mm&r=g","contentUrl":"https:\/\/secure.gravatar.com\/avatar\/89898cfc3cb4dc6d7782fcd955179ebd47446145f4b7827e99ec78603be85eda?s=96&d=mm&r=g","caption":"Dennis Hain"},"logo":{"@id":"https:\/\/secure.gravatar.com\/avatar\/89898cfc3cb4dc6d7782fcd955179ebd47446145f4b7827e99ec78603be85eda?s=96&d=mm&r=g"},"sameAs":["https:\/\/www.fusepro.de"]}]}},"_links":{"self":[{"href":"https:\/\/www.iso21500.de\/de\/wp-json\/wp\/v2\/pages\/3977","targetHints":{"allow":["GET"]}}],"collection":[{"href":"https:\/\/www.iso21500.de\/de\/wp-json\/wp\/v2\/pages"}],"about":[{"href":"https:\/\/www.iso21500.de\/de\/wp-json\/wp\/v2\/types\/page"}],"author":[{"embeddable":true,"href":"https:\/\/www.iso21500.de\/de\/wp-json\/wp\/v2\/users\/1"}],"replies":[{"embeddable":true,"href":"https:\/\/www.iso21500.de\/de\/wp-json\/wp\/v2\/comments?post=3977"}],"version-history":[{"count":4,"href":"https:\/\/www.iso21500.de\/de\/wp-json\/wp\/v2\/pages\/3977\/revisions"}],"predecessor-version":[{"id":4126,"href":"https:\/\/www.iso21500.de\/de\/wp-json\/wp\/v2\/pages\/3977\/revisions\/4126"}],"up":[{"embeddable":true,"href":"https:\/\/www.iso21500.de\/de\/wp-json\/wp\/v2\/pages\/3790"}],"wp:attachment":[{"href":"https:\/\/www.iso21500.de\/de\/wp-json\/wp\/v2\/media?parent=3977"}],"curies":[{"name":"wp","href":"https:\/\/api.w.org\/{rel}","templated":true}]}}