{"id":41,"date":"2021-10-07T20:47:31","date_gmt":"2021-10-07T18:47:31","guid":{"rendered":"https:\/\/www.iso21500.de\/?page_id=41"},"modified":"2024-01-01T16:26:20","modified_gmt":"2024-01-01T15:26:20","slug":"seminare-fuer-finanzdienstleister","status":"publish","type":"page","link":"https:\/\/www.iso21500.de\/de\/seminare-nach-iso-21500\/seminare-fuer-finanzdienstleister\/","title":{"rendered":"Projektmanagement Seminare f\u00fcr Banken und Versicherungen \u2014  klassisch, agil und hybrid"},"content":{"rendered":"<h2>Projektmanagement Seminare f\u00fcr Finanzbranche<\/h2>\n<div>\n<p>Projektmanagement ist eine Basiskompetenz \u2013 besonders auch f\u00fcr Finanzdienstleister, Bankinstitute und Versicherungen. Projektmanagement erm\u00f6glicht es, Vorhaben termingerecht und im vorgegebenen Kostenrahmen zu erledigen. Darin sind Dutzende von Einzeldisziplinen wie Risiko\u2011, Qualit\u00e4ts- oder Kommunikationsmanagement enthalten, die einzeln oder integriert weiterzuentwickeln sind.<\/p>\n<p>Viele Trainer betrachten die Projektmanagementthemen isoliert \u2013 ohne den fachlichen Bezug zu Banken und Versicherungen.&nbsp; Dies ist m\u00f6glich, aber suboptimal. Erst mit einem inhaltlichen Verst\u00e4ndnis f\u00fcr die Branche, ihre Sprache und Herausforderungen wird eine Atmosph\u00e4re geschaffen, in der die Wissensvermittlung und Weiterbildung auf hohem Niveau aufsetzen und sich entfalten kann.<\/p>\n<p>Unser Trainer Norbert Daehne ist Berater, Coach und Seminarleiter f\u00fcr Themen rund um Projekte und Personalentwicklung. Er ist in der Finanzbranche seit Jahrzehnten zu Hause. F\u00fcr Unternehmen wie R+V, VR Bank, AXA, Ergo sowie f\u00fcr Versicherungs- und Bankenberatungen war er als Trainer, Mitarbeiter, Manager oder Projektleiter t\u00e4tig. In seinem Verantwortungsbereich lagen Strategiethemen, Personalverantwortung, IT, Projekte und Controlling. Als selbstst\u00e4ndiger Unternehmer hat Norbert Daehne Beratungssoftware f\u00fcr Banken und Versicherungen entwickelt und erfolgreich vermarktet.<\/p>\n<p>Daher wird Norbert Daehne in Seminaren schnell mit den Teilnehmern eine gemeinsame vertraute Gespr\u00e4chsebene finden \u2013 und gleichzeitig den unternehmens- und branchen\u00fcbergreifenden Blickwinkel beibehalten.<\/p>\n<\/div>\n<h2><span>Seminare, \u00dcbungen und Fallbeispiele an der Finanz Branche orientiert<\/span><\/h2>\n<div>\n<p>Projektmanagement betreibt Norbert Daehne nach klassischen Methoden genauso wie nach agilen Vorgehensweisen wie <strong>Scrum oder Kanban<\/strong>. Er selbst ist nach ISO, PMI und Scrum zertifiziert. Der K\u00f6nigsweg ist f\u00fcr ihn ein hybrides Vorgehen, bei dem die jeweils geeignetsten Methoden und Werkzeuge kombiniert werden.<\/p>\n<p>Gerne werden auch Projektmanagement-<strong>Seminare f\u00fcr F\u00fchrungskr\u00e4fte<\/strong> durchgef\u00fchrt, da die Manager die entscheidenden Weichen f\u00fcr Projekte stellen m\u00fcssen und dabei oft Defizite erkennen lassen. Unser Trainer ist seit langem ein erfolgreicher Manager in gro\u00dfen und kleinen Unternehmen.&nbsp;<\/p>\n<p>Die grunds\u00e4tzlichen Inhalte des Projektmanagement-Seminars finden Sie bei einem <u><a href=\"https:\/\/www.iso21500.de\/de\/seminare-projektmanagement-nach-iso21\">Klick hier<\/a><\/u>.<\/p>\n<p>Oder sprechen Sie direkt mit dem Seminarleiter:&nbsp;<\/p>\n<p>Norbert Daehne<\/p>\n<p>+49 1566 1667606&nbsp;<\/p>\n<\/div>\n<h2>Interesse geweckt?<\/h2>\n<p>\n    <a href=\"\/de\/kontakt\/\">Kontakt aufnehmen<\/a>\n<\/p>\n<p><!--more--><br>\n<!-- {\"name\":\"Layout Standart Vorlage\",\"type\":\"layout\",\"children\":[{\"name\":\"HeroUnterseite\",\"type\":\"section\",\"props\":{\"animation\":\"slide-bottom-medium\",\"animation_delay\":\"100\",\"header_transparent\":\"light\",\"header_transparent_noplaceholder\":true,\"image\":\"wp-content\\\/uploads\\\/photo-1494548162494-384bba4ab999-scaled.jpg\",\"image_effect\":\"parallax\",\"image_parallax_bgy\":\"170,0\",\"image_position\":\"center-center\",\"image_size\":\"cover\",\"media_overlay\":\"rgba(2, 106, 192, 0.33)\",\"overlap\":false,\"padding\":\"xlarge\",\"padding_remove_bottom\":false,\"style\":\"default\",\"title_breakpoint\":\"xl\",\"title_position\":\"top-left\",\"title_rotation\":\"left\",\"vertical_align\":\"middle\",\"width\":\"default\"},\"children\":[{\"type\":\"row\",\"props\":{\"margin\":\"medium\",\"margin_remove_bottom\":true,\"margin_remove_top\":false,\"vertical_align\":false},\"children\":[{\"type\":\"column\",\"props\":{\"image_height\":\"220\",\"image_parallax_bgy\":\"230,0\",\"image_position\":\"bottom-right\",\"image_width\":\"220\",\"position_sticky_breakpoint\":\"m\",\"text_color\":\"light\",\"width_medium\":\"1-1\"},\"children\":[{\"type\":\"headline\",\"props\":{\"title_element\":\"h1\",\"title_style\":\"heading-small\"},\"source\":{\"query\":{\"name\":\"pages.singlePage\"},\"props\":{\"content\":{\"filters\":{\"search\":\"\"},\"name\":\"title\"}}}}]}]}]},{\"type\":\"section\",\"props\":{\"image_position\":\"center-center\",\"style\":\"default\",\"title_breakpoint\":\"xl\",\"title_position\":\"top-left\",\"title_rotation\":\"left\",\"vertical_align\":\"middle\",\"width\":\"default\"},\"children\":[{\"type\":\"row\",\"children\":[{\"type\":\"column\",\"props\":{\"image_position\":\"center-center\",\"position_sticky_breakpoint\":\"m\"},\"children\":[{\"type\":\"breadcrumbs\",\"props\":{\"show_current\":true,\"show_home\":true}}]}]},{\"type\":\"row\",\"props\":{\"layout\":\"2-3,1-3\"},\"children\":[{\"type\":\"column\",\"props\":{\"image_position\":\"center-center\",\"position_sticky_breakpoint\":\"m\",\"width_medium\":\"2-3\"},\"children\":[{\"type\":\"text\",\"props\":{\"column_breakpoint\":\"m\",\"content\":\"\",\"margin\":\"default\"}},{\"type\":\"headline\",\"props\":{\"content\":\"Projektmanagement Seminare f\\u00fcr Finanzbranche\",\"title_element\":\"h2\",\"title_style\":\"h2\"}},{\"type\":\"text\",\"props\":{\"column_breakpoint\":\"m\",\"content\":\"\n\n<p>Projektmanagement ist eine Basiskompetenz \\u2013 besonders auch f\\u00fcr Finanzdienstleister, Bankinstitute und Versicherungen. Projektmanagement erm\\u00f6glicht es, Vorhaben termingerecht und im vorgegebenen Kostenrahmen zu erledigen. Darin sind Dutzende von Einzeldisziplinen wie Risiko\\u2011, Qualit\\u00e4ts- oder Kommunikationsmanagement enthalten, die einzeln oder integriert weiterzuentwickeln sind.<\\\/p>\\n\n\n<p>Viele Trainer betrachten die Projektmanagementthemen isoliert \\u2013 ohne den fachlichen Bezug zu Banken und Versicherungen.\\u00a0 Dies ist m\\u00f6glich, aber suboptimal. Erst mit einem inhaltlichen Verst\\u00e4ndnis f\\u00fcr die Branche, ihre Sprache und Herausforderungen wird eine Atmosph\\u00e4re geschaffen, in der die Wissensvermittlung und Weiterbildung auf hohem Niveau aufsetzen und sich entfalten kann.<\\\/p>\\n\n\n<p>Unser Trainer Norbert Daehne ist Berater, Coach und Seminarleiter f\\u00fcr Themen rund um Projekte und Personalentwicklung. Er ist in der Finanzbranche seit Jahrzehnten zu Hause. F\\u00fcr Unternehmen wie R+V, VR Bank, AXA, Ergo sowie f\\u00fcr Versicherungs- und Bankenberatungen war er als Trainer, Mitarbeiter, Manager oder Projektleiter t\\u00e4tig. In seinem Verantwortungsbereich lagen Strategiethemen, Personalverantwortung, IT, Projekte und Controlling. Als selbstst\\u00e4ndiger Unternehmer hat Norbert Daehne Beratungssoftware f\\u00fcr Banken und Versicherungen entwickelt und erfolgreich vermarktet.<\\\/p>\\n\n\n<p>Daher wird Norbert Daehne in Seminaren schnell mit den Teilnehmern eine gemeinsame vertraute Gespr\\u00e4chsebene finden \\u2013 und gleichzeitig den unternehmens- und branchen\\u00fcbergreifenden Blickwinkel beibehalten.<\\\/p>\",\"margin\":\"default\"}},{\"type\":\"headline\",\"props\":{\"content\":\"<span>Seminare, \\u00dcbungen und Fallbeispiele an der Finanz Branche orientiert<\\\/span>\",\"title_element\":\"h2\",\"title_style\":\"h2\"}},{\"type\":\"text\",\"props\":{\"column_breakpoint\":\"m\",\"content\":\"\n\n<p>Projektmanagement betreibt Norbert Daehne nach klassischen Methoden genauso wie nach agilen Vorgehensweisen wie <strong>Scrum oder Kanban<\\\/strong>. Er selbst ist nach ISO, PMI und Scrum zertifiziert. Der K\\u00f6nigsweg ist f\\u00fcr ihn ein hybrides Vorgehen, bei dem die jeweils geeignetsten Methoden und Werkzeuge kombiniert werden.<\\\/p>\\n\n\n<p>Gerne werden auch Projektmanagement-<strong>Seminare f\\u00fcr F\\u00fchrungskr\\u00e4fte<\\\/strong> durchgef\\u00fchrt, da die Manager die entscheidenden Weichen f\\u00fcr Projekte stellen m\\u00fcssen und dabei oft Defizite erkennen lassen. Unser Trainer ist seit langem ein erfolgreicher Manager in gro\\u00dfen und kleinen Unternehmen.\\u00a0<\\\/p>\\n\n\n<p>Die grunds\\u00e4tzlichen Inhalte des Projektmanagement-Seminars finden Sie bei einem <u><a href=\\\"https:\\\/\\\/www.iso21500.de\\\/de\\\/seminare-projektmanagement-nach-iso21\\\">Klick hier<\\\/a><\\\/u>.<\\\/p>\\n\n\n<p>Oder sprechen Sie direkt mit dem Seminarleiter:\\u00a0<\\\/p>\\n\n\n<p>Norbert Daehne<\\\/p>\\n\n\n<p>+49 1566 1667606\\u00a0<\\\/p>\",\"margin\":\"default\"}}]},{\"type\":\"column\",\"props\":{\"image_position\":\"center-center\",\"position_sticky_breakpoint\":\"m\",\"width_medium\":\"1-3\"},\"children\":[{\"type\":\"image\",\"props\":{\"image\":\"\",\"image_svg_color\":\"emphasis\",\"margin\":\"default\"}}]}]}]},{\"name\":\"St\\u00f6rer\",\"type\":\"section\",\"props\":{\"animation\":\"fade\",\"animation_delay\":\"150\",\"class\":\"uk-light\",\"image\":\"wp-content\\\/uploads\\\/photo-1563906267088-b029e7101114-scaled.jpg\",\"image_position\":\"bottom-center\",\"image_size\":\"cover\",\"media_overlay\":\"rgba(0, 0, 0, 0.29)\",\"padding\":\"large\",\"padding_remove_bottom\":false,\"padding_remove_top\":false,\"style\":\"default\",\"title_breakpoint\":\"xl\",\"title_position\":\"top-left\",\"title_rotation\":\"left\",\"vertical_align\":\"middle\",\"width\":\"\"},\"children\":[{\"type\":\"row\",\"props\":{\"column_gap\":\"large\",\"margin\":\"xlarge\",\"row_gap\":\"large\",\"vertical_align\":true,\"width\":\"default\"},\"children\":[{\"type\":\"column\",\"props\":{\"image_position\":\"center-center\",\"position_sticky_breakpoint\":\"m\",\"vertical_align\":\"middle\"},\"children\":[{\"type\":\"headline\",\"props\":{\"block_align\":\"center\",\"content\":\"Interesse geweckt?\",\"maxwidth\":\"large\",\"text_align\":\"center\",\"title_element\":\"h2\",\"title_style\":\"h1\"}},{\"type\":\"button\",\"props\":{\"grid_column_gap\":\"small\",\"grid_row_gap\":\"small\",\"margin\":\"default\",\"text_align\":\"center\"},\"children\":[{\"type\":\"button_item\",\"props\":{\"button_style\":\"danger\",\"content\":\"Kontakt aufnehmen\",\"icon_align\":\"left\",\"link\":\"de\\\/kontakt\\\/\"}}]}]}]}]}],\"version\":\"4.0.5\",\"yooessentialsVersion\":\"2.0.7\"} --><\/p>\n","protected":false},"excerpt":{"rendered":"<p>Projektmanagement Seminare f\u00fcr Finanzbranche Projektmanagement ist eine Basiskompetenz \u2013 besonders auch f\u00fcr Finanzdienstleister, Bankinstitute und Versicherungen. Projektmanagement erm\u00f6glicht es, Vorhaben termingerecht und im vorgegebenen Kostenrahmen zu erledigen. Darin sind Dutzende von Einzeldisziplinen wie Risiko\u2011, Qualit\u00e4ts- oder Kommunikationsmanagement enthalten, die einzeln oder integriert weiterzuentwickeln sind. Viele Trainer betrachten die Projektmanagementthemen isoliert \u2013 ohne den fachlichen Bezug&nbsp;[\u2026]<\/p>\n","protected":false},"author":4,"featured_media":0,"parent":23,"menu_order":0,"comment_status":"closed","ping_status":"closed","template":"","meta":{"_acf_changed":false,"wp_typography_post_enhancements_disabled":false,"footnotes":""},"class_list":["post-41","page","type-page","status-publish","hentry"],"acf":[],"yoast_head":"<!-- This site is optimized with the Yoast SEO plugin v27.2 - https:\/\/yoast.com\/product\/yoast-seo-wordpress\/ -->\n<title>Banken\/Versicherungen: Projektmanagement-Seminare nach ISO<\/title>\n<meta name=\"description\" content=\"Projektmanagement Seminare nach ISO 21500 mit Zertifizierung von IHK f\u00fcr Banken und Versicherungen vom langj\u00e4hrigen Manager f\u00fcr Finanzen\" \/>\n<meta name=\"robots\" content=\"index, follow, max-snippet:-1, max-image-preview:large, max-video-preview:-1\" \/>\n<link rel=\"canonical\" href=\"https:\/\/www.iso21500.de\/de\/seminare-nach-iso-21500\/seminare-fuer-finanzdienstleister\/\" \/>\n<meta property=\"og:locale\" content=\"de_DE\" \/>\n<meta property=\"og:type\" content=\"article\" \/>\n<meta property=\"og:title\" content=\"Banken\/Versicherungen: Projektmanagement-Seminare nach ISO\" \/>\n<meta property=\"og:description\" content=\"Projektmanagement Seminare nach ISO 21500 mit Zertifizierung von IHK f\u00fcr Banken und Versicherungen vom langj\u00e4hrigen Manager f\u00fcr Finanzen\" \/>\n<meta property=\"og:url\" content=\"https:\/\/www.iso21500.de\/de\/seminare-nach-iso-21500\/seminare-fuer-finanzdienstleister\/\" \/>\n<meta property=\"og:site_name\" content=\"Projektmanagement nach ISO21500\" \/>\n<meta property=\"article:modified_time\" content=\"2024-01-01T15:26:20+00:00\" \/>\n<meta name=\"twitter:card\" content=\"summary_large_image\" \/>\n<meta name=\"twitter:label1\" content=\"Gesch\u00e4tzte Lesezeit\" \/>\n\t<meta name=\"twitter:data1\" content=\"2\u00a0Minuten\" \/>\n<script type=\"application\/ld+json\" class=\"yoast-schema-graph\">{\"@context\":\"https:\/\/schema.org\",\"@graph\":[{\"@type\":\"WebPage\",\"@id\":\"https:\/\/www.iso21500.de\/de\/seminare-nach-iso-21500\/seminare-fuer-finanzdienstleister\/\",\"url\":\"https:\/\/www.iso21500.de\/de\/seminare-nach-iso-21500\/seminare-fuer-finanzdienstleister\/\",\"name\":\"Banken\/Versicherungen: Projektmanagement-Seminare nach ISO\",\"isPartOf\":{\"@id\":\"https:\/\/www.iso21500.de\/de\/#website\"},\"datePublished\":\"2021-10-07T18:47:31+00:00\",\"dateModified\":\"2024-01-01T15:26:20+00:00\",\"description\":\"Projektmanagement Seminare nach ISO 21500 mit Zertifizierung von IHK f\u00fcr Banken und Versicherungen vom langj\u00e4hrigen Manager f\u00fcr Finanzen\",\"breadcrumb\":{\"@id\":\"https:\/\/www.iso21500.de\/de\/seminare-nach-iso-21500\/seminare-fuer-finanzdienstleister\/#breadcrumb\"},\"inLanguage\":\"de\",\"potentialAction\":[{\"@type\":\"ReadAction\",\"target\":[\"https:\/\/www.iso21500.de\/de\/seminare-nach-iso-21500\/seminare-fuer-finanzdienstleister\/\"]}]},{\"@type\":\"BreadcrumbList\",\"@id\":\"https:\/\/www.iso21500.de\/de\/seminare-nach-iso-21500\/seminare-fuer-finanzdienstleister\/#breadcrumb\",\"itemListElement\":[{\"@type\":\"ListItem\",\"position\":1,\"name\":\"Startseite\",\"item\":\"https:\/\/www.iso21500.de\/de\/\"},{\"@type\":\"ListItem\",\"position\":2,\"name\":\"Seminare Projektmanagement nach ISO\",\"item\":\"https:\/\/www.iso21500.de\/de\/seminare-nach-iso-21500\/\"},{\"@type\":\"ListItem\",\"position\":3,\"name\":\"Projektmanagement Seminare f\u00fcr Banken und Versicherungen &#8211; klassisch, agil und hybrid\"}]},{\"@type\":\"WebSite\",\"@id\":\"https:\/\/www.iso21500.de\/de\/#website\",\"url\":\"https:\/\/www.iso21500.de\/de\/\",\"name\":\"iso21500.de\",\"description\":\"neu: Projektmanagement nach ISO21502\",\"publisher\":{\"@id\":\"https:\/\/www.iso21500.de\/de\/#\/schema\/person\/13c5df3918ff1cab82ab9ca397d3e3a4\"},\"potentialAction\":[{\"@type\":\"SearchAction\",\"target\":{\"@type\":\"EntryPoint\",\"urlTemplate\":\"https:\/\/www.iso21500.de\/de\/?s={search_term_string}\"},\"query-input\":{\"@type\":\"PropertyValueSpecification\",\"valueRequired\":true,\"valueName\":\"search_term_string\"}}],\"inLanguage\":\"de\"},{\"@type\":[\"Person\",\"Organization\"],\"@id\":\"https:\/\/www.iso21500.de\/de\/#\/schema\/person\/13c5df3918ff1cab82ab9ca397d3e3a4\",\"name\":\"Dennis Hain\",\"image\":{\"@type\":\"ImageObject\",\"inLanguage\":\"de\",\"@id\":\"https:\/\/secure.gravatar.com\/avatar\/89898cfc3cb4dc6d7782fcd955179ebd47446145f4b7827e99ec78603be85eda?s=96&d=mm&r=g\",\"url\":\"https:\/\/secure.gravatar.com\/avatar\/89898cfc3cb4dc6d7782fcd955179ebd47446145f4b7827e99ec78603be85eda?s=96&d=mm&r=g\",\"contentUrl\":\"https:\/\/secure.gravatar.com\/avatar\/89898cfc3cb4dc6d7782fcd955179ebd47446145f4b7827e99ec78603be85eda?s=96&d=mm&r=g\",\"caption\":\"Dennis Hain\"},\"logo\":{\"@id\":\"https:\/\/secure.gravatar.com\/avatar\/89898cfc3cb4dc6d7782fcd955179ebd47446145f4b7827e99ec78603be85eda?s=96&d=mm&r=g\"},\"sameAs\":[\"https:\/\/www.fusepro.de\"]}]}<\/script>\n<!-- \/ Yoast SEO plugin. -->","yoast_head_json":{"title":"Banken\/Versicherungen: Projektmanagement-Seminare nach ISO","description":"Projektmanagement Seminare nach ISO 21500 mit Zertifizierung von IHK f\u00fcr Banken und Versicherungen vom langj\u00e4hrigen Manager f\u00fcr Finanzen","robots":{"index":"index","follow":"follow","max-snippet":"max-snippet:-1","max-image-preview":"max-image-preview:large","max-video-preview":"max-video-preview:-1"},"canonical":"https:\/\/www.iso21500.de\/de\/seminare-nach-iso-21500\/seminare-fuer-finanzdienstleister\/","og_locale":"de_DE","og_type":"article","og_title":"Banken\/Versicherungen: Projektmanagement-Seminare nach ISO","og_description":"Projektmanagement Seminare nach ISO 21500 mit Zertifizierung von IHK f\u00fcr Banken und Versicherungen vom langj\u00e4hrigen Manager f\u00fcr Finanzen","og_url":"https:\/\/www.iso21500.de\/de\/seminare-nach-iso-21500\/seminare-fuer-finanzdienstleister\/","og_site_name":"Projektmanagement nach ISO21500","article_modified_time":"2024-01-01T15:26:20+00:00","twitter_card":"summary_large_image","twitter_misc":{"Gesch\u00e4tzte Lesezeit":"2\u00a0Minuten"},"schema":{"@context":"https:\/\/schema.org","@graph":[{"@type":"WebPage","@id":"https:\/\/www.iso21500.de\/de\/seminare-nach-iso-21500\/seminare-fuer-finanzdienstleister\/","url":"https:\/\/www.iso21500.de\/de\/seminare-nach-iso-21500\/seminare-fuer-finanzdienstleister\/","name":"Banken\/Versicherungen: Projektmanagement-Seminare nach ISO","isPartOf":{"@id":"https:\/\/www.iso21500.de\/de\/#website"},"datePublished":"2021-10-07T18:47:31+00:00","dateModified":"2024-01-01T15:26:20+00:00","description":"Projektmanagement Seminare nach ISO 21500 mit Zertifizierung von IHK f\u00fcr Banken und Versicherungen vom langj\u00e4hrigen Manager f\u00fcr Finanzen","breadcrumb":{"@id":"https:\/\/www.iso21500.de\/de\/seminare-nach-iso-21500\/seminare-fuer-finanzdienstleister\/#breadcrumb"},"inLanguage":"de","potentialAction":[{"@type":"ReadAction","target":["https:\/\/www.iso21500.de\/de\/seminare-nach-iso-21500\/seminare-fuer-finanzdienstleister\/"]}]},{"@type":"BreadcrumbList","@id":"https:\/\/www.iso21500.de\/de\/seminare-nach-iso-21500\/seminare-fuer-finanzdienstleister\/#breadcrumb","itemListElement":[{"@type":"ListItem","position":1,"name":"Startseite","item":"https:\/\/www.iso21500.de\/de\/"},{"@type":"ListItem","position":2,"name":"Seminare Projektmanagement nach ISO","item":"https:\/\/www.iso21500.de\/de\/seminare-nach-iso-21500\/"},{"@type":"ListItem","position":3,"name":"Projektmanagement Seminare f\u00fcr Banken und Versicherungen &#8211; klassisch, agil und hybrid"}]},{"@type":"WebSite","@id":"https:\/\/www.iso21500.de\/de\/#website","url":"https:\/\/www.iso21500.de\/de\/","name":"iso21500.de","description":"neu: Projektmanagement nach ISO21502","publisher":{"@id":"https:\/\/www.iso21500.de\/de\/#\/schema\/person\/13c5df3918ff1cab82ab9ca397d3e3a4"},"potentialAction":[{"@type":"SearchAction","target":{"@type":"EntryPoint","urlTemplate":"https:\/\/www.iso21500.de\/de\/?s={search_term_string}"},"query-input":{"@type":"PropertyValueSpecification","valueRequired":true,"valueName":"search_term_string"}}],"inLanguage":"de"},{"@type":["Person","Organization"],"@id":"https:\/\/www.iso21500.de\/de\/#\/schema\/person\/13c5df3918ff1cab82ab9ca397d3e3a4","name":"Dennis Hain","image":{"@type":"ImageObject","inLanguage":"de","@id":"https:\/\/secure.gravatar.com\/avatar\/89898cfc3cb4dc6d7782fcd955179ebd47446145f4b7827e99ec78603be85eda?s=96&d=mm&r=g","url":"https:\/\/secure.gravatar.com\/avatar\/89898cfc3cb4dc6d7782fcd955179ebd47446145f4b7827e99ec78603be85eda?s=96&d=mm&r=g","contentUrl":"https:\/\/secure.gravatar.com\/avatar\/89898cfc3cb4dc6d7782fcd955179ebd47446145f4b7827e99ec78603be85eda?s=96&d=mm&r=g","caption":"Dennis Hain"},"logo":{"@id":"https:\/\/secure.gravatar.com\/avatar\/89898cfc3cb4dc6d7782fcd955179ebd47446145f4b7827e99ec78603be85eda?s=96&d=mm&r=g"},"sameAs":["https:\/\/www.fusepro.de"]}]}},"_links":{"self":[{"href":"https:\/\/www.iso21500.de\/de\/wp-json\/wp\/v2\/pages\/41","targetHints":{"allow":["GET"]}}],"collection":[{"href":"https:\/\/www.iso21500.de\/de\/wp-json\/wp\/v2\/pages"}],"about":[{"href":"https:\/\/www.iso21500.de\/de\/wp-json\/wp\/v2\/types\/page"}],"author":[{"embeddable":true,"href":"https:\/\/www.iso21500.de\/de\/wp-json\/wp\/v2\/users\/4"}],"replies":[{"embeddable":true,"href":"https:\/\/www.iso21500.de\/de\/wp-json\/wp\/v2\/comments?post=41"}],"version-history":[{"count":10,"href":"https:\/\/www.iso21500.de\/de\/wp-json\/wp\/v2\/pages\/41\/revisions"}],"predecessor-version":[{"id":3263,"href":"https:\/\/www.iso21500.de\/de\/wp-json\/wp\/v2\/pages\/41\/revisions\/3263"}],"up":[{"embeddable":true,"href":"https:\/\/www.iso21500.de\/de\/wp-json\/wp\/v2\/pages\/23"}],"wp:attachment":[{"href":"https:\/\/www.iso21500.de\/de\/wp-json\/wp\/v2\/media?parent=41"}],"curies":[{"name":"wp","href":"https:\/\/api.w.org\/{rel}","templated":true}]}}