{"id":4480,"date":"2025-12-05T14:40:27","date_gmt":"2025-12-05T13:40:27","guid":{"rendered":"https:\/\/www.iso21500.de\/?page_id=4480"},"modified":"2026-03-02T10:09:54","modified_gmt":"2026-03-02T09:09:54","slug":"was-tun-wenn","status":"publish","type":"page","link":"https:\/\/www.iso21500.de\/de\/was-tun-wenn\/","title":{"rendered":"Was tun,&nbsp;wenn\u2026"},"content":{"rendered":"\n<p><\/p><h2>Praktische Tipps f\u00fcr verschiedene Situationen<\/h2>\n\n\n\n<p><strong>Was tun,&nbsp;wenn&nbsp;\u2026<\/strong><\/p>\n\n\n\n<ol start=\"1\" class=\"wp-block-list\">\n<li><a href=\"#PloetzlichProjektleiter\"><strong>Sie pl\u00f6tzlich zum Projektleiter werden.&nbsp;<\/strong><\/a><\/li>\n\n\n\n<li><a href=\"#SuchePL\"><strong>Sie neue Mitarbeiter als Projektleiter einstellen wollen.<\/strong><\/a><\/li>\n\n\n\n<li><a href=\"#NeuesTeam\"><strong>Sie mit einem neuen Team ein Projekt professionell aufsetzen wollen.<\/strong><\/a><\/li>\n\n\n\n<li><a href=\"#PAngebot\"><strong>Sie f\u00fcr Ihr Projektbusiness einen PM Kompetenznachweis suchen.<\/strong><\/a><\/li>\n\n\n\n<li><a href=\"#PMOAufbau\"><strong>Sie ein PMO aufbauen wollen.<\/strong><\/a><\/li>\n\n\n\n<li><a href=\"#PerformSteig\"><strong>Sie f\u00fcr Ihre Mitarbeiter ein Seminar zur Performancesteigerung suchen.<\/strong><\/a><\/li>\n<\/ol>\n\n\n\n\n\n<p>Im folgenden bieten wir erste Hilfen f\u00fcr die oben beschriebenen Situationen. In vielen anderen F\u00e4llen lohnt es sich ebenfalls, direkt einem unserer Projektmanagement-Profis Kontakt aufzunehmen. <a href=\"https:\/\/www.iso21500.de\/de\/kontakt\/\">Klicken Sie&nbsp;hier!<\/a><\/p>\n\n\n\n<p><\/p><h2 id=\"PloetzlichProjektleiter\"><strong>1. Pl\u00f6tzlich Projektleiter<\/strong><\/h2>\n\n\n\n<p>Sie finden einen ersten \u00dcberblick \u00fcber das Projektmanagements durch einen Klick <a href=\"https:\/\/www.iso21500.de\/de\/projektmanagement-grundlagen\/\">hier<\/a>.<\/p>\n\n\n\n<p>Einen Foliensatz zum Projektmanagement gibt es kostenfrei <a href=\"https:\/\/www.iso21500.de\/de\/kostenloser-pm-foliensatz\/\">hier<\/a>.<\/p>\n\n\n\n<p><\/p><p>Die Leitlinien des Projektmanagements gem\u00e4\u00df ISO21500 finden Sie in der Originalnorm auf 50 Seiten f\u00fcr ca. 115 Euro oder im gleichnamigen Buch inkl. Tipps und Tricks f\u00fcr ca. 25 Euro \u2014 <a href=\"https:\/\/www.iso21500.de\/de\/norm-als-buch-oder-ebook\/\">klick hier<\/a>!<\/p>\n<a href=\"#\">Zur \u00dcbersicht!<\/a>\n<br><br><br>\n\n\n\n<p><\/p><h2 id=\"SuchePL\"><strong>2. Suche von Projektleitern<\/strong><\/h2>\n\n\n\n<p>Bitten Sie die Kandidaten eine Projektmanagement-Qualifizierung vorzulegen.<\/p>\n\n\n\n<p><\/p><p>Wenn diese nicht vorhanden ist, bitten Sie die Kandidaten, die Projektzertifizierung nach ISO21500 abzulegen. Personen, die eine gute Expertise im Projektmanagement haben, werden direkt oder nach einem kurzen Studium der ISO21500 die Zertifizierungspr\u00fcfung bestehen. <a href=\"https:\/\/www.iso21500.de\/de\/personenzertifizierung-nach-iso-21500\/\">Mehr erfahren Sie durch einen Klick&nbsp;hier<\/a><\/p>\n<a href=\"#\">Zur \u00dcbersicht!<\/a>\n<br><br><br>\n\n\n\n<p><\/p><h2 id=\"NeuesTeam\"><strong>3. Projekt mit neuem Team starten<\/strong><\/h2>\n\n\n\n<p><\/p><p>Wenn Sie mit einem neuen Team ein Projekt professionell aufsetzen m\u00f6chten, k\u00f6nnen Sie PM-Kompetenzaufbau und Planung durch eine spezielles Seminar mit uns verbinden \u2013 <a href=\"https:\/\/www.iso21500.de\/de\/kontakt\/\">Klicken Sie hier<\/a>, um im pers\u00f6nlichen Gespr\u00e4ch mehr zu erfahren!<\/p>\n<a href=\"#\">Zur \u00dcbersicht!<\/a>\n<br><br><br>\n\n\n\n<p><\/p><h2 id=\"PAngebot\"><strong>4: Projektausschreibung und \u2011angebote<\/strong><\/h2>\n\n\n\n<p><\/p><p>Wenn Sie ein Projektangebote st\u00e4rken oder in Ausschreibungen eine geforderte Projektkompetenz nachweisen wollen, lassen Sie ihr Unternehmen nach den Leitlinien der ISO21500 zertifizieren \u2013 informieren Sie sich <a href=\"https:\/\/www.iso21500.de\/de\/pm-iso-zertifikat-fuer-unternehmen\/\">hier<\/a>!<\/p>\n<a href=\"#\">Zur \u00dcbersicht!<\/a>\n<br><br><br>\n\n\n\n<p><\/p><h2 id=\"PMOAufbau\"><strong>5: PMO Aufbau<\/strong><\/h2>\n\n\n\n<p><\/p><p>Wenn Sie ihre Projektaktivit\u00e4ten b\u00fcndeln, unterst\u00fctzen und steuern m\u00f6chten, wird ein Projektmanagementoffice notwendig. Sehen Sie hierzu unsere Angebot von einer kostenlosen Erstberatung bis hin zu einem Outsourcing-Service \u2013 <a href=\"https:\/\/www.iso21500.de\/de\/pmo-outsourcing-service\/\">klick hier<\/a>!<\/p>\n<a href=\"#\">Zur \u00dcbersicht!<\/a>\n<br><br><br>\n\n\n\n<p><\/p><h2 id=\"PerformSteig\"><strong>6: Performance-Steigerung<\/strong><\/h2>\n\n\n\n<p><\/p><p>Wenn Sie ihren Mitarbeitern und sich etwas gutes tun wollen, wir vermitteln die Projektmanagement-Grundlagen in unseren Seminaren so, dass die PM-Praktiken auch im Tagesgesch\u00e4ft direkt genutzt werden k\u00f6nnen. Wie dies m\u00f6glich ist, erl\u00e4utern wir gerne im pers\u00f6nlichen Gespr\u00e4ch. <a href=\"https:\/\/www.iso21500.de\/wp-admin\/Rufen%20Sie%20uns%20an\">Rufen Sie uns an<\/a>!<\/p>\n<a href=\"#\">Zur \u00dcbersicht!<\/a>\n<br><br><br>\n\n\n\n<p><strong>Wo dr\u00fcckt ihr Schuh, wir k\u00f6nnen im Projektbereich helfen!<\/strong><\/p>\n\n\n\n<p><strong><a href=\"https:\/\/www.iso21500.de\/de\/kontakt\/\">Zur Kontaktaufnahme \u2014 klick&nbsp;hier!<\/a><strong><\/strong><\/strong><\/p>\n","protected":false},"excerpt":{"rendered":"<p>Praktische Tipps f\u00fcr verschiedene Situationen Was tun,&nbsp;wenn&nbsp;\u2026 Im folgenden bieten wir erste Hilfen f\u00fcr die oben beschriebenen Situationen. In vielen anderen F\u00e4llen lohnt es sich ebenfalls, direkt einem unserer Projektmanagement-Profis Kontakt aufzunehmen. Klicken Sie&nbsp;hier! 1. Pl\u00f6tzlich Projektleiter Sie finden einen ersten \u00dcberblick \u00fcber das Projektmanagements durch einen Klick hier. Einen Foliensatz zum Projektmanagement gibt&nbsp;es&nbsp;[\u2026]<\/p>\n","protected":false},"author":1,"featured_media":4481,"parent":0,"menu_order":0,"comment_status":"closed","ping_status":"closed","template":"","meta":{"_acf_changed":false,"wp_typography_post_enhancements_disabled":false,"footnotes":""},"class_list":["post-4480","page","type-page","status-publish","has-post-thumbnail","hentry"],"acf":[],"yoast_head":"<!-- This site is optimized with the Yoast SEO plugin v27.2 - https:\/\/yoast.com\/product\/yoast-seo-wordpress\/ -->\n<title>Was tun, wenn... - Projektmanagement nach ISO21500<\/title>\n<meta name=\"robots\" content=\"index, follow, max-snippet:-1, max-image-preview:large, max-video-preview:-1\" \/>\n<link rel=\"canonical\" href=\"https:\/\/www.iso21500.de\/de\/was-tun-wenn\/\" \/>\n<meta property=\"og:locale\" content=\"de_DE\" \/>\n<meta property=\"og:type\" content=\"article\" \/>\n<meta property=\"og:title\" content=\"Was tun, wenn... - Projektmanagement nach ISO21500\" \/>\n<meta property=\"og:description\" content=\"Praktische Tipps f\u00fcr verschiedene Situationen Was tun,&nbsp;wenn&nbsp;\u2026 Im folgenden bieten wir erste Hilfen f\u00fcr die oben beschriebenen Situationen. In vielen anderen F\u00e4llen lohnt es sich ebenfalls, direkt einem unserer Projektmanagement-Profis Kontakt aufzunehmen. Klicken Sie&nbsp;hier! 1. Pl\u00f6tzlich Projektleiter Sie finden einen ersten \u00dcberblick \u00fcber das Projektmanagements durch einen Klick hier. Einen Foliensatz zum Projektmanagement gibt es [&hellip;]\" \/>\n<meta property=\"og:url\" content=\"https:\/\/www.iso21500.de\/de\/was-tun-wenn\/\" \/>\n<meta property=\"og:site_name\" content=\"Projektmanagement nach ISO21500\" \/>\n<meta property=\"article:modified_time\" content=\"2026-03-02T09:09:54+00:00\" \/>\n<meta property=\"og:image\" content=\"https:\/\/www.iso21500.de\/wp-content\/uploads\/15-scaled-1.jpg\" \/>\n\t<meta property=\"og:image:width\" content=\"2560\" \/>\n\t<meta property=\"og:image:height\" content=\"1707\" \/>\n\t<meta property=\"og:image:type\" content=\"image\/jpeg\" \/>\n<meta name=\"twitter:card\" content=\"summary_large_image\" \/>\n<meta name=\"twitter:label1\" content=\"Gesch\u00e4tzte Lesezeit\" \/>\n\t<meta name=\"twitter:data1\" content=\"3\u00a0Minuten\" \/>\n<script type=\"application\/ld+json\" class=\"yoast-schema-graph\">{\"@context\":\"https:\/\/schema.org\",\"@graph\":[{\"@type\":\"WebPage\",\"@id\":\"https:\/\/www.iso21500.de\/de\/was-tun-wenn\/\",\"url\":\"https:\/\/www.iso21500.de\/de\/was-tun-wenn\/\",\"name\":\"Was tun, wenn... - Projektmanagement nach ISO21500\",\"isPartOf\":{\"@id\":\"https:\/\/www.iso21500.de\/de\/#website\"},\"primaryImageOfPage\":{\"@id\":\"https:\/\/www.iso21500.de\/de\/was-tun-wenn\/#primaryimage\"},\"image\":{\"@id\":\"https:\/\/www.iso21500.de\/de\/was-tun-wenn\/#primaryimage\"},\"thumbnailUrl\":\"https:\/\/www.iso21500.de\/wp-content\/uploads\/15-scaled-1.jpg\",\"datePublished\":\"2025-12-05T13:40:27+00:00\",\"dateModified\":\"2026-03-02T09:09:54+00:00\",\"breadcrumb\":{\"@id\":\"https:\/\/www.iso21500.de\/de\/was-tun-wenn\/#breadcrumb\"},\"inLanguage\":\"de\",\"potentialAction\":[{\"@type\":\"ReadAction\",\"target\":[\"https:\/\/www.iso21500.de\/de\/was-tun-wenn\/\"]}]},{\"@type\":\"ImageObject\",\"inLanguage\":\"de\",\"@id\":\"https:\/\/www.iso21500.de\/de\/was-tun-wenn\/#primaryimage\",\"url\":\"https:\/\/www.iso21500.de\/wp-content\/uploads\/15-scaled-1.jpg\",\"contentUrl\":\"https:\/\/www.iso21500.de\/wp-content\/uploads\/15-scaled-1.jpg\",\"width\":2560,\"height\":1707},{\"@type\":\"BreadcrumbList\",\"@id\":\"https:\/\/www.iso21500.de\/de\/was-tun-wenn\/#breadcrumb\",\"itemListElement\":[{\"@type\":\"ListItem\",\"position\":1,\"name\":\"Startseite\",\"item\":\"https:\/\/www.iso21500.de\/de\/\"},{\"@type\":\"ListItem\",\"position\":2,\"name\":\"Was tun, wenn&#8230;\"}]},{\"@type\":\"WebSite\",\"@id\":\"https:\/\/www.iso21500.de\/de\/#website\",\"url\":\"https:\/\/www.iso21500.de\/de\/\",\"name\":\"iso21500.de\",\"description\":\"neu: Projektmanagement nach ISO21502\",\"publisher\":{\"@id\":\"https:\/\/www.iso21500.de\/de\/#\/schema\/person\/13c5df3918ff1cab82ab9ca397d3e3a4\"},\"potentialAction\":[{\"@type\":\"SearchAction\",\"target\":{\"@type\":\"EntryPoint\",\"urlTemplate\":\"https:\/\/www.iso21500.de\/de\/?s={search_term_string}\"},\"query-input\":{\"@type\":\"PropertyValueSpecification\",\"valueRequired\":true,\"valueName\":\"search_term_string\"}}],\"inLanguage\":\"de\"},{\"@type\":[\"Person\",\"Organization\"],\"@id\":\"https:\/\/www.iso21500.de\/de\/#\/schema\/person\/13c5df3918ff1cab82ab9ca397d3e3a4\",\"name\":\"Dennis Hain\",\"image\":{\"@type\":\"ImageObject\",\"inLanguage\":\"de\",\"@id\":\"https:\/\/secure.gravatar.com\/avatar\/89898cfc3cb4dc6d7782fcd955179ebd47446145f4b7827e99ec78603be85eda?s=96&d=mm&r=g\",\"url\":\"https:\/\/secure.gravatar.com\/avatar\/89898cfc3cb4dc6d7782fcd955179ebd47446145f4b7827e99ec78603be85eda?s=96&d=mm&r=g\",\"contentUrl\":\"https:\/\/secure.gravatar.com\/avatar\/89898cfc3cb4dc6d7782fcd955179ebd47446145f4b7827e99ec78603be85eda?s=96&d=mm&r=g\",\"caption\":\"Dennis Hain\"},\"logo\":{\"@id\":\"https:\/\/secure.gravatar.com\/avatar\/89898cfc3cb4dc6d7782fcd955179ebd47446145f4b7827e99ec78603be85eda?s=96&d=mm&r=g\"},\"sameAs\":[\"https:\/\/www.fusepro.de\"]}]}<\/script>\n<!-- \/ Yoast SEO plugin. -->","yoast_head_json":{"title":"Was tun, wenn... - Projektmanagement nach ISO21500","robots":{"index":"index","follow":"follow","max-snippet":"max-snippet:-1","max-image-preview":"max-image-preview:large","max-video-preview":"max-video-preview:-1"},"canonical":"https:\/\/www.iso21500.de\/de\/was-tun-wenn\/","og_locale":"de_DE","og_type":"article","og_title":"Was tun, wenn... - Projektmanagement nach ISO21500","og_description":"Praktische Tipps f\u00fcr verschiedene Situationen Was tun,&nbsp;wenn&nbsp;\u2026 Im folgenden bieten wir erste Hilfen f\u00fcr die oben beschriebenen Situationen. In vielen anderen F\u00e4llen lohnt es sich ebenfalls, direkt einem unserer Projektmanagement-Profis Kontakt aufzunehmen. Klicken Sie&nbsp;hier! 1. Pl\u00f6tzlich Projektleiter Sie finden einen ersten \u00dcberblick \u00fcber das Projektmanagements durch einen Klick hier. Einen Foliensatz zum Projektmanagement gibt es [&hellip;]","og_url":"https:\/\/www.iso21500.de\/de\/was-tun-wenn\/","og_site_name":"Projektmanagement nach ISO21500","article_modified_time":"2026-03-02T09:09:54+00:00","og_image":[{"width":2560,"height":1707,"url":"https:\/\/www.iso21500.de\/wp-content\/uploads\/15-scaled-1.jpg","type":"image\/jpeg"}],"twitter_card":"summary_large_image","twitter_misc":{"Gesch\u00e4tzte Lesezeit":"3\u00a0Minuten"},"schema":{"@context":"https:\/\/schema.org","@graph":[{"@type":"WebPage","@id":"https:\/\/www.iso21500.de\/de\/was-tun-wenn\/","url":"https:\/\/www.iso21500.de\/de\/was-tun-wenn\/","name":"Was tun, wenn... - Projektmanagement nach ISO21500","isPartOf":{"@id":"https:\/\/www.iso21500.de\/de\/#website"},"primaryImageOfPage":{"@id":"https:\/\/www.iso21500.de\/de\/was-tun-wenn\/#primaryimage"},"image":{"@id":"https:\/\/www.iso21500.de\/de\/was-tun-wenn\/#primaryimage"},"thumbnailUrl":"https:\/\/www.iso21500.de\/wp-content\/uploads\/15-scaled-1.jpg","datePublished":"2025-12-05T13:40:27+00:00","dateModified":"2026-03-02T09:09:54+00:00","breadcrumb":{"@id":"https:\/\/www.iso21500.de\/de\/was-tun-wenn\/#breadcrumb"},"inLanguage":"de","potentialAction":[{"@type":"ReadAction","target":["https:\/\/www.iso21500.de\/de\/was-tun-wenn\/"]}]},{"@type":"ImageObject","inLanguage":"de","@id":"https:\/\/www.iso21500.de\/de\/was-tun-wenn\/#primaryimage","url":"https:\/\/www.iso21500.de\/wp-content\/uploads\/15-scaled-1.jpg","contentUrl":"https:\/\/www.iso21500.de\/wp-content\/uploads\/15-scaled-1.jpg","width":2560,"height":1707},{"@type":"BreadcrumbList","@id":"https:\/\/www.iso21500.de\/de\/was-tun-wenn\/#breadcrumb","itemListElement":[{"@type":"ListItem","position":1,"name":"Startseite","item":"https:\/\/www.iso21500.de\/de\/"},{"@type":"ListItem","position":2,"name":"Was tun, wenn&#8230;"}]},{"@type":"WebSite","@id":"https:\/\/www.iso21500.de\/de\/#website","url":"https:\/\/www.iso21500.de\/de\/","name":"iso21500.de","description":"neu: Projektmanagement nach ISO21502","publisher":{"@id":"https:\/\/www.iso21500.de\/de\/#\/schema\/person\/13c5df3918ff1cab82ab9ca397d3e3a4"},"potentialAction":[{"@type":"SearchAction","target":{"@type":"EntryPoint","urlTemplate":"https:\/\/www.iso21500.de\/de\/?s={search_term_string}"},"query-input":{"@type":"PropertyValueSpecification","valueRequired":true,"valueName":"search_term_string"}}],"inLanguage":"de"},{"@type":["Person","Organization"],"@id":"https:\/\/www.iso21500.de\/de\/#\/schema\/person\/13c5df3918ff1cab82ab9ca397d3e3a4","name":"Dennis Hain","image":{"@type":"ImageObject","inLanguage":"de","@id":"https:\/\/secure.gravatar.com\/avatar\/89898cfc3cb4dc6d7782fcd955179ebd47446145f4b7827e99ec78603be85eda?s=96&d=mm&r=g","url":"https:\/\/secure.gravatar.com\/avatar\/89898cfc3cb4dc6d7782fcd955179ebd47446145f4b7827e99ec78603be85eda?s=96&d=mm&r=g","contentUrl":"https:\/\/secure.gravatar.com\/avatar\/89898cfc3cb4dc6d7782fcd955179ebd47446145f4b7827e99ec78603be85eda?s=96&d=mm&r=g","caption":"Dennis Hain"},"logo":{"@id":"https:\/\/secure.gravatar.com\/avatar\/89898cfc3cb4dc6d7782fcd955179ebd47446145f4b7827e99ec78603be85eda?s=96&d=mm&r=g"},"sameAs":["https:\/\/www.fusepro.de"]}]}},"_links":{"self":[{"href":"https:\/\/www.iso21500.de\/de\/wp-json\/wp\/v2\/pages\/4480","targetHints":{"allow":["GET"]}}],"collection":[{"href":"https:\/\/www.iso21500.de\/de\/wp-json\/wp\/v2\/pages"}],"about":[{"href":"https:\/\/www.iso21500.de\/de\/wp-json\/wp\/v2\/types\/page"}],"author":[{"embeddable":true,"href":"https:\/\/www.iso21500.de\/de\/wp-json\/wp\/v2\/users\/1"}],"replies":[{"embeddable":true,"href":"https:\/\/www.iso21500.de\/de\/wp-json\/wp\/v2\/comments?post=4480"}],"version-history":[{"count":9,"href":"https:\/\/www.iso21500.de\/de\/wp-json\/wp\/v2\/pages\/4480\/revisions"}],"predecessor-version":[{"id":4518,"href":"https:\/\/www.iso21500.de\/de\/wp-json\/wp\/v2\/pages\/4480\/revisions\/4518"}],"wp:featuredmedia":[{"embeddable":true,"href":"https:\/\/www.iso21500.de\/de\/wp-json\/wp\/v2\/media\/4481"}],"wp:attachment":[{"href":"https:\/\/www.iso21500.de\/de\/wp-json\/wp\/v2\/media?parent=4480"}],"curies":[{"name":"wp","href":"https:\/\/api.w.org\/{rel}","templated":true}]}}