{"id":4529,"date":"2026-03-10T11:44:08","date_gmt":"2026-03-10T10:44:08","guid":{"rendered":"https:\/\/www.iso21500.de\/?page_id=4529"},"modified":"2026-04-18T12:35:48","modified_gmt":"2026-04-18T10:35:48","slug":"seminare-projektmanagement-5-0","status":"publish","type":"page","link":"https:\/\/www.iso21500.de\/de\/seminare-projektmanagement-5-0\/","title":{"rendered":"Executive Seminare: Future Leadership with Projects"},"content":{"rendered":"\n<h3 class=\"wp-block-heading\"><\/h3>\n\n\n<div>\n<h3><span style=\"color: revert; font-size: revert; font-weight: revert;\">Zuk\u00fcnftiges Projektmanagement f\u00fcr Entscheider<\/span><\/h3>\n<\/div>\n<div>\n<p>Die Zukunft von Unternehmen entscheidet sich nicht in Strategiepapieren \u2013 sondern in Projekten.&nbsp;<b><strong>Strategien und Kundennutzen werden in Projekten Realit\u00e4t<\/strong><\/b>. Transformation gelingt nur durch wirksame Projektarbeit.<\/p>\n<p>Dieses Executive Seminar richtet sich gezielt an Top-Manager und F\u00fchrungskr\u00e4fte, die Projektmanagement nicht im Detail erlernen m\u00f6chten, sondern verstehen wollen, wie Projekte und deren Management als strategisches F\u00fchrungsinstrument eingesetzt werden k\u00f6nnen.<\/p>\n<p>Im Mittelpunkt steht die Frage:<br><b><strong>Wie muss modernes Projektmanagement gestaltet sein, um Vorhaben zum Erfolg zu f\u00fchren?<\/strong><\/b><\/p>\n<p>Das Seminar liefert hierzu einen Handlungsrahmen, der vergleichsweise einfach an Unternehmenssituationen angepasst werden kann. Es verbindet nachhaltige Zielsetzungen, internationale PM-Standards, hybride Vorgehensweisen, k\u00fcnstliche Intelligenz und F\u00fchrung zu einem integrierten Ansatz f\u00fcr die Steuerung komplexer Organisationen \u00fcber Projekte.<\/p>\n<p>Das Seminar schafft einen Denkraum f\u00fcr Entscheider, um die eigene Organisation, ihre Projekte und ihre Umsetzungsf\u00e4higkeit neu zu reflektieren und strategisch weiterzuentwickeln.<\/p>\n<\/div>\n<div>\n<p><strong>Seminar-Highlights:<\/strong><\/p>\n<ul>\n<li>\n<p class=\"MsoListParagraph\" style=\"text-indent: -18.0pt; mso-list: l0 level1 lfo1;\">&nbsp; &nbsp; &nbsp;Strategische Perspektive: Projekte als zentrales Instrument f\u00fcr Transformation und Zukunftssicherung<\/p>\n<p class=\"MsoListParagraph\" style=\"text-indent: -18.0pt; mso-list: l0 level1 lfo1;\"><!-- [if !supportLists]--><span style=\"font-family: Symbol; mso-fareast-font-family: Symbol; mso-bidi-font-family: Symbol;\">\u00b7<span style=\"font-variant-numeric: normal; font-variant-east-asian: normal; font-variant-alternates: normal; font-size-adjust: none; font-language-override: normal; font-kerning: auto; font-optical-sizing: auto; font-feature-settings: normal; font-variation-settings: normal; font-variant-position: normal; font-variant-emoji: normal; font-stretch: normal; font-size: 7pt; line-height: normal; font-family: 'Times New Roman';\">&nbsp;&nbsp;&nbsp;&nbsp;&nbsp;&nbsp;&nbsp; <\/span><\/span><!--[endif]-->Leitlinien ISO 21500 als Orientierungsrahmen f\u00fcr Governance, Portfolios und Projekte<\/p>\n<p class=\"MsoListParagraph\" style=\"text-indent: -18.0pt; mso-list: l0 level1 lfo1;\"><!-- [if !supportLists]--><span style=\"font-family: Symbol; mso-fareast-font-family: Symbol; mso-bidi-font-family: Symbol;\">\u00b7<span style=\"font-variant-numeric: normal; font-variant-east-asian: normal; font-variant-alternates: normal; font-size-adjust: none; font-language-override: normal; font-kerning: auto; font-optical-sizing: auto; font-feature-settings: normal; font-variation-settings: normal; font-variant-position: normal; font-variant-emoji: normal; font-stretch: normal; font-size: 7pt; line-height: normal; font-family: 'Times New Roman';\">&nbsp;&nbsp;&nbsp;&nbsp;&nbsp;&nbsp;&nbsp; <\/span><\/span><!--[endif]-->Hybride Vorgehensweisen als Antwort auf steigende Komplexit\u00e4t Einordnung<\/p>\n<p class=\"MsoListParagraph\" style=\"text-indent: -18.0pt; mso-list: l0 level1 lfo1;\"><!-- [if !supportLists]--><span style=\"font-family: Symbol; mso-fareast-font-family: Symbol; mso-bidi-font-family: Symbol;\">\u00b7<span style=\"font-variant-numeric: normal; font-variant-east-asian: normal; font-variant-alternates: normal; font-size-adjust: none; font-language-override: normal; font-kerning: auto; font-optical-sizing: auto; font-feature-settings: normal; font-variation-settings: normal; font-variant-position: normal; font-variant-emoji: normal; font-stretch: normal; font-size: 7pt; line-height: normal; font-family: 'Times New Roman';\">&nbsp;&nbsp;&nbsp;&nbsp;&nbsp;&nbsp;&nbsp; <\/span><\/span><!--[endif]-->K\u00fcnstliche Intelligenz als Hebel f\u00fcr bessere Entscheidungen und Effizienz<\/p>\n<p class=\"MsoListParagraph\" style=\"text-indent: -18.0pt; mso-list: l0 level1 lfo1;\"><!-- [if !supportLists]--><span style=\"font-family: Symbol; mso-fareast-font-family: Symbol; mso-bidi-font-family: Symbol;\">\u00b7<span style=\"font-variant-numeric: normal; font-variant-east-asian: normal; font-variant-alternates: normal; font-size-adjust: none; font-language-override: normal; font-kerning: auto; font-optical-sizing: auto; font-feature-settings: normal; font-variation-settings: normal; font-variant-position: normal; font-variant-emoji: normal; font-stretch: normal; font-size: 7pt; line-height: normal; font-family: 'Times New Roman';\">&nbsp;&nbsp;&nbsp;&nbsp;&nbsp;&nbsp;&nbsp; <\/span><\/span><!--[endif]-->Nachhaltigkeit als integraler Bestandteil zuk\u00fcnftiger Projektarbeit<\/p>\n<\/li>\n<li>Fokus auf F\u00fchrung, Kultur und Umsetzungskraft<\/li>\n<\/ul>\n<\/div>\n<div>\n<table class=\"uk-table uk-table-divider uk-table-responsive\" style=\"border-collapse: collapse; border-spacing: 0px; width: 778.241px; margin-bottom: 0px; color: #242424; font-family: Poppins; font-size: 19px;\">\n<tbody>\n<tr class=\"el-item\" style=\"transition: background-color 0.1s linear 0s;\">\n<td class=\"uk-text-nowrap uk-table-shrink\" style=\"width: 1px; text-wrap: nowrap; padding: 16px 12px; vertical-align: top;\">\n<div class=\"el-title uk-h4\" style=\"margin: 0px; font-family: Montserrat; font-weight: bold; color: #333333; text-transform: inherit; letter-spacing: -0.05rem; line-height: 1.4;\">Kursinhalt<\/div>\n<\/td>\n<td style=\"padding: 16px 12px; vertical-align: top;\">\n<div class=\"el-content uk-panel\" style=\"display: flow-root; position: relative; box-sizing: border-box; margin-bottom: 0px;\">\n<ul style=\"box-sizing: border-box; margin: 0px; padding-left: 30px;\">\n<li>Nachhaltigkeit in Projektzielen und Transformationen<\/li>\n<li>Normenreihe ISO 21500 als Leitlinien<\/li>\n<li>Agile, klassische und hybride Vorgehensweisen<\/li>\n<li>KI als Support und Assistenz<\/li>\n<li>Verantwortung, Kompetenzen und Eigenschaften der Stakeholder<\/li>\n<\/ul>\n<\/div>\n<\/td>\n<\/tr>\n<tr class=\"el-item\" style=\"transition: background-color 0.1s linear 0s; border-top: 1px solid rgba(0, 0, 0, 0.1);\">\n<td class=\"uk-text-nowrap\" style=\"text-wrap: nowrap; padding: 16px 12px; vertical-align: top;\">\n<div class=\"el-title uk-h4\" style=\"margin: 0px; font-family: Montserrat; font-weight: bold; color: #333333; text-transform: inherit; letter-spacing: -0.05rem; line-height: 1.4;\">Service<\/div>\n<\/td>\n<td style=\"padding: 16px 12px; vertical-align: top;\">\n<div>\n<p>Vorgespr\u00e4che zur Einordnung der spezifischen Unternehmensherausforderungen<br>Seminarunterlagen mit Basiswissen<br>Nachbesprechung zur Ableitung konkreter Umsetzungsschritte<\/p>\n<\/div>\n<\/td>\n<\/tr>\n<tr class=\"el-item\" style=\"transition: background-color 0.1s linear 0s; border-top: 1px solid rgba(0, 0, 0, 0.1);\">\n<td class=\"uk-text-nowrap\" style=\"text-wrap: nowrap; padding: 16px 12px; vertical-align: top;\">\n<div class=\"el-title uk-h4\" style=\"margin: 0px; font-family: Montserrat; font-weight: bold; color: #333333; text-transform: inherit; letter-spacing: -0.05rem; line-height: 1.4;\">Ziele<\/div>\n<\/td>\n<td style=\"padding: 16px 12px; vertical-align: top;\">\n<div class=\"el-content uk-panel\" style=\"display: flow-root; position: relative; box-sizing: border-box; margin-bottom: 0px;\">\n<p>Sie erhalten eine Vorstellung, wie das zuk\u00fcnftige Projektmanagement in Ihrer Organisation zu gestalten ist.<\/p>\n<p>Hierzu bekommen Sie:<\/p>\n<ul>\n<li>einen international anerkannten Rahmen f\u00fcr nachhaltige Zielsetzungen und effiziente Transformationen<\/li>\n<li>Impulse zur Verbesserung von Priorisierung, Governance und Umsetzungskraft<\/li>\n<li>Orientierung im Zusammenspiel von Methoden, KI, Nachhaltigkeit und F\u00fchrung<\/li>\n<\/ul>\n<p>&nbsp;<\/p>\n<\/div>\n<\/td>\n<\/tr>\n<tr class=\"el-item\" style=\"transition: background-color 0.1s linear 0s; border-top: 1px solid rgba(0, 0, 0, 0.1);\">\n<td class=\"uk-text-nowrap\" style=\"text-wrap: nowrap; padding: 16px 12px; vertical-align: top;\">\n<div class=\"el-title uk-h4\" style=\"margin: 0px; font-family: Montserrat; font-weight: bold; color: #333333; text-transform: inherit; letter-spacing: -0.05rem; line-height: 1.4;\">Zielgruppe<\/div>\n<\/td>\n<td style=\"padding: 16px 12px; vertical-align: top;\">\n<p>Unternehmer, Gesch\u00e4ftsf\u00fchrer und Vorst\u00e4nde<br>Top-Manager und Bereichsleiter<br>Transformationsverantwortliche und strategische Entscheider<\/p>\n<\/td>\n<\/tr>\n<tr class=\"el-item\" style=\"transition: background-color 0.1s linear 0s; border-top: 1px solid rgba(0, 0, 0, 0.1);\">\n<td class=\"uk-text-nowrap\" style=\"text-wrap: nowrap; padding: 16px 12px; vertical-align: top;\">\n<div class=\"el-title uk-h4\" style=\"margin: 0px; font-family: Montserrat; font-weight: bold; color: #333333; text-transform: inherit; letter-spacing: -0.05rem; line-height: 1.4;\">Dauer<\/div>\n<\/td>\n<td style=\"padding: 16px 12px; vertical-align: top;\">\n<div class=\"el-content uk-panel\" style=\"display: flow-root; position: relative; box-sizing: border-box; margin-bottom: 0px;\">\n<p style=\"margin: 0px;\">1\u20132 Tage<\/p>\n<\/div>\n<\/td>\n<\/tr>\n<tr class=\"el-item\" style=\"transition: background-color 0.1s linear 0s; border-top: 1px solid rgba(0, 0, 0, 0.1);\">\n<td class=\"uk-text-nowrap\" style=\"text-wrap: nowrap; padding: 16px 12px; vertical-align: top;\">\n<div class=\"el-title uk-h4\" style=\"margin: 0px; font-family: Montserrat; font-weight: bold; color: #333333; text-transform: inherit; letter-spacing: -0.05rem; line-height: 1.4;\">Nutzen<\/div>\n<\/td>\n<td style=\"padding: 16px 12px; vertical-align: top;\">\n<div class=\"el-content uk-panel\" style=\"display: flow-root; position: relative; box-sizing: border-box; margin-bottom: 0px;\">\n<ul style=\"box-sizing: border-box; margin: 20px 0px 0px; padding-left: 30px;\">\n<li>Zielvorstellung \u00fcber zuk\u00fcnftiges Projektmanagement<\/li>\n<li>Kompakte Wissensvermittlung als Gespr\u00e4chsbasis<\/li>\n<li>Strategische Orientierung statt methodischer Detailtiefe<\/li>\n<li>Integration zentraler Erfolgstreiber<\/li>\n<li>Austausch auf Augenh\u00f6he mit anderen Entscheidern<\/li>\n<li>Impulse f\u00fcr die Transformation der eigenen Organisation<\/li>\n<\/ul>\n<\/div>\n<\/td>\n<\/tr>\n<\/tbody>\n<\/table>\n<\/div>\n<p><!--more--><\/p>\n<p><!--more--><\/p>\n<h2>Interesse geweckt?<\/h2>\n<p><a href=\"\/de\/kontakt\/\">Kontakt aufnehmen<\/a><\/p>\n\n\n<p><\/p>\n\n\n\n<p><\/p>\n","protected":false},"excerpt":{"rendered":"<p>Zuk\u00fcnftiges Projektmanagement f\u00fcr Entscheider Die Zukunft von Unternehmen entscheidet sich nicht in Strategiepapieren \u2013 sondern in Projekten.&nbsp;Strategien und Kundennutzen werden in Projekten Realit\u00e4t. Transformation gelingt nur durch wirksame Projektarbeit. Dieses Executive Seminar richtet sich gezielt an Top-Manager und F\u00fchrungskr\u00e4fte, die Projektmanagement nicht im Detail erlernen m\u00f6chten, sondern verstehen wollen, wie Projekte und deren Management als&nbsp;[\u2026]<\/p>\n","protected":false},"author":3,"featured_media":0,"parent":0,"menu_order":0,"comment_status":"closed","ping_status":"closed","template":"","meta":{"_acf_changed":false,"wp_typography_post_enhancements_disabled":false,"footnotes":""},"class_list":["post-4529","page","type-page","status-publish","hentry"],"acf":[],"yoast_head":"<!-- This site is optimized with the Yoast SEO plugin v27.2 - https:\/\/yoast.com\/product\/yoast-seo-wordpress\/ -->\n<title>Seminare Projektmanagement nach ISO 21500 bzw. ISO 21502<\/title>\n<meta name=\"description\" content=\"Seminare Projektmanagement nach ISO 21500 f\u00fcr das n\u00e4chste Karrierelevel von Mitarbeitern, Projektleitern und F\u00fchrungskr\u00e4ften\" \/>\n<meta name=\"robots\" content=\"index, follow, max-snippet:-1, max-image-preview:large, max-video-preview:-1\" \/>\n<link rel=\"canonical\" href=\"https:\/\/www.iso21500.de\/de\/seminare-projektmanagement-5-0\/\" \/>\n<meta property=\"og:locale\" content=\"de_DE\" \/>\n<meta property=\"og:type\" content=\"article\" \/>\n<meta property=\"og:title\" content=\"Seminare Projektmanagement nach ISO 21500 bzw. ISO 21502\" \/>\n<meta property=\"og:description\" content=\"Seminare Projektmanagement nach ISO 21500 f\u00fcr das n\u00e4chste Karrierelevel von Mitarbeitern, Projektleitern und F\u00fchrungskr\u00e4ften\" \/>\n<meta property=\"og:url\" content=\"https:\/\/www.iso21500.de\/de\/seminare-projektmanagement-5-0\/\" \/>\n<meta property=\"og:site_name\" content=\"Projektmanagement nach ISO21500\" \/>\n<meta property=\"article:modified_time\" content=\"2026-04-18T10:35:48+00:00\" \/>\n<meta name=\"twitter:card\" content=\"summary_large_image\" \/>\n<meta name=\"twitter:label1\" content=\"Gesch\u00e4tzte Lesezeit\" \/>\n\t<meta name=\"twitter:data1\" content=\"2\u00a0Minuten\" \/>\n<script type=\"application\/ld+json\" class=\"yoast-schema-graph\">{\"@context\":\"https:\/\/schema.org\",\"@graph\":[{\"@type\":\"WebPage\",\"@id\":\"https:\/\/www.iso21500.de\/de\/seminare-projektmanagement-5-0\/\",\"url\":\"https:\/\/www.iso21500.de\/de\/seminare-projektmanagement-5-0\/\",\"name\":\"Seminare Projektmanagement nach ISO 21500 bzw. ISO 21502\",\"isPartOf\":{\"@id\":\"https:\/\/www.iso21500.de\/de\/#website\"},\"datePublished\":\"2026-03-10T10:44:08+00:00\",\"dateModified\":\"2026-04-18T10:35:48+00:00\",\"description\":\"Seminare Projektmanagement nach ISO 21500 f\u00fcr das n\u00e4chste Karrierelevel von Mitarbeitern, Projektleitern und F\u00fchrungskr\u00e4ften\",\"breadcrumb\":{\"@id\":\"https:\/\/www.iso21500.de\/de\/seminare-projektmanagement-5-0\/#breadcrumb\"},\"inLanguage\":\"de\",\"potentialAction\":[{\"@type\":\"ReadAction\",\"target\":[\"https:\/\/www.iso21500.de\/de\/seminare-projektmanagement-5-0\/\"]}]},{\"@type\":\"BreadcrumbList\",\"@id\":\"https:\/\/www.iso21500.de\/de\/seminare-projektmanagement-5-0\/#breadcrumb\",\"itemListElement\":[{\"@type\":\"ListItem\",\"position\":1,\"name\":\"Startseite\",\"item\":\"https:\/\/www.iso21500.de\/de\/\"},{\"@type\":\"ListItem\",\"position\":2,\"name\":\"Executive Seminare: Future Leadership with Projects\"}]},{\"@type\":\"WebSite\",\"@id\":\"https:\/\/www.iso21500.de\/de\/#website\",\"url\":\"https:\/\/www.iso21500.de\/de\/\",\"name\":\"iso21500.de\",\"description\":\"neu: Projektmanagement nach ISO21502\",\"publisher\":{\"@id\":\"https:\/\/www.iso21500.de\/de\/#\/schema\/person\/13c5df3918ff1cab82ab9ca397d3e3a4\"},\"potentialAction\":[{\"@type\":\"SearchAction\",\"target\":{\"@type\":\"EntryPoint\",\"urlTemplate\":\"https:\/\/www.iso21500.de\/de\/?s={search_term_string}\"},\"query-input\":{\"@type\":\"PropertyValueSpecification\",\"valueRequired\":true,\"valueName\":\"search_term_string\"}}],\"inLanguage\":\"de\"},{\"@type\":[\"Person\",\"Organization\"],\"@id\":\"https:\/\/www.iso21500.de\/de\/#\/schema\/person\/13c5df3918ff1cab82ab9ca397d3e3a4\",\"name\":\"Dennis Hain\",\"image\":{\"@type\":\"ImageObject\",\"inLanguage\":\"de\",\"@id\":\"https:\/\/secure.gravatar.com\/avatar\/89898cfc3cb4dc6d7782fcd955179ebd47446145f4b7827e99ec78603be85eda?s=96&d=mm&r=g\",\"url\":\"https:\/\/secure.gravatar.com\/avatar\/89898cfc3cb4dc6d7782fcd955179ebd47446145f4b7827e99ec78603be85eda?s=96&d=mm&r=g\",\"contentUrl\":\"https:\/\/secure.gravatar.com\/avatar\/89898cfc3cb4dc6d7782fcd955179ebd47446145f4b7827e99ec78603be85eda?s=96&d=mm&r=g\",\"caption\":\"Dennis Hain\"},\"logo\":{\"@id\":\"https:\/\/secure.gravatar.com\/avatar\/89898cfc3cb4dc6d7782fcd955179ebd47446145f4b7827e99ec78603be85eda?s=96&d=mm&r=g\"},\"sameAs\":[\"https:\/\/www.fusepro.de\"]}]}<\/script>\n<!-- \/ Yoast SEO plugin. -->","yoast_head_json":{"title":"Seminare Projektmanagement nach ISO 21500 bzw. ISO 21502","description":"Seminare Projektmanagement nach ISO 21500 f\u00fcr das n\u00e4chste Karrierelevel von Mitarbeitern, Projektleitern und F\u00fchrungskr\u00e4ften","robots":{"index":"index","follow":"follow","max-snippet":"max-snippet:-1","max-image-preview":"max-image-preview:large","max-video-preview":"max-video-preview:-1"},"canonical":"https:\/\/www.iso21500.de\/de\/seminare-projektmanagement-5-0\/","og_locale":"de_DE","og_type":"article","og_title":"Seminare Projektmanagement nach ISO 21500 bzw. ISO 21502","og_description":"Seminare Projektmanagement nach ISO 21500 f\u00fcr das n\u00e4chste Karrierelevel von Mitarbeitern, Projektleitern und F\u00fchrungskr\u00e4ften","og_url":"https:\/\/www.iso21500.de\/de\/seminare-projektmanagement-5-0\/","og_site_name":"Projektmanagement nach ISO21500","article_modified_time":"2026-04-18T10:35:48+00:00","twitter_card":"summary_large_image","twitter_misc":{"Gesch\u00e4tzte Lesezeit":"2\u00a0Minuten"},"schema":{"@context":"https:\/\/schema.org","@graph":[{"@type":"WebPage","@id":"https:\/\/www.iso21500.de\/de\/seminare-projektmanagement-5-0\/","url":"https:\/\/www.iso21500.de\/de\/seminare-projektmanagement-5-0\/","name":"Seminare Projektmanagement nach ISO 21500 bzw. ISO 21502","isPartOf":{"@id":"https:\/\/www.iso21500.de\/de\/#website"},"datePublished":"2026-03-10T10:44:08+00:00","dateModified":"2026-04-18T10:35:48+00:00","description":"Seminare Projektmanagement nach ISO 21500 f\u00fcr das n\u00e4chste Karrierelevel von Mitarbeitern, Projektleitern und F\u00fchrungskr\u00e4ften","breadcrumb":{"@id":"https:\/\/www.iso21500.de\/de\/seminare-projektmanagement-5-0\/#breadcrumb"},"inLanguage":"de","potentialAction":[{"@type":"ReadAction","target":["https:\/\/www.iso21500.de\/de\/seminare-projektmanagement-5-0\/"]}]},{"@type":"BreadcrumbList","@id":"https:\/\/www.iso21500.de\/de\/seminare-projektmanagement-5-0\/#breadcrumb","itemListElement":[{"@type":"ListItem","position":1,"name":"Startseite","item":"https:\/\/www.iso21500.de\/de\/"},{"@type":"ListItem","position":2,"name":"Executive Seminare: Future Leadership with Projects"}]},{"@type":"WebSite","@id":"https:\/\/www.iso21500.de\/de\/#website","url":"https:\/\/www.iso21500.de\/de\/","name":"iso21500.de","description":"neu: Projektmanagement nach ISO21502","publisher":{"@id":"https:\/\/www.iso21500.de\/de\/#\/schema\/person\/13c5df3918ff1cab82ab9ca397d3e3a4"},"potentialAction":[{"@type":"SearchAction","target":{"@type":"EntryPoint","urlTemplate":"https:\/\/www.iso21500.de\/de\/?s={search_term_string}"},"query-input":{"@type":"PropertyValueSpecification","valueRequired":true,"valueName":"search_term_string"}}],"inLanguage":"de"},{"@type":["Person","Organization"],"@id":"https:\/\/www.iso21500.de\/de\/#\/schema\/person\/13c5df3918ff1cab82ab9ca397d3e3a4","name":"Dennis Hain","image":{"@type":"ImageObject","inLanguage":"de","@id":"https:\/\/secure.gravatar.com\/avatar\/89898cfc3cb4dc6d7782fcd955179ebd47446145f4b7827e99ec78603be85eda?s=96&d=mm&r=g","url":"https:\/\/secure.gravatar.com\/avatar\/89898cfc3cb4dc6d7782fcd955179ebd47446145f4b7827e99ec78603be85eda?s=96&d=mm&r=g","contentUrl":"https:\/\/secure.gravatar.com\/avatar\/89898cfc3cb4dc6d7782fcd955179ebd47446145f4b7827e99ec78603be85eda?s=96&d=mm&r=g","caption":"Dennis Hain"},"logo":{"@id":"https:\/\/secure.gravatar.com\/avatar\/89898cfc3cb4dc6d7782fcd955179ebd47446145f4b7827e99ec78603be85eda?s=96&d=mm&r=g"},"sameAs":["https:\/\/www.fusepro.de"]}]}},"_links":{"self":[{"href":"https:\/\/www.iso21500.de\/de\/wp-json\/wp\/v2\/pages\/4529","targetHints":{"allow":["GET"]}}],"collection":[{"href":"https:\/\/www.iso21500.de\/de\/wp-json\/wp\/v2\/pages"}],"about":[{"href":"https:\/\/www.iso21500.de\/de\/wp-json\/wp\/v2\/types\/page"}],"author":[{"embeddable":true,"href":"https:\/\/www.iso21500.de\/de\/wp-json\/wp\/v2\/users\/3"}],"replies":[{"embeddable":true,"href":"https:\/\/www.iso21500.de\/de\/wp-json\/wp\/v2\/comments?post=4529"}],"version-history":[{"count":10,"href":"https:\/\/www.iso21500.de\/de\/wp-json\/wp\/v2\/pages\/4529\/revisions"}],"predecessor-version":[{"id":4660,"href":"https:\/\/www.iso21500.de\/de\/wp-json\/wp\/v2\/pages\/4529\/revisions\/4660"}],"wp:attachment":[{"href":"https:\/\/www.iso21500.de\/de\/wp-json\/wp\/v2\/media?parent=4529"}],"curies":[{"name":"wp","href":"https:\/\/api.w.org\/{rel}","templated":true}]}}