{"id":49,"date":"2021-10-07T20:48:28","date_gmt":"2021-10-07T18:48:28","guid":{"rendered":"https:\/\/www.iso21500.de\/?page_id=49"},"modified":"2023-07-27T11:31:48","modified_gmt":"2023-07-27T09:31:48","slug":"seminare-projektmanagement-fuer-den-vertrieb","status":"publish","type":"page","link":"https:\/\/www.iso21500.de\/de\/seminare-nach-iso-21500\/seminare-projektmanagement-fuer-den-vertrieb\/","title":{"rendered":"Projektmanagement Seminare f\u00fcr den Vertrieb \u2014 praxisnah kurzgefasst kundenorientiert"},"content":{"rendered":"\n<h2 class=\"wp-block-heading\">Projektmanagement Seminar mit Vertriebserfahrung:<\/h2>\n\n\n\n<p>Projektmanagement ist eine Basiskompetenz f\u00fcr alle Unternehmenseinheiten \u2013 auch oder sogar ganz besonders f\u00fcr den Vertrieb. Das Gewinnen von <strong>Ausschreibungen oder Gro\u00dfprojekten <\/strong>ist eine koordinierte Team Leistung, die sich oft \u00fcber Wochen hinstreckt. Sich generell im Vertrieb besser aufzustellen, weiterzuentwickeln und die Erfolgschancen zu erh\u00f6hen, sind ebenfalls Vorhaben bzw. Projekte. Aber auch im Tagesgesch\u00e4ft eines Vertrieblers, bei den kleinen Aufgaben im Alltag k\u00f6nnen Disziplinen aus dem Projektmanagement deutlich helfen: Zeitmanagement, Kosten Sensibilit\u00e4t, Kommunikation und Qualit\u00e4t sind nur einige der Themen, die hier von Bedeutung sind.<\/p>\n\n\n\n<p>Projektmanagement Methoden erh\u00f6hen die vertrieblichen Erfolgsaussichten. Sie erm\u00f6glichen es, Angebote von hoher Qualit\u00e4t termingerecht und kosteng\u00fcnstig zu erstellen. Sie erh\u00f6hen die Teamarbeit und Performance. Sie verschaffen ein besseres <strong>Verst\u00e4ndnis der Kundenseite<\/strong> und relevanter Entscheider.&nbsp;Dutzende von Einzeldisziplinen wie Verhandeln, Argumentieren, Pr\u00e4sentieren, Risiken oder Konflikte sind im Projektmanagement enthalten, die einzeln oder integriert weiterzuentwickeln sind.<\/p>\n\n\n\n<p>Ganz speziell im Vertrieb sind die sogenannte Scope Themen wie Visionen, Alleinstellungen, Vertriebsstrategie und Mitbewerber.<\/p>\n\n\n\n<p>Viele Trainer betrachten die Projektmanagementthemen isoliert \u2013 ohne den fachlichen Bezug und eigene Erfahrungen im Vertrieb. Dies ist m\u00f6glich, aber suboptimal. Erst mit einem inhaltlichen Verst\u00e4ndnis von Sales Management wird eine Atmosph\u00e4re geschaffen, in der die Wissensvermittlung und Weiterbildung auf hohem Niveau aufsetzen und sich entfalten kann.<\/p>\n\n\n\n<p>Unser Seminarleiter, Norbert D\u00e4hne, ist Berater, Coach und Trainer f\u00fcr Themen rund um Projekte, Personalentwicklung und Sales. Und er war selbst<strong> lange im Vertrieb<\/strong> t\u00e4tig. Norbert Daehne hat gro\u00dfe Angebote gewonnen, Vertriebsteams geleitet, weltweit Akqusition betrieben f\u00fcr Unternehmen wie Lufthansa Systems, CSC oder Bearing Point.<\/p>\n\n\n\n<p>Daher wird in den Seminaren schnell mit den Teilnehmern eine gemeinsame vertraute Gespr\u00e4chsebene finden \u2013 und gleichzeitig den unternehmens- und branchen\u00fcbergreifenden Blickwinkel beibehalten.<\/p>\n\n\n\n<p><strong>Seminare mit \u00dcbungen \u2013 am Vertrieb orientiert<\/strong><\/p>\n\n\n\n<p>Projektmanagement betreibt Norbert Daehne nach klassischen Methoden genauso wie nach den agilen Vorgehensweisen Scrum und Kanban. Er ist nach ISO, PMI und Scrum zertifiziert. Der K\u00f6nigsweg ist f\u00fcr ihn ein hybrides Vorgehen, bei dem die jeweils geeignetsten Methoden und Werkzeuge kombiniert werden<\/p>\n\n\n\n<p>Soviel Projektmanagement wie n\u00f6tig, so wenig wie m\u00f6glich \u2013 das ist die Devise. Vertriebler wollen verkaufen und sich nicht mit unwichtigen Theorien vollstopfen. Die Teilnehmer erhalten einen praxisorientierten Werkzeugkasten f\u00fcr den Vertrieb und werden in Situationen des Vertriebs bei den \u00dcbungen geschult.<\/p>\n\n\n\n<p>Als besonderes Highlight werden wir Vertriebsstrategien besprechen, die erlauben, die Vertriebsprojekte von Anfang an erfolgsversprechend auszurichten.<\/p>\n\n\n\n<p>Gerne werden auch Projektmanagement-<strong>Seminare f\u00fcr F\u00fchrungskr\u00e4fte und Vertriebsleiter<\/strong> durchgef\u00fchrt, da die Manager die entscheidenden Weichen f\u00fcr Projekte stellen m\u00fcssen und dabei oft Defizite erkennen lassen. Unser Trainer ist seit langem ein erfolgreicher Manager in gro\u00dfen und kleinen Unternehmen.&nbsp;<\/p>\n\n\n\n<p>Die grunds\u00e4tzlichen Inhalte des Projektmanagement-Seminars finden Sie bei einem <a href=\"https:\/\/www.iso21500.de\/de\/seminare-projektmanagement-nach-iso21\">Klick hier<\/a>.<\/p>\n\n\n\n<p>Oder sprechen Sie direkt mit dem Seminarleiter:&nbsp;<\/p>\n\n\n\n<p>Norbert Daehne<\/p>\n\n\n\n<p>+49 1566 1667606&nbsp;<\/p>\n","protected":false},"excerpt":{"rendered":"<p>Projektmanagement Seminar mit Vertriebserfahrung: Projektmanagement ist eine Basiskompetenz f\u00fcr alle Unternehmenseinheiten \u2013 auch oder sogar ganz besonders f\u00fcr den Vertrieb. Das Gewinnen von Ausschreibungen oder Gro\u00dfprojekten ist eine koordinierte Team Leistung, die sich oft \u00fcber Wochen hinstreckt. Sich generell im Vertrieb besser aufzustellen, weiterzuentwickeln und die Erfolgschancen zu erh\u00f6hen, sind ebenfalls Vorhaben bzw. Projekte. Aber&nbsp;[\u2026]<\/p>\n","protected":false},"author":4,"featured_media":0,"parent":23,"menu_order":0,"comment_status":"closed","ping_status":"closed","template":"","meta":{"_acf_changed":false,"wp_typography_post_enhancements_disabled":false,"footnotes":""},"class_list":["post-49","page","type-page","status-publish","hentry"],"acf":[],"yoast_head":"<!-- This site is optimized with the Yoast SEO plugin v27.2 - https:\/\/yoast.com\/product\/yoast-seo-wordpress\/ -->\n<title>Seminare zum Projektmanagement f\u00fcr den Vertrieb - praxisnah kurzgefasst kundenorientiert<\/title>\n<meta name=\"description\" content=\"Seminare f\u00fcr Vertrieb und Vertriebler zum Projektmanagement mit einem Sales erfahrenen Trainer. Projekt orientiertes Arbeiten bringt mehr Erfolg im Verkauf.\" \/>\n<meta name=\"robots\" content=\"index, follow, max-snippet:-1, max-image-preview:large, max-video-preview:-1\" \/>\n<link rel=\"canonical\" href=\"https:\/\/www.iso21500.de\/de\/seminare-nach-iso-21500\/seminare-projektmanagement-fuer-den-vertrieb\/\" \/>\n<meta property=\"og:locale\" content=\"de_DE\" \/>\n<meta property=\"og:type\" content=\"article\" \/>\n<meta property=\"og:title\" content=\"Seminare zum Projektmanagement f\u00fcr den Vertrieb - praxisnah kurzgefasst kundenorientiert\" \/>\n<meta property=\"og:description\" content=\"Seminare f\u00fcr Vertrieb und Vertriebler zum Projektmanagement mit einem Sales erfahrenen Trainer. Projekt orientiertes Arbeiten bringt mehr Erfolg im Verkauf.\" \/>\n<meta property=\"og:url\" content=\"https:\/\/www.iso21500.de\/de\/seminare-nach-iso-21500\/seminare-projektmanagement-fuer-den-vertrieb\/\" \/>\n<meta property=\"og:site_name\" content=\"Projektmanagement nach ISO21500\" \/>\n<meta property=\"article:modified_time\" content=\"2023-07-27T09:31:48+00:00\" \/>\n<meta name=\"twitter:card\" content=\"summary_large_image\" \/>\n<meta name=\"twitter:label1\" content=\"Gesch\u00e4tzte Lesezeit\" \/>\n\t<meta name=\"twitter:data1\" content=\"3\u00a0Minuten\" \/>\n<script type=\"application\/ld+json\" class=\"yoast-schema-graph\">{\"@context\":\"https:\/\/schema.org\",\"@graph\":[{\"@type\":\"WebPage\",\"@id\":\"https:\/\/www.iso21500.de\/de\/seminare-nach-iso-21500\/seminare-projektmanagement-fuer-den-vertrieb\/\",\"url\":\"https:\/\/www.iso21500.de\/de\/seminare-nach-iso-21500\/seminare-projektmanagement-fuer-den-vertrieb\/\",\"name\":\"Seminare zum Projektmanagement f\u00fcr den Vertrieb - praxisnah kurzgefasst kundenorientiert\",\"isPartOf\":{\"@id\":\"https:\/\/www.iso21500.de\/de\/#website\"},\"datePublished\":\"2021-10-07T18:48:28+00:00\",\"dateModified\":\"2023-07-27T09:31:48+00:00\",\"description\":\"Seminare f\u00fcr Vertrieb und Vertriebler zum Projektmanagement mit einem Sales erfahrenen Trainer. Projekt orientiertes Arbeiten bringt mehr Erfolg im Verkauf.\",\"breadcrumb\":{\"@id\":\"https:\/\/www.iso21500.de\/de\/seminare-nach-iso-21500\/seminare-projektmanagement-fuer-den-vertrieb\/#breadcrumb\"},\"inLanguage\":\"de\",\"potentialAction\":[{\"@type\":\"ReadAction\",\"target\":[\"https:\/\/www.iso21500.de\/de\/seminare-nach-iso-21500\/seminare-projektmanagement-fuer-den-vertrieb\/\"]}]},{\"@type\":\"BreadcrumbList\",\"@id\":\"https:\/\/www.iso21500.de\/de\/seminare-nach-iso-21500\/seminare-projektmanagement-fuer-den-vertrieb\/#breadcrumb\",\"itemListElement\":[{\"@type\":\"ListItem\",\"position\":1,\"name\":\"Startseite\",\"item\":\"https:\/\/www.iso21500.de\/de\/\"},{\"@type\":\"ListItem\",\"position\":2,\"name\":\"Seminare Projektmanagement nach ISO\",\"item\":\"https:\/\/www.iso21500.de\/de\/seminare-nach-iso-21500\/\"},{\"@type\":\"ListItem\",\"position\":3,\"name\":\"Projektmanagement Seminare f\u00fcr den Vertrieb &#8211; praxisnah kurzgefasst kundenorientiert\"}]},{\"@type\":\"WebSite\",\"@id\":\"https:\/\/www.iso21500.de\/de\/#website\",\"url\":\"https:\/\/www.iso21500.de\/de\/\",\"name\":\"iso21500.de\",\"description\":\"neu: Projektmanagement nach ISO21502\",\"publisher\":{\"@id\":\"https:\/\/www.iso21500.de\/de\/#\/schema\/person\/13c5df3918ff1cab82ab9ca397d3e3a4\"},\"potentialAction\":[{\"@type\":\"SearchAction\",\"target\":{\"@type\":\"EntryPoint\",\"urlTemplate\":\"https:\/\/www.iso21500.de\/de\/?s={search_term_string}\"},\"query-input\":{\"@type\":\"PropertyValueSpecification\",\"valueRequired\":true,\"valueName\":\"search_term_string\"}}],\"inLanguage\":\"de\"},{\"@type\":[\"Person\",\"Organization\"],\"@id\":\"https:\/\/www.iso21500.de\/de\/#\/schema\/person\/13c5df3918ff1cab82ab9ca397d3e3a4\",\"name\":\"Dennis Hain\",\"image\":{\"@type\":\"ImageObject\",\"inLanguage\":\"de\",\"@id\":\"https:\/\/secure.gravatar.com\/avatar\/89898cfc3cb4dc6d7782fcd955179ebd47446145f4b7827e99ec78603be85eda?s=96&d=mm&r=g\",\"url\":\"https:\/\/secure.gravatar.com\/avatar\/89898cfc3cb4dc6d7782fcd955179ebd47446145f4b7827e99ec78603be85eda?s=96&d=mm&r=g\",\"contentUrl\":\"https:\/\/secure.gravatar.com\/avatar\/89898cfc3cb4dc6d7782fcd955179ebd47446145f4b7827e99ec78603be85eda?s=96&d=mm&r=g\",\"caption\":\"Dennis Hain\"},\"logo\":{\"@id\":\"https:\/\/secure.gravatar.com\/avatar\/89898cfc3cb4dc6d7782fcd955179ebd47446145f4b7827e99ec78603be85eda?s=96&d=mm&r=g\"},\"sameAs\":[\"https:\/\/www.fusepro.de\"]}]}<\/script>\n<!-- \/ Yoast SEO plugin. -->","yoast_head_json":{"title":"Seminare zum Projektmanagement f\u00fcr den Vertrieb - praxisnah kurzgefasst kundenorientiert","description":"Seminare f\u00fcr Vertrieb und Vertriebler zum Projektmanagement mit einem Sales erfahrenen Trainer. Projekt orientiertes Arbeiten bringt mehr Erfolg im Verkauf.","robots":{"index":"index","follow":"follow","max-snippet":"max-snippet:-1","max-image-preview":"max-image-preview:large","max-video-preview":"max-video-preview:-1"},"canonical":"https:\/\/www.iso21500.de\/de\/seminare-nach-iso-21500\/seminare-projektmanagement-fuer-den-vertrieb\/","og_locale":"de_DE","og_type":"article","og_title":"Seminare zum Projektmanagement f\u00fcr den Vertrieb - praxisnah kurzgefasst kundenorientiert","og_description":"Seminare f\u00fcr Vertrieb und Vertriebler zum Projektmanagement mit einem Sales erfahrenen Trainer. Projekt orientiertes Arbeiten bringt mehr Erfolg im Verkauf.","og_url":"https:\/\/www.iso21500.de\/de\/seminare-nach-iso-21500\/seminare-projektmanagement-fuer-den-vertrieb\/","og_site_name":"Projektmanagement nach ISO21500","article_modified_time":"2023-07-27T09:31:48+00:00","twitter_card":"summary_large_image","twitter_misc":{"Gesch\u00e4tzte Lesezeit":"3\u00a0Minuten"},"schema":{"@context":"https:\/\/schema.org","@graph":[{"@type":"WebPage","@id":"https:\/\/www.iso21500.de\/de\/seminare-nach-iso-21500\/seminare-projektmanagement-fuer-den-vertrieb\/","url":"https:\/\/www.iso21500.de\/de\/seminare-nach-iso-21500\/seminare-projektmanagement-fuer-den-vertrieb\/","name":"Seminare zum Projektmanagement f\u00fcr den Vertrieb - praxisnah kurzgefasst kundenorientiert","isPartOf":{"@id":"https:\/\/www.iso21500.de\/de\/#website"},"datePublished":"2021-10-07T18:48:28+00:00","dateModified":"2023-07-27T09:31:48+00:00","description":"Seminare f\u00fcr Vertrieb und Vertriebler zum Projektmanagement mit einem Sales erfahrenen Trainer. Projekt orientiertes Arbeiten bringt mehr Erfolg im Verkauf.","breadcrumb":{"@id":"https:\/\/www.iso21500.de\/de\/seminare-nach-iso-21500\/seminare-projektmanagement-fuer-den-vertrieb\/#breadcrumb"},"inLanguage":"de","potentialAction":[{"@type":"ReadAction","target":["https:\/\/www.iso21500.de\/de\/seminare-nach-iso-21500\/seminare-projektmanagement-fuer-den-vertrieb\/"]}]},{"@type":"BreadcrumbList","@id":"https:\/\/www.iso21500.de\/de\/seminare-nach-iso-21500\/seminare-projektmanagement-fuer-den-vertrieb\/#breadcrumb","itemListElement":[{"@type":"ListItem","position":1,"name":"Startseite","item":"https:\/\/www.iso21500.de\/de\/"},{"@type":"ListItem","position":2,"name":"Seminare Projektmanagement nach ISO","item":"https:\/\/www.iso21500.de\/de\/seminare-nach-iso-21500\/"},{"@type":"ListItem","position":3,"name":"Projektmanagement Seminare f\u00fcr den Vertrieb &#8211; praxisnah kurzgefasst kundenorientiert"}]},{"@type":"WebSite","@id":"https:\/\/www.iso21500.de\/de\/#website","url":"https:\/\/www.iso21500.de\/de\/","name":"iso21500.de","description":"neu: Projektmanagement nach ISO21502","publisher":{"@id":"https:\/\/www.iso21500.de\/de\/#\/schema\/person\/13c5df3918ff1cab82ab9ca397d3e3a4"},"potentialAction":[{"@type":"SearchAction","target":{"@type":"EntryPoint","urlTemplate":"https:\/\/www.iso21500.de\/de\/?s={search_term_string}"},"query-input":{"@type":"PropertyValueSpecification","valueRequired":true,"valueName":"search_term_string"}}],"inLanguage":"de"},{"@type":["Person","Organization"],"@id":"https:\/\/www.iso21500.de\/de\/#\/schema\/person\/13c5df3918ff1cab82ab9ca397d3e3a4","name":"Dennis Hain","image":{"@type":"ImageObject","inLanguage":"de","@id":"https:\/\/secure.gravatar.com\/avatar\/89898cfc3cb4dc6d7782fcd955179ebd47446145f4b7827e99ec78603be85eda?s=96&d=mm&r=g","url":"https:\/\/secure.gravatar.com\/avatar\/89898cfc3cb4dc6d7782fcd955179ebd47446145f4b7827e99ec78603be85eda?s=96&d=mm&r=g","contentUrl":"https:\/\/secure.gravatar.com\/avatar\/89898cfc3cb4dc6d7782fcd955179ebd47446145f4b7827e99ec78603be85eda?s=96&d=mm&r=g","caption":"Dennis Hain"},"logo":{"@id":"https:\/\/secure.gravatar.com\/avatar\/89898cfc3cb4dc6d7782fcd955179ebd47446145f4b7827e99ec78603be85eda?s=96&d=mm&r=g"},"sameAs":["https:\/\/www.fusepro.de"]}]}},"_links":{"self":[{"href":"https:\/\/www.iso21500.de\/de\/wp-json\/wp\/v2\/pages\/49","targetHints":{"allow":["GET"]}}],"collection":[{"href":"https:\/\/www.iso21500.de\/de\/wp-json\/wp\/v2\/pages"}],"about":[{"href":"https:\/\/www.iso21500.de\/de\/wp-json\/wp\/v2\/types\/page"}],"author":[{"embeddable":true,"href":"https:\/\/www.iso21500.de\/de\/wp-json\/wp\/v2\/users\/4"}],"replies":[{"embeddable":true,"href":"https:\/\/www.iso21500.de\/de\/wp-json\/wp\/v2\/comments?post=49"}],"version-history":[{"count":5,"href":"https:\/\/www.iso21500.de\/de\/wp-json\/wp\/v2\/pages\/49\/revisions"}],"predecessor-version":[{"id":3254,"href":"https:\/\/www.iso21500.de\/de\/wp-json\/wp\/v2\/pages\/49\/revisions\/3254"}],"up":[{"embeddable":true,"href":"https:\/\/www.iso21500.de\/de\/wp-json\/wp\/v2\/pages\/23"}],"wp:attachment":[{"href":"https:\/\/www.iso21500.de\/de\/wp-json\/wp\/v2\/media?parent=49"}],"curies":[{"name":"wp","href":"https:\/\/api.w.org\/{rel}","templated":true}]}}